{"id":38,"date":"2021-10-19T16:59:08","date_gmt":"2021-10-19T14:59:08","guid":{"rendered":"http:\/\/agora.xtec.cat\/escolagaudisabadell\/?page_id=38"},"modified":"2021-10-19T17:11:52","modified_gmt":"2021-10-19T15:11:52","slug":"salut","status":"publish","type":"page","link":"https:\/\/agora.xtec.cat\/escolagaudisabadell\/lescola\/salut\/","title":{"rendered":"Salut"},"content":{"rendered":"<p>Adjuntem diferents documents referents a la salut dels vostres fills:<\/p>\n<ol>\n<li>Si necessiteu comunicar-nos i demanar-nos l&#8217;administraci\u00f3 d&#8217;una medicaci\u00f3 puntual, tipus antibi\u00f2tic o xarop, us heu de descarregar aquest documents, imprimir-los i portar-los a la tutora o tutor: <a href=\"https:\/\/agora.xtec.cat\/escolagaudisabadell\/wp-content\/uploads\/usu1563\/2021\/10\/Autoritzacio-Medicacio-Puntual.pdf\" target=\"_blank\" rel=\"noopener\">Autoritzaci\u00f3 Medicaci\u00f3 Puntual<\/a><\/li>\n<li>Si el nen o nena \u00e9s diagnosticat\/da amb una malaltia, al\u00b7l\u00e8rgia, etc&#8230; de car\u00e0cter cr\u00f2nic, us heu de descarregar el seg\u00fcent document, imprimir-lo i portar-lo a la Direcci\u00f3 de l&#8217;escola: <a href=\"https:\/\/agora.xtec.cat\/escolagaudisabadell\/wp-content\/uploads\/usu1563\/2021\/10\/Informacio-SALUT.pdf\" target=\"_blank\" rel=\"noopener\">Informaci\u00f3 SALUT<\/a><\/li>\n<li><a href=\"https:\/\/agora.xtec.cat\/escolagaudisabadell\/wp-content\/uploads\/usu1563\/2019\/02\/7-AUTORITZACI\u00d3-PARACETAMOL.pdf\" target=\"_blank\" rel=\"noopener\">AUTORITZACI\u00d3 PARACETAMOL<\/a><\/li>\n<\/ol>\n<p>&nbsp;<\/p>\n<p>&nbsp;<\/p>\n<p>&nbsp;<\/p>\n<p>&nbsp;<\/p>\n<p>&nbsp;<\/p>\n","protected":false},"excerpt":{"rendered":"<p>Adjuntem diferents documents referents a la salut dels vostres fills:<\/p>\n<ol>\n<li>Si necessiteu comunicar-nos i demanar-nos l&#8217;administraci\u00f3 d&#8217;una medicaci\u00f3 puntual, tipus antibi\u00f2tic o xarop, us heu de descarregar aquest documents, imprimir-los i portar-los a la tutora o tutor: <a href=\"https:\/\/agora.xtec.cat\/escolagaudisabadell\/wp-content\/uploads\/usu1563\/2021\/10\/Autoritzacio-Medicacio-Puntual.pdf\" target=\"_blank\" rel=\"noopener\">Autoritzaci\u00f3 Medicaci\u00f3 Puntual<\/a><\/li>\n<li>Si el nen o&hellip;  <a href=\"https:\/\/agora.xtec.cat\/escolagaudisabadell\/lescola\/salut\/\" title=\"Read Salut\">Llegeix m\u00e9s\u00bb<\/a><br \/>\n","protected":false},"author":1,"featured_media":0,"parent":22,"menu_order":80,"comment_status":"closed","ping_status":"closed","template":"page-templates\/side-menu.php","meta":{"_bbp_topic_count":0,"_bbp_reply_count":0,"_bbp_total_topic_count":0,"_bbp_total_reply_count":0,"_bbp_voice_count":0,"_bbp_anonymous_reply_count":0,"_bbp_topic_count_hidden":0,"_bbp_reply_count_hidden":0,"_bbp_forum_subforum_count":0,"footnotes":""},"class_list":["post-38","page","type-page","status-publish","hentry"],"post_mailing_queue_ids":[],"_links":{"self":[{"href":"https:\/\/agora.xtec.cat\/escolagaudisabadell\/wp-json\/wp\/v2\/pages\/38","targetHints":{"allow":["GET"]}}],"collection":[{"href":"https:\/\/agora.xtec.cat\/escolagaudisabadell\/wp-json\/wp\/v2\/pages"}],"about":[{"href":"https:\/\/agora.xtec.cat\/escolagaudisabadell\/wp-json\/wp\/v2\/types\/page"}],"author":[{"embeddable":true,"href":"https:\/\/agora.xtec.cat\/escolagaudisabadell\/wp-json\/wp\/v2\/users\/1"}],"replies":[{"embeddable":true,"href":"https:\/\/agora.xtec.cat\/escolagaudisabadell\/wp-json\/wp\/v2\/comments?post=38"}],"version-history":[{"count":3,"href":"https:\/\/agora.xtec.cat\/escolagaudisabadell\/wp-json\/wp\/v2\/pages\/38\/revisions"}],"predecessor-version":[{"id":3842,"href":"https:\/\/agora.xtec.cat\/escolagaudisabadell\/wp-json\/wp\/v2\/pages\/38\/revisions\/3842"}],"up":[{"embeddable":true,"href":"https:\/\/agora.xtec.cat\/escolagaudisabadell\/wp-json\/wp\/v2\/pages\/22"}],"wp:attachment":[{"href":"https:\/\/agora.xtec.cat\/escolagaudisabadell\/wp-json\/wp\/v2\/media?parent=38"}],"curies":[{"name":"wp","href":"https:\/\/api.w.org\/{rel}","templated":true}]}}