{"id":561,"date":"2017-02-22T14:01:38","date_gmt":"2017-02-22T13:01:38","guid":{"rendered":"http:\/\/agora.xtec.cat\/escolafrancescfeliu\/?page_id=561"},"modified":"2017-03-10T08:00:02","modified_gmt":"2017-03-10T07:00:02","slug":"violins-a-laula","status":"publish","type":"page","link":"https:\/\/agora.xtec.cat\/escolafrancescfeliu\/projecte-educatiu\/violins-a-laula\/","title":{"rendered":"Violins a l&#8217;aula"},"content":{"rendered":"<p>Sabent que la m\u00fasica \u00e9s una eina molt important en la formaci\u00f3 dels nens i nenes, s&#8217;ha creat un projecte en relaci\u00f3 a la pr\u00e0ctica musical, amb un instrument que sigu\u00e9s poc conegut i que no estigu\u00e9s normalment a les aules. Hem establert un lligam amb l&#8217;escola musical l&#8217;Interpret que ens aporta un formador extern.<\/p>\n<p>D&#8217;aquesta manera hem cregut oport\u00fa escollir el viol\u00ed, un instrument d&#8217;orquestra que els nens\/es de l&#8217;escola normalment no acostumen a tenir, per crear una experi\u00e8ncia innovadora en l&#8217;alumnat que els permet\u00e9s desenvolupar les seves capacitats d&#8217;una forma motivadora.<\/p>\n<p>Aquesta experi\u00e8ncia l&#8217;hem comen\u00e7at a portar a terme amb el 3r curs i s&#8217;estan donant bons resultats, millorant l&#8217;atenci\u00f3, la postura corporal i la psicomotricitat fina entre d&#8217;altre.<\/p>\n","protected":false},"excerpt":{"rendered":"<p>Sabent que la m\u00fasica \u00e9s una eina molt important en la formaci\u00f3 dels nens i nenes, s&#8217;ha creat un projecte en relaci\u00f3 a la pr\u00e0ctica musical, amb un instrument que sigu\u00e9s poc conegut i que no estigu\u00e9s normalment a les aules. Hem establert un lligam amb l&#8217;escola musical l&#8217;Interpret que ens aporta un formador extern. [&hellip;]<\/p>\n","protected":false},"author":1,"featured_media":0,"parent":64,"menu_order":2,"comment_status":"closed","ping_status":"closed","template":"page-templates\/side-menu.php","meta":{"_bbp_topic_count":0,"_bbp_reply_count":0,"_bbp_total_topic_count":0,"_bbp_total_reply_count":0,"_bbp_voice_count":0,"_bbp_anonymous_reply_count":0,"_bbp_topic_count_hidden":0,"_bbp_reply_count_hidden":0,"_bbp_forum_subforum_count":0,"site-sidebar-layout":"default","site-content-layout":"","ast-site-content-layout":"","site-content-style":"default","site-sidebar-style":"default","ast-global-header-display":"","ast-banner-title-visibility":"","ast-main-header-display":"","ast-hfb-above-header-display":"","ast-hfb-below-header-display":"","ast-hfb-mobile-header-display":"","site-post-title":"","ast-breadcrumbs-content":"","ast-featured-img":"","footer-sml-layout":"","theme-transparent-header-meta":"","adv-header-id-meta":"","stick-header-meta":"","header-above-stick-meta":"","header-main-stick-meta":"","header-below-stick-meta":"","astra-migrate-meta-layouts":"default","ast-page-background-enabled":"default","ast-page-background-meta":{"desktop":{"background-color":"var(--ast-global-color-4)","background-image":"","background-repeat":"repeat","background-position":"center center","background-size":"auto","background-attachment":"scroll","background-type":"","background-media":"","overlay-type":"","overlay-color":"","overlay-opacity":"","overlay-gradient":""},"tablet":{"background-color":"","background-image":"","background-repeat":"repeat","background-position":"center center","background-size":"auto","background-attachment":"scroll","background-type":"","background-media":"","overlay-type":"","overlay-color":"","overlay-opacity":"","overlay-gradient":""},"mobile":{"background-color":"","background-image":"","background-repeat":"repeat","background-position":"center center","background-size":"auto","background-attachment":"scroll","background-type":"","background-media":"","overlay-type":"","overlay-color":"","overlay-opacity":"","overlay-gradient":""}},"ast-content-background-meta":{"desktop":{"background-color":"var(--ast-global-color-5)","background-image":"","background-repeat":"repeat","background-position":"center center","background-size":"auto","background-attachment":"scroll","background-type":"","background-media":"","overlay-type":"","overlay-color":"","overlay-opacity":"","overlay-gradient":""},"tablet":{"background-color":"var(--ast-global-color-5)","background-image":"","background-repeat":"repeat","background-position":"center center","background-size":"auto","background-attachment":"scroll","background-type":"","background-media":"","overlay-type":"","overlay-color":"","overlay-opacity":"","overlay-gradient":""},"mobile":{"background-color":"var(--ast-global-color-5)","background-image":"","background-repeat":"repeat","background-position":"center center","background-size":"auto","background-attachment":"scroll","background-type":"","background-media":"","overlay-type":"","overlay-color":"","overlay-opacity":"","overlay-gradient":""}},"footnotes":""},"class_list":["post-561","page","type-page","status-publish","hentry"],"post_mailing_queue_ids":[],"_links":{"self":[{"href":"https:\/\/agora.xtec.cat\/escolafrancescfeliu\/wp-json\/wp\/v2\/pages\/561","targetHints":{"allow":["GET"]}}],"collection":[{"href":"https:\/\/agora.xtec.cat\/escolafrancescfeliu\/wp-json\/wp\/v2\/pages"}],"about":[{"href":"https:\/\/agora.xtec.cat\/escolafrancescfeliu\/wp-json\/wp\/v2\/types\/page"}],"author":[{"embeddable":true,"href":"https:\/\/agora.xtec.cat\/escolafrancescfeliu\/wp-json\/wp\/v2\/users\/1"}],"replies":[{"embeddable":true,"href":"https:\/\/agora.xtec.cat\/escolafrancescfeliu\/wp-json\/wp\/v2\/comments?post=561"}],"version-history":[{"count":3,"href":"https:\/\/agora.xtec.cat\/escolafrancescfeliu\/wp-json\/wp\/v2\/pages\/561\/revisions"}],"predecessor-version":[{"id":573,"href":"https:\/\/agora.xtec.cat\/escolafrancescfeliu\/wp-json\/wp\/v2\/pages\/561\/revisions\/573"}],"up":[{"embeddable":true,"href":"https:\/\/agora.xtec.cat\/escolafrancescfeliu\/wp-json\/wp\/v2\/pages\/64"}],"wp:attachment":[{"href":"https:\/\/agora.xtec.cat\/escolafrancescfeliu\/wp-json\/wp\/v2\/media?parent=561"}],"curies":[{"name":"wp","href":"https:\/\/api.w.org\/{rel}","templated":true}]}}