{"id":557,"date":"2017-02-22T13:59:22","date_gmt":"2017-02-22T12:59:22","guid":{"rendered":"http:\/\/agora.xtec.cat\/escolafrancescfeliu\/?page_id=557"},"modified":"2017-03-08T13:28:03","modified_gmt":"2017-03-08T12:28:03","slug":"grup-experimental-plurilinguisme","status":"publish","type":"page","link":"https:\/\/agora.xtec.cat\/escolafrancescfeliu\/projecte-educatiu\/grup-experimental-plurilinguisme\/","title":{"rendered":"Grup Experimental Pluriling\u00fcisme"},"content":{"rendered":"<p style=\"text-align: justify;\">La <strong>inquietud<\/strong> del Claustre del nostre centre per la millora i enriquiment de l\u2019aprenentatge de les\u00a0 lleng\u00fces estrangeres entre el nostre alumnat ha estat una constant des de ja fa uns cursos<strong>.\u00a0\u00a0 <\/strong><\/p>\n<p style=\"text-align: justify;\">La necessitat d\u2019oferir als nostres alumnes i a les nostres alumnes, en el sentit m\u00e9s equitatiu i just socialment, totes les estrat\u00e8gies possibles per al desenvolupament de la compet\u00e8ncia ling\u00fc\u00edstica, ha de passar inexorablement per <strong>l\u2019ampliaci\u00f3 del ventall de situacions comunicatives en les que les lleng\u00fces estrangeres assoleixin el protagonisme adequat<\/strong> al llarg de la seva etapa escolar.<\/p>\n<p style=\"text-align: justify;\"><em>\u00a0<\/em><\/p>\n<p style=\"text-align: justify;\">Aix\u00ed doncs des de l\u2019escola aquest curs i el vinent participarem en el <strong>Grup experimental de pluriling\u00fcisme (GEP)<\/strong> amb la intenci\u00f3 de:<\/p>\n<p style=\"text-align: justify;\">\n<ul>\n<li style=\"text-align: justify;\">Fomentar la llengua anglesa com a vehicle d&#8217;\u00fas i d&#8217;aprenentatge de continguts curriculars no ling\u00fc\u00edstics,<\/li>\n<li style=\"text-align: justify;\">Facilitar la resposta de l&#8217;alumnat als reptes culturals de la nostra societat.<\/li>\n<li style=\"text-align: justify;\">Ampliar el temps de contacte de l&#8217;alumnat amb la llengua anglesa.<\/li>\n<li style=\"text-align: justify;\">Fer \u00fas de la llengua anglesa com a llengua vehicular en els continguts proposats.<\/li>\n<li style=\"text-align: justify;\">Potenciar la mecanitzaci\u00f3 de la llengua estrangera en l&#8217;alumnat com a llengua d&#8217;aprenentatge i comunicaci\u00f3.<\/li>\n<li style=\"text-align: justify;\">Potenciar l&#8217;adquisici\u00f3 del vocabulari i les estructures ling\u00fc\u00edstiques necess\u00e0ries per l&#8217;assoliment i expressi\u00f3 dels continguts curriculars.<\/li>\n<li style=\"text-align: justify;\">Possibilitar l&#8217;aprenentatge de continguts curriculars en llengua estrangera utilitzant espais, entorns, estrat\u00e8gies, eines, materials i suports<\/li>\n<\/ul>\n<p>&nbsp;<\/p>\n","protected":false},"excerpt":{"rendered":"<p>La inquietud del Claustre del nostre centre per la millora i enriquiment de l\u2019aprenentatge de les\u00a0 lleng\u00fces estrangeres entre el nostre alumnat ha estat una constant des de ja fa uns cursos.\u00a0\u00a0 La necessitat d\u2019oferir als nostres alumnes i a les nostres alumnes, en el sentit m\u00e9s equitatiu i just socialment, totes les estrat\u00e8gies possibles [&hellip;]<\/p>\n","protected":false},"author":1,"featured_media":0,"parent":64,"menu_order":0,"comment_status":"closed","ping_status":"closed","template":"page-templates\/side-menu.php","meta":{"_bbp_topic_count":0,"_bbp_reply_count":0,"_bbp_total_topic_count":0,"_bbp_total_reply_count":0,"_bbp_voice_count":0,"_bbp_anonymous_reply_count":0,"_bbp_topic_count_hidden":0,"_bbp_reply_count_hidden":0,"_bbp_forum_subforum_count":0,"site-sidebar-layout":"default","site-content-layout":"","ast-site-content-layout":"","site-content-style":"default","site-sidebar-style":"default","ast-global-header-display":"","ast-banner-title-visibility":"","ast-main-header-display":"","ast-hfb-above-header-display":"","ast-hfb-below-header-display":"","ast-hfb-mobile-header-display":"","site-post-title":"","ast-breadcrumbs-content":"","ast-featured-img":"","footer-sml-layout":"","theme-transparent-header-meta":"","adv-header-id-meta":"","stick-header-meta":"","header-above-stick-meta":"","header-main-stick-meta":"","header-below-stick-meta":"","astra-migrate-meta-layouts":"default","ast-page-background-enabled":"default","ast-page-background-meta":{"desktop":{"background-color":"var(--ast-global-color-4)","background-image":"","background-repeat":"repeat","background-position":"center center","background-size":"auto","background-attachment":"scroll","background-type":"","background-media":"","overlay-type":"","overlay-color":"","overlay-opacity":"","overlay-gradient":""},"tablet":{"background-color":"","background-image":"","background-repeat":"repeat","background-position":"center center","background-size":"auto","background-attachment":"scroll","background-type":"","background-media":"","overlay-type":"","overlay-color":"","overlay-opacity":"","overlay-gradient":""},"mobile":{"background-color":"","background-image":"","background-repeat":"repeat","background-position":"center center","background-size":"auto","background-attachment":"scroll","background-type":"","background-media":"","overlay-type":"","overlay-color":"","overlay-opacity":"","overlay-gradient":""}},"ast-content-background-meta":{"desktop":{"background-color":"var(--ast-global-color-5)","background-image":"","background-repeat":"repeat","background-position":"center center","background-size":"auto","background-attachment":"scroll","background-type":"","background-media":"","overlay-type":"","overlay-color":"","overlay-opacity":"","overlay-gradient":""},"tablet":{"background-color":"var(--ast-global-color-5)","background-image":"","background-repeat":"repeat","background-position":"center center","background-size":"auto","background-attachment":"scroll","background-type":"","background-media":"","overlay-type":"","overlay-color":"","overlay-opacity":"","overlay-gradient":""},"mobile":{"background-color":"var(--ast-global-color-5)","background-image":"","background-repeat":"repeat","background-position":"center center","background-size":"auto","background-attachment":"scroll","background-type":"","background-media":"","overlay-type":"","overlay-color":"","overlay-opacity":"","overlay-gradient":""}},"footnotes":""},"class_list":["post-557","page","type-page","status-publish","hentry"],"post_mailing_queue_ids":[],"_links":{"self":[{"href":"https:\/\/agora.xtec.cat\/escolafrancescfeliu\/wp-json\/wp\/v2\/pages\/557","targetHints":{"allow":["GET"]}}],"collection":[{"href":"https:\/\/agora.xtec.cat\/escolafrancescfeliu\/wp-json\/wp\/v2\/pages"}],"about":[{"href":"https:\/\/agora.xtec.cat\/escolafrancescfeliu\/wp-json\/wp\/v2\/types\/page"}],"author":[{"embeddable":true,"href":"https:\/\/agora.xtec.cat\/escolafrancescfeliu\/wp-json\/wp\/v2\/users\/1"}],"replies":[{"embeddable":true,"href":"https:\/\/agora.xtec.cat\/escolafrancescfeliu\/wp-json\/wp\/v2\/comments?post=557"}],"version-history":[{"count":2,"href":"https:\/\/agora.xtec.cat\/escolafrancescfeliu\/wp-json\/wp\/v2\/pages\/557\/revisions"}],"predecessor-version":[{"id":568,"href":"https:\/\/agora.xtec.cat\/escolafrancescfeliu\/wp-json\/wp\/v2\/pages\/557\/revisions\/568"}],"up":[{"embeddable":true,"href":"https:\/\/agora.xtec.cat\/escolafrancescfeliu\/wp-json\/wp\/v2\/pages\/64"}],"wp:attachment":[{"href":"https:\/\/agora.xtec.cat\/escolafrancescfeliu\/wp-json\/wp\/v2\/media?parent=557"}],"curies":[{"name":"wp","href":"https:\/\/api.w.org\/{rel}","templated":true}]}}