{"id":77,"date":"2014-09-18T14:05:08","date_gmt":"2014-09-18T14:05:08","guid":{"rendered":"http:\/\/agora.xtec.cat\/escolafortpienc\/?page_id=77"},"modified":"2026-04-06T20:51:54","modified_gmt":"2026-04-06T18:51:54","slug":"menjador","status":"publish","type":"page","link":"https:\/\/agora.xtec.cat\/escolafortpienc\/menjador\/","title":{"rendered":"Espai de migdia"},"content":{"rendered":"<table>\n<tbody>\n<tr>\n<td style=\"text-align: center;\" colspan=\"2\">Aqu\u00ed teniu els men\u00fas d&#8217;aquest mes:<\/td>\n<\/tr>\n<tr>\n<td style=\"text-align: center;\"><a href=\"https:\/\/agora.xtec.cat\/escolafortpienc\/wp-content\/uploads\/usu1269\/2026\/04\/MENU-BASAL-ABRIL-2026_.pdf\" target=\"_blank\" rel=\"noopener\">Men\u00fa Basal<\/a><\/td>\n<td style=\"text-align: center;\"><a href=\"https:\/\/agora.xtec.cat\/escolafortpienc\/wp-content\/uploads\/usu1269\/2026\/04\/MENU-DERIVACIONS-ABRIL-2026_.pdf\" target=\"_blank\" rel=\"noopener\">Derivacions<\/a><\/td>\n<\/tr>\n<\/tbody>\n<\/table>\n<p>L&#8217;espai de migdia \u00e9s un espai que tamb\u00e9 es considera educatiu. El curr\u00edculum diu que menjar no sols contribueix a fer que les criatures creixin fisiol\u00f2gicament, sin\u00f3 que tamb\u00e9 les fa cr\u00e9ixer en l\u2019\u00e0mbit social i afectiu, cultural i intel\u00b7lectual.<\/p>\n<p><a href=\"https:\/\/agora.xtec.cat\/escolafortpienc\/wp-content\/uploads\/usu1269\/2022\/01\/Resum-1r-trimestre-menjador-1.pdf\">Aqu\u00ed es descriuen algunes activitats de l&#8217;espai de migdia.<\/a><\/p>\n<p>La gesti\u00f3 del menjador enguany es fa a trav\u00e9s del correu electr\u00f2nic <a href=\"mailto:menjadorfortpienc@gmail.com\">menjadorfortpienc@gmail.com<\/a>.<\/p>\n<p><img loading=\"lazy\" decoding=\"async\" class=\"wp-image-2750 alignleft\" src=\"https:\/\/agora.xtec.cat\/escolafortpienc\/wp-content\/uploads\/usu1269\/2021\/02\/migdia-petits.jpg\" alt=\"\" width=\"280\" height=\"222\" srcset=\"https:\/\/agora.xtec.cat\/escolafortpienc\/wp-content\/uploads\/usu1269\/2021\/02\/migdia-petits.jpg 1434w, https:\/\/agora.xtec.cat\/escolafortpienc\/wp-content\/uploads\/usu1269\/2021\/02\/migdia-petits-300x238.jpg 300w, https:\/\/agora.xtec.cat\/escolafortpienc\/wp-content\/uploads\/usu1269\/2021\/02\/migdia-petits-768x608.jpg 768w, https:\/\/agora.xtec.cat\/escolafortpienc\/wp-content\/uploads\/usu1269\/2021\/02\/migdia-petits-1024x811.jpg 1024w\" sizes=\"auto, (max-width: 280px) 100vw, 280px\" \/><img loading=\"lazy\" decoding=\"async\" class=\"wp-image-2749 alignleft\" src=\"https:\/\/agora.xtec.cat\/escolafortpienc\/wp-content\/uploads\/usu1269\/2021\/02\/menjador.jpg\" alt=\"\" width=\"321\" height=\"220\" srcset=\"https:\/\/agora.xtec.cat\/escolafortpienc\/wp-content\/uploads\/usu1269\/2021\/02\/menjador.jpg 1562w, https:\/\/agora.xtec.cat\/escolafortpienc\/wp-content\/uploads\/usu1269\/2021\/02\/menjador-300x205.jpg 300w, https:\/\/agora.xtec.cat\/escolafortpienc\/wp-content\/uploads\/usu1269\/2021\/02\/menjador-768x525.jpg 768w, https:\/\/agora.xtec.cat\/escolafortpienc\/wp-content\/uploads\/usu1269\/2021\/02\/menjador-1024x700.jpg 1024w\" sizes=\"auto, (max-width: 321px) 100vw, 321px\" \/><\/p>\n<p>&nbsp;<\/p>\n<p>&nbsp;<\/p>\n<p>&nbsp;<\/p>\n<p>&nbsp;<\/p>\n<p>&nbsp;<\/p>\n<p>&nbsp;<\/p>\n","protected":false},"excerpt":{"rendered":"<p>Aqu\u00ed teniu els men\u00fas d&#8217;aquest mes:<\/p>\n<p><a href=\"https:\/\/agora.xtec.cat\/escolafortpienc\/wp-content\/uploads\/usu1269\/2026\/04\/MENU-BASAL-ABRIL-2026_.pdf\" target=\"_blank\" rel=\"noopener\">Men\u00fa Basal<\/a><br \/>\n<a href=\"https:\/\/agora.xtec.cat\/escolafortpienc\/wp-content\/uploads\/usu1269\/2026\/04\/MENU-DERIVACIONS-ABRIL-2026_.pdf\" target=\"_blank\" rel=\"noopener\">Derivacions<\/a><\/p>\n<p>L&#8217;espai de migdia \u00e9s un espai que tamb\u00e9 es considera educatiu. El curr\u00edculum diu que menjar no sols contribueix a fer que les criatures creixin fisiol\u00f2gicament, sin\u00f3 que tamb\u00e9 les fa cr\u00e9ixer en&hellip;  <a href=\"https:\/\/agora.xtec.cat\/escolafortpienc\/menjador\/\" title=\"Read Espai de migdia\">Llegeix m\u00e9s\u00bb<\/a><\/p>\n","protected":false},"author":2,"featured_media":0,"parent":0,"menu_order":1,"comment_status":"closed","ping_status":"closed","template":"page-templates\/side-menu.php","meta":{"_bbp_topic_count":0,"_bbp_reply_count":0,"_bbp_total_topic_count":0,"_bbp_total_reply_count":0,"_bbp_voice_count":0,"_bbp_anonymous_reply_count":0,"_bbp_topic_count_hidden":0,"_bbp_reply_count_hidden":0,"_bbp_forum_subforum_count":0,"footnotes":""},"class_list":["post-77","page","type-page","status-publish","hentry"],"post_mailing_queue_ids":[],"_links":{"self":[{"href":"https:\/\/agora.xtec.cat\/escolafortpienc\/wp-json\/wp\/v2\/pages\/77","targetHints":{"allow":["GET"]}}],"collection":[{"href":"https:\/\/agora.xtec.cat\/escolafortpienc\/wp-json\/wp\/v2\/pages"}],"about":[{"href":"https:\/\/agora.xtec.cat\/escolafortpienc\/wp-json\/wp\/v2\/types\/page"}],"author":[{"embeddable":true,"href":"https:\/\/agora.xtec.cat\/escolafortpienc\/wp-json\/wp\/v2\/users\/2"}],"replies":[{"embeddable":true,"href":"https:\/\/agora.xtec.cat\/escolafortpienc\/wp-json\/wp\/v2\/comments?post=77"}],"version-history":[{"count":7,"href":"https:\/\/agora.xtec.cat\/escolafortpienc\/wp-json\/wp\/v2\/pages\/77\/revisions"}],"predecessor-version":[{"id":4569,"href":"https:\/\/agora.xtec.cat\/escolafortpienc\/wp-json\/wp\/v2\/pages\/77\/revisions\/4569"}],"wp:attachment":[{"href":"https:\/\/agora.xtec.cat\/escolafortpienc\/wp-json\/wp\/v2\/media?parent=77"}],"curies":[{"name":"wp","href":"https:\/\/api.w.org\/{rel}","templated":true}]}}