{"id":66,"date":"2014-09-18T12:40:47","date_gmt":"2014-09-18T12:40:47","guid":{"rendered":"http:\/\/agora.xtec.cat\/escolafortpienc\/?page_id=66"},"modified":"2023-10-20T12:13:33","modified_gmt":"2023-10-20T10:13:33","slug":"serveis","status":"publish","type":"page","link":"https:\/\/agora.xtec.cat\/escolafortpienc\/serveis\/","title":{"rendered":"AFA"},"content":{"rendered":"<p><a href=\"https:\/\/www.ampafortpienc.org\/blog\/\"><img loading=\"lazy\" decoding=\"async\" class=\"alignleft wp-image-3933\" src=\"https:\/\/agora.xtec.cat\/escolafortpienc\/wp-content\/uploads\/usu1269\/2023\/10\/LOGO-COLOR-300x140.jpg\" alt=\"\" width=\"167\" height=\"78\" srcset=\"https:\/\/agora.xtec.cat\/escolafortpienc\/wp-content\/uploads\/usu1269\/2023\/10\/LOGO-COLOR-300x140.jpg 300w, https:\/\/agora.xtec.cat\/escolafortpienc\/wp-content\/uploads\/usu1269\/2023\/10\/LOGO-COLOR-1024x479.jpg 1024w, https:\/\/agora.xtec.cat\/escolafortpienc\/wp-content\/uploads\/usu1269\/2023\/10\/LOGO-COLOR-768x359.jpg 768w, https:\/\/agora.xtec.cat\/escolafortpienc\/wp-content\/uploads\/usu1269\/2023\/10\/LOGO-COLOR-1536x718.jpg 1536w, https:\/\/agora.xtec.cat\/escolafortpienc\/wp-content\/uploads\/usu1269\/2023\/10\/LOGO-COLOR.jpg 1771w\" sizes=\"auto, (max-width: 167px) 100vw, 167px\" \/><\/a><\/p>\n<p><a href=\"https:\/\/www.ampafortpienc.org\/blog\/\">L&#8217;AFA de la nostra escola ofereix una s\u00e8rie de serveis que podreu veure descrits a la seva web.<\/a><\/p>\n<p>&nbsp;<\/p>\n<ul>\n<li><strong>Acollida de mat\u00ed i tarda:<\/strong> l\u2019escola disposa d\u2019un servei d\u2019acollida als alumnes al mat\u00ed de 8:00 a 9:00 i a la tarda de les 16:30 a 17:30.<\/li>\n<li><strong>Extraescolars:<\/strong> us oferim una \u00e0mplia graella d\u2019activitats fora de l\u2019horari escolar.<\/li>\n<li><strong>Casal d&#8217;estiu:<\/strong> s&#8217;ofereix\u00a0<span style=\"font-family: inherit; font-size: 1em;\">a partir del primer dilluns despr\u00e9s de les vacances i durant tot el mes de juliol aix\u00ed com les primeres setmanes de setembre. Mat\u00ed o tot el dia amb servei de menjador propi opcional.<\/span><\/li>\n<\/ul>\n<p>&nbsp;<\/p>\n","protected":false},"excerpt":{"rendered":"<p><a href=\"https:\/\/www.ampafortpienc.org\/blog\/\"><\/a><br \/>\n<a href=\"https:\/\/www.ampafortpienc.org\/blog\/\">L&#8217;AFA de la nostra escola ofereix una s\u00e8rie de serveis que podreu veure descrits a la seva web.<\/a><br \/>\n&nbsp;<\/p>\n<ul>\n<li>Acollida de mat\u00ed i tarda: l\u2019escola disposa d\u2019un servei d\u2019acollida als alumnes al mat\u00ed de 8:00 a 9:00 i a la tarda de les 16:30 a&hellip;  <a href=\"https:\/\/agora.xtec.cat\/escolafortpienc\/serveis\/\" title=\"Read AFA\">Llegeix m\u00e9s\u00bb<\/a><br \/>\n","protected":false},"author":2,"featured_media":0,"parent":0,"menu_order":10,"comment_status":"closed","ping_status":"closed","template":"page-templates\/side-menu.php","meta":{"_bbp_topic_count":0,"_bbp_reply_count":0,"_bbp_total_topic_count":0,"_bbp_total_reply_count":0,"_bbp_voice_count":0,"_bbp_anonymous_reply_count":0,"_bbp_topic_count_hidden":0,"_bbp_reply_count_hidden":0,"_bbp_forum_subforum_count":0,"footnotes":""},"class_list":["post-66","page","type-page","status-publish","hentry"],"post_mailing_queue_ids":[],"_links":{"self":[{"href":"https:\/\/agora.xtec.cat\/escolafortpienc\/wp-json\/wp\/v2\/pages\/66","targetHints":{"allow":["GET"]}}],"collection":[{"href":"https:\/\/agora.xtec.cat\/escolafortpienc\/wp-json\/wp\/v2\/pages"}],"about":[{"href":"https:\/\/agora.xtec.cat\/escolafortpienc\/wp-json\/wp\/v2\/types\/page"}],"author":[{"embeddable":true,"href":"https:\/\/agora.xtec.cat\/escolafortpienc\/wp-json\/wp\/v2\/users\/2"}],"replies":[{"embeddable":true,"href":"https:\/\/agora.xtec.cat\/escolafortpienc\/wp-json\/wp\/v2\/comments?post=66"}],"version-history":[{"count":6,"href":"https:\/\/agora.xtec.cat\/escolafortpienc\/wp-json\/wp\/v2\/pages\/66\/revisions"}],"predecessor-version":[{"id":3934,"href":"https:\/\/agora.xtec.cat\/escolafortpienc\/wp-json\/wp\/v2\/pages\/66\/revisions\/3934"}],"wp:attachment":[{"href":"https:\/\/agora.xtec.cat\/escolafortpienc\/wp-json\/wp\/v2\/media?parent=66"}],"curies":[{"name":"wp","href":"https:\/\/api.w.org\/{rel}","templated":true}]}}