{"id":64,"date":"2014-09-18T12:39:08","date_gmt":"2014-09-18T12:39:08","guid":{"rendered":"http:\/\/agora.xtec.cat\/escolafortpienc\/?page_id=64"},"modified":"2022-02-18T08:31:34","modified_gmt":"2022-02-18T07:31:34","slug":"quisom","status":"publish","type":"page","link":"https:\/\/agora.xtec.cat\/escolafortpienc\/quisom\/","title":{"rendered":"Ideari i metodologia"},"content":{"rendered":"<p><strong>TRETS D&#8217;IDENTITAT<\/strong><\/p>\n<p>La nostra escola creix des del 2003 amb una mirada\u00a0respectuosa\u00a0cap als infants, on la diversitat \u00e9s una oportunitat per aprendre i enriquir-se, afavorint aix\u00ed <strong>la inclusi\u00f3 i la coeducaci\u00f3<\/strong>.<\/p>\n<p>Entenem que s\u2019ha de promoure un aprenentatge <strong>integral, actiu i responsable<\/strong>, procurant espais d\u2019intercanvi i de conviv\u00e8ncia, basats en el <strong>di\u00e0leg respectu\u00f3s i enriquidor<\/strong> per tal de fer persones aut\u00f2nomes i amb pensament cr\u00edtic.<\/p>\n<p>Volem ser una escola on les persones que la conformen se sentin <strong>comunitat <\/strong>a l\u2019entorn d\u2019un projecte com\u00fa, participant i col\u00b7laborant en el projecte educatiu d\u2019una manera <strong>activa i constructiva<\/strong> i vetllant sempre pel <strong>respecte i cura<\/strong> de les persones que en formen part. La <strong>confian\u00e7a<\/strong> de la fam\u00edlia i la complicitat en les relacions s\u00f3n fonamentals en l\u2019educaci\u00f3 dels nens i nenes.<\/p>\n<p>El projecte de l\u2019escola creix amb un equip de mestres que assumeix amb il\u00b7lusi\u00f3, comprom\u00eds i professionalitat la\u00a0<strong>responsabilitat compartida<\/strong>\u00a0d\u2019educar.<\/p>\n<p>Una identitat que es complementa amb una relaci\u00f3 estreta amb l\u2019<strong>entorn natural i social. <\/strong>La nostra \u00e9s una escola arrelada al barri i compromesa amb la sostenibilitat del medi ambient.<\/p>\n<p><iframe loading=\"lazy\" title=\"Portes Obertes petits\" width=\"500\" height=\"281\" src=\"https:\/\/www.youtube.com\/embed\/k4Kws5FYd_w?feature=oembed\" frameborder=\"0\" allow=\"accelerometer; autoplay; clipboard-write; encrypted-media; gyroscope; picture-in-picture; web-share\" referrerpolicy=\"strict-origin-when-cross-origin\" allowfullscreen><\/iframe><\/p>\n<p><iframe loading=\"lazy\" title=\"Portes Obertes mitjans\" width=\"500\" height=\"281\" src=\"https:\/\/www.youtube.com\/embed\/rjSPx01xsZM?feature=oembed\" frameborder=\"0\" allow=\"accelerometer; autoplay; clipboard-write; encrypted-media; gyroscope; picture-in-picture; web-share\" referrerpolicy=\"strict-origin-when-cross-origin\" allowfullscreen><\/iframe><\/p>\n<p><iframe loading=\"lazy\" title=\"Portes Obertes grans\" width=\"500\" height=\"281\" src=\"https:\/\/www.youtube.com\/embed\/6znN81P37WQ?feature=oembed\" frameborder=\"0\" allow=\"accelerometer; autoplay; clipboard-write; encrypted-media; gyroscope; picture-in-picture; web-share\" referrerpolicy=\"strict-origin-when-cross-origin\" allowfullscreen><\/iframe><\/p>\n<p>&nbsp;<\/p>\n<p><strong>METODOLOGIA<\/strong><\/p>\n<p>Per aconseguir ser l\u2019escola que volem, cap a una educaci\u00f3 inclusiva on poder respectar els diferents ritmes d\u2019aprenentatge, utilitzem diferents metodologies que afavoreixen les mesures universals:<\/p>\n<ul>\n<li>El <strong>treball per projectes<\/strong>: afavoreix la inclusi\u00f3, l\u2019autonomia, el treball en grup i la participaci\u00f3 activa dels infants. Es desenvolupen al llarg del curs de forma interdisciplinar, on queda recollit l\u2019art, la ci\u00e8ncia i les emocions.<\/li>\n<li>El <strong>espais d\u2019aprenentatge<\/strong>: on l\u2019infant \u00e9s constructor del seu propi aprenentatge, partint del joc, de la investigaci\u00f3 i de les relacions amb els companys i companyes, tot seguint els seus interessos i motivacions.<\/li>\n<li><strong>Projectes de Filosofia 3-12 i Educaci\u00f3 en Valors<\/strong>: ajuda als infants a desenvolupar estrat\u00e8gies i habilitats de pensament a partir de jocs, contes i activitats properes als seus interessos. Potencia el di\u00e0leg i el respecte cap a les diferents opinions i creences, despertant l\u2019esperit cr\u00edtic.<\/li>\n<li><strong>\u00das de les eines digitals a prim\u00e0ria<\/strong>: en els darrers anys s\u2019ha fet una acceleraci\u00f3 en la implementaci\u00f3 de les eines digitals com un recurs m\u00e9s en el proc\u00e9s d\u2019aprenentatge, que permet adaptar-se a les necessitats individuals de cada infant.<\/li>\n<li><strong>L\u2019experimentaci\u00f3 i la manipulaci\u00f3<\/strong>: \u00e9s necess\u00e0ria per un aprenentatge significatiu. A partir de bones preguntes l\u2019infant ha de poder indagar, provar, equivocar-se i corregir fent \u00fas de l\u2019experimentaci\u00f3 i la manipulaci\u00f3. En especial en el treball de les ci\u00e8ncies i les matem\u00e0tiques.<\/li>\n<li><strong>Participaci\u00f3 en projectes, activitats i sortides a l\u2019entorn natural i social<\/strong>: en la formaci\u00f3 integral dels infants \u00e9s imprescindible el contacte amb la natura i a l\u2019entorn m\u00e9s proper, aix\u00ed com tenir tamb\u00e9 l\u2019oportunitat de participar en projectes compartits amb diferents organitzacions i institucions.<\/li>\n<\/ul>\n<p>&nbsp;<\/p>\n<p>\u201cQuan estalvies a un infant l\u2019esfor\u00e7 que ell podria fer, li est\u00e0s impedint cr\u00e9ixer.\u201d M. Montessori<\/p>\n<p><iframe loading=\"lazy\" title=\"Espais de la nostra escola - Portes Obertes\" width=\"500\" height=\"281\" src=\"https:\/\/www.youtube.com\/embed\/XpmzZwxBobA?feature=oembed\" frameborder=\"0\" allow=\"accelerometer; autoplay; clipboard-write; encrypted-media; gyroscope; picture-in-picture; web-share\" referrerpolicy=\"strict-origin-when-cross-origin\" allowfullscreen><\/iframe><\/p>\n<p><iframe loading=\"lazy\" title=\"UN DIA A P3\" width=\"500\" height=\"281\" src=\"https:\/\/www.youtube.com\/embed\/gELa_NsM9O8?feature=oembed\" frameborder=\"0\" allow=\"accelerometer; autoplay; clipboard-write; encrypted-media; gyroscope; picture-in-picture; web-share\" referrerpolicy=\"strict-origin-when-cross-origin\" allowfullscreen><\/iframe><\/p>\n","protected":false},"excerpt":{"rendered":"<p>TRETS D&#8217;IDENTITAT<br \/>\nLa nostra escola creix des del 2003 amb una mirada\u00a0respectuosa\u00a0cap als infants, on la diversitat \u00e9s una oportunitat per aprendre i enriquir-se, afavorint aix\u00ed la inclusi\u00f3 i la coeducaci\u00f3.<br \/>\nEntenem que s\u2019ha de promoure un aprenentatge integral, actiu i responsable, procurant espais d\u2019intercanvi i de&hellip;  <a href=\"https:\/\/agora.xtec.cat\/escolafortpienc\/quisom\/\" title=\"Read Ideari i metodologia\">Llegeix m\u00e9s\u00bb<\/a><\/p>\n","protected":false},"author":2,"featured_media":0,"parent":0,"menu_order":0,"comment_status":"closed","ping_status":"closed","template":"page-templates\/side-menu.php","meta":{"_bbp_topic_count":0,"_bbp_reply_count":0,"_bbp_total_topic_count":0,"_bbp_total_reply_count":0,"_bbp_voice_count":0,"_bbp_anonymous_reply_count":0,"_bbp_topic_count_hidden":0,"_bbp_reply_count_hidden":0,"_bbp_forum_subforum_count":0,"footnotes":""},"class_list":["post-64","page","type-page","status-publish","hentry"],"post_mailing_queue_ids":[],"_links":{"self":[{"href":"https:\/\/agora.xtec.cat\/escolafortpienc\/wp-json\/wp\/v2\/pages\/64","targetHints":{"allow":["GET"]}}],"collection":[{"href":"https:\/\/agora.xtec.cat\/escolafortpienc\/wp-json\/wp\/v2\/pages"}],"about":[{"href":"https:\/\/agora.xtec.cat\/escolafortpienc\/wp-json\/wp\/v2\/types\/page"}],"author":[{"embeddable":true,"href":"https:\/\/agora.xtec.cat\/escolafortpienc\/wp-json\/wp\/v2\/users\/2"}],"replies":[{"embeddable":true,"href":"https:\/\/agora.xtec.cat\/escolafortpienc\/wp-json\/wp\/v2\/comments?post=64"}],"version-history":[{"count":4,"href":"https:\/\/agora.xtec.cat\/escolafortpienc\/wp-json\/wp\/v2\/pages\/64\/revisions"}],"predecessor-version":[{"id":3469,"href":"https:\/\/agora.xtec.cat\/escolafortpienc\/wp-json\/wp\/v2\/pages\/64\/revisions\/3469"}],"wp:attachment":[{"href":"https:\/\/agora.xtec.cat\/escolafortpienc\/wp-json\/wp\/v2\/media?parent=64"}],"curies":[{"name":"wp","href":"https:\/\/api.w.org\/{rel}","templated":true}]}}