{"id":3007,"date":"2021-09-18T08:11:06","date_gmt":"2021-09-18T06:11:06","guid":{"rendered":"https:\/\/agora.xtec.cat\/escolafortpienc\/?page_id=3007"},"modified":"2021-09-20T13:48:41","modified_gmt":"2021-09-20T11:48:41","slug":"les-persones","status":"publish","type":"page","link":"https:\/\/agora.xtec.cat\/escolafortpienc\/les-persones\/","title":{"rendered":"Les persones"},"content":{"rendered":"<p>L&#8217;escola funciona dia rere dia gr\u00e0cies a l&#8217;esfor\u00e7 i la implicaci\u00f3 de moltes persones.<\/p>\n<p>Des dels mestres, el nostre conserge, la t\u00e8cnica d&#8217;educaci\u00f3 infantil, l&#8217;auxiliar administrativa, el personal de neteja, el personal de cuina, els monitors i les monitores del menjador, el personal extern que ens ajuda amb infants amb necessitats espec\u00edfiques, els i les estudiants en pr\u00e0ctiques universit\u00e0ries&#8230;<\/p>\n<p>Gr\u00e0cies a tots i a totes per ajudar a tirar endavant el projecte de l&#8217;escola i per tenir cura dels nostres infants.<\/p>\n","protected":false},"excerpt":{"rendered":"<p>L&#8217;escola funciona dia rere dia gr\u00e0cies a l&#8217;esfor\u00e7 i la implicaci\u00f3 de moltes persones.<br \/>\nDes dels mestres, el nostre conserge, la t\u00e8cnica d&#8217;educaci\u00f3 infantil, l&#8217;auxiliar administrativa, el personal de neteja, el personal de cuina, els monitors i les monitores del menjador, el personal extern que ens&hellip;  <a href=\"https:\/\/agora.xtec.cat\/escolafortpienc\/les-persones\/\" title=\"Read Les persones\">Llegeix m\u00e9s\u00bb<\/a><\/p>\n","protected":false},"author":1,"featured_media":0,"parent":0,"menu_order":2,"comment_status":"closed","ping_status":"closed","template":"page-templates\/side-menu.php","meta":{"_bbp_topic_count":0,"_bbp_reply_count":0,"_bbp_total_topic_count":0,"_bbp_total_reply_count":0,"_bbp_voice_count":0,"_bbp_anonymous_reply_count":0,"_bbp_topic_count_hidden":0,"_bbp_reply_count_hidden":0,"_bbp_forum_subforum_count":0,"footnotes":""},"class_list":["post-3007","page","type-page","status-publish","hentry"],"post_mailing_queue_ids":[],"_links":{"self":[{"href":"https:\/\/agora.xtec.cat\/escolafortpienc\/wp-json\/wp\/v2\/pages\/3007","targetHints":{"allow":["GET"]}}],"collection":[{"href":"https:\/\/agora.xtec.cat\/escolafortpienc\/wp-json\/wp\/v2\/pages"}],"about":[{"href":"https:\/\/agora.xtec.cat\/escolafortpienc\/wp-json\/wp\/v2\/types\/page"}],"author":[{"embeddable":true,"href":"https:\/\/agora.xtec.cat\/escolafortpienc\/wp-json\/wp\/v2\/users\/1"}],"replies":[{"embeddable":true,"href":"https:\/\/agora.xtec.cat\/escolafortpienc\/wp-json\/wp\/v2\/comments?post=3007"}],"version-history":[{"count":4,"href":"https:\/\/agora.xtec.cat\/escolafortpienc\/wp-json\/wp\/v2\/pages\/3007\/revisions"}],"predecessor-version":[{"id":3052,"href":"https:\/\/agora.xtec.cat\/escolafortpienc\/wp-json\/wp\/v2\/pages\/3007\/revisions\/3052"}],"wp:attachment":[{"href":"https:\/\/agora.xtec.cat\/escolafortpienc\/wp-json\/wp\/v2\/media?parent=3007"}],"curies":[{"name":"wp","href":"https:\/\/api.w.org\/{rel}","templated":true}]}}