{"id":3004,"date":"2021-09-18T08:09:07","date_gmt":"2021-09-18T06:09:07","guid":{"rendered":"https:\/\/agora.xtec.cat\/escolafortpienc\/?page_id=3004"},"modified":"2024-09-03T19:16:56","modified_gmt":"2024-09-03T17:16:56","slug":"consell-escolar","status":"publish","type":"page","link":"https:\/\/agora.xtec.cat\/escolafortpienc\/les-persones\/consell-escolar\/","title":{"rendered":"Consell escolar"},"content":{"rendered":"<p>El consell escolar del centre \u00e9s l&#8217;<strong>\u00f2rgan col\u00b7legiat de participaci\u00f3<\/strong> de la comunitat escolar en el govern del centre. En el consell escolar hi ha representats tots els col\u00b7lectius que intervenen en la comunitat educativa: director, professorat, alumnat, personal d&#8217;administraci\u00f3 i serveis, etc.<\/p>\n<p>En els centres p\u00fablics, la funci\u00f3 principal del consell escolar \u00e9s participar en la presa de decisions en relaci\u00f3 amb aquells temes importants per al funcionament i l&#8217;organitzaci\u00f3 del centre: el projecte educatiu, la programaci\u00f3 general, la gesti\u00f3 econ\u00f2mica, etc. En el cas dels centres privats concertats, el consell escolar debat, avalua, analitza i pren decisions sobre els temes proposats pel titular del centre.<\/p>\n<p>Els membres del consell escolar s\u00f3n elegits per un per\u00edode de quatre anys i es renoven per meitats cada dos anys.<\/p>\n<table border=\"1\" cellspacing=\"0\" cellpadding=\"0\">\n<tbody>\n<tr>\n<td valign=\"top\" width=\"130\">Presidenta del Consell Escolar<\/td>\n<td valign=\"top\" width=\"446\">Amparo Sim\u00f3n<\/td>\n<\/tr>\n<tr>\n<td valign=\"top\" width=\"130\">Cap d\u2019estudis<\/td>\n<td valign=\"top\" width=\"446\">Helena Jara<\/td>\n<\/tr>\n<tr>\n<td valign=\"top\" width=\"130\">Secret\u00e0ria<\/td>\n<td valign=\"top\" width=\"446\">Montse Ferrer<\/td>\n<\/tr>\n<tr>\n<td valign=\"top\" width=\"130\">Representants\u00a0equip docents<\/td>\n<td valign=\"top\" width=\"446\">Isabel Novella, Marta Crespo, Eva Mazarico, Laura Ruiz, Iris Marzo<\/td>\n<\/tr>\n<tr>\n<td valign=\"top\" width=\"130\">Representants\u00a0fam\u00edlies<\/td>\n<td valign=\"top\" width=\"446\">Mirella H\u00e4nninen, Alba Gatell, Alberto Carrio, Ariadna Fit\u00f3<\/td>\n<\/tr>\n<tr>\n<td valign=\"top\" width=\"130\">Representat AFA<\/td>\n<td valign=\"top\" width=\"446\">Anna Burgu\u00e9s<\/td>\n<\/tr>\n<tr>\n<td valign=\"top\" width=\"130\">Representants d\u2019ajuntament<\/td>\n<td valign=\"top\" width=\"446\">Maribel Ujeda<\/td>\n<\/tr>\n<tr>\n<td valign=\"top\" width=\"130\">Representant personal PAS<\/td>\n<td valign=\"top\" width=\"446\">Jos\u00e9 Mart\u00edn<\/td>\n<\/tr>\n<\/tbody>\n<\/table>\n","protected":false},"excerpt":{"rendered":"<p>El consell escolar del centre \u00e9s l&#8217;\u00f2rgan col\u00b7legiat de participaci\u00f3 de la comunitat escolar en el govern del centre. En el consell escolar hi ha representats tots els col\u00b7lectius que intervenen en la comunitat educativa: director, professorat, alumnat, personal d&#8217;administraci\u00f3 i serveis, etc.<br \/>\nEn els centres&hellip;  <a href=\"https:\/\/agora.xtec.cat\/escolafortpienc\/les-persones\/consell-escolar\/\" title=\"Read Consell escolar\">Llegeix m\u00e9s\u00bb<\/a><\/p>\n","protected":false},"author":1,"featured_media":0,"parent":3007,"menu_order":20,"comment_status":"closed","ping_status":"closed","template":"page-templates\/side-menu.php","meta":{"_bbp_topic_count":0,"_bbp_reply_count":0,"_bbp_total_topic_count":0,"_bbp_total_reply_count":0,"_bbp_voice_count":0,"_bbp_anonymous_reply_count":0,"_bbp_topic_count_hidden":0,"_bbp_reply_count_hidden":0,"_bbp_forum_subforum_count":0,"footnotes":""},"class_list":["post-3004","page","type-page","status-publish","hentry"],"post_mailing_queue_ids":[],"_links":{"self":[{"href":"https:\/\/agora.xtec.cat\/escolafortpienc\/wp-json\/wp\/v2\/pages\/3004","targetHints":{"allow":["GET"]}}],"collection":[{"href":"https:\/\/agora.xtec.cat\/escolafortpienc\/wp-json\/wp\/v2\/pages"}],"about":[{"href":"https:\/\/agora.xtec.cat\/escolafortpienc\/wp-json\/wp\/v2\/types\/page"}],"author":[{"embeddable":true,"href":"https:\/\/agora.xtec.cat\/escolafortpienc\/wp-json\/wp\/v2\/users\/1"}],"replies":[{"embeddable":true,"href":"https:\/\/agora.xtec.cat\/escolafortpienc\/wp-json\/wp\/v2\/comments?post=3004"}],"version-history":[{"count":5,"href":"https:\/\/agora.xtec.cat\/escolafortpienc\/wp-json\/wp\/v2\/pages\/3004\/revisions"}],"predecessor-version":[{"id":4197,"href":"https:\/\/agora.xtec.cat\/escolafortpienc\/wp-json\/wp\/v2\/pages\/3004\/revisions\/4197"}],"up":[{"embeddable":true,"href":"https:\/\/agora.xtec.cat\/escolafortpienc\/wp-json\/wp\/v2\/pages\/3007"}],"wp:attachment":[{"href":"https:\/\/agora.xtec.cat\/escolafortpienc\/wp-json\/wp\/v2\/media?parent=3004"}],"curies":[{"name":"wp","href":"https:\/\/api.w.org\/{rel}","templated":true}]}}