{"id":30,"date":"2014-09-18T12:30:23","date_gmt":"2014-09-18T12:30:23","guid":{"rendered":"http:\/\/agora.xtec.cat\/escolafortpienc\/?page_id=30"},"modified":"2025-09-16T19:19:50","modified_gmt":"2025-09-16T17:19:50","slug":"instal%c2%b7lacions","status":"publish","type":"page","link":"https:\/\/agora.xtec.cat\/escolafortpienc\/lescola\/instal%c2%b7lacions\/","title":{"rendered":"Documents"},"content":{"rendered":"<p><strong>Comunicaci\u00f3 amb l&#8217;escola\u00a0<\/strong><\/p>\n<p><a href=\"https:\/\/agora.xtec.cat\/escolafortpienc\/wp-content\/uploads\/usu1269\/2023\/11\/Comunicacio-escola-Fort-Pienc.png\">Infografia\u00a0<\/a><\/p>\n<p>&nbsp;<\/p>\n<p><strong>Informacions del dia a dia<\/strong><\/p>\n<p><a href=\"https:\/\/agora.xtec.cat\/escolafortpienc\/wp-content\/uploads\/usu1269\/2025\/09\/Informacio-families-infantil-25-26.pdf\" target=\"_blank\" rel=\"noopener\">Informaci\u00f3 fam\u00edlies d&#8217;Infantil\u00a0<\/a><\/p>\n<p><a href=\"https:\/\/agora.xtec.cat\/escolafortpienc\/wp-content\/uploads\/usu1269\/2025\/09\/Informacio-families-Primaria-25-26.pdf\" target=\"_blank\" rel=\"noopener\">Informaci\u00f3 fam\u00edlies de Prim\u00e0ria\u00a0<\/a><\/p>\n<p>&nbsp;<\/p>\n<p><strong>Autoritzacions<\/strong><\/p>\n<p><a href=\"https:\/\/agora.xtec.cat\/escolafortpienc\/wp-content\/uploads\/usu1269\/2025\/09\/Autoritzacions-25-26-recollida-no-habitual.pdf\" target=\"_blank\" rel=\"noopener\">Autoritzaci\u00f3 recollida persona no habitual<\/a><\/p>\n<p><a href=\"https:\/\/agora.xtec.cat\/escolafortpienc\/wp-content\/uploads\/usu1269\/2025\/09\/Autoritzacions-25-26-germans.pdf\" target=\"_blank\" rel=\"noopener\">Autoritzaci\u00f3 recollida germans<\/a><\/p>\n<p><a href=\"https:\/\/agora.xtec.cat\/escolafortpienc\/wp-content\/uploads\/usu1269\/2025\/09\/Autoritzacions-25-26-medicacio.pdf\" target=\"_blank\" rel=\"noopener\">Autoritzaci\u00f3 administraci\u00f3 medicaci\u00f3<\/a><\/p>\n<p>&nbsp;<\/p>\n<p><strong>Documents pedag\u00f2gics del centre<\/strong><\/p>\n<p><a href=\"https:\/\/agora.xtec.cat\/escolafortpienc\/wp-content\/uploads\/usu1269\/2021\/02\/PEC_revisat-juny-2020.pdf\">Projecte educatiu de centre<\/a><\/p>\n<p><a href=\"https:\/\/agora.xtec.cat\/escolafortpienc\/wp-content\/uploads\/usu1269\/2021\/12\/PLC_projecte-linguistic-2015.pdf\">Projecte ling\u00fc\u00edstic<\/a><\/p>\n<p><a href=\"https:\/\/sites.google.com\/xtec.cat\/edc-escolafortpienc\/estrat%C3%A8gia-digital-de-centre\" target=\"_blank\" rel=\"noopener\">Estrat\u00e8gia Digital de Centre (EDC)<\/a><\/p>\n<p>&nbsp;<\/p>\n","protected":false},"excerpt":{"rendered":"<p>Comunicaci\u00f3 amb l&#8217;escola\u00a0<br \/>\n<a href=\"https:\/\/agora.xtec.cat\/escolafortpienc\/wp-content\/uploads\/usu1269\/2023\/11\/Comunicacio-escola-Fort-Pienc.png\">Infografia\u00a0<\/a><br \/>\n&nbsp;<br \/>\nInformacions del dia a dia<br \/>\n<a href=\"https:\/\/agora.xtec.cat\/escolafortpienc\/wp-content\/uploads\/usu1269\/2025\/09\/Informacio-families-infantil-25-26.pdf\" target=\"_blank\" rel=\"noopener\">Informaci\u00f3 fam\u00edlies d&#8217;Infantil\u00a0<\/a><br \/>\n<a href=\"https:\/\/agora.xtec.cat\/escolafortpienc\/wp-content\/uploads\/usu1269\/2025\/09\/Informacio-families-Primaria-25-26.pdf\" target=\"_blank\" rel=\"noopener\">Informaci\u00f3 fam\u00edlies de Prim\u00e0ria\u00a0<\/a><br \/>\n&nbsp;<br \/>\nAutoritzacions<br \/>\n<a href=\"https:\/\/agora.xtec.cat\/escolafortpienc\/wp-content\/uploads\/usu1269\/2025\/09\/Autoritzacions-25-26-recollida-no-habitual.pdf\" target=\"_blank\" rel=\"noopener\">Autoritzaci\u00f3 recollida persona no habitual<\/a><br \/>\n<a href=\"https:\/\/agora.xtec.cat\/escolafortpienc\/wp-content\/uploads\/usu1269\/2025\/09\/Autoritzacions-25-26-germans.pdf\" target=\"_blank\" rel=\"noopener\">Autoritzaci\u00f3 recollida germans<\/a><br \/>\n<a href=\"https:\/\/agora.xtec.cat\/escolafortpienc\/wp-content\/uploads\/usu1269\/2025\/09\/Autoritzacions-25-26-medicacio.pdf\" target=\"_blank\" rel=\"noopener\">Autoritzaci\u00f3 administraci\u00f3 medicaci\u00f3<\/a><br \/>\n&nbsp;<br \/>\nDocuments pedag\u00f2gics del centre<br \/>\n<a href=\"https:\/\/agora.xtec.cat\/escolafortpienc\/wp-content\/uploads\/usu1269\/2021\/02\/PEC_revisat-juny-2020.pdf\">Projecte educatiu de centre<\/a><br \/>\n<a href=\"https:\/\/agora.xtec.cat\/escolafortpienc\/wp-content\/uploads\/usu1269\/2021\/12\/PLC_projecte-linguistic-2015.pdf\">Projecte ling\u00fc\u00edstic<\/a><br \/>\n<a&hellip;  <a href=\"https:\/\/agora.xtec.cat\/escolafortpienc\/lescola\/instal%c2%b7lacions\/\" title=\"Read Documents\">Llegeix m\u00e9s\u00bb<\/a><\/p>\n","protected":false},"author":2,"featured_media":0,"parent":22,"menu_order":2,"comment_status":"closed","ping_status":"closed","template":"page-templates\/side-menu.php","meta":{"_bbp_topic_count":0,"_bbp_reply_count":0,"_bbp_total_topic_count":0,"_bbp_total_reply_count":0,"_bbp_voice_count":0,"_bbp_anonymous_reply_count":0,"_bbp_topic_count_hidden":0,"_bbp_reply_count_hidden":0,"_bbp_forum_subforum_count":0,"footnotes":""},"class_list":["post-30","page","type-page","status-publish","hentry"],"post_mailing_queue_ids":[],"_links":{"self":[{"href":"https:\/\/agora.xtec.cat\/escolafortpienc\/wp-json\/wp\/v2\/pages\/30","targetHints":{"allow":["GET"]}}],"collection":[{"href":"https:\/\/agora.xtec.cat\/escolafortpienc\/wp-json\/wp\/v2\/pages"}],"about":[{"href":"https:\/\/agora.xtec.cat\/escolafortpienc\/wp-json\/wp\/v2\/types\/page"}],"author":[{"embeddable":true,"href":"https:\/\/agora.xtec.cat\/escolafortpienc\/wp-json\/wp\/v2\/users\/2"}],"replies":[{"embeddable":true,"href":"https:\/\/agora.xtec.cat\/escolafortpienc\/wp-json\/wp\/v2\/comments?post=30"}],"version-history":[{"count":7,"href":"https:\/\/agora.xtec.cat\/escolafortpienc\/wp-json\/wp\/v2\/pages\/30\/revisions"}],"predecessor-version":[{"id":4415,"href":"https:\/\/agora.xtec.cat\/escolafortpienc\/wp-json\/wp\/v2\/pages\/30\/revisions\/4415"}],"up":[{"embeddable":true,"href":"https:\/\/agora.xtec.cat\/escolafortpienc\/wp-json\/wp\/v2\/pages\/22"}],"wp:attachment":[{"href":"https:\/\/agora.xtec.cat\/escolafortpienc\/wp-json\/wp\/v2\/media?parent=30"}],"curies":[{"name":"wp","href":"https:\/\/api.w.org\/{rel}","templated":true}]}}