{"id":26,"date":"2014-09-18T12:24:32","date_gmt":"2014-09-18T12:24:32","guid":{"rendered":"http:\/\/agora.xtec.cat\/escolafortpienc\/?page_id=26"},"modified":"2023-10-20T11:58:15","modified_gmt":"2023-10-20T09:58:15","slug":"historia","status":"publish","type":"page","link":"https:\/\/agora.xtec.cat\/escolafortpienc\/lescola\/historia\/","title":{"rendered":"Hist\u00f2ria"},"content":{"rendered":"<p><strong><em>Resum de diferents informacions\u00a0 de l\u2019Ajuntament i l\u2019Associaci\u00f3 de ve\u00efns sobre del naixement de l\u2019escola.<\/em><\/strong><\/p>\n<ul>\n<li><em>BARCELONA INFORMACI\u00d3\/Ajuntament de Barcelona\/#67\/octubre 2003<\/em><\/li>\n<li><em>FORT PIENC\/La revista del barri\/ ANY VIII-n\u00fam.16-HIVERN 2003<\/em><\/li>\n<li><em>FORT PIENC\/La revista del barri\/ ANY VIII-n\u00fam.18-HIVERN 2004<\/em><\/li>\n<\/ul>\n<p>En el comen\u00e7ament del curs escolar 2003-2004, el <strong>CEIP les Gl\u00f2ries<\/strong> va iniciar la seva singladura. Els primers nens i nenes d\u2019aquesta nova comunitat educativa van comen\u00e7ar a omplir les aules provisionals que ocupaven una part de les instal\u00b7lacions esportives de Fort Pienc en uns barracons situats al camp petit sota el pont de Marina. Al comen\u00e7ament es van obrir tres aules de P3 i una de P4, que s\u2019ompliren amb un centenar de nenes i nens de la zona. Hi havia una gran demanda de places per a infants de 3 anys i \u00a0poca oferta per a poder escolaritzar-los.<\/p>\n<p>A mesura que anaven passant els cursos, les aules ja s\u2019anirien ampliant fins completar l\u2019oferta escolar de l\u2019educaci\u00f3 prim\u00e0ria, convertint-se en una escola de dues l\u00ednies.<\/p>\n<p>Les instal\u00b7lacions definitives de la nova escola estaves previstes des d\u2019un principi al terreny entre el carrer Sic\u00edlia, cantonada Ribes i Al\u00ed-Bei, un solar cedit per l\u2019Ajuntament de Barcelona al Departament d\u2019Ensenyament el 31 de gener de 1998 per la construcci\u00f3 de l\u2019escola. \u00a0Amb aquesta construcci\u00f3 es donaria per acabada la creaci\u00f3 de l\u2019illa d\u2019equipaments de Fort Pienc.<\/p>\n<p>Les obres per la construcci\u00f3 de l\u2019escola van tardar m\u00e9s del previst en comen\u00e7ar. Les fam\u00edlies i l\u2019associaci\u00f3 de ve\u00efns i ve\u00efnes van manifestar el seu malestar a la consellera Cid, reclamant l\u2019inici de les obres i recordant-li que nom\u00e9s estava previst ser en barracons dos cursos i van exigir una reuni\u00f3 per marcar el calendari per la construcci\u00f3 de l\u2019escola i el seu pressupost.<\/p>\n<p>Al 2005, des de l\u2019AFA de l\u2019escola, es va crear una comissi\u00f3 d\u2019obres per donar suport i col\u00b7laborar amb l\u2019equip directiu en el seguiment i negociacions amb el Departament d\u2019Educaci\u00f3 de la Generalitat per a la construcci\u00f3 del nou edifici.<\/p>\n<p>Des de l\u2019inici va haver sempre col\u00b7laboraci\u00f3 i entesa entre les fam\u00edlies i l\u2019escola amb l\u2019objectiu de garantir que el nou centre estigu\u00e9s constru\u00eft en els terminis acordats i amb un disseny d\u2019acord amb les necessitats dels infants i dels docents. Van fer un munt de reunions amb administracions responsables, la Generalitat i l\u2019Ajuntament de Barcelona.<\/p>\n<p>Fruit d\u2019aquest treball es va aconseguir que el Departament d\u2019Educaci\u00f3 adquir\u00eds el comprom\u00eds ferm de comen\u00e7ar les obres.<\/p>\n<ul>\n<li>15 de maig de 2005: lliurament del projecte final a GISA<\/li>\n<li>15-20 de juny de 2005: publicaci\u00f3 al DOGC de la licitaci\u00f3 de l\u2019obra.<\/li>\n<li>Finals de juliol de 2005: signatura del contracte d\u2019obra.<\/li>\n<li>1 de setembre de 2005: inici de les obres.<\/li>\n<li>1 de setembre de 2006: INSTAL\u00b7LACI\u00d3 A LA NOVA ESCOLA!<\/li>\n<\/ul>\n<p>La col\u00b7laboraci\u00f3 de les fam\u00edlies amb l\u2019escola va ser, i continua sent, un tret distintiu de l\u2019AFA de l\u2019escola Fort Pienc. Gr\u00e0cies a aquesta manera de fer es poden dur a terme un munt de projectes que han consolidat l\u2019escola Fort Pienc com a comunitat educativa dins del barri del Fort Pienc.<\/p>\n<p>Al 2005 es va fer el canvi de nom per votaci\u00f3 amb la participaci\u00f3 de mestres i fam\u00edlies. Des d\u2019aleshores som <strong>l\u2019escola Fort Pienc.<\/strong><\/p>\n<p>El curs 2006-2007 la hist\u00f2ria va continuar a l\u2019edifici actual.<\/p>\n<p>Quan pensem en l\u2019escola Fort Pienc pensem en col\u00b7laboraci\u00f3,\u00a0 projectes, Bimba, filosofia, innovaci\u00f3, setmana de fam\u00edlies, projecte d\u2019art, festes, mostra de danses, decoraci\u00f3 del vest\u00edbul, racons, espais d\u2019aprenentatge&#8230;<\/p>\n<p>Durant tots aquest anys hi ha hagut diferents equips directius i han passat molts docents i aix\u00ed continuar\u00e0 sent. Per\u00f2 tots i totes fem escola i ajudem a fer-la millor.<\/p>\n<p>La hist\u00f2ria continua&#8230;<\/p>\n","protected":false},"excerpt":{"rendered":"<p>Resum de diferents informacions\u00a0 de l\u2019Ajuntament i l\u2019Associaci\u00f3 de ve\u00efns sobre del naixement de l\u2019escola.<\/p>\n<ul>\n<li>BARCELONA INFORMACI\u00d3\/Ajuntament de Barcelona\/#67\/octubre 2003<\/li>\n<li>FORT PIENC\/La revista del barri\/ ANY VIII-n\u00fam.16-HIVERN 2003<\/li>\n<li>FORT PIENC\/La revista del barri\/ ANY VIII-n\u00fam.18-HIVERN 2004<\/li>\n<\/ul>\n<p>En el comen\u00e7ament del curs escolar 2003-2004, el CEIP les Gl\u00f2ries va iniciar&hellip;  <a href=\"https:\/\/agora.xtec.cat\/escolafortpienc\/lescola\/historia\/\" title=\"Read Hist\u00f2ria\">Llegeix m\u00e9s\u00bb<\/a><\/p>\n","protected":false},"author":2,"featured_media":0,"parent":22,"menu_order":1,"comment_status":"closed","ping_status":"closed","template":"page-templates\/side-menu.php","meta":{"_bbp_topic_count":0,"_bbp_reply_count":0,"_bbp_total_topic_count":0,"_bbp_total_reply_count":0,"_bbp_voice_count":0,"_bbp_anonymous_reply_count":0,"_bbp_topic_count_hidden":0,"_bbp_reply_count_hidden":0,"_bbp_forum_subforum_count":0,"footnotes":""},"class_list":["post-26","page","type-page","status-publish","hentry"],"post_mailing_queue_ids":[],"_links":{"self":[{"href":"https:\/\/agora.xtec.cat\/escolafortpienc\/wp-json\/wp\/v2\/pages\/26","targetHints":{"allow":["GET"]}}],"collection":[{"href":"https:\/\/agora.xtec.cat\/escolafortpienc\/wp-json\/wp\/v2\/pages"}],"about":[{"href":"https:\/\/agora.xtec.cat\/escolafortpienc\/wp-json\/wp\/v2\/types\/page"}],"author":[{"embeddable":true,"href":"https:\/\/agora.xtec.cat\/escolafortpienc\/wp-json\/wp\/v2\/users\/2"}],"replies":[{"embeddable":true,"href":"https:\/\/agora.xtec.cat\/escolafortpienc\/wp-json\/wp\/v2\/comments?post=26"}],"version-history":[{"count":5,"href":"https:\/\/agora.xtec.cat\/escolafortpienc\/wp-json\/wp\/v2\/pages\/26\/revisions"}],"predecessor-version":[{"id":3929,"href":"https:\/\/agora.xtec.cat\/escolafortpienc\/wp-json\/wp\/v2\/pages\/26\/revisions\/3929"}],"up":[{"embeddable":true,"href":"https:\/\/agora.xtec.cat\/escolafortpienc\/wp-json\/wp\/v2\/pages\/22"}],"wp:attachment":[{"href":"https:\/\/agora.xtec.cat\/escolafortpienc\/wp-json\/wp\/v2\/media?parent=26"}],"curies":[{"name":"wp","href":"https:\/\/api.w.org\/{rel}","templated":true}]}}