{"id":38,"date":"2014-09-18T12:34:08","date_gmt":"2014-09-18T11:34:08","guid":{"rendered":"http:\/\/agora.xtec.cat\/escolaforndanells\/?page_id=38"},"modified":"2021-06-22T14:24:38","modified_gmt":"2021-06-22T12:24:38","slug":"salut","status":"publish","type":"page","link":"https:\/\/agora.xtec.cat\/escolaforndanells\/documents\/salut\/","title":{"rendered":"Salut"},"content":{"rendered":"<p style=\"text-align: justify;\">El claustre de mestres creu convenient fer les seg\u00fcents indicacions:<\/p>\n<p style=\"text-align: justify;\">L\u2019alumne\/a no pot anar a l\u2019escola quan:<\/p>\n<ul style=\"list-style-type: disc; text-align: justify;\">\n<li>T\u00e9 una temperatura superior a 38\u00b0 (febre)<\/li>\n<li>T\u00e9 diarrea l\u00edquida i\/o v\u00f2mits.<\/li>\n<li>T\u00e9 infeccions a la boca.<\/li>\n<li>T\u00e9 erupcions o alteracions a la pell (excepte si porten una nota del pediatre indicant que no s\u00f3n contagioses).<\/li>\n<li>T\u00e9 lleganyes de pus groc (conjuntivitis purulenta).<\/li>\n<\/ul>\n<p style=\"text-align: justify;\"><strong>Si l\u2019alumne presenta algun dels s\u00edmptomes anteriorment esmentats, s\u2019avisar\u00e0 a la fam\u00edlia perqu\u00e8 el\/la vingui a recollir. <\/strong>Recordeu que l\u2019escola no disposa de medicaments ni pot administrar-los (no \u201cApiretal ni \u201cDalsi\u201d, ni \u201cAspirines\u201d,&#8230;).<\/p>\n<p style=\"text-align: justify;\">Si l\u2019alumne ha de prendre algun medicament a l\u2019escola, s\u2019haur\u00e0 de portar el medicament amb la recepta m\u00e8dica juntament amb el <a href=\"http:\/\/agora.xtec.cat\/escolaforndanells\/wp-content\/uploads\/usu986\/2015\/03\/Consentiment-informat.pdf\" target=\"_blank\" rel=\"noopener noreferrer\"><strong>consentiment informat<\/strong><\/a> (que es demanar\u00e0 al\/la mestre tutor\/a), per saber:<\/p>\n<ul style=\"list-style-type: disc; text-align: justify;\">\n<li>Nom del producte.<\/li>\n<li>Dosi que s\u2019ha de prendre i quantes vegades n\u2019ha de prendre al dia.<\/li>\n<\/ul>\n<p style=\"text-align: justify;\">Si l\u2019alumne t\u00e9 un problema espec\u00edfic de salut (malaltia,al\u00b7l\u00e8rgia,&#8230;) cal que l\u2019escola disposi d\u2019un certificat m\u00e8dic on consti:<\/p>\n<ul style=\"text-align: justify;\">\n<li>Quin tipus de car\u00e8ncia pateix i s\u00edmptomes que d\u00f3na.<\/li>\n<li>Quin tractament s\u2019ha de realitzar en cas que es manifesti.<\/li>\n<li>Quines conseq\u00fc\u00e8ncies pot portar.<\/li>\n<li>Si afecta a l\u2019educaci\u00f3 f\u00edsica, caldr\u00e0 especificar quin tipus d\u2019exercicis pot o no realitzar.<\/li>\n<\/ul>\n<p style=\"text-align: justify;\">Per tots aquests motius, cal que estigueu localitzables. \u00c9s important que tinguem les targes sanit\u00e0ries i els tel\u00e8fons d\u2019emerg\u00e8ncia actualitzats en tot moment.<\/p>\n<p style=\"text-align: justify;\"><strong>ASSIST\u00c8NCIA M\u00c8DICA<\/strong>: En la mesura que \u00e9s possible, s\u2019atenen els petits accidents a l\u2019escola. En casos m\u00e9s greus, s\u2019avisa a la fam\u00edlia perqu\u00e8 passi a recollir el seu fill\/a per portar-lo al CAP. En casos molt greus es trasllada l\u2019alumne i s\u2019informa a la fam\u00edlia quin \u00e9s el centre de trasllat.<\/p>\n","protected":false},"excerpt":{"rendered":"<p>El claustre de mestres creu convenient fer les seg\u00fcents indicacions: L\u2019alumne\/a no pot anar a l\u2019escola quan: T\u00e9 una temperatura superior a 38\u00b0 (febre) T\u00e9 diarrea l\u00edquida i\/o v\u00f2mits. T\u00e9 infeccions a la boca. T\u00e9 erupcions o alteracions a la pell (excepte si porten una nota del pediatre indicant que no s\u00f3n contagioses). T\u00e9 lleganyes [&hellip;]<\/p>\n","protected":false},"author":2,"featured_media":0,"parent":271,"menu_order":4,"comment_status":"closed","ping_status":"closed","template":"page-templates\/side-menu.php","meta":{"_bbp_topic_count":0,"_bbp_reply_count":0,"_bbp_total_topic_count":0,"_bbp_total_reply_count":0,"_bbp_voice_count":0,"_bbp_anonymous_reply_count":0,"_bbp_topic_count_hidden":0,"_bbp_reply_count_hidden":0,"_bbp_forum_subforum_count":0,"site-sidebar-layout":"default","site-content-layout":"","ast-site-content-layout":"","site-content-style":"default","site-sidebar-style":"default","ast-global-header-display":"","ast-banner-title-visibility":"","ast-main-header-display":"","ast-hfb-above-header-display":"","ast-hfb-below-header-display":"","ast-hfb-mobile-header-display":"","site-post-title":"","ast-breadcrumbs-content":"","ast-featured-img":"","footer-sml-layout":"","theme-transparent-header-meta":"","adv-header-id-meta":"","stick-header-meta":"","header-above-stick-meta":"","header-main-stick-meta":"","header-below-stick-meta":"","astra-migrate-meta-layouts":"default","ast-page-background-enabled":"default","ast-page-background-meta":{"desktop":{"background-color":"var(--ast-global-color-4)","background-image":"","background-repeat":"repeat","background-position":"center center","background-size":"auto","background-attachment":"scroll","background-type":"","background-media":"","overlay-type":"","overlay-color":"","overlay-opacity":"","overlay-gradient":""},"tablet":{"background-color":"","background-image":"","background-repeat":"repeat","background-position":"center center","background-size":"auto","background-attachment":"scroll","background-type":"","background-media":"","overlay-type":"","overlay-color":"","overlay-opacity":"","overlay-gradient":""},"mobile":{"background-color":"","background-image":"","background-repeat":"repeat","background-position":"center center","background-size":"auto","background-attachment":"scroll","background-type":"","background-media":"","overlay-type":"","overlay-color":"","overlay-opacity":"","overlay-gradient":""}},"ast-content-background-meta":{"desktop":{"background-color":"var(--ast-global-color-5)","background-image":"","background-repeat":"repeat","background-position":"center center","background-size":"auto","background-attachment":"scroll","background-type":"","background-media":"","overlay-type":"","overlay-color":"","overlay-opacity":"","overlay-gradient":""},"tablet":{"background-color":"var(--ast-global-color-5)","background-image":"","background-repeat":"repeat","background-position":"center center","background-size":"auto","background-attachment":"scroll","background-type":"","background-media":"","overlay-type":"","overlay-color":"","overlay-opacity":"","overlay-gradient":""},"mobile":{"background-color":"var(--ast-global-color-5)","background-image":"","background-repeat":"repeat","background-position":"center center","background-size":"auto","background-attachment":"scroll","background-type":"","background-media":"","overlay-type":"","overlay-color":"","overlay-opacity":"","overlay-gradient":""}},"footnotes":""},"class_list":["post-38","page","type-page","status-publish","hentry"],"post_mailing_queue_ids":[],"_links":{"self":[{"href":"https:\/\/agora.xtec.cat\/escolaforndanells\/wp-json\/wp\/v2\/pages\/38","targetHints":{"allow":["GET"]}}],"collection":[{"href":"https:\/\/agora.xtec.cat\/escolaforndanells\/wp-json\/wp\/v2\/pages"}],"about":[{"href":"https:\/\/agora.xtec.cat\/escolaforndanells\/wp-json\/wp\/v2\/types\/page"}],"author":[{"embeddable":true,"href":"https:\/\/agora.xtec.cat\/escolaforndanells\/wp-json\/wp\/v2\/users\/2"}],"replies":[{"embeddable":true,"href":"https:\/\/agora.xtec.cat\/escolaforndanells\/wp-json\/wp\/v2\/comments?post=38"}],"version-history":[{"count":3,"href":"https:\/\/agora.xtec.cat\/escolaforndanells\/wp-json\/wp\/v2\/pages\/38\/revisions"}],"predecessor-version":[{"id":5991,"href":"https:\/\/agora.xtec.cat\/escolaforndanells\/wp-json\/wp\/v2\/pages\/38\/revisions\/5991"}],"up":[{"embeddable":true,"href":"https:\/\/agora.xtec.cat\/escolaforndanells\/wp-json\/wp\/v2\/pages\/271"}],"wp:attachment":[{"href":"https:\/\/agora.xtec.cat\/escolaforndanells\/wp-json\/wp\/v2\/media?parent=38"}],"curies":[{"name":"wp","href":"https:\/\/api.w.org\/{rel}","templated":true}]}}