{"id":32,"date":"2014-09-18T12:31:33","date_gmt":"2014-09-18T12:31:33","guid":{"rendered":"http:\/\/agora.xtec.cat\/escolaforndanells\/?page_id=32"},"modified":"2026-01-29T11:48:17","modified_gmt":"2026-01-29T10:48:17","slug":"calendari-del-curs","status":"publish","type":"page","link":"https:\/\/agora.xtec.cat\/escolaforndanells\/lescola\/calendari-del-curs\/","title":{"rendered":"Horari i calendari 2025-2026"},"content":{"rendered":"<h4><span style=\"font-family: helvetica, arial, sans-serif;\"><strong>Inici de curs:<\/strong><\/span><\/h4>\n<ul>\n<li><span style=\"font-family: helvetica, arial, sans-serif;\">8 de setembre de 2025.<\/span><\/li>\n<\/ul>\n<h4><span style=\"font-family: helvetica, arial, sans-serif;\"><strong>Vacances:<\/strong><\/span><\/h4>\n<ul>\n<li><span style=\"font-family: helvetica, arial, sans-serif; color: #000000;\">NADAL: del 22 de desembre de 2025 al 7 de gener de 2026, ambd\u00f3s inclosos.<\/span><\/li>\n<li><span style=\"color: #000000;\"><span style=\"font-family: helvetica, arial, sans-serif;\">SETMANA SANTA: del 30 de mar\u00e7 al 6 d&#8217;abril de 2026, ambd\u00f3s inclosos.<\/span><\/span><\/li>\n<\/ul>\n<h4><span style=\"font-family: helvetica, arial, sans-serif;\"><strong>Dies festius:<\/strong><\/span><\/h4>\n<ul>\n<li>11 de setembre de 2025.<\/li>\n<li>8 de desembre de 2025.<\/li>\n<li>1 de maig de 2026.<\/li>\n<\/ul>\n<h4><span style=\"font-family: helvetica, arial, sans-serif;\"><strong>Festes locals:<\/strong><\/span><\/h4>\n<ul>\n<li>29 d\u2019octubre de 2025.<\/li>\n<\/ul>\n<h4><span style=\"font-family: helvetica, arial, sans-serif;\"><strong>Dies festius de lliure disposici\u00f3:<br \/>\n<\/strong><\/span><\/h4>\n<ul>\n<li>30 d&#8217;octubre de 2025.<\/li>\n<li>31 d\u2019octubre de 2025.<\/li>\n<li>13 de febrer de 2026.<\/li>\n<li>16 de febrer de 2026.<\/li>\n<\/ul>\n<p><strong style=\"font-family: helvetica, arial, sans-serif; font-size: 1.4375em;\">Jornada compactada:<\/strong><\/p>\n<ul>\n<li><span style=\"font-family: helvetica, arial, sans-serif;\">19 de desembre de 2025.<\/span><\/li>\n<li><span style=\"font-family: helvetica, arial, sans-serif;\">Del 8 al 19 de juny de 2026 (ambd\u00f3s inclosos).<\/span><\/li>\n<\/ul>\n<p><span style=\"font-family: helvetica, arial, sans-serif;\">L&#8217;<b>horari lectiu<\/b> del centre \u00e9s de 9 a 12.30h i de 15.00 a 16.30h per a tots els alumnes del centre. L&#8217;horari lectiu durant la jornada compactada \u00e9s de 9 a 13h. (els alumnes que utilitzin el servei de menjador sortiran a les 15.30h.).<\/span><\/p>\n<p><span style=\"font-family: helvetica, arial, sans-serif;\">Per als alumnes que inicien l&#8217;escolaritzaci\u00f3 a I3 s&#8217;organitza un breu per\u00edode d&#8217;adaptaci\u00f3 que suposa una certa modificaci\u00f3 dels horaris dels primers dies de classe, i que es fa saber a les fam\u00edlies en les reunions pr\u00e8vies corresponents.<\/span><\/p>\n<p><span style=\"font-family: helvetica, arial, sans-serif;\"><a href=\"https:\/\/agora.xtec.cat\/escolaforndanells\/wp-content\/uploads\/usu986\/2026\/01\/Calendari_escolar-2025-2026.pdf\" target=\"_blank\" rel=\"noopener\"><span style=\"text-decoration: underline;\"><strong>Calendari 2025-2026 en format pdf<\/strong><\/span><\/a><\/span><\/p>\n<p><!--a=1--><\/p>\n<p><!--a=1--><\/p>\n<p><!--a=1--><\/p>\n","protected":false},"excerpt":{"rendered":"<p>Inici de curs: 8 de setembre de 2025. Vacances: NADAL: del 22 de desembre de 2025 al 7 de gener de 2026, ambd\u00f3s inclosos. SETMANA SANTA: del 30 de mar\u00e7 al 6 d&#8217;abril de 2026, ambd\u00f3s inclosos. Dies festius: 11 de setembre de 2025. 8 de desembre de 2025. 1 de maig de 2026. Festes [&hellip;]<\/p>\n","protected":false},"author":2,"featured_media":0,"parent":22,"menu_order":2,"comment_status":"closed","ping_status":"closed","template":"","meta":{"_bbp_topic_count":0,"_bbp_reply_count":0,"_bbp_total_topic_count":0,"_bbp_total_reply_count":0,"_bbp_voice_count":0,"_bbp_anonymous_reply_count":0,"_bbp_topic_count_hidden":0,"_bbp_reply_count_hidden":0,"_bbp_forum_subforum_count":0,"site-sidebar-layout":"default","site-content-layout":"","ast-site-content-layout":"default","site-content-style":"default","site-sidebar-style":"default","ast-global-header-display":"","ast-banner-title-visibility":"","ast-main-header-display":"","ast-hfb-above-header-display":"","ast-hfb-below-header-display":"","ast-hfb-mobile-header-display":"","site-post-title":"","ast-breadcrumbs-content":"","ast-featured-img":"","footer-sml-layout":"","theme-transparent-header-meta":"default","adv-header-id-meta":"","stick-header-meta":"","header-above-stick-meta":"","header-main-stick-meta":"","header-below-stick-meta":"","astra-migrate-meta-layouts":"set","ast-page-background-enabled":"default","ast-page-background-meta":{"desktop":{"background-color":"var(--ast-global-color-4)","background-image":"","background-repeat":"repeat","background-position":"center center","background-size":"auto","background-attachment":"scroll","background-type":"","background-media":"","overlay-type":"","overlay-color":"","overlay-opacity":"","overlay-gradient":""},"tablet":{"background-color":"","background-image":"","background-repeat":"repeat","background-position":"center center","background-size":"auto","background-attachment":"scroll","background-type":"","background-media":"","overlay-type":"","overlay-color":"","overlay-opacity":"","overlay-gradient":""},"mobile":{"background-color":"","background-image":"","background-repeat":"repeat","background-position":"center center","background-size":"auto","background-attachment":"scroll","background-type":"","background-media":"","overlay-type":"","overlay-color":"","overlay-opacity":"","overlay-gradient":""}},"ast-content-background-meta":{"desktop":{"background-color":"var(--ast-global-color-5)","background-image":"","background-repeat":"repeat","background-position":"center center","background-size":"auto","background-attachment":"scroll","background-type":"","background-media":"","overlay-type":"","overlay-color":"","overlay-opacity":"","overlay-gradient":""},"tablet":{"background-color":"var(--ast-global-color-5)","background-image":"","background-repeat":"repeat","background-position":"center center","background-size":"auto","background-attachment":"scroll","background-type":"","background-media":"","overlay-type":"","overlay-color":"","overlay-opacity":"","overlay-gradient":""},"mobile":{"background-color":"var(--ast-global-color-5)","background-image":"","background-repeat":"repeat","background-position":"center center","background-size":"auto","background-attachment":"scroll","background-type":"","background-media":"","overlay-type":"","overlay-color":"","overlay-opacity":"","overlay-gradient":""}},"footnotes":""},"class_list":["post-32","page","type-page","status-publish","hentry"],"post_mailing_queue_ids":[],"_links":{"self":[{"href":"https:\/\/agora.xtec.cat\/escolaforndanells\/wp-json\/wp\/v2\/pages\/32","targetHints":{"allow":["GET"]}}],"collection":[{"href":"https:\/\/agora.xtec.cat\/escolaforndanells\/wp-json\/wp\/v2\/pages"}],"about":[{"href":"https:\/\/agora.xtec.cat\/escolaforndanells\/wp-json\/wp\/v2\/types\/page"}],"author":[{"embeddable":true,"href":"https:\/\/agora.xtec.cat\/escolaforndanells\/wp-json\/wp\/v2\/users\/2"}],"replies":[{"embeddable":true,"href":"https:\/\/agora.xtec.cat\/escolaforndanells\/wp-json\/wp\/v2\/comments?post=32"}],"version-history":[{"count":7,"href":"https:\/\/agora.xtec.cat\/escolaforndanells\/wp-json\/wp\/v2\/pages\/32\/revisions"}],"predecessor-version":[{"id":9400,"href":"https:\/\/agora.xtec.cat\/escolaforndanells\/wp-json\/wp\/v2\/pages\/32\/revisions\/9400"}],"up":[{"embeddable":true,"href":"https:\/\/agora.xtec.cat\/escolaforndanells\/wp-json\/wp\/v2\/pages\/22"}],"wp:attachment":[{"href":"https:\/\/agora.xtec.cat\/escolaforndanells\/wp-json\/wp\/v2\/media?parent=32"}],"curies":[{"name":"wp","href":"https:\/\/api.w.org\/{rel}","templated":true}]}}