{"id":28,"date":"2014-09-18T12:29:35","date_gmt":"2014-09-18T11:29:35","guid":{"rendered":"http:\/\/agora.xtec.cat\/escolaforndanells\/?page_id=28"},"modified":"2024-09-04T10:51:51","modified_gmt":"2024-09-04T08:51:51","slug":"consell-escolar","status":"publish","type":"page","link":"https:\/\/agora.xtec.cat\/escolaforndanells\/lescola\/consell-escolar\/","title":{"rendered":"Consell escolar"},"content":{"rendered":"<p>MEMBRES DEL CONSELL ESCOLAR<\/p>\n<table style=\"width: 407px;\">\n<tbody>\n<tr>\n<td style=\"width: 203px;\"><strong><em>President<\/em><\/strong><\/td>\n<td style=\"width: 204px;\">Ferran Jim\u00e9nez<\/td>\n<\/tr>\n<tr>\n<td style=\"width: 203px;\"><strong><em>Cap d\u2019estudis<\/em><\/strong><\/td>\n<td style=\"width: 204px;\">Marina \u00c1lvarez<\/td>\n<\/tr>\n<tr>\n<td style=\"width: 203px;\"><strong><em>Secret\u00e0ria<\/em><\/strong><\/td>\n<td style=\"width: 204px;\">Esperan\u00e7a Busquets<\/td>\n<\/tr>\n<tr>\n<td style=\"width: 203px;\"><strong><em>Representant Ajuntament<\/em><\/strong><\/td>\n<td style=\"width: 204px;\">Yeni Acosta<\/td>\n<\/tr>\n<tr>\n<td style=\"width: 203px;\"><strong><em>Representant AFA<\/em><\/strong><\/td>\n<td style=\"width: 204px;\">Anna Su\u00e1rez<\/td>\n<\/tr>\n<tr>\n<td style=\"width: 203px;\" rowspan=\"5\"><strong><em>Representants mestres<\/em><\/strong><\/td>\n<td style=\"width: 204px;\">Gl\u00f2ria Sitjas<\/td>\n<\/tr>\n<tr>\n<td style=\"width: 204px;\">Cristina Rebarter<\/td>\n<\/tr>\n<tr>\n<td style=\"width: 204px;\">Mar Puig<\/td>\n<\/tr>\n<tr>\n<td style=\"width: 204px;\">Aida Mel\u00e9ndez<\/td>\n<\/tr>\n<tr>\n<td style=\"width: 204px;\">S\u00f2nia Cabrillana<\/td>\n<\/tr>\n<tr>\n<td style=\"width: 203px;\" rowspan=\"4\"><strong><em>Representants pares\/mares<\/em><\/strong><\/td>\n<td style=\"width: 204px;\">Dailyn Armas<\/td>\n<\/tr>\n<tr>\n<td style=\"width: 204px;\">\u00c0lex Carrasco<\/td>\n<\/tr>\n<tr>\n<td style=\"width: 204px;\">Marta Lloret<\/td>\n<\/tr>\n<tr>\n<td style=\"width: 204px;\">Maria Sim\u00f3<\/td>\n<\/tr>\n<tr>\n<td style=\"width: 203px;\"><strong><em>Representant PAS<\/em><\/strong><\/td>\n<td style=\"width: 204px;\">Anna Quintana<\/td>\n<\/tr>\n<\/tbody>\n<\/table>\n<p>&nbsp;<\/p>\n","protected":false},"excerpt":{"rendered":"<p>MEMBRES DEL CONSELL ESCOLAR President Ferran Jim\u00e9nez Cap d\u2019estudis Marina \u00c1lvarez Secret\u00e0ria Esperan\u00e7a Busquets Representant Ajuntament Yeni Acosta Representant AFA Anna Su\u00e1rez Representants mestres Gl\u00f2ria Sitjas Cristina Rebarter Mar Puig Aida Mel\u00e9ndez S\u00f2nia Cabrillana Representants pares\/mares Dailyn Armas \u00c0lex Carrasco Marta Lloret Maria Sim\u00f3 Representant PAS Anna Quintana &nbsp;<\/p>\n","protected":false},"author":2,"featured_media":0,"parent":22,"menu_order":7,"comment_status":"closed","ping_status":"closed","template":"page-templates\/side-menu.php","meta":{"_bbp_topic_count":0,"_bbp_reply_count":0,"_bbp_total_topic_count":0,"_bbp_total_reply_count":0,"_bbp_voice_count":0,"_bbp_anonymous_reply_count":0,"_bbp_topic_count_hidden":0,"_bbp_reply_count_hidden":0,"_bbp_forum_subforum_count":0,"site-sidebar-layout":"default","site-content-layout":"","ast-site-content-layout":"","site-content-style":"default","site-sidebar-style":"default","ast-global-header-display":"","ast-banner-title-visibility":"","ast-main-header-display":"","ast-hfb-above-header-display":"","ast-hfb-below-header-display":"","ast-hfb-mobile-header-display":"","site-post-title":"","ast-breadcrumbs-content":"","ast-featured-img":"","footer-sml-layout":"","theme-transparent-header-meta":"","adv-header-id-meta":"","stick-header-meta":"","header-above-stick-meta":"","header-main-stick-meta":"","header-below-stick-meta":"","astra-migrate-meta-layouts":"default","ast-page-background-enabled":"default","ast-page-background-meta":{"desktop":{"background-color":"var(--ast-global-color-4)","background-image":"","background-repeat":"repeat","background-position":"center center","background-size":"auto","background-attachment":"scroll","background-type":"","background-media":"","overlay-type":"","overlay-color":"","overlay-opacity":"","overlay-gradient":""},"tablet":{"background-color":"","background-image":"","background-repeat":"repeat","background-position":"center center","background-size":"auto","background-attachment":"scroll","background-type":"","background-media":"","overlay-type":"","overlay-color":"","overlay-opacity":"","overlay-gradient":""},"mobile":{"background-color":"","background-image":"","background-repeat":"repeat","background-position":"center center","background-size":"auto","background-attachment":"scroll","background-type":"","background-media":"","overlay-type":"","overlay-color":"","overlay-opacity":"","overlay-gradient":""}},"ast-content-background-meta":{"desktop":{"background-color":"var(--ast-global-color-5)","background-image":"","background-repeat":"repeat","background-position":"center center","background-size":"auto","background-attachment":"scroll","background-type":"","background-media":"","overlay-type":"","overlay-color":"","overlay-opacity":"","overlay-gradient":""},"tablet":{"background-color":"var(--ast-global-color-5)","background-image":"","background-repeat":"repeat","background-position":"center center","background-size":"auto","background-attachment":"scroll","background-type":"","background-media":"","overlay-type":"","overlay-color":"","overlay-opacity":"","overlay-gradient":""},"mobile":{"background-color":"var(--ast-global-color-5)","background-image":"","background-repeat":"repeat","background-position":"center center","background-size":"auto","background-attachment":"scroll","background-type":"","background-media":"","overlay-type":"","overlay-color":"","overlay-opacity":"","overlay-gradient":""}},"footnotes":""},"class_list":["post-28","page","type-page","status-publish","hentry"],"post_mailing_queue_ids":[],"_links":{"self":[{"href":"https:\/\/agora.xtec.cat\/escolaforndanells\/wp-json\/wp\/v2\/pages\/28","targetHints":{"allow":["GET"]}}],"collection":[{"href":"https:\/\/agora.xtec.cat\/escolaforndanells\/wp-json\/wp\/v2\/pages"}],"about":[{"href":"https:\/\/agora.xtec.cat\/escolaforndanells\/wp-json\/wp\/v2\/types\/page"}],"author":[{"embeddable":true,"href":"https:\/\/agora.xtec.cat\/escolaforndanells\/wp-json\/wp\/v2\/users\/2"}],"replies":[{"embeddable":true,"href":"https:\/\/agora.xtec.cat\/escolaforndanells\/wp-json\/wp\/v2\/comments?post=28"}],"version-history":[{"count":6,"href":"https:\/\/agora.xtec.cat\/escolaforndanells\/wp-json\/wp\/v2\/pages\/28\/revisions"}],"predecessor-version":[{"id":8504,"href":"https:\/\/agora.xtec.cat\/escolaforndanells\/wp-json\/wp\/v2\/pages\/28\/revisions\/8504"}],"up":[{"embeddable":true,"href":"https:\/\/agora.xtec.cat\/escolaforndanells\/wp-json\/wp\/v2\/pages\/22"}],"wp:attachment":[{"href":"https:\/\/agora.xtec.cat\/escolaforndanells\/wp-json\/wp\/v2\/media?parent=28"}],"curies":[{"name":"wp","href":"https:\/\/api.w.org\/{rel}","templated":true}]}}