{"id":274,"date":"2015-03-09T16:44:03","date_gmt":"2015-03-09T15:44:03","guid":{"rendered":"http:\/\/agora.xtec.cat\/escolaforndanells\/?page_id=274"},"modified":"2026-02-18T16:56:37","modified_gmt":"2026-02-18T15:56:37","slug":"descarrega-de-documents","status":"publish","type":"page","link":"https:\/\/agora.xtec.cat\/escolaforndanells\/documents\/descarrega-de-documents\/","title":{"rendered":"Desc\u00e0rrega de DOC"},"content":{"rendered":"<ul style=\"list-style-type: square;\">\n<li><strong><a href=\"http:\/\/agora.xtec.cat\/escolaforndanells\/wp-content\/uploads\/usu986\/2015\/03\/Normes-de-funcionament-CE-3.pdf\" target=\"_blank\" rel=\"noopener noreferrer\">NORMES DE FUNCIONAMENT DEL CE<\/a><\/strong><\/li>\n<li><strong><a href=\"https:\/\/agora.xtec.cat\/escolaforndanells\/wp-content\/uploads\/usu986\/2024\/04\/Carta-de-compromis-educatiu.pdf\" target=\"_blank\" rel=\"noopener noreferrer\">CARTA DE COMPROM\u00cdS EDUCATIU<\/a><\/strong><\/li>\n<li><a href=\"https:\/\/www.canva.com\/design\/DAGxV0w1OvU\/vkLAwj--esbNcHBnXDSL7g\/view?utm_content=DAGxV0w1OvU&amp;utm_campaign=designshare&amp;utm_medium=link2&amp;utm_source=uniquelinks&amp;utlId=h8ca67f86f1\" target=\"_blank\" rel=\"noopener\"><strong>PRESENTACI\u00d3 FAM\u00cdLIES D&#8217;INICI DE CURS 25\/26<\/strong><\/a><\/li>\n<li><strong><a href=\"https:\/\/agora.xtec.cat\/escolaforndanells\/wp-content\/uploads\/usu986\/2026\/02\/Consentiment-informat-administracio-medicaments.pdf\" target=\"_blank\" rel=\"noopener noreferrer\">CONSENTIMENT INFORMAT PER A L&#8217;ADMINISTRACI\u00d3 DE MEDICAMENTS<\/a><\/strong><\/li>\n<li><strong><a href=\"https:\/\/agora.xtec.cat\/escolaforndanells\/wp-content\/uploads\/usu986\/2019\/05\/A251_Autoritzaci\u00f3-imatges-i-material.pdf\" target=\"_blank\" rel=\"noopener noreferrer\">AUTORITZACI\u00d3 D&#8217;\u00daS D&#8217;IMATGE<\/a><\/strong><\/li>\n<li><strong><a href=\"https:\/\/agora.xtec.cat\/escolaforndanells\/wp-content\/uploads\/usu986\/2019\/05\/Autoritzaci\u00f3_Religi\u00f3.pdf\" target=\"_blank\" rel=\"noopener noreferrer\">DECLARACI\u00d3 SOBRE OPCI\u00d3 RELIGI\u00d3 O EDUCACI\u00d3 EN VALORS<\/a><\/strong><\/li>\n<li><strong><a href=\"https:\/\/agora.xtec.cat\/escolaforndanells\/wp-content\/uploads\/usu986\/2020\/09\/Permis-pesonal-recollida-germans-petits.pdf\">PERM\u00cdS DE RECOLLIDA D&#8217;ALUMNES DEL CENTRE<\/a><\/strong><\/li>\n<\/ul>\n<p><!--a=1--><\/p>\n<p><!--a=1--><\/p>\n","protected":false},"excerpt":{"rendered":"<p>NORMES DE FUNCIONAMENT DEL CE CARTA DE COMPROM\u00cdS EDUCATIU PRESENTACI\u00d3 FAM\u00cdLIES D&#8217;INICI DE CURS 25\/26 CONSENTIMENT INFORMAT PER A L&#8217;ADMINISTRACI\u00d3 DE MEDICAMENTS AUTORITZACI\u00d3 D&#8217;\u00daS D&#8217;IMATGE DECLARACI\u00d3 SOBRE OPCI\u00d3 RELIGI\u00d3 O EDUCACI\u00d3 EN VALORS PERM\u00cdS DE RECOLLIDA D&#8217;ALUMNES DEL CENTRE<\/p>\n","protected":false},"author":3,"featured_media":0,"parent":271,"menu_order":1,"comment_status":"closed","ping_status":"closed","template":"","meta":{"_bbp_topic_count":0,"_bbp_reply_count":0,"_bbp_total_topic_count":0,"_bbp_total_reply_count":0,"_bbp_voice_count":0,"_bbp_anonymous_reply_count":0,"_bbp_topic_count_hidden":0,"_bbp_reply_count_hidden":0,"_bbp_forum_subforum_count":0,"site-sidebar-layout":"default","site-content-layout":"","ast-site-content-layout":"default","site-content-style":"default","site-sidebar-style":"default","ast-global-header-display":"","ast-banner-title-visibility":"","ast-main-header-display":"","ast-hfb-above-header-display":"","ast-hfb-below-header-display":"","ast-hfb-mobile-header-display":"","site-post-title":"","ast-breadcrumbs-content":"","ast-featured-img":"","footer-sml-layout":"","theme-transparent-header-meta":"default","adv-header-id-meta":"","stick-header-meta":"","header-above-stick-meta":"","header-main-stick-meta":"","header-below-stick-meta":"","astra-migrate-meta-layouts":"set","ast-page-background-enabled":"default","ast-page-background-meta":{"desktop":{"background-color":"var(--ast-global-color-4)","background-image":"","background-repeat":"repeat","background-position":"center center","background-size":"auto","background-attachment":"scroll","background-type":"","background-media":"","overlay-type":"","overlay-color":"","overlay-opacity":"","overlay-gradient":""},"tablet":{"background-color":"","background-image":"","background-repeat":"repeat","background-position":"center center","background-size":"auto","background-attachment":"scroll","background-type":"","background-media":"","overlay-type":"","overlay-color":"","overlay-opacity":"","overlay-gradient":""},"mobile":{"background-color":"","background-image":"","background-repeat":"repeat","background-position":"center center","background-size":"auto","background-attachment":"scroll","background-type":"","background-media":"","overlay-type":"","overlay-color":"","overlay-opacity":"","overlay-gradient":""}},"ast-content-background-meta":{"desktop":{"background-color":"var(--ast-global-color-5)","background-image":"","background-repeat":"repeat","background-position":"center center","background-size":"auto","background-attachment":"scroll","background-type":"","background-media":"","overlay-type":"","overlay-color":"","overlay-opacity":"","overlay-gradient":""},"tablet":{"background-color":"var(--ast-global-color-5)","background-image":"","background-repeat":"repeat","background-position":"center center","background-size":"auto","background-attachment":"scroll","background-type":"","background-media":"","overlay-type":"","overlay-color":"","overlay-opacity":"","overlay-gradient":""},"mobile":{"background-color":"var(--ast-global-color-5)","background-image":"","background-repeat":"repeat","background-position":"center center","background-size":"auto","background-attachment":"scroll","background-type":"","background-media":"","overlay-type":"","overlay-color":"","overlay-opacity":"","overlay-gradient":""}},"footnotes":""},"class_list":["post-274","page","type-page","status-publish","hentry"],"post_mailing_queue_ids":[],"_links":{"self":[{"href":"https:\/\/agora.xtec.cat\/escolaforndanells\/wp-json\/wp\/v2\/pages\/274","targetHints":{"allow":["GET"]}}],"collection":[{"href":"https:\/\/agora.xtec.cat\/escolaforndanells\/wp-json\/wp\/v2\/pages"}],"about":[{"href":"https:\/\/agora.xtec.cat\/escolaforndanells\/wp-json\/wp\/v2\/types\/page"}],"author":[{"embeddable":true,"href":"https:\/\/agora.xtec.cat\/escolaforndanells\/wp-json\/wp\/v2\/users\/3"}],"replies":[{"embeddable":true,"href":"https:\/\/agora.xtec.cat\/escolaforndanells\/wp-json\/wp\/v2\/comments?post=274"}],"version-history":[{"count":7,"href":"https:\/\/agora.xtec.cat\/escolaforndanells\/wp-json\/wp\/v2\/pages\/274\/revisions"}],"predecessor-version":[{"id":9425,"href":"https:\/\/agora.xtec.cat\/escolaforndanells\/wp-json\/wp\/v2\/pages\/274\/revisions\/9425"}],"up":[{"embeddable":true,"href":"https:\/\/agora.xtec.cat\/escolaforndanells\/wp-json\/wp\/v2\/pages\/271"}],"wp:attachment":[{"href":"https:\/\/agora.xtec.cat\/escolaforndanells\/wp-json\/wp\/v2\/media?parent=274"}],"curies":[{"name":"wp","href":"https:\/\/api.w.org\/{rel}","templated":true}]}}