{"id":267,"date":"2015-03-09T16:38:57","date_gmt":"2015-03-09T15:38:57","guid":{"rendered":"http:\/\/agora.xtec.cat\/escolaforndanells\/?page_id=267"},"modified":"2019-03-06T15:13:08","modified_gmt":"2019-03-06T14:13:08","slug":"escola-verda","status":"publish","type":"page","link":"https:\/\/agora.xtec.cat\/escolaforndanells\/projectes\/escola-verda\/","title":{"rendered":"Escola verda"},"content":{"rendered":"<p style=\"text-align: justify;\"><span style=\"color: #000000; font-family: verdana,geneva,sans-serif; font-size: 12pt;\">El curs 2004-05 l&#8217;escola va presentar un projecte d&#8217;innovaci\u00f3 educativa al Departament d&#8217;Ensenyament amb l&#8217;objectiu final d&#8217;arribar a \u00e9sser Escola Verda. Aquest projecte es va dur a terme durant tres cursos escolars (2005-06, 2006-07 i 2007-08), fins que el curs 2008-09 se&#8217;ns va concedir la placa d&#8217;Escola Verda.<\/span><\/p>\n<p style=\"text-align: justify;\"><span style=\"color: #000000; font-family: verdana,geneva,sans-serif; font-size: 12pt;\">Amb aquesta distinci\u00f3, vol\u00edem aplicar una l\u00ednia d&#8217;actuaci\u00f3 a favor del coneixement, respecte, cura i manteniment del medi ambient, i que aquesta l\u00ednia fos compartida per tota la comunitat educativa (alumnes, mestres, pares i ajuntament).<\/span><\/p>\n<p style=\"text-align: justify;\" align=\"justify\"><span style=\"color: #000000; font-family: verdana,geneva,sans-serif; font-size: 12pt;\">En aquest context v\u00e0rem comen\u00e7ar per petits objectius i de mica en mica hem anat ampliant el ventall, procurant sempre que tots en f\u00f3ssim protagonistes i responsables. Com a resultat trobem les seg\u00fcents actuacions, totes elles consolidades amb fermesa en els trets d&#8217;identitat de l&#8217;escola.<\/span><\/p>\n<p style=\"text-align: justify;\" align=\"justify\"><span style=\"font-family: verdana,geneva,sans-serif; font-size: 12pt;\">Per aquest curs els objectius que ens proposem s\u00f3n:<span style=\"color: #339966;\"><br \/>\n<\/span><\/span><\/p>\n<ul>\n<li style=\"text-align: justify;\"><span style=\"color: #339966; font-family: verdana,geneva,sans-serif; font-size: 12pt;\">Continuar amb el Programa de<strong> reutilitzaci\u00f3 de llibres de text: Ecollibres<\/strong>.<\/span><\/li>\n<li style=\"text-align: justify;\"><span style=\"color: #339966; font-family: verdana,geneva,sans-serif; font-size: 12pt;\"><strong>Tria selectiva de deixalles<\/strong>.<\/span><\/li>\n<li style=\"text-align: justify;\"><span style=\"color: #339966; font-family: verdana,geneva,sans-serif; font-size: 12pt;\">Treballar molt els conceptes: <strong>reduir, reciclar, reutilitzar i reparar<\/strong>.<\/span><\/li>\n<li style=\"text-align: justify;\"><span style=\"color: #339966; font-family: verdana,geneva,sans-serif; font-size: 12pt;\">Continuar la <strong>cartellera verda<\/strong>, el <strong>web<\/strong> i el <strong>bloc<\/strong> d\u2019escola verda per fer difusi\u00f3 de les informacions i les activitats realitzades.<\/span><\/li>\n<li style=\"text-align: justify;\"><span style=\"color: #339966; font-family: verdana,geneva,sans-serif; font-size: 12pt;\">Fer reunions del <strong>Comit\u00e8 Ambiental<\/strong> (alumnes de 6\u00e8, 5\u00e8 i 4t). Qu\u00e8 far\u00e0 el comit\u00e8 ambiental?<br \/>\n<\/span><\/p>\n<ul style=\"list-style-type: circle;\">\n<li style=\"text-align: justify;\"><span style=\"color: #339966; font-family: verdana,geneva,sans-serif; font-size: 12pt;\">Ajudarem a que l\u2019escola continu\u00ef separant els residus ( paper, pl\u00e0stic, org\u00e0nica, piles etc\u2026). Ensenyarem als m\u00e9s petits com fer-ho.<\/span><\/li>\n<li style=\"text-align: justify;\"><span style=\"color: #339966; font-family: verdana,geneva,sans-serif; font-size: 12pt;\">Procurarem que tothom mengi sa i saludable.<\/span><\/li>\n<li style=\"text-align: justify;\"><span style=\"color: #339966; font-family: verdana,geneva,sans-serif; font-size: 12pt;\">Vetllarem perqu\u00e8 tothom tingui cura i respecti el medi ambient.<\/span><\/li>\n<li style=\"text-align: justify;\"><span style=\"color: #339966; font-family: verdana,geneva,sans-serif; font-size: 12pt;\">Tindrem cura de l\u2019hort mentre aprenem qu\u00e8, com i quan s\u2019ha de plantar i sembrar.<\/span><\/li>\n<li style=\"text-align: justify;\"><span style=\"color: #339966; font-family: verdana,geneva,sans-serif; font-size: 12pt;\">Recordarem la import\u00e0ncia de tancar els aparells i els llums quan no els utilitzem, i les portes per evitar la p\u00e8rdua d\u2019escalfor. Aix\u00ed aconseguirem un estalvi energ\u00e8tic benefici\u00f3s per tothom.<\/span><\/li>\n<li style=\"text-align: justify;\"><span style=\"color: #339966; font-family: verdana,geneva,sans-serif; font-size: 12pt;\">Reutilitzarem i aprofitarem al m\u00e0xim tot el material que fem servir.<\/span><\/li>\n<li style=\"text-align: justify;\"><span style=\"color: #339966; font-family: verdana,geneva,sans-serif; font-size: 12pt;\">Assistirem a la trobada d\u2019escoles verdes (F\u00f2rum) del Giron\u00e8s on compartirem experi\u00e8ncies amb altres centres.<\/span><\/li>\n<\/ul>\n<\/li>\n<li style=\"text-align: justify;\"><span style=\"color: #339966; font-family: verdana,geneva,sans-serif; font-size: 12pt;\">Promoure<strong> esmorzars saludables<\/strong> i sense embolcalls de plata o d\u2019altres no reutilitzables.<\/span><\/li>\n<li style=\"text-align: justify;\"><span style=\"color: #339966; font-family: verdana,geneva,sans-serif; font-size: 12pt;\">Continuar amb els <strong>dilluns i<\/strong> <strong>divendres<\/strong> com a <strong>Dia de la Fruita. <\/strong>Aquest curs continuem dins del <strong>Pla de consum de fruita<\/strong>, que consistir\u00e0 en rebre fruita un cop al mes perqu\u00e8 els alumnes puguin esmorzar durant tota una setmana.<\/span><\/li>\n<li style=\"text-align: justify;\"><span style=\"color: #339966; font-family: verdana,geneva,sans-serif; font-size: 12pt;\">Controlar la <strong>despesa de paper<\/strong> (repartiment de la informaci\u00f3 per fam\u00edlies i no per alumnes, m\u00e9s informaci\u00f3 a trav\u00e9s de correu electr\u00f2nic, aprofitar els fulls equivocats per donar-hi altres usos&#8230;).<\/span><\/li>\n<li style=\"text-align: justify;\"><span style=\"color: #339966; font-family: verdana,geneva,sans-serif; font-size: 12pt;\">Continuar i ampliar el treball de l\u2019<strong>hort escolar<\/strong> (a Prim\u00e0ria) i del <strong>pati de les olors <\/strong>i les <strong>jardineres<\/strong> (a Ed. Infantil) aix\u00ed com el treball del <strong>compostador <\/strong>(CM i CS) on s\u2019hi llencen les restes dels esmorzars.<\/span><\/li>\n<li style=\"text-align: justify;\"><span style=\"color: #339966; font-family: verdana,geneva,sans-serif; font-size: 12pt;\">Mantenir el <strong>pati interior<\/strong>.<\/span><\/li>\n<li style=\"text-align: justify;\"><span style=\"color: #339966; font-family: verdana,geneva,sans-serif; font-size: 12pt;\">Continuar amb les <strong>sortides<\/strong> per l<strong>\u2019entorn natural de Fornells de la Selva.<\/strong><\/span><\/li>\n<li style=\"text-align: justify;\"><span style=\"color: #339966; font-family: verdana,geneva,sans-serif; font-size: 12pt;\"><strong>Cartellera verda, web i bloc d\u2019escola verda<\/strong>: difusi\u00f3 d\u2019informacions o activitats realitzades a la resta de la comunitat educativa.<\/span><\/li>\n<li style=\"text-align: justify;\"><span style=\"color: #339966; font-family: verdana,geneva,sans-serif; font-size: 12pt;\">Continuar amb l\u2019<strong>enigma del mes<\/strong>. Per alumnes de prim\u00e0ria.<\/span><\/li>\n<li style=\"text-align: justify;\"><span style=\"color: #339966; font-family: verdana,geneva,sans-serif; font-size: 12pt;\"><strong>Encarregat energ\u00e8tic<\/strong> (cada aula tindr\u00e0 la figura de l\u2019encarregat energ\u00e8tic que vigilar\u00e0 l\u2019encesa i l\u2019apagada de les llums, l\u2019obertura de portes i finestres,&#8230;).<\/span><\/li>\n<li style=\"text-align: justify;\"><span style=\"color: #339966; font-family: verdana,geneva,sans-serif; font-size: 12pt;\"><strong>Brigada Verda<\/strong> (cada setmana una classe de prim\u00e0ria, de 1r a 5\u00e8, ser\u00e0 l\u2019encarregada de vigilar que no quedin escombraries al pati i d\u2019aquesta manera mantenir-lo net.). Recollida di\u00e0ria de la <strong>mat\u00e8ria org\u00e0nica<\/strong> per part d\u2019alumnes de 6\u00e8.<\/span><\/li>\n<\/ul>\n","protected":false},"excerpt":{"rendered":"<p>El curs 2004-05 l&#8217;escola va presentar un projecte d&#8217;innovaci\u00f3 educativa al Departament d&#8217;Ensenyament amb l&#8217;objectiu final d&#8217;arribar a \u00e9sser Escola Verda. Aquest projecte es va dur a terme durant tres cursos escolars (2005-06, 2006-07 i 2007-08), fins que el curs 2008-09 se&#8217;ns va concedir la placa d&#8217;Escola Verda. Amb aquesta distinci\u00f3, vol\u00edem aplicar una l\u00ednia [&hellip;]<\/p>\n","protected":false},"author":3,"featured_media":0,"parent":262,"menu_order":2,"comment_status":"closed","ping_status":"closed","template":"page-templates\/side-menu.php","meta":{"_bbp_topic_count":0,"_bbp_reply_count":0,"_bbp_total_topic_count":0,"_bbp_total_reply_count":0,"_bbp_voice_count":0,"_bbp_anonymous_reply_count":0,"_bbp_topic_count_hidden":0,"_bbp_reply_count_hidden":0,"_bbp_forum_subforum_count":0,"site-sidebar-layout":"default","site-content-layout":"","ast-site-content-layout":"","site-content-style":"default","site-sidebar-style":"default","ast-global-header-display":"","ast-banner-title-visibility":"","ast-main-header-display":"","ast-hfb-above-header-display":"","ast-hfb-below-header-display":"","ast-hfb-mobile-header-display":"","site-post-title":"","ast-breadcrumbs-content":"","ast-featured-img":"","footer-sml-layout":"","theme-transparent-header-meta":"","adv-header-id-meta":"","stick-header-meta":"","header-above-stick-meta":"","header-main-stick-meta":"","header-below-stick-meta":"","astra-migrate-meta-layouts":"default","ast-page-background-enabled":"default","ast-page-background-meta":{"desktop":{"background-color":"var(--ast-global-color-4)","background-image":"","background-repeat":"repeat","background-position":"center center","background-size":"auto","background-attachment":"scroll","background-type":"","background-media":"","overlay-type":"","overlay-color":"","overlay-opacity":"","overlay-gradient":""},"tablet":{"background-color":"","background-image":"","background-repeat":"repeat","background-position":"center center","background-size":"auto","background-attachment":"scroll","background-type":"","background-media":"","overlay-type":"","overlay-color":"","overlay-opacity":"","overlay-gradient":""},"mobile":{"background-color":"","background-image":"","background-repeat":"repeat","background-position":"center center","background-size":"auto","background-attachment":"scroll","background-type":"","background-media":"","overlay-type":"","overlay-color":"","overlay-opacity":"","overlay-gradient":""}},"ast-content-background-meta":{"desktop":{"background-color":"var(--ast-global-color-5)","background-image":"","background-repeat":"repeat","background-position":"center center","background-size":"auto","background-attachment":"scroll","background-type":"","background-media":"","overlay-type":"","overlay-color":"","overlay-opacity":"","overlay-gradient":""},"tablet":{"background-color":"var(--ast-global-color-5)","background-image":"","background-repeat":"repeat","background-position":"center center","background-size":"auto","background-attachment":"scroll","background-type":"","background-media":"","overlay-type":"","overlay-color":"","overlay-opacity":"","overlay-gradient":""},"mobile":{"background-color":"var(--ast-global-color-5)","background-image":"","background-repeat":"repeat","background-position":"center center","background-size":"auto","background-attachment":"scroll","background-type":"","background-media":"","overlay-type":"","overlay-color":"","overlay-opacity":"","overlay-gradient":""}},"footnotes":""},"class_list":["post-267","page","type-page","status-publish","hentry"],"post_mailing_queue_ids":[],"_links":{"self":[{"href":"https:\/\/agora.xtec.cat\/escolaforndanells\/wp-json\/wp\/v2\/pages\/267","targetHints":{"allow":["GET"]}}],"collection":[{"href":"https:\/\/agora.xtec.cat\/escolaforndanells\/wp-json\/wp\/v2\/pages"}],"about":[{"href":"https:\/\/agora.xtec.cat\/escolaforndanells\/wp-json\/wp\/v2\/types\/page"}],"author":[{"embeddable":true,"href":"https:\/\/agora.xtec.cat\/escolaforndanells\/wp-json\/wp\/v2\/users\/3"}],"replies":[{"embeddable":true,"href":"https:\/\/agora.xtec.cat\/escolaforndanells\/wp-json\/wp\/v2\/comments?post=267"}],"version-history":[{"count":3,"href":"https:\/\/agora.xtec.cat\/escolaforndanells\/wp-json\/wp\/v2\/pages\/267\/revisions"}],"predecessor-version":[{"id":4412,"href":"https:\/\/agora.xtec.cat\/escolaforndanells\/wp-json\/wp\/v2\/pages\/267\/revisions\/4412"}],"up":[{"embeddable":true,"href":"https:\/\/agora.xtec.cat\/escolaforndanells\/wp-json\/wp\/v2\/pages\/262"}],"wp:attachment":[{"href":"https:\/\/agora.xtec.cat\/escolaforndanells\/wp-json\/wp\/v2\/media?parent=267"}],"curies":[{"name":"wp","href":"https:\/\/api.w.org\/{rel}","templated":true}]}}