{"id":260,"date":"2015-03-09T16:27:50","date_gmt":"2015-03-09T15:27:50","guid":{"rendered":"http:\/\/agora.xtec.cat\/escolaforndanells\/?page_id=260"},"modified":"2025-09-08T12:52:34","modified_gmt":"2025-09-08T10:52:34","slug":"coneix-lescola","status":"publish","type":"page","link":"https:\/\/agora.xtec.cat\/escolaforndanells\/lescola\/coneix-lescola\/","title":{"rendered":"Coneix l&#8217;escola"},"content":{"rendered":"<p>L\u2019Escola Forn d\u2019Anells \u00e9s l\u2019\u00fanica escola p\u00fablica de Fornells de la Selva. L\u2019actual edifici, per\u00f2, t\u00e9 una antiguitat de 35 anys i ja s\u2019han efectuat dues ampliacions, es va estrenar el curs 1990-1991. \u00c9s un centre d\u2019una l\u00ednia amb bonys (1r i 5\u00e8). Actualment, hi ha matriculats 206 alumnes repartits de la seg\u00fcent manera: I3 15, I4 20, I5 18, 1rA 14, 1rB 14, 2n 24, 3r 20, 4t 25, 5\u00e8A 16, 5\u00e8B 15 i 6\u00e8 25. El claustre est\u00e0 format per 18 mestres de plantilla (21 en total) m\u00e9s una TEI i una vetlladora.<\/p>\n<p>L\u2019equip directiu est\u00e0 format per: en Ferran Jim\u00e9nez com a director, la Marina \u00c1lvarez com a cap d\u2019estudis i l\u2019Esperan\u00e7a Busquets com a secret\u00e0ria.<\/p>\n<p>Disposem d\u2019una administrativa, l\u2019Aida Mart\u00ednez, de 8 a 15h i d\u2019una conserge, l\u2019Inma Delgado, de 8.45 a 16.45h.<\/p>\n<p>La presidenta de l\u2019AFA \u00e9s l\u2019Anna Su\u00e1rez. L\u2019AFA organitza l\u2019acollida matinal i de tardes a m\u00e9s d\u2019activitats extraescolars i porta la gesti\u00f3 del servei de menjador escolar.<\/p>\n<p>L\u2019horari del centre \u00e9s de 9 a 12.30h al mat\u00ed i a la tarda \u00e9s de 15 a 16.30h. Les hores de reuni\u00f3 comunes de mestres les fem de 12.30 a 14h (dimarts i dimecres) i de 12.30 a 13.30 el dijous. El dimarts es fa cicle o claustre, el dimecres comissions pedag\u00f2giques i de treball o b\u00e9 coordinacions pedag\u00f2giques i el dijous formaci\u00f3.<\/p>\n<p>L\u2019Escola Forn d\u2019Anells \u00e9s una escola de planta baixa amb 8 aules ordin\u00e0ries m\u00e9s 4 en dos m\u00f2duls prefabricats (una d\u2019elles \u00e9s L\u2019aula de ci\u00e8ncies i polivalent de CS), sala de fotoc\u00f2pies, 3 tutories, consergeria, despatx de secretaria, despatx de direcci\u00f3, sala de mestres, lavabos de mestres i d\u2019alumnes (en 2 espais diferents), gimn\u00e0s, aula de m\u00fasica, aula de rob\u00f2tica i TVCM, aula de suport, aula polivalent de CI, aula pol. de CI\/CM, aula de pl\u00e0stica, aula d\u2019angl\u00e8s i aules polivalents d\u2019EI 1 i 2.<\/p>\n<p><!--a=1--><\/p>\n","protected":false},"excerpt":{"rendered":"<p>L\u2019Escola Forn d\u2019Anells \u00e9s l\u2019\u00fanica escola p\u00fablica de Fornells de la Selva. L\u2019actual edifici, per\u00f2, t\u00e9 una antiguitat de 35 anys i ja s\u2019han efectuat dues ampliacions, es va estrenar el curs 1990-1991. \u00c9s un centre d\u2019una l\u00ednia amb bonys (1r i 5\u00e8). Actualment, hi ha matriculats 206 alumnes repartits de la seg\u00fcent manera: I3 [&hellip;]<\/p>\n","protected":false},"author":3,"featured_media":0,"parent":22,"menu_order":3,"comment_status":"closed","ping_status":"closed","template":"page-templates\/side-menu.php","meta":{"_bbp_topic_count":0,"_bbp_reply_count":0,"_bbp_total_topic_count":0,"_bbp_total_reply_count":0,"_bbp_voice_count":0,"_bbp_anonymous_reply_count":0,"_bbp_topic_count_hidden":0,"_bbp_reply_count_hidden":0,"_bbp_forum_subforum_count":0,"site-sidebar-layout":"default","site-content-layout":"","ast-site-content-layout":"","site-content-style":"default","site-sidebar-style":"default","ast-global-header-display":"","ast-banner-title-visibility":"","ast-main-header-display":"","ast-hfb-above-header-display":"","ast-hfb-below-header-display":"","ast-hfb-mobile-header-display":"","site-post-title":"","ast-breadcrumbs-content":"","ast-featured-img":"","footer-sml-layout":"","theme-transparent-header-meta":"","adv-header-id-meta":"","stick-header-meta":"","header-above-stick-meta":"","header-main-stick-meta":"","header-below-stick-meta":"","astra-migrate-meta-layouts":"default","ast-page-background-enabled":"default","ast-page-background-meta":{"desktop":{"background-color":"var(--ast-global-color-4)","background-image":"","background-repeat":"repeat","background-position":"center center","background-size":"auto","background-attachment":"scroll","background-type":"","background-media":"","overlay-type":"","overlay-color":"","overlay-opacity":"","overlay-gradient":""},"tablet":{"background-color":"","background-image":"","background-repeat":"repeat","background-position":"center center","background-size":"auto","background-attachment":"scroll","background-type":"","background-media":"","overlay-type":"","overlay-color":"","overlay-opacity":"","overlay-gradient":""},"mobile":{"background-color":"","background-image":"","background-repeat":"repeat","background-position":"center center","background-size":"auto","background-attachment":"scroll","background-type":"","background-media":"","overlay-type":"","overlay-color":"","overlay-opacity":"","overlay-gradient":""}},"ast-content-background-meta":{"desktop":{"background-color":"var(--ast-global-color-5)","background-image":"","background-repeat":"repeat","background-position":"center center","background-size":"auto","background-attachment":"scroll","background-type":"","background-media":"","overlay-type":"","overlay-color":"","overlay-opacity":"","overlay-gradient":""},"tablet":{"background-color":"var(--ast-global-color-5)","background-image":"","background-repeat":"repeat","background-position":"center center","background-size":"auto","background-attachment":"scroll","background-type":"","background-media":"","overlay-type":"","overlay-color":"","overlay-opacity":"","overlay-gradient":""},"mobile":{"background-color":"var(--ast-global-color-5)","background-image":"","background-repeat":"repeat","background-position":"center center","background-size":"auto","background-attachment":"scroll","background-type":"","background-media":"","overlay-type":"","overlay-color":"","overlay-opacity":"","overlay-gradient":""}},"footnotes":""},"class_list":["post-260","page","type-page","status-publish","hentry"],"post_mailing_queue_ids":[],"_links":{"self":[{"href":"https:\/\/agora.xtec.cat\/escolaforndanells\/wp-json\/wp\/v2\/pages\/260","targetHints":{"allow":["GET"]}}],"collection":[{"href":"https:\/\/agora.xtec.cat\/escolaforndanells\/wp-json\/wp\/v2\/pages"}],"about":[{"href":"https:\/\/agora.xtec.cat\/escolaforndanells\/wp-json\/wp\/v2\/types\/page"}],"author":[{"embeddable":true,"href":"https:\/\/agora.xtec.cat\/escolaforndanells\/wp-json\/wp\/v2\/users\/3"}],"replies":[{"embeddable":true,"href":"https:\/\/agora.xtec.cat\/escolaforndanells\/wp-json\/wp\/v2\/comments?post=260"}],"version-history":[{"count":7,"href":"https:\/\/agora.xtec.cat\/escolaforndanells\/wp-json\/wp\/v2\/pages\/260\/revisions"}],"predecessor-version":[{"id":9186,"href":"https:\/\/agora.xtec.cat\/escolaforndanells\/wp-json\/wp\/v2\/pages\/260\/revisions\/9186"}],"up":[{"embeddable":true,"href":"https:\/\/agora.xtec.cat\/escolaforndanells\/wp-json\/wp\/v2\/pages\/22"}],"wp:attachment":[{"href":"https:\/\/agora.xtec.cat\/escolaforndanells\/wp-json\/wp\/v2\/media?parent=260"}],"curies":[{"name":"wp","href":"https:\/\/api.w.org\/{rel}","templated":true}]}}