{"id":26,"date":"2014-09-18T12:24:32","date_gmt":"2014-09-18T12:24:32","guid":{"rendered":"http:\/\/agora.xtec.cat\/escolaforndanells\/?page_id=26"},"modified":"2024-10-07T09:58:33","modified_gmt":"2024-10-07T07:58:33","slug":"historia","status":"publish","type":"page","link":"https:\/\/agora.xtec.cat\/escolaforndanells\/lescola\/historia\/","title":{"rendered":"Hist\u00f2ria"},"content":{"rendered":"<p class=\"font_8\" style=\"text-align: justify;\">De la primera escola de nens de Fornells que es t\u00e9 documentaci\u00f3 \u00e9s de la que hi havia a l\u2019esgl\u00e9sia, en un local que hi ha sobre les capelles, segle XVII (que per un temps fou un museu i que avui roman tancat). Estava situada a la banda de migdia i s\u2019hi accedia per unes escales exteriors, avui tamb\u00e9 desaparegudes (enderrocades a finals de l&#8217;any 2002). Ben segur que en \u00e8poques anteriors n&#8217;hi havia hagut d&#8217;altres, possiblement en locals de la parr\u00f2quia o en locals d&#8217;alguna casa del poble.<\/p>\n<p class=\"font_8\"><span class=\"wixGuard\">\u200b<\/span><a href=\"https:\/\/agora.xtec.cat\/escolaforndanells\/wp-content\/uploads\/usu986\/2021\/05\/Esglesia1.jpg\"><img loading=\"lazy\" decoding=\"async\" class=\"size-full wp-image-5884 alignleft\" src=\"https:\/\/agora.xtec.cat\/escolaforndanells\/wp-content\/uploads\/usu986\/2021\/05\/Esglesia1.jpg\" alt=\"\" width=\"300\" height=\"206\" \/><\/a><a href=\"https:\/\/agora.xtec.cat\/escolaforndanells\/wp-content\/uploads\/usu986\/2021\/05\/Esglesia2.jpg\"><img loading=\"lazy\" decoding=\"async\" class=\"size-full wp-image-5885 alignright\" src=\"https:\/\/agora.xtec.cat\/escolaforndanells\/wp-content\/uploads\/usu986\/2021\/05\/Esglesia2.jpg\" alt=\"\" width=\"300\" height=\"205\" \/><\/a><\/p>\n<p align=\"justify\"><a href=\"https:\/\/agora.xtec.cat\/escolaforndanells\/wp-content\/uploads\/usu986\/2021\/05\/Esglesia_actual.jpg\"><img loading=\"lazy\" decoding=\"async\" class=\"size-full wp-image-5886 aligncenter\" src=\"https:\/\/agora.xtec.cat\/escolaforndanells\/wp-content\/uploads\/usu986\/2021\/05\/Esglesia_actual.jpg\" alt=\"\" width=\"331\" height=\"296\" srcset=\"https:\/\/agora.xtec.cat\/escolaforndanells\/wp-content\/uploads\/usu986\/2021\/05\/Esglesia_actual.jpg 331w, https:\/\/agora.xtec.cat\/escolaforndanells\/wp-content\/uploads\/usu986\/2021\/05\/Esglesia_actual-300x268.jpg 300w\" sizes=\"auto, (max-width: 331px) 100vw, 331px\" \/><\/a><\/p>\n<p align=\"justify\"><span class=\"wixGuard\">Fins al<\/span> 1889 no es t\u00e9 const\u00e0ncia de l\u2019escola de les nenes. Aquesta escola estava situada a can Gri, a prop de l\u2019esgl\u00e9sia, i actualment est\u00e0 situada al carrer St. Cugat n\u00fam. 12. A Can Gri (nenes) i a l&#8217;esgl\u00e9sia (nens) i van anar fins al 1910 aproximadament.<\/p>\n<p align=\"center\"><a href=\"https:\/\/agora.xtec.cat\/escolaforndanells\/wp-content\/uploads\/usu986\/2021\/05\/Can-Gri.jpg\"><img loading=\"lazy\" decoding=\"async\" class=\"alignnone size-full wp-image-5887\" src=\"https:\/\/agora.xtec.cat\/escolaforndanells\/wp-content\/uploads\/usu986\/2021\/05\/Can-Gri.jpg\" alt=\"\" width=\"300\" height=\"200\" \/><\/a><\/p>\n<p align=\"justify\">M\u00e9s tard fou traslladada als baixos que van ser ocupats per l&#8217;antic edifici de l&#8217;Ajuntament, a la pla\u00e7a Catalunya del poble (actualment Local d&#8217;Entitats). Durant els temps de la Rep\u00fablica els nens i les nenes estaven barrejats. Despr\u00e9s de l&#8217;any 1939 els van separar, uns estaven a baix i els altres al pis de dalt.<\/p>\n<p align=\"justify\">\u00a0<a href=\"https:\/\/agora.xtec.cat\/escolaforndanells\/wp-content\/uploads\/usu986\/2019\/01\/Hotel-entitats.png\"><img loading=\"lazy\" decoding=\"async\" class=\"size-full wp-image-4263 aligncenter\" src=\"https:\/\/agora.xtec.cat\/escolaforndanells\/wp-content\/uploads\/usu986\/2019\/01\/Hotel-entitats.png\" alt=\"\" width=\"659\" height=\"210\" srcset=\"https:\/\/agora.xtec.cat\/escolaforndanells\/wp-content\/uploads\/usu986\/2019\/01\/Hotel-entitats.png 659w, https:\/\/agora.xtec.cat\/escolaforndanells\/wp-content\/uploads\/usu986\/2019\/01\/Hotel-entitats-300x96.png 300w\" sizes=\"auto, (max-width: 659px) 100vw, 659px\" \/><\/a><\/p>\n<p align=\"justify\">L&#8217;any 1953 es van estrenar les antigues escoles nacionals, aleshores noves, al carrer Vicens Vives, on actualment hi ha el Centre Social. Una l\u00ednia imagin\u00e0ria la dividia en dues escoles, la dels nens i la de les nenes. A partir de l&#8217;any 1976 els nens i les nenes es van barrejar per nivells. Fins a l&#8217;any 1980 va funcionar en r\u00e8gim d&#8217;unit\u00e0ria. Despr\u00e9s, amb l&#8217;increment de matr\u00edcula i de mestres, l&#8217;escola va quedar petita.<\/p>\n<p align=\"justify\"><a href=\"https:\/\/agora.xtec.cat\/escolaforndanells\/wp-content\/uploads\/usu986\/2019\/01\/Centre-social.jpg\"><img loading=\"lazy\" decoding=\"async\" class=\"size-full wp-image-4260 aligncenter\" src=\"https:\/\/agora.xtec.cat\/escolaforndanells\/wp-content\/uploads\/usu986\/2019\/01\/Centre-social.jpg\" alt=\"\" width=\"700\" height=\"480\" srcset=\"https:\/\/agora.xtec.cat\/escolaforndanells\/wp-content\/uploads\/usu986\/2019\/01\/Centre-social.jpg 700w, https:\/\/agora.xtec.cat\/escolaforndanells\/wp-content\/uploads\/usu986\/2019\/01\/Centre-social-300x206.jpg 300w\" sizes=\"auto, (max-width: 700px) 100vw, 700px\" \/><\/a><a href=\"https:\/\/agora.xtec.cat\/escolaforndanells\/wp-content\/uploads\/usu986\/2021\/05\/historia03.jpg\"><img loading=\"lazy\" decoding=\"async\" class=\"size-full wp-image-5881 aligncenter\" src=\"https:\/\/agora.xtec.cat\/escolaforndanells\/wp-content\/uploads\/usu986\/2021\/05\/historia03.jpg\" alt=\"\" width=\"300\" height=\"210\" \/><\/a><\/p>\n<p align=\"justify\">L&#8217;any 1988 es va iniciar la construcci\u00f3 de l&#8217;escola actual, que es va estrenar el novembre de 1990, al carrer Salvador Espriu n\u00famero 6.<\/p>\n<p align=\"justify\">\u00a0<a href=\"https:\/\/agora.xtec.cat\/escolaforndanells\/wp-content\/uploads\/usu986\/2019\/01\/Nova-escola.png\"><img loading=\"lazy\" decoding=\"async\" class=\"size-full wp-image-4261 aligncenter\" src=\"https:\/\/agora.xtec.cat\/escolaforndanells\/wp-content\/uploads\/usu986\/2019\/01\/Nova-escola.png\" alt=\"\" width=\"685\" height=\"225\" srcset=\"https:\/\/agora.xtec.cat\/escolaforndanells\/wp-content\/uploads\/usu986\/2019\/01\/Nova-escola.png 685w, https:\/\/agora.xtec.cat\/escolaforndanells\/wp-content\/uploads\/usu986\/2019\/01\/Nova-escola-300x99.png 300w\" sizes=\"auto, (max-width: 685px) 100vw, 685px\" \/><\/a><\/p>\n<p align=\"justify\">El curs 2003\/04 es va fer una primera ampliaci\u00f3 de l&#8217;escola amb tres aules m\u00e9s a la zona nord-est (color vermell). Durant els cursos 2006\/07 i 2007\/08 es va fer una segona ampliaci\u00f3 i reforma per dotar-la dels equipaments propis d&#8217;escola d&#8217;una l\u00ednia (color verd).<\/p>\n<p align=\"center\"><a href=\"https:\/\/agora.xtec.cat\/escolaforndanells\/wp-content\/uploads\/usu986\/2021\/05\/Entrada-1.jpg\"><img loading=\"lazy\" decoding=\"async\" class=\"alignnone size-large wp-image-5892\" src=\"https:\/\/agora.xtec.cat\/escolaforndanells\/wp-content\/uploads\/usu986\/2021\/05\/Entrada-1-1024x221.jpg\" alt=\"\" width=\"1024\" height=\"221\" srcset=\"https:\/\/agora.xtec.cat\/escolaforndanells\/wp-content\/uploads\/usu986\/2021\/05\/Entrada-1-1024x221.jpg 1024w, https:\/\/agora.xtec.cat\/escolaforndanells\/wp-content\/uploads\/usu986\/2021\/05\/Entrada-1-300x65.jpg 300w, https:\/\/agora.xtec.cat\/escolaforndanells\/wp-content\/uploads\/usu986\/2021\/05\/Entrada-1-768x166.jpg 768w, https:\/\/agora.xtec.cat\/escolaforndanells\/wp-content\/uploads\/usu986\/2021\/05\/Entrada-1.jpg 1244w\" sizes=\"auto, (max-width: 1024px) 100vw, 1024px\" \/><\/a><\/p>\n<p style=\"text-align: justify;\" align=\"justify\">Malgrat aquesta \u00faltima ampliaci\u00f3, el curs 2008\/09, per falta d&#8217;espais, va ser necess\u00e0ria la col\u00b7locaci\u00f3 d&#8217;un m\u00f2dul prefabricat (color groc) al pati de l&#8217;escola. El curs seg\u00fcent, 2009\/10, es va haver de col\u00b7locar un segon m\u00f2dul (color groc) amb dues aules m\u00e9s al costat del primer.<\/p>\n<p style=\"text-align: justify;\">Abans de comen\u00e7ar el curs 2015\/16 el Departament d\u2019Ensenyament instal\u00b7la el tercer m\u00f2dul a l\u2019esquerra del primer amb dues aules m\u00e9s quan s\u2019arriba al m\u00e0xim hist\u00f2ric de 314 alumnes i quasi tots els grups desdoblats. S&#8217;inicia el projecte d\u2019ampliaci\u00f3 a dues l\u00ednies completes amb 740m2 m\u00e9s. Amb la crisi i el descens de la natalitat mai es dur\u00e0 a terme.<\/p>\n<p style=\"text-align: justify;\">Durant els seg\u00fcents cursos baixa progressivament el nombre d\u2019alumnes totals, i abans de l\u2019inici del curs 2024\/25 el Departament d\u2019Educaci\u00f3 i Formaci\u00f3 Professional retira el m\u00f2dul 3 (el segon que es va instal\u00b7lar).<\/p>\n<p style=\"text-align: center;\"><a href=\"https:\/\/agora.xtec.cat\/escolaforndanells\/wp-content\/uploads\/usu986\/2023\/02\/Ampliacions-escola.jpg\"><img loading=\"lazy\" decoding=\"async\" class=\"alignnone size-full wp-image-7102\" src=\"https:\/\/agora.xtec.cat\/escolaforndanells\/wp-content\/uploads\/usu986\/2023\/02\/Ampliacions-escola.jpg\" alt=\"\" width=\"557\" height=\"885\" srcset=\"https:\/\/agora.xtec.cat\/escolaforndanells\/wp-content\/uploads\/usu986\/2023\/02\/Ampliacions-escola.jpg 557w, https:\/\/agora.xtec.cat\/escolaforndanells\/wp-content\/uploads\/usu986\/2023\/02\/Ampliacions-escola-189x300.jpg 189w\" sizes=\"auto, (max-width: 557px) 100vw, 557px\" \/><\/a><\/p>\n","protected":false},"excerpt":{"rendered":"<p>De la primera escola de nens de Fornells que es t\u00e9 documentaci\u00f3 \u00e9s de la que hi havia a l\u2019esgl\u00e9sia, en un local que hi ha sobre les capelles, segle XVII (que per un temps fou un museu i que avui roman tancat). Estava situada a la banda de migdia i s\u2019hi accedia per unes [&hellip;]<\/p>\n","protected":false},"author":2,"featured_media":0,"parent":22,"menu_order":5,"comment_status":"closed","ping_status":"closed","template":"page-templates\/side-menu.php","meta":{"_bbp_topic_count":0,"_bbp_reply_count":0,"_bbp_total_topic_count":0,"_bbp_total_reply_count":0,"_bbp_voice_count":0,"_bbp_anonymous_reply_count":0,"_bbp_topic_count_hidden":0,"_bbp_reply_count_hidden":0,"_bbp_forum_subforum_count":0,"site-sidebar-layout":"default","site-content-layout":"","ast-site-content-layout":"","site-content-style":"default","site-sidebar-style":"default","ast-global-header-display":"","ast-banner-title-visibility":"","ast-main-header-display":"","ast-hfb-above-header-display":"","ast-hfb-below-header-display":"","ast-hfb-mobile-header-display":"","site-post-title":"","ast-breadcrumbs-content":"","ast-featured-img":"","footer-sml-layout":"","theme-transparent-header-meta":"","adv-header-id-meta":"","stick-header-meta":"","header-above-stick-meta":"","header-main-stick-meta":"","header-below-stick-meta":"","astra-migrate-meta-layouts":"default","ast-page-background-enabled":"default","ast-page-background-meta":{"desktop":{"background-color":"var(--ast-global-color-4)","background-image":"","background-repeat":"repeat","background-position":"center center","background-size":"auto","background-attachment":"scroll","background-type":"","background-media":"","overlay-type":"","overlay-color":"","overlay-opacity":"","overlay-gradient":""},"tablet":{"background-color":"","background-image":"","background-repeat":"repeat","background-position":"center center","background-size":"auto","background-attachment":"scroll","background-type":"","background-media":"","overlay-type":"","overlay-color":"","overlay-opacity":"","overlay-gradient":""},"mobile":{"background-color":"","background-image":"","background-repeat":"repeat","background-position":"center center","background-size":"auto","background-attachment":"scroll","background-type":"","background-media":"","overlay-type":"","overlay-color":"","overlay-opacity":"","overlay-gradient":""}},"ast-content-background-meta":{"desktop":{"background-color":"var(--ast-global-color-5)","background-image":"","background-repeat":"repeat","background-position":"center center","background-size":"auto","background-attachment":"scroll","background-type":"","background-media":"","overlay-type":"","overlay-color":"","overlay-opacity":"","overlay-gradient":""},"tablet":{"background-color":"var(--ast-global-color-5)","background-image":"","background-repeat":"repeat","background-position":"center center","background-size":"auto","background-attachment":"scroll","background-type":"","background-media":"","overlay-type":"","overlay-color":"","overlay-opacity":"","overlay-gradient":""},"mobile":{"background-color":"var(--ast-global-color-5)","background-image":"","background-repeat":"repeat","background-position":"center center","background-size":"auto","background-attachment":"scroll","background-type":"","background-media":"","overlay-type":"","overlay-color":"","overlay-opacity":"","overlay-gradient":""}},"footnotes":""},"class_list":["post-26","page","type-page","status-publish","hentry"],"post_mailing_queue_ids":[],"_links":{"self":[{"href":"https:\/\/agora.xtec.cat\/escolaforndanells\/wp-json\/wp\/v2\/pages\/26","targetHints":{"allow":["GET"]}}],"collection":[{"href":"https:\/\/agora.xtec.cat\/escolaforndanells\/wp-json\/wp\/v2\/pages"}],"about":[{"href":"https:\/\/agora.xtec.cat\/escolaforndanells\/wp-json\/wp\/v2\/types\/page"}],"author":[{"embeddable":true,"href":"https:\/\/agora.xtec.cat\/escolaforndanells\/wp-json\/wp\/v2\/users\/2"}],"replies":[{"embeddable":true,"href":"https:\/\/agora.xtec.cat\/escolaforndanells\/wp-json\/wp\/v2\/comments?post=26"}],"version-history":[{"count":4,"href":"https:\/\/agora.xtec.cat\/escolaforndanells\/wp-json\/wp\/v2\/pages\/26\/revisions"}],"predecessor-version":[{"id":8537,"href":"https:\/\/agora.xtec.cat\/escolaforndanells\/wp-json\/wp\/v2\/pages\/26\/revisions\/8537"}],"up":[{"embeddable":true,"href":"https:\/\/agora.xtec.cat\/escolaforndanells\/wp-json\/wp\/v2\/pages\/22"}],"wp:attachment":[{"href":"https:\/\/agora.xtec.cat\/escolaforndanells\/wp-json\/wp\/v2\/media?parent=26"}],"curies":[{"name":"wp","href":"https:\/\/api.w.org\/{rel}","templated":true}]}}