{"id":258,"date":"2015-03-09T16:25:45","date_gmt":"2015-03-09T15:25:45","guid":{"rendered":"http:\/\/agora.xtec.cat\/escolaforndanells\/?page_id=258"},"modified":"2025-10-01T14:01:12","modified_gmt":"2025-10-01T12:01:12","slug":"claustre","status":"publish","type":"page","link":"https:\/\/agora.xtec.cat\/escolaforndanells\/lescola\/claustre\/","title":{"rendered":"Equip"},"content":{"rendered":"<p><strong>CURS 2025-2026<\/strong><\/p>\n<table style=\"width: 100%; height: 1749px;\" width=\"821\">\n<tbody>\n<tr style=\"height: 53px;\">\n<td style=\"height: 159px;\" rowspan=\"3\" width=\"210\"><strong><em>EQUIP DIRECTIU<\/em><\/strong><\/td>\n<td style=\"height: 53px;\" width=\"166\">Director<\/td>\n<td style=\"height: 53px;\" colspan=\"2\" width=\"446\">Ferran Jim\u00e9nez<\/td>\n<\/tr>\n<tr style=\"height: 53px;\">\n<td style=\"height: 53px;\" width=\"166\">Cap d\u2019Estudis<\/td>\n<td style=\"height: 53px;\" colspan=\"2\" width=\"446\">Marina \u00c1lvarez<\/td>\n<\/tr>\n<tr style=\"height: 53px;\">\n<td style=\"height: 53px;\" width=\"166\">Secret\u00e0ria<\/td>\n<td style=\"height: 53px;\" colspan=\"2\" width=\"446\">Esperan\u00e7a Busquets<\/td>\n<\/tr>\n<tr style=\"height: 53px;\">\n<td style=\"height: 53px;\" width=\"210\"><\/td>\n<td style=\"height: 53px;\" width=\"166\"><\/td>\n<td style=\"height: 53px;\" width=\"398\"><\/td>\n<td style=\"height: 53px;\" width=\"48\"><\/td>\n<\/tr>\n<tr style=\"height: 53px;\">\n<td style=\"height: 212px;\" rowspan=\"3\" width=\"210\"><strong>EDUCACI\u00d3 INFANTIL<\/strong><\/td>\n<td style=\"height: 53px;\" width=\"166\">I3<\/td>\n<td style=\"height: 53px;\" width=\"398\">Gemma Barneda<\/td>\n<td style=\"height: 583px;\" rowspan=\"11\" width=\"48\"><strong><em>TUTORIES<\/em><\/strong><\/td>\n<\/tr>\n<tr style=\"height: 53px;\">\n<td style=\"height: 53px;\" width=\"166\">I4<\/td>\n<td style=\"height: 53px;\" width=\"398\">Cristina Rebarter<\/td>\n<\/tr>\n<tr style=\"height: 53px;\">\n<td style=\"height: 53px;\" width=\"166\">I5<\/td>\n<td style=\"height: 53px;\" width=\"398\">Aida Mel\u00e9ndez<\/td>\n<\/tr>\n<tr>\n<td rowspan=\"3\"><strong><em><br \/>\n<\/em><\/strong><strong><em>CICLE INICIAL<\/em><\/strong><\/td>\n<td>1rA<\/td>\n<td>Montse Teixid\u00f3<\/td>\n<\/tr>\n<tr style=\"height: 53px;\">\n<td style=\"height: 53px;\" width=\"166\">1rB<\/td>\n<td style=\"height: 53px;\" width=\"398\">Cristina Torrubia + Susanna Sabri\u00e0<\/td>\n<\/tr>\n<tr style=\"height: 53px;\">\n<td style=\"height: 53px;\" width=\"166\">2n<\/td>\n<td style=\"height: 53px;\" width=\"398\">Olga Geli<\/td>\n<\/tr>\n<tr style=\"height: 53px;\">\n<td style=\"height: 106px;\" rowspan=\"2\" width=\"210\"><strong><em>CICLE MITJ\u00c0<\/em><\/strong><\/td>\n<td style=\"height: 53px;\" width=\"166\">3r<\/td>\n<td style=\"height: 53px;\" width=\"398\">Cristina Ferran<\/td>\n<\/tr>\n<tr style=\"height: 53px;\">\n<td style=\"height: 53px;\" width=\"166\">4t<\/td>\n<td style=\"height: 53px;\" width=\"398\">Montse Casas<\/td>\n<\/tr>\n<tr style=\"height: 53px;\">\n<td style=\"height: 159px;\" rowspan=\"3\" width=\"210\"><strong><em>CICLE SUPERIOR<\/em><\/strong><\/td>\n<td style=\"height: 53px;\" width=\"166\">5\u00e8A<\/td>\n<td style=\"height: 53px;\" width=\"398\">Mar Puig<\/td>\n<\/tr>\n<tr style=\"height: 53px;\">\n<td style=\"height: 53px;\" width=\"166\">5\u00e8B<\/td>\n<td style=\"height: 53px;\" width=\"398\">Marga Pujol<\/td>\n<\/tr>\n<tr style=\"height: 53px;\">\n<td style=\"height: 53px;\" width=\"166\">6\u00e8<\/td>\n<td style=\"height: 53px;\" width=\"398\">Xevi Sales<\/td>\n<\/tr>\n<tr style=\"height: 53px;\">\n<td style=\"height: 53px;\" width=\"210\"><\/td>\n<td style=\"height: 53px;\" width=\"166\"><\/td>\n<td style=\"height: 53px;\" colspan=\"2\" width=\"446\"><\/td>\n<\/tr>\n<tr style=\"height: 53px;\">\n<td style=\"height: 477px;\" rowspan=\"9\" width=\"210\"><strong><em>ESPECIALITATS<\/em><\/strong><\/td>\n<td style=\"height: 53px;\" width=\"166\">Angl\u00e8s<\/td>\n<td style=\"height: 53px;\" colspan=\"2\" width=\"446\">Ester Fust\u00e9 &#8211; Cristina Torrubia<\/td>\n<\/tr>\n<tr style=\"height: 53px;\">\n<td style=\"height: 53px;\" width=\"166\">M\u00fasica<\/td>\n<td style=\"height: 53px;\" colspan=\"2\" width=\"446\">Esperan\u00e7a Busquets &#8211; Ferran Jim\u00e9nez<\/td>\n<\/tr>\n<tr style=\"height: 53px;\">\n<td style=\"height: 53px;\" width=\"166\">Ed. F\u00edsica<\/td>\n<td style=\"height: 53px;\" colspan=\"2\" width=\"446\">Montse Medina<\/td>\n<\/tr>\n<tr style=\"height: 53px;\">\n<td style=\"height: 53px;\" width=\"166\">TVCM<\/td>\n<td style=\"height: 53px;\" colspan=\"2\" width=\"446\">Cristina Surroca<\/td>\n<\/tr>\n<tr style=\"height: 53px;\">\n<td style=\"height: 53px;\" width=\"166\">Ed. Especial<\/td>\n<td style=\"height: 53px;\" colspan=\"2\" width=\"446\">\u00c8rica Avil\u00e9s &#8211; No\u00e8lia Ar\u00e9valo<\/td>\n<\/tr>\n<tr style=\"height: 53px;\">\n<td style=\"height: 53px;\" width=\"166\">Suport INF<\/td>\n<td style=\"height: 53px;\" colspan=\"2\" width=\"446\">Susanna Sabri\u00e0<\/td>\n<\/tr>\n<tr style=\"height: 53px;\">\n<td style=\"height: 53px;\" width=\"166\">Suport PRI<\/td>\n<td style=\"height: 53px;\" colspan=\"2\" width=\"446\">Marina \u00c1lvarez<\/td>\n<\/tr>\n<tr style=\"height: 53px;\">\n<td style=\"height: 53px;\" width=\"166\">TEI<\/td>\n<td style=\"height: 53px;\" colspan=\"2\" width=\"446\">Anna Quintana<\/td>\n<\/tr>\n<tr style=\"height: 53px;\">\n<td style=\"height: 53px;\" width=\"166\">Vetlladora<\/td>\n<td style=\"height: 53px;\" colspan=\"2\" width=\"446\">Merc\u00e8 Vila<\/td>\n<\/tr>\n<tr style=\"height: 53px;\">\n<td style=\"height: 53px;\" width=\"210\"><strong><em>EAP <\/em><\/strong><\/td>\n<td style=\"height: 53px;\" width=\"166\">Dilluns (9-14h)<\/td>\n<td style=\"height: 53px;\" colspan=\"2\" width=\"446\">Patr\u00edcia Centelles<\/td>\n<\/tr>\n<tr style=\"height: 53px;\">\n<td style=\"height: 53px;\" width=\"210\"><strong><em>\u00a0<\/em><\/strong><\/td>\n<td style=\"height: 53px;\" width=\"166\"><\/td>\n<td style=\"height: 53px;\" colspan=\"2\" width=\"446\"><\/td>\n<\/tr>\n<tr style=\"height: 53px;\">\n<td style=\"height: 159px;\" rowspan=\"3\" width=\"210\"><strong><em>COORDINADORES<\/em><\/strong><\/td>\n<td style=\"height: 53px;\" width=\"166\">Ed. Infantil<\/td>\n<td style=\"height: 53px;\" colspan=\"2\" width=\"446\">Gemma Barneda<\/td>\n<\/tr>\n<tr style=\"height: 53px;\">\n<td style=\"height: 53px;\" width=\"166\">Prim\u00e0ria 1<\/td>\n<td style=\"height: 53px;\" colspan=\"2\" width=\"446\">Olga Geli<\/td>\n<\/tr>\n<tr style=\"height: 53px;\">\n<td style=\"height: 53px;\" width=\"166\">Prim\u00e0ria 2<\/td>\n<td style=\"height: 53px;\" colspan=\"2\" width=\"446\">Marga Pujol<\/td>\n<\/tr>\n<tr style=\"height: 53px;\">\n<td style=\"height: 53px;\" width=\"210\"><strong><em>\u00a0<\/em><\/strong><\/td>\n<td style=\"height: 53px;\" width=\"166\"><\/td>\n<td style=\"height: 53px;\" colspan=\"2\" width=\"446\"><\/td>\n<\/tr>\n<tr style=\"height: 53px;\">\n<td style=\"height: 53px;\" width=\"210\"><strong><em>ADMINISTRATIVA<\/em><\/strong><\/td>\n<td style=\"height: 53px;\" width=\"166\">8-15h<\/td>\n<td style=\"height: 53px;\" colspan=\"2\" width=\"446\">Aida Mart\u00ednez<\/td>\n<\/tr>\n<tr style=\"height: 53px;\">\n<td style=\"height: 53px;\" width=\"210\"><strong><em>CONSERGE<\/em><\/strong><\/td>\n<td style=\"height: 53px;\" width=\"166\">de 8.45-16.45h.<\/td>\n<td style=\"height: 53px;\" colspan=\"2\" width=\"446\">Inma Delgado<\/td>\n<\/tr>\n<\/tbody>\n<\/table>\n<p><!--a=1--><\/p>\n","protected":false},"excerpt":{"rendered":"<p>CURS 2025-2026 EQUIP DIRECTIU Director Ferran Jim\u00e9nez Cap d\u2019Estudis Marina \u00c1lvarez Secret\u00e0ria Esperan\u00e7a Busquets EDUCACI\u00d3 INFANTIL I3 Gemma Barneda TUTORIES I4 Cristina Rebarter I5 Aida Mel\u00e9ndez CICLE INICIAL 1rA Montse Teixid\u00f3 1rB Cristina Torrubia + Susanna Sabri\u00e0 2n Olga Geli CICLE MITJ\u00c0 3r Cristina Ferran 4t Montse Casas CICLE SUPERIOR 5\u00e8A Mar Puig 5\u00e8B Marga [&hellip;]<\/p>\n","protected":false},"author":3,"featured_media":0,"parent":22,"menu_order":6,"comment_status":"closed","ping_status":"closed","template":"","meta":{"_bbp_topic_count":0,"_bbp_reply_count":0,"_bbp_total_topic_count":0,"_bbp_total_reply_count":0,"_bbp_voice_count":0,"_bbp_anonymous_reply_count":0,"_bbp_topic_count_hidden":0,"_bbp_reply_count_hidden":0,"_bbp_forum_subforum_count":0,"site-sidebar-layout":"default","site-content-layout":"","ast-site-content-layout":"default","site-content-style":"default","site-sidebar-style":"default","ast-global-header-display":"","ast-banner-title-visibility":"","ast-main-header-display":"","ast-hfb-above-header-display":"","ast-hfb-below-header-display":"","ast-hfb-mobile-header-display":"","site-post-title":"","ast-breadcrumbs-content":"","ast-featured-img":"","footer-sml-layout":"","theme-transparent-header-meta":"default","adv-header-id-meta":"","stick-header-meta":"","header-above-stick-meta":"","header-main-stick-meta":"","header-below-stick-meta":"","astra-migrate-meta-layouts":"set","ast-page-background-enabled":"default","ast-page-background-meta":{"desktop":{"background-color":"var(--ast-global-color-4)","background-image":"","background-repeat":"repeat","background-position":"center center","background-size":"auto","background-attachment":"scroll","background-type":"","background-media":"","overlay-type":"","overlay-color":"","overlay-opacity":"","overlay-gradient":""},"tablet":{"background-color":"","background-image":"","background-repeat":"repeat","background-position":"center center","background-size":"auto","background-attachment":"scroll","background-type":"","background-media":"","overlay-type":"","overlay-color":"","overlay-opacity":"","overlay-gradient":""},"mobile":{"background-color":"","background-image":"","background-repeat":"repeat","background-position":"center center","background-size":"auto","background-attachment":"scroll","background-type":"","background-media":"","overlay-type":"","overlay-color":"","overlay-opacity":"","overlay-gradient":""}},"ast-content-background-meta":{"desktop":{"background-color":"var(--ast-global-color-5)","background-image":"","background-repeat":"repeat","background-position":"center center","background-size":"auto","background-attachment":"scroll","background-type":"","background-media":"","overlay-type":"","overlay-color":"","overlay-opacity":"","overlay-gradient":""},"tablet":{"background-color":"var(--ast-global-color-5)","background-image":"","background-repeat":"repeat","background-position":"center center","background-size":"auto","background-attachment":"scroll","background-type":"","background-media":"","overlay-type":"","overlay-color":"","overlay-opacity":"","overlay-gradient":""},"mobile":{"background-color":"var(--ast-global-color-5)","background-image":"","background-repeat":"repeat","background-position":"center center","background-size":"auto","background-attachment":"scroll","background-type":"","background-media":"","overlay-type":"","overlay-color":"","overlay-opacity":"","overlay-gradient":""}},"footnotes":""},"class_list":["post-258","page","type-page","status-publish","hentry"],"post_mailing_queue_ids":[],"_links":{"self":[{"href":"https:\/\/agora.xtec.cat\/escolaforndanells\/wp-json\/wp\/v2\/pages\/258","targetHints":{"allow":["GET"]}}],"collection":[{"href":"https:\/\/agora.xtec.cat\/escolaforndanells\/wp-json\/wp\/v2\/pages"}],"about":[{"href":"https:\/\/agora.xtec.cat\/escolaforndanells\/wp-json\/wp\/v2\/types\/page"}],"author":[{"embeddable":true,"href":"https:\/\/agora.xtec.cat\/escolaforndanells\/wp-json\/wp\/v2\/users\/3"}],"replies":[{"embeddable":true,"href":"https:\/\/agora.xtec.cat\/escolaforndanells\/wp-json\/wp\/v2\/comments?post=258"}],"version-history":[{"count":6,"href":"https:\/\/agora.xtec.cat\/escolaforndanells\/wp-json\/wp\/v2\/pages\/258\/revisions"}],"predecessor-version":[{"id":9242,"href":"https:\/\/agora.xtec.cat\/escolaforndanells\/wp-json\/wp\/v2\/pages\/258\/revisions\/9242"}],"up":[{"embeddable":true,"href":"https:\/\/agora.xtec.cat\/escolaforndanells\/wp-json\/wp\/v2\/pages\/22"}],"wp:attachment":[{"href":"https:\/\/agora.xtec.cat\/escolaforndanells\/wp-json\/wp\/v2\/media?parent=258"}],"curies":[{"name":"wp","href":"https:\/\/api.w.org\/{rel}","templated":true}]}}