{"id":5342,"date":"2020-03-23T10:36:41","date_gmt":"2020-03-23T09:36:41","guid":{"rendered":"http:\/\/agora.xtec.cat\/escolafontfargas\/?page_id=5342"},"modified":"2020-04-03T13:03:28","modified_gmt":"2020-04-03T11:03:28","slug":"quedat-a-casa","status":"publish","type":"page","link":"https:\/\/agora.xtec.cat\/escolafontfargas\/quedat-a-casa\/","title":{"rendered":"Propostes generals"},"content":{"rendered":"<p>La publicaci\u00f3 d&#8217;aquesta\u00a0p\u00e0gina \u00e9s per donar informacions generals .<\/p>\n<p>S\u00f3n propostes complement\u00e0ries. Recordeu que als blogs<\/p>\n<p>de cada cicle hi trobarem els suggeriments de cada nivell.<\/p>\n<p><strong>Jo aprenc a casa<\/strong><\/p>\n<p><a href=\"http:\/\/ensenyament.gencat.cat\/ca\/actualitat\/coronavirus\/JoAprencACasa\/\">http:\/\/ensenyament.gencat.cat\/ca\/actualitat\/coronavirus\/JoAprencACasa\/<\/a><\/p>\n<p>#JoAprencACasa<\/p>\n<p><strong>Code<\/strong>\u00a0 ( p\u00e0gina iniciaci\u00f3 rob\u00f2tica )<\/p>\n<p><a href=\"https:\/\/studio.code.org\/courses\">https:\/\/studio.code.org\/courses<\/a><\/p>\n<p><strong>Biblioteques de Barcelona<\/strong><\/p>\n<p><a href=\"http:\/\/adm.mesbiblioteques.cat\/Butlleti\/Butlleti.aspx?But_Id=10878\">http:\/\/adm.mesbiblioteques.cat\/Butlleti\/Butlleti.aspx?But_Id=10878<\/a><strong>\u00a0\u00a0<\/strong><\/p>\n<p><strong>Cavall Fort\u00a0 <\/strong><\/p>\n<p><a href=\"https:\/\/cavallfort.cat\/\"><strong>https:\/\/cavallfort.cat\/<\/strong><\/a><\/p>\n<p><a href=\"https:\/\/cavallfort.cat\/audiocontes\/\">Audiocontes Cavall Fort\u00a0<\/a><\/p>\n<p><strong>Super 3<\/strong><\/p>\n<p><a href=\"https:\/\/www.ccma.cat\/tv3\/super3\/propostes-per-aquests-dies-que-no-pots-sortir-de-casa\/noticia\/2998422\/?ext=NW_BS3_butlleti-EXTRS3\">https:\/\/www.ccma.cat\/tv3\/super3\/propostes-per-aquests-dies-que-no-pots-sortir-de-casa\/noticia\/2998422\/?ext=NW_BS3_butlleti-EXTRS3<\/a><\/p>\n<p><a href=\"https:\/\/www.ccma.cat\/tv3\/super3\/una-ma-de-contes\/\">Una m\u00e0 de contes\u00a0<\/a><\/p>\n<p><a href=\"https:\/\/www.ccma.cat\/tv3\/super3\/jocs\/\">https:\/\/www.ccma.cat\/tv3\/super3\/jocs\/<\/a><\/p>\n<p><a href=\"https:\/\/www.ccma.cat\/tv3\/super3\/infok\/\">info K\u00a0<\/a><\/p>\n<p><strong>Edu365<\/strong><\/p>\n<p><a href=\"http:\/\/www.edu365.cat\/infantil\/\">http:\/\/www.edu365.cat\/infantil\/<\/a><\/p>\n<p><a href=\"http:\/\/www.edu365.cat\/primaria\/\">http:\/\/www.edu365.cat\/primaria\/<\/a><\/p>\n<p><strong>Catradio -popap escolar\u00a0 \u00a0de 16 a 17 h<\/strong><\/p>\n<p><iframe loading=\"lazy\" src=\"https:\/\/www.ccma.cat\/audio\/embed\/1067309\/\" width=\"500px\" height=\"281px\" frameborder=\"0\"><\/iframe><\/p>\n<p><iframe loading=\"lazy\" src=\"https:\/\/www.ccma.cat\/audio\/embed\/1067374\/\" width=\"500px\" height=\"281px\" frameborder=\"0\"><\/iframe><\/p>\n","protected":false},"excerpt":{"rendered":"<p>La publicaci\u00f3 d&#8217;aquesta\u00a0p\u00e0gina \u00e9s per donar informacions generals . S\u00f3n propostes complement\u00e0ries. Recordeu que als blogs de cada cicle hi [&hellip;]<\/p>\n","protected":false},"author":1,"featured_media":0,"parent":0,"menu_order":0,"comment_status":"closed","ping_status":"closed","template":"","meta":{"_bbp_topic_count":0,"_bbp_reply_count":0,"_bbp_total_topic_count":0,"_bbp_total_reply_count":0,"_bbp_voice_count":0,"_bbp_anonymous_reply_count":0,"_bbp_topic_count_hidden":0,"_bbp_reply_count_hidden":0,"_bbp_forum_subforum_count":0,"site-sidebar-layout":"default","site-content-layout":"","ast-site-content-layout":"","site-content-style":"default","site-sidebar-style":"default","ast-global-header-display":"","ast-banner-title-visibility":"","ast-main-header-display":"","ast-hfb-above-header-display":"","ast-hfb-below-header-display":"","ast-hfb-mobile-header-display":"","site-post-title":"","ast-breadcrumbs-content":"","ast-featured-img":"","footer-sml-layout":"","theme-transparent-header-meta":"","adv-header-id-meta":"","stick-header-meta":"","header-above-stick-meta":"","header-main-stick-meta":"","header-below-stick-meta":"","astra-migrate-meta-layouts":"default","ast-page-background-enabled":"default","ast-page-background-meta":{"desktop":{"background-color":"var(--ast-global-color-4)","background-image":"","background-repeat":"repeat","background-position":"center center","background-size":"auto","background-attachment":"scroll","background-type":"","background-media":"","overlay-type":"","overlay-color":"","overlay-opacity":"","overlay-gradient":""},"tablet":{"background-color":"","background-image":"","background-repeat":"repeat","background-position":"center center","background-size":"auto","background-attachment":"scroll","background-type":"","background-media":"","overlay-type":"","overlay-color":"","overlay-opacity":"","overlay-gradient":""},"mobile":{"background-color":"","background-image":"","background-repeat":"repeat","background-position":"center center","background-size":"auto","background-attachment":"scroll","background-type":"","background-media":"","overlay-type":"","overlay-color":"","overlay-opacity":"","overlay-gradient":""}},"ast-content-background-meta":{"desktop":{"background-color":"var(--ast-global-color-5)","background-image":"","background-repeat":"repeat","background-position":"center center","background-size":"auto","background-attachment":"scroll","background-type":"","background-media":"","overlay-type":"","overlay-color":"","overlay-opacity":"","overlay-gradient":""},"tablet":{"background-color":"var(--ast-global-color-5)","background-image":"","background-repeat":"repeat","background-position":"center center","background-size":"auto","background-attachment":"scroll","background-type":"","background-media":"","overlay-type":"","overlay-color":"","overlay-opacity":"","overlay-gradient":""},"mobile":{"background-color":"var(--ast-global-color-5)","background-image":"","background-repeat":"repeat","background-position":"center center","background-size":"auto","background-attachment":"scroll","background-type":"","background-media":"","overlay-type":"","overlay-color":"","overlay-opacity":"","overlay-gradient":""}},"footnotes":""},"class_list":["post-5342","page","type-page","status-publish","hentry"],"post_mailing_queue_ids":[],"_links":{"self":[{"href":"https:\/\/agora.xtec.cat\/escolafontfargas\/wp-json\/wp\/v2\/pages\/5342","targetHints":{"allow":["GET"]}}],"collection":[{"href":"https:\/\/agora.xtec.cat\/escolafontfargas\/wp-json\/wp\/v2\/pages"}],"about":[{"href":"https:\/\/agora.xtec.cat\/escolafontfargas\/wp-json\/wp\/v2\/types\/page"}],"author":[{"embeddable":true,"href":"https:\/\/agora.xtec.cat\/escolafontfargas\/wp-json\/wp\/v2\/users\/1"}],"replies":[{"embeddable":true,"href":"https:\/\/agora.xtec.cat\/escolafontfargas\/wp-json\/wp\/v2\/comments?post=5342"}],"version-history":[{"count":3,"href":"https:\/\/agora.xtec.cat\/escolafontfargas\/wp-json\/wp\/v2\/pages\/5342\/revisions"}],"predecessor-version":[{"id":5926,"href":"https:\/\/agora.xtec.cat\/escolafontfargas\/wp-json\/wp\/v2\/pages\/5342\/revisions\/5926"}],"wp:attachment":[{"href":"https:\/\/agora.xtec.cat\/escolafontfargas\/wp-json\/wp\/v2\/media?parent=5342"}],"curies":[{"name":"wp","href":"https:\/\/api.w.org\/{rel}","templated":true}]}}