{"id":499,"date":"2016-11-02T12:14:31","date_gmt":"2016-11-02T11:14:31","guid":{"rendered":"http:\/\/agora.xtec.cat\/escolafontfargas\/?page_id=499"},"modified":"2025-02-13T10:32:07","modified_gmt":"2025-02-13T09:32:07","slug":"educacio-ambiental","status":"publish","type":"page","link":"https:\/\/agora.xtec.cat\/escolafontfargas\/projecte-educatiu\/educacio-ambiental\/","title":{"rendered":"Escola de Natura"},"content":{"rendered":"<p><strong>QU\u00c8 \u00c9S L&#8217;ESCOLA NATURA?<\/strong><\/p>\n<p>L\u2019Escola de Natura \u00e9s un espai que ens permet treballar el medi natural\u00a0 a partir de l\u2019 entorn de l\u2019escola, desenvolupant les compet\u00e8ncies b\u00e0siques des de \u00a0l&#8217;\u00e0mbit de coneixement del medi d\u2019una manera m\u00e9s activa i experimental des de P3 fins a 6\u00e8.<\/p>\n<p><a href=\"http:\/\/agora.xtec.cat\/escolafontfargas\/wp-content\/uploads\/usu1543\/2016\/11\/hort-CS.jpg\"><img loading=\"lazy\" decoding=\"async\" class=\"alignnone size-large wp-image-1173\" src=\"http:\/\/agora.xtec.cat\/escolafontfargas\/wp-content\/uploads\/usu1543\/2016\/11\/hort-CS-1024x575.jpg\" alt=\"hort-cs\" width=\"1024\" height=\"575\" srcset=\"https:\/\/agora.xtec.cat\/escolafontfargas\/wp-content\/uploads\/usu1543\/2016\/11\/hort-CS.jpg 1024w, https:\/\/agora.xtec.cat\/escolafontfargas\/wp-content\/uploads\/usu1543\/2016\/11\/hort-CS-300x168.jpg 300w, https:\/\/agora.xtec.cat\/escolafontfargas\/wp-content\/uploads\/usu1543\/2016\/11\/hort-CS-768x431.jpg 768w\" sizes=\"auto, (max-width: 1024px) 100vw, 1024px\" \/><\/a><\/p>\n<p>A m\u00e9s de l\u2019entorn privilegiat que ens ofereix ser un centre situat a l\u2019entrada del\u00a0 parc dels Tres Turons, a l\u2019escola disposem de m\u00e9s de 4.000m quadrats de terreny que \u00e9s l\u2019h\u00e0bitat d\u2019un munt d\u2019esp\u00e8cies. Nosaltres nom\u00e9s hi accedim per observar els \u00e9ssers vius, tenir-ne cura i gaudir del contacte amb la natura.<\/p>\n<p><a href=\"http:\/\/agora.xtec.cat\/escolafontfargas\/wp-content\/uploads\/usu1543\/2016\/11\/raco-oliveres.jpg\"><img loading=\"lazy\" decoding=\"async\" class=\"alignnone size-large wp-image-1174\" src=\"http:\/\/agora.xtec.cat\/escolafontfargas\/wp-content\/uploads\/usu1543\/2016\/11\/raco-oliveres-1024x682.jpg\" alt=\"raco-oliveres\" width=\"1024\" height=\"682\" srcset=\"https:\/\/agora.xtec.cat\/escolafontfargas\/wp-content\/uploads\/usu1543\/2016\/11\/raco-oliveres.jpg 1024w, https:\/\/agora.xtec.cat\/escolafontfargas\/wp-content\/uploads\/usu1543\/2016\/11\/raco-oliveres-300x200.jpg 300w, https:\/\/agora.xtec.cat\/escolafontfargas\/wp-content\/uploads\/usu1543\/2016\/11\/raco-oliveres-768x512.jpg 768w\" sizes=\"auto, (max-width: 1024px) 100vw, 1024px\" \/><\/a><\/p>\n<p>L\u2019Escola de Natrura \u00e9s un espai integrat a l\u2019activitat escolar que facilita la nostra sensibilitzaci\u00f3 per tenir cura del medi ambient.<\/p>\n<p>&nbsp;<\/p>\n<p><strong>EL BOSC<\/strong><\/p>\n<p>El bosc \u00e9s la zona on intervenim el m\u00ednim possible, per tal de con\u00e8ixer la seva pr\u00f2pia vida. Hi ha tres zones diferenciades: els bosc dels acants, els bosc dels sa\u00fccs, el rac\u00f3 de les oliveres i l\u2019espai dels cactus i plantes crasses.<\/p>\n<p><a href=\"http:\/\/agora.xtec.cat\/escolafontfargas\/wp-content\/uploads\/usu1543\/2016\/11\/caixa-niu.jpg\"><img loading=\"lazy\" decoding=\"async\" class=\"alignnone size-large wp-image-1177\" src=\"http:\/\/agora.xtec.cat\/escolafontfargas\/wp-content\/uploads\/usu1543\/2016\/11\/caixa-niu-1024x768.jpg\" alt=\"caixa-niu\" width=\"1024\" height=\"768\" srcset=\"https:\/\/agora.xtec.cat\/escolafontfargas\/wp-content\/uploads\/usu1543\/2016\/11\/caixa-niu.jpg 1024w, https:\/\/agora.xtec.cat\/escolafontfargas\/wp-content\/uploads\/usu1543\/2016\/11\/caixa-niu-300x225.jpg 300w, https:\/\/agora.xtec.cat\/escolafontfargas\/wp-content\/uploads\/usu1543\/2016\/11\/caixa-niu-768x576.jpg 768w, https:\/\/agora.xtec.cat\/escolafontfargas\/wp-content\/uploads\/usu1543\/2016\/11\/caixa-niu-200x150.jpg 200w\" sizes=\"auto, (max-width: 1024px) 100vw, 1024px\" \/><\/a><\/p>\n<p><strong>ELS HORTS I ELS PARTERRES DE CULTIU<\/strong><\/p>\n<p>A cada cicle d\u2019educaci\u00f3 infantil i prim\u00e0ria, \u00a0aprenem del cultiu de l\u2019hort amb aprofitament comestible:<\/p>\n<p><a href=\"http:\/\/agora.xtec.cat\/escolafontfargas\/wp-content\/uploads\/usu1543\/2016\/11\/hort-2n.jpg\"><img loading=\"lazy\" decoding=\"async\" class=\"alignnone wp-image-1178\" src=\"http:\/\/agora.xtec.cat\/escolafontfargas\/wp-content\/uploads\/usu1543\/2016\/11\/hort-2n-1024x768.jpg\" alt=\"hort-2n\" width=\"510\" height=\"379\" \/><\/a><a href=\"http:\/\/agora.xtec.cat\/escolafontfargas\/wp-content\/uploads\/usu1543\/2016\/11\/hort-CM-1.jpg\"><img loading=\"lazy\" decoding=\"async\" class=\"alignnone wp-image-1179\" src=\"http:\/\/agora.xtec.cat\/escolafontfargas\/wp-content\/uploads\/usu1543\/2016\/11\/hort-CM-1-1024x768.jpg\" alt=\"hort-cm\" width=\"510\" height=\"383\" srcset=\"https:\/\/agora.xtec.cat\/escolafontfargas\/wp-content\/uploads\/usu1543\/2016\/11\/hort-CM-1.jpg 1024w, https:\/\/agora.xtec.cat\/escolafontfargas\/wp-content\/uploads\/usu1543\/2016\/11\/hort-CM-1-300x225.jpg 300w, https:\/\/agora.xtec.cat\/escolafontfargas\/wp-content\/uploads\/usu1543\/2016\/11\/hort-CM-1-768x576.jpg 768w, https:\/\/agora.xtec.cat\/escolafontfargas\/wp-content\/uploads\/usu1543\/2016\/11\/hort-CM-1-200x150.jpg 200w\" sizes=\"auto, (max-width: 510px) 100vw, 510px\" \/><\/a><\/p>\n<ul>\n<li>A l\u2019educaci\u00f3 infantil amb plantes de les quals ens mengem les fulles.<\/li>\n<li>A cicle inicial amb plantes de les quals ens mengem les llavors.<\/li>\n<li>A cicle mitj\u00e0 plantes de les quals ens mengem les arrels.<\/li>\n<li>I a cicle superior experimentem diferents tipus de reproducci\u00f3: llavors, tubercles, bulbs i estolons.<\/li>\n<\/ul>\n<p>Fem observaci\u00f3 de les flors a l\u2019educaci\u00f3 infantil, de les espigues al cicle inicial,\u00a0 de les crasses i cact\u00e0cies al cicle mitj\u00e0 i de les plantes arom\u00e0tiques i medicinals a cicle superior.<\/p>\n<p><a href=\"http:\/\/agora.xtec.cat\/escolafontfargas\/wp-content\/uploads\/usu1543\/2016\/11\/aromatiques.jpg\"><img loading=\"lazy\" decoding=\"async\" class=\"alignnone wp-image-1180\" src=\"http:\/\/agora.xtec.cat\/escolafontfargas\/wp-content\/uploads\/usu1543\/2016\/11\/aromatiques-1024x768.jpg\" alt=\"aromatiques\" width=\"510\" height=\"384\" srcset=\"https:\/\/agora.xtec.cat\/escolafontfargas\/wp-content\/uploads\/usu1543\/2016\/11\/aromatiques.jpg 1024w, https:\/\/agora.xtec.cat\/escolafontfargas\/wp-content\/uploads\/usu1543\/2016\/11\/aromatiques-300x225.jpg 300w, https:\/\/agora.xtec.cat\/escolafontfargas\/wp-content\/uploads\/usu1543\/2016\/11\/aromatiques-768x576.jpg 768w, https:\/\/agora.xtec.cat\/escolafontfargas\/wp-content\/uploads\/usu1543\/2016\/11\/aromatiques-200x150.jpg 200w\" sizes=\"auto, (max-width: 510px) 100vw, 510px\" \/><\/a><a href=\"http:\/\/agora.xtec.cat\/escolafontfargas\/wp-content\/uploads\/usu1543\/2016\/11\/crasses.jpg\"><img loading=\"lazy\" decoding=\"async\" class=\"alignnone wp-image-1181\" src=\"http:\/\/agora.xtec.cat\/escolafontfargas\/wp-content\/uploads\/usu1543\/2016\/11\/crasses-1024x768.jpg\" alt=\"crasses\" width=\"510\" height=\"385\" srcset=\"https:\/\/agora.xtec.cat\/escolafontfargas\/wp-content\/uploads\/usu1543\/2016\/11\/crasses-300x225.jpg 300w, https:\/\/agora.xtec.cat\/escolafontfargas\/wp-content\/uploads\/usu1543\/2016\/11\/crasses-200x150.jpg 200w\" sizes=\"auto, (max-width: 510px) 100vw, 510px\" \/><\/a><\/p>\n<p><strong>LA CASETA DE LES EINES I L&#8217;AULA TALLER DE NATURA<\/strong><\/p>\n<p>A la caseta de les eines es guarden tots els estris que necessitem per treballar als horts. Les fam\u00edlies i la Fundaci\u00f3 Els Tres Turons ens ajuden a mantenir-la endre\u00e7ada i organitzada.<\/p>\n<p>L\u2019aula taller de natura \u00e9s un espai nou que ens servir\u00e0 per analitzar i treballar activament com a complement del treball de camp que fem quan anem al nostre bosc.<\/p>\n<p><a href=\"http:\/\/agora.xtec.cat\/escolafontfargas\/wp-content\/uploads\/usu1543\/2016\/11\/sembrem.jpg\"><img loading=\"lazy\" decoding=\"async\" class=\"alignnone wp-image-1182\" src=\"http:\/\/agora.xtec.cat\/escolafontfargas\/wp-content\/uploads\/usu1543\/2016\/11\/sembrem-1024x768.jpg\" alt=\"sembrem\" width=\"508\" height=\"379\" srcset=\"https:\/\/agora.xtec.cat\/escolafontfargas\/wp-content\/uploads\/usu1543\/2016\/11\/sembrem-300x225.jpg 300w, https:\/\/agora.xtec.cat\/escolafontfargas\/wp-content\/uploads\/usu1543\/2016\/11\/sembrem-200x150.jpg 200w\" sizes=\"auto, (max-width: 508px) 100vw, 508px\" \/><\/a><a href=\"http:\/\/agora.xtec.cat\/escolafontfargas\/wp-content\/uploads\/usu1543\/2016\/11\/eines-1.jpg\"><img loading=\"lazy\" decoding=\"async\" class=\"alignnone wp-image-1184\" src=\"http:\/\/agora.xtec.cat\/escolafontfargas\/wp-content\/uploads\/usu1543\/2016\/11\/eines-1-1024x768.jpg\" alt=\"eines\" width=\"508\" height=\"382\" srcset=\"https:\/\/agora.xtec.cat\/escolafontfargas\/wp-content\/uploads\/usu1543\/2016\/11\/eines-1.jpg 1024w, https:\/\/agora.xtec.cat\/escolafontfargas\/wp-content\/uploads\/usu1543\/2016\/11\/eines-1-300x225.jpg 300w, https:\/\/agora.xtec.cat\/escolafontfargas\/wp-content\/uploads\/usu1543\/2016\/11\/eines-1-768x576.jpg 768w, https:\/\/agora.xtec.cat\/escolafontfargas\/wp-content\/uploads\/usu1543\/2016\/11\/eines-1-200x150.jpg 200w\" sizes=\"auto, (max-width: 508px) 100vw, 508px\" \/><\/a><\/p>\n<p><strong>LA BASSA<\/strong><\/p>\n<p><span style=\"font-weight: 400;\">Amb l\u2019esfor\u00e7 de fam\u00edlies i mestres l\u2019any 2004 es va construir la primera bassa a l\u2019escola de natura. <\/span><span style=\"font-weight: 400;\">Quan el curs 2011-12 queda inaugurada l\u2019EBM Els Tres Turons, s\u2019inicia el llarg cam\u00ed de recuperaci\u00f3 dels espais afectats. Es compta, de nou, amb l\u2019entusiasme del professorat i de l\u2019AFA i les col\u00b7laboracions professionals i d\u2019entitats com Mart\u00ed Codolar, primer, i la Fundaci\u00f3 Tres Turons, despr\u00e9s.<\/span><\/p>\n<p><span style=\"font-weight: 400;\">El curs 2011-2012 la construcci\u00f3 de l\u2019escola bressol Tres Turons en aquesta zona ens va fer perdre l\u2019espai de la bassa i dels horts. <\/span><span style=\"font-weight: 400;\">El curs 2016-17 queda constru\u00efda una nova bassa naturalitzada, amb ecosistema mediterrani, gr\u00e0cies als professionals de l\u2019Associaci\u00f3 Galanthus i a la implicaci\u00f3 de l\u2019AFA i la comunitat educativa.<\/span><\/p>\n<p><span style=\"font-weight: 400;\">La nova bassa <\/span><span style=\"font-weight: 400;\">est\u00e0 ubicada davant l\u2019aula de natura, un mirador privilegiat perqu\u00e8 els alumnes puguin observar aquest ecosistema amb la menor afectaci\u00f3 possible a la fauna.<\/span><\/p>\n<p>Una imatge de l&#8217;antiga bassa.<\/p>\n<p><a href=\"http:\/\/agora.xtec.cat\/escolafontfargas\/wp-content\/uploads\/usu1543\/2016\/11\/bassa-antiga.jpg\"><img loading=\"lazy\" decoding=\"async\" class=\"alignnone size-large wp-image-1185\" src=\"http:\/\/agora.xtec.cat\/escolafontfargas\/wp-content\/uploads\/usu1543\/2016\/11\/bassa-antiga-1024x768.jpg\" alt=\"bassa-antiga\" width=\"1024\" height=\"768\" srcset=\"https:\/\/agora.xtec.cat\/escolafontfargas\/wp-content\/uploads\/usu1543\/2016\/11\/bassa-antiga.jpg 1024w, https:\/\/agora.xtec.cat\/escolafontfargas\/wp-content\/uploads\/usu1543\/2016\/11\/bassa-antiga-300x225.jpg 300w, https:\/\/agora.xtec.cat\/escolafontfargas\/wp-content\/uploads\/usu1543\/2016\/11\/bassa-antiga-768x576.jpg 768w, https:\/\/agora.xtec.cat\/escolafontfargas\/wp-content\/uploads\/usu1543\/2016\/11\/bassa-antiga-200x150.jpg 200w\" sizes=\"auto, (max-width: 1024px) 100vw, 1024px\" \/><br \/>\n<\/a>Una imatge de la bassa actual<\/p>\n<p><a href=\"https:\/\/agora.xtec.cat\/escolafontfargas\/wp-content\/uploads\/usu1543\/2022\/02\/PHOTO-2021-05-16-12-56-00-1.jpg\"><img loading=\"lazy\" decoding=\"async\" class=\"alignnone size-large wp-image-12484\" src=\"https:\/\/agora.xtec.cat\/escolafontfargas\/wp-content\/uploads\/usu1543\/2022\/02\/PHOTO-2021-05-16-12-56-00-1-1024x768.jpg\" alt=\"\" width=\"1024\" height=\"768\" srcset=\"https:\/\/agora.xtec.cat\/escolafontfargas\/wp-content\/uploads\/usu1543\/2022\/02\/PHOTO-2021-05-16-12-56-00-1-1024x768.jpg 1024w, https:\/\/agora.xtec.cat\/escolafontfargas\/wp-content\/uploads\/usu1543\/2022\/02\/PHOTO-2021-05-16-12-56-00-1-300x225.jpg 300w, https:\/\/agora.xtec.cat\/escolafontfargas\/wp-content\/uploads\/usu1543\/2022\/02\/PHOTO-2021-05-16-12-56-00-1-768x576.jpg 768w, https:\/\/agora.xtec.cat\/escolafontfargas\/wp-content\/uploads\/usu1543\/2022\/02\/PHOTO-2021-05-16-12-56-00-1-1536x1152.jpg 1536w, https:\/\/agora.xtec.cat\/escolafontfargas\/wp-content\/uploads\/usu1543\/2022\/02\/PHOTO-2021-05-16-12-56-00-1-200x150.jpg 200w, https:\/\/agora.xtec.cat\/escolafontfargas\/wp-content\/uploads\/usu1543\/2022\/02\/PHOTO-2021-05-16-12-56-00-1.jpg 1600w\" sizes=\"auto, (max-width: 1024px) 100vw, 1024px\" \/><\/a><\/p>\n<p><strong>TREBALL CONJUNT AMB LA\u00a0FUNDACI\u00d3 TRES TURONS<\/strong><\/p>\n<p><span style=\"font-weight: 400;\">Des del curs 2006-2007 l\u2019escola t\u00e9 un conveni de col\u00b7laboraci\u00f3 amb aquesta fundaci\u00f3, a partir del qual treballem conjuntament un projecte d\u2019aprenentatge servei que ha anat creixent al llarg dels anys. Actualment\u00a0 col\u00b7laboren amb en el manteniment de l\u2019escola i dels\u00a0 espais de l\u2019Escola de Natura, fent\u00a0 activitats d\u2019aprenentatge servei: plantaci\u00f3 de bulbs, manteniment jard\u00ed,&#8230;<\/span><\/p>\n<p><span style=\"font-weight: 400;\">Aquesta col\u00b7laboraci\u00f3 ens ha destacat com a escola innovadora en ApS (aprenentatge servei) i hem estat guardonats amb el \u201cPremio de aprendizaje y servicio\u201d per #ProjecteJunts i\u00a0 pel projecte <a href=\"https:\/\/www.youtube.com\/watch?v=Kj8XJR9_MTA\">#CACTUSEXPERIENCE<\/a><\/span><\/p>\n<p><a href=\"https:\/\/agora.xtec.cat\/escolafontfargas\/wp-content\/uploads\/usu1543\/2022\/02\/20211115_102146.jpg\"><img loading=\"lazy\" decoding=\"async\" class=\"alignnone size-large wp-image-12504\" src=\"https:\/\/agora.xtec.cat\/escolafontfargas\/wp-content\/uploads\/usu1543\/2022\/02\/20211115_102146-1024x768.jpg\" alt=\"\" width=\"1024\" height=\"768\" srcset=\"https:\/\/agora.xtec.cat\/escolafontfargas\/wp-content\/uploads\/usu1543\/2022\/02\/20211115_102146-1024x768.jpg 1024w, https:\/\/agora.xtec.cat\/escolafontfargas\/wp-content\/uploads\/usu1543\/2022\/02\/20211115_102146-300x225.jpg 300w, https:\/\/agora.xtec.cat\/escolafontfargas\/wp-content\/uploads\/usu1543\/2022\/02\/20211115_102146-768x576.jpg 768w, https:\/\/agora.xtec.cat\/escolafontfargas\/wp-content\/uploads\/usu1543\/2022\/02\/20211115_102146-200x150.jpg 200w, https:\/\/agora.xtec.cat\/escolafontfargas\/wp-content\/uploads\/usu1543\/2022\/02\/20211115_102146.jpg 1152w\" sizes=\"auto, (max-width: 1024px) 100vw, 1024px\" \/><\/a><\/p>\n<p><a href=\"https:\/\/agora.xtec.cat\/escolafontfargas\/wp-content\/uploads\/usu1543\/2022\/01\/20220128_153352.jpg\"><img loading=\"lazy\" decoding=\"async\" class=\"alignnone size-large wp-image-12416\" src=\"https:\/\/agora.xtec.cat\/escolafontfargas\/wp-content\/uploads\/usu1543\/2022\/01\/20220128_153352-1024x768.jpg\" alt=\"\" width=\"1024\" height=\"768\" srcset=\"https:\/\/agora.xtec.cat\/escolafontfargas\/wp-content\/uploads\/usu1543\/2022\/01\/20220128_153352-1024x768.jpg 1024w, https:\/\/agora.xtec.cat\/escolafontfargas\/wp-content\/uploads\/usu1543\/2022\/01\/20220128_153352-300x225.jpg 300w, https:\/\/agora.xtec.cat\/escolafontfargas\/wp-content\/uploads\/usu1543\/2022\/01\/20220128_153352-768x576.jpg 768w, https:\/\/agora.xtec.cat\/escolafontfargas\/wp-content\/uploads\/usu1543\/2022\/01\/20220128_153352-200x150.jpg 200w, https:\/\/agora.xtec.cat\/escolafontfargas\/wp-content\/uploads\/usu1543\/2022\/01\/20220128_153352.jpg 1156w\" sizes=\"auto, (max-width: 1024px) 100vw, 1024px\" \/><\/a><\/p>\n<p>&nbsp;<\/p>\n<p>&nbsp;<\/p>\n<p>&nbsp;<\/p>\n<p><strong>ELS GEGANTS DE L\u2019ESCOLA<\/strong><\/p>\n<p>A partir d\u2019 elements caracter\u00edstics de l\u2019Escola de Natura s\u2019han construit els gegants de l\u2019escola: la Fargueta de Tres Turons, el Sol Solet i en Maic que \u00e9s la mascota del cam\u00ed escolar.<\/p>\n<p><a href=\"https:\/\/agora.xtec.cat\/escolafontfargas\/wp-content\/uploads\/usu1543\/2016\/11\/gegants-i-maic-e1739437042782.jpg\"><img loading=\"lazy\" decoding=\"async\" class=\"alignnone wp-image-1186 size-full\" src=\"https:\/\/agora.xtec.cat\/escolafontfargas\/wp-content\/uploads\/usu1543\/2016\/11\/gegants-i-maic-e1739437042782.jpg\" alt=\"\" width=\"1006\" height=\"599\" srcset=\"https:\/\/agora.xtec.cat\/escolafontfargas\/wp-content\/uploads\/usu1543\/2016\/11\/gegants-i-maic-e1739437042782.jpg 1006w, https:\/\/agora.xtec.cat\/escolafontfargas\/wp-content\/uploads\/usu1543\/2016\/11\/gegants-i-maic-e1739437042782-300x179.jpg 300w, https:\/\/agora.xtec.cat\/escolafontfargas\/wp-content\/uploads\/usu1543\/2016\/11\/gegants-i-maic-e1739437042782-768x457.jpg 768w\" sizes=\"auto, (max-width: 1006px) 100vw, 1006px\" \/><\/a><\/p>\n<p><strong>DINAMITZACI\u00d3 DE L\u2019ESCOLA DE NATURA<\/strong><\/p>\n<p><strong>El departament del medi <\/strong>de l\u2019escola coordina les actuacions de l\u2019equip docent, impulsa i coordina el treball a l\u2019Escola de Natura.<\/p>\n<p><strong>El comit\u00e8 ambiental <\/strong>de l\u2019escola format per mestres i alumnes, ajuda a fer el seguiment de les actuacions de millora ambiental que es planifiquen a l\u2019escola.<\/p>\n<p>El <strong>grup de natura de l\u2019AMPA <\/strong>dona ampli suport a moltes de les actuacions a l\u2019Escola de Natura.<\/p>\n<p><strong>CAMI ESCOLAR, ESPAI AMIC<\/strong><\/p>\n<p>El curs 2013-2014 es va comen\u00e7ar a treballar el projecte Cam\u00ed escolar, espai amic. El curs 2014-2015 s\u2019inaugura el 1r Cam\u00ed escolar de la Font d\u2019en Fargues. Es projecte es realitza conjuntament amb l\u2019EBM Els Tres Turons i les entitats del barri. El projecte Cam\u00ed escolar ha estat una oportunitat per treballar valors com autonomia, confian\u00e7a i conviv\u00e8ncia. Tamb\u00e9 per fer un projecte conjunt amb les fam\u00edlies i mestres que caldr\u00e0 seguir potenciant. Del 2 al 19 de juny de 2015 es presenta l\u2019exposici\u00f3 \u201cFem amics pel cam\u00ed \u201c, al Casal de la Font d\u2019en Fargues.<\/p>\n<p><b>HOTEL D\u2019INSECTES<\/b><\/p>\n<p><span style=\"font-weight: 400;\">Les fam\u00edlies s\u00f3n una part imprescindible del creixement de l\u2019escola de natura. Amb les seves aportacions i col\u00b7laboracions podem gaudir de la confecci\u00f3 d\u2019aquest hotel d\u2019insectes que est\u00e0 col\u00b7locat al rac\u00f3 de les crasses i cact\u00e0cies.<\/span><\/p>\n<p><a href=\"https:\/\/agora.xtec.cat\/escolafontfargas\/wp-content\/uploads\/usu1543\/2022\/02\/HOTEL-INSECTES_opt.jpg\"><img loading=\"lazy\" decoding=\"async\" class=\"size-full wp-image-12487 aligncenter\" src=\"https:\/\/agora.xtec.cat\/escolafontfargas\/wp-content\/uploads\/usu1543\/2022\/02\/HOTEL-INSECTES_opt.jpg\" alt=\"\" width=\"400\" height=\"533\" srcset=\"https:\/\/agora.xtec.cat\/escolafontfargas\/wp-content\/uploads\/usu1543\/2022\/02\/HOTEL-INSECTES_opt.jpg 400w, https:\/\/agora.xtec.cat\/escolafontfargas\/wp-content\/uploads\/usu1543\/2022\/02\/HOTEL-INSECTES_opt-225x300.jpg 225w\" sizes=\"auto, (max-width: 400px) 100vw, 400px\" \/><\/a><\/p>\n<p><span style=\"font-weight: 400;\">J<\/span><b>ORNADES DE TARDOR I PRIMAVERA<\/b><\/p>\n<p><span style=\"font-weight: 400;\">Cada any es convoca a tota la comunitat educativa per celebrar dos jornades de conviv\u00e8ncia entre les fam\u00edlies i els mestres de l&#8217;escola. A la Jornada de tardor es preparen els espais de l\u2019escola de natura (horts) per poder plantar durant el curs i a la primavera es convoca una altra jornada per mostrar el que s\u2019ha treballat durant el curs.<\/span><\/p>\n<p style=\"text-align: left;\">\u00a0 \u00a0 \u00a0 \u00a0 \u00a0 \u00a0 \u00a0 \u00a0 \u00a0 \u00a0 \u00a0 \u00a0 \u00a0Jornada de tardor\u00a0 \u00a0 \u00a0 \u00a0 \u00a0 \u00a0 \u00a0 \u00a0 \u00a0 \u00a0 \u00a0 \u00a0 \u00a0 \u00a0 \u00a0 \u00a0 \u00a0 \u00a0 \u00a0 \u00a0 \u00a0 \u00a0 \u00a0 \u00a0 \u00a0 \u00a0 Jornada de primavera<\/p>\n<p><a href=\"https:\/\/agora.xtec.cat\/escolafontfargas\/wp-content\/uploads\/usu1543\/2022\/02\/IMG_9600_opt.jpg\"><img loading=\"lazy\" decoding=\"async\" class=\"size-full wp-image-12489 alignleft\" src=\"https:\/\/agora.xtec.cat\/escolafontfargas\/wp-content\/uploads\/usu1543\/2022\/02\/IMG_9600_opt.jpg\" alt=\"\" width=\"400\" height=\"300\" srcset=\"https:\/\/agora.xtec.cat\/escolafontfargas\/wp-content\/uploads\/usu1543\/2022\/02\/IMG_9600_opt.jpg 400w, https:\/\/agora.xtec.cat\/escolafontfargas\/wp-content\/uploads\/usu1543\/2022\/02\/IMG_9600_opt-300x225.jpg 300w, https:\/\/agora.xtec.cat\/escolafontfargas\/wp-content\/uploads\/usu1543\/2022\/02\/IMG_9600_opt-200x150.jpg 200w\" sizes=\"auto, (max-width: 400px) 100vw, 400px\" \/><\/a><\/p>\n<p><img loading=\"lazy\" decoding=\"async\" class=\"wp-image-12490 alignright\" src=\"https:\/\/agora.xtec.cat\/escolafontfargas\/wp-content\/uploads\/usu1543\/2022\/02\/IMG_3047_opt.jpg\" alt=\"\" width=\"400\" height=\"300\" srcset=\"https:\/\/agora.xtec.cat\/escolafontfargas\/wp-content\/uploads\/usu1543\/2022\/02\/IMG_3047_opt.jpg 400w, https:\/\/agora.xtec.cat\/escolafontfargas\/wp-content\/uploads\/usu1543\/2022\/02\/IMG_3047_opt-300x225.jpg 300w, https:\/\/agora.xtec.cat\/escolafontfargas\/wp-content\/uploads\/usu1543\/2022\/02\/IMG_3047_opt-200x150.jpg 200w\" sizes=\"auto, (max-width: 400px) 100vw, 400px\" \/><\/p>\n<p>&nbsp;<\/p>\n<p>&nbsp;<\/p>\n<p>&nbsp;<\/p>\n<p>ESCOLA REFUGI CLIM\u00c0TIC<br \/>\nActualment l\u2019escola \u00e9s refugi clim\u00e0tic per episodis de calor extrema al barri d\u2019Horta-Guinard\u00f3. Des del curs 19-20 es van dissenyar actuacions en el VERD (natura), BLAU (aigua) I GRIS (edifici). Es van acondicionar els patis amb m\u00e9s vegetaci\u00f3 i inaugurant el jard\u00ed mediterrani i el pati dels lledoners. Es va millorar el paviment dels patis per evitar inundacions en episodis de pluja i es van instal\u00b7lar fonts per refrescar-se. A l\u2019interior del centre es va instal\u00b7lar la ventilaci\u00f3 creuada per millorar la qualitat de l\u2019aire.<\/p>\n<p><a href=\"https:\/\/agora.xtec.cat\/escolafontfargas\/wp-content\/uploads\/usu1543\/2022\/02\/ESPAI-MEDITERRANI_opt.jpg\"><img loading=\"lazy\" decoding=\"async\" class=\"size-full wp-image-12495 aligncenter\" src=\"https:\/\/agora.xtec.cat\/escolafontfargas\/wp-content\/uploads\/usu1543\/2022\/02\/ESPAI-MEDITERRANI_opt.jpg\" alt=\"\" width=\"400\" height=\"300\" srcset=\"https:\/\/agora.xtec.cat\/escolafontfargas\/wp-content\/uploads\/usu1543\/2022\/02\/ESPAI-MEDITERRANI_opt.jpg 400w, https:\/\/agora.xtec.cat\/escolafontfargas\/wp-content\/uploads\/usu1543\/2022\/02\/ESPAI-MEDITERRANI_opt-300x225.jpg 300w, https:\/\/agora.xtec.cat\/escolafontfargas\/wp-content\/uploads\/usu1543\/2022\/02\/ESPAI-MEDITERRANI_opt-200x150.jpg 200w\" sizes=\"auto, (max-width: 400px) 100vw, 400px\" \/><\/a><\/p>\n<p>&nbsp;<\/p>\n<p>&nbsp;<\/p>\n<p>&nbsp;<\/p>\n","protected":false},"excerpt":{"rendered":"<p>QU\u00c8 \u00c9S L&#8217;ESCOLA NATURA? L\u2019Escola de Natura \u00e9s un espai que ens permet treballar el medi natural\u00a0 a partir de [&hellip;]<\/p>\n","protected":false},"author":1,"featured_media":0,"parent":64,"menu_order":8,"comment_status":"closed","ping_status":"closed","template":"","meta":{"_bbp_topic_count":0,"_bbp_reply_count":0,"_bbp_total_topic_count":0,"_bbp_total_reply_count":0,"_bbp_voice_count":0,"_bbp_anonymous_reply_count":0,"_bbp_topic_count_hidden":0,"_bbp_reply_count_hidden":0,"_bbp_forum_subforum_count":0,"site-sidebar-layout":"default","site-content-layout":"","ast-site-content-layout":"default","site-content-style":"default","site-sidebar-style":"default","ast-global-header-display":"","ast-banner-title-visibility":"","ast-main-header-display":"","ast-hfb-above-header-display":"","ast-hfb-below-header-display":"","ast-hfb-mobile-header-display":"","site-post-title":"","ast-breadcrumbs-content":"","ast-featured-img":"","footer-sml-layout":"","theme-transparent-header-meta":"default","adv-header-id-meta":"","stick-header-meta":"","header-above-stick-meta":"","header-main-stick-meta":"","header-below-stick-meta":"","astra-migrate-meta-layouts":"set","ast-page-background-enabled":"default","ast-page-background-meta":{"desktop":{"background-color":"var(--ast-global-color-4)","background-image":"","background-repeat":"repeat","background-position":"center center","background-size":"auto","background-attachment":"scroll","background-type":"","background-media":"","overlay-type":"","overlay-color":"","overlay-opacity":"","overlay-gradient":""},"tablet":{"background-color":"","background-image":"","background-repeat":"repeat","background-position":"center center","background-size":"auto","background-attachment":"scroll","background-type":"","background-media":"","overlay-type":"","overlay-color":"","overlay-opacity":"","overlay-gradient":""},"mobile":{"background-color":"","background-image":"","background-repeat":"repeat","background-position":"center center","background-size":"auto","background-attachment":"scroll","background-type":"","background-media":"","overlay-type":"","overlay-color":"","overlay-opacity":"","overlay-gradient":""}},"ast-content-background-meta":{"desktop":{"background-color":"var(--ast-global-color-5)","background-image":"","background-repeat":"repeat","background-position":"center center","background-size":"auto","background-attachment":"scroll","background-type":"","background-media":"","overlay-type":"","overlay-color":"","overlay-opacity":"","overlay-gradient":""},"tablet":{"background-color":"var(--ast-global-color-5)","background-image":"","background-repeat":"repeat","background-position":"center center","background-size":"auto","background-attachment":"scroll","background-type":"","background-media":"","overlay-type":"","overlay-color":"","overlay-opacity":"","overlay-gradient":""},"mobile":{"background-color":"var(--ast-global-color-5)","background-image":"","background-repeat":"repeat","background-position":"center center","background-size":"auto","background-attachment":"scroll","background-type":"","background-media":"","overlay-type":"","overlay-color":"","overlay-opacity":"","overlay-gradient":""}},"footnotes":""},"class_list":["post-499","page","type-page","status-publish","hentry"],"post_mailing_queue_ids":[],"_links":{"self":[{"href":"https:\/\/agora.xtec.cat\/escolafontfargas\/wp-json\/wp\/v2\/pages\/499","targetHints":{"allow":["GET"]}}],"collection":[{"href":"https:\/\/agora.xtec.cat\/escolafontfargas\/wp-json\/wp\/v2\/pages"}],"about":[{"href":"https:\/\/agora.xtec.cat\/escolafontfargas\/wp-json\/wp\/v2\/types\/page"}],"author":[{"embeddable":true,"href":"https:\/\/agora.xtec.cat\/escolafontfargas\/wp-json\/wp\/v2\/users\/1"}],"replies":[{"embeddable":true,"href":"https:\/\/agora.xtec.cat\/escolafontfargas\/wp-json\/wp\/v2\/comments?post=499"}],"version-history":[{"count":6,"href":"https:\/\/agora.xtec.cat\/escolafontfargas\/wp-json\/wp\/v2\/pages\/499\/revisions"}],"predecessor-version":[{"id":18376,"href":"https:\/\/agora.xtec.cat\/escolafontfargas\/wp-json\/wp\/v2\/pages\/499\/revisions\/18376"}],"up":[{"embeddable":true,"href":"https:\/\/agora.xtec.cat\/escolafontfargas\/wp-json\/wp\/v2\/pages\/64"}],"wp:attachment":[{"href":"https:\/\/agora.xtec.cat\/escolafontfargas\/wp-json\/wp\/v2\/media?parent=499"}],"curies":[{"name":"wp","href":"https:\/\/api.w.org\/{rel}","templated":true}]}}