{"id":481,"date":"2016-11-02T12:05:51","date_gmt":"2016-11-02T11:05:51","guid":{"rendered":"http:\/\/agora.xtec.cat\/escolafontfargas\/?page_id=481"},"modified":"2024-09-13T11:00:34","modified_gmt":"2024-09-13T09:00:34","slug":"autoritzacions","status":"publish","type":"page","link":"https:\/\/agora.xtec.cat\/escolafontfargas\/lescola\/documents\/autoritzacions\/","title":{"rendered":"Autoritzacions"},"content":{"rendered":"<p>A l&#8217;alumnat que participi en activitats fora del centre, li caldr\u00e0 l&#8217;autoritzaci\u00f3 escrita dels seus pares, mares o representants legals. Per aix\u00f2 han de signar la seg\u00fcent <strong>AUTORITZACI\u00d3 PER SORTIDES D&#8217;EDUCACI\u00d3 INFANTIL<\/strong> <strong>o<\/strong> <strong>AUTORITZACI\u00d3 PER SORTIDES DE PRIM\u00c0RIA<\/strong><\/p>\n<p>Donat que el dret a la pr\u00f2pia imatge est\u00e0 reconegut a l&#8217;article 18.1 de la Constituci\u00f3 i regulat per la Llei org\u00e0nica 1\/1982, de 5 de maig, sobre el dret a l&#8217;honor, a la intimitat personal i familiar i a la pr\u00f2pia imatge, la direcci\u00f3 d&#8217;aquest centre demana el consentiment als pares o tutors legals per poder publicar fotografies on apareguin els seus fills i filles i en les quals siguin clarament identificables. Per aix\u00f2 cal que els pares o tutors legals firmin la seg\u00fcent autoritzaci\u00f3: <span style=\"color: #138dba;\"><a style=\"color: #138dba;\" href=\"https:\/\/drive.google.com\/file\/d\/1BAmlHIVBkYFDaTATuFPA7Y9pNGfUw5VG\/view?usp=sharing\"><strong><span style=\"color: #33cccc;\">AUTORITZACI\u00d3 PER A<\/span> <span style=\"color: #33cccc;\">PUBLICAR IMATGES DELS ALUMNES A LA WEB DEL CENTRE<\/span><\/strong><\/a><\/span><\/p>\n<p><strong>Altres autoritzacions:\u00a0<\/strong><\/p>\n<ul>\n<li class=\"bold\"><span style=\"color: #33cccc;\"><a style=\"color: #33cccc;\" href=\"https:\/\/drive.google.com\/file\/d\/1Wbqz3ns2VNtwt0EAp9giTMBKghxZ9IYC\/view?usp=share_link\"><strong>AUTORITZACI\u00d3\u00a0PER A MEDICAMENTS<\/strong><\/a><\/span><\/li>\n<li class=\"bold\"><span style=\"color: #33cccc;\"><a style=\"color: #33cccc;\" href=\"http:\/\/agora.xtec.cat\/escolafontfargas\/wp-content\/uploads\/usu1543\/2016\/11\/autoritzacio_PARACETAMOL_OK.pdf\"><strong>AUTORITZACI\u00d3 PARACETAMOL<\/strong><\/a><\/span><\/li>\n<li><span style=\"color: #33cccc;\"><a style=\"color: #33cccc;\" href=\"https:\/\/drive.google.com\/file\/d\/1wJpwlxKkqF7AZ3US8U-bOMUwS7FOGaMP\/view?usp=sharing\"><strong>AUTORITZACI\u00d3 PER SORTIR SOLS DE L&#8217;ESCOLA<\/strong><\/a> (3r, 4t, 5\u00e8 i 6\u00e8)<\/span><\/li>\n<li><a href=\"https:\/\/drive.google.com\/file\/d\/1P27vNymGWfumn4ShdUmjZioFsPh0HKNW\/view?usp=drive_link\"><span style=\"color: #33cccc;\"><strong>AUTORITZACI\u00d3 DE RECOLLIDA\u00a0<\/strong><\/span><\/a><\/li>\n<\/ul>\n<p>&nbsp;<\/p>\n<p>&nbsp;<\/p>\n","protected":false},"excerpt":{"rendered":"<p>A l&#8217;alumnat que participi en activitats fora del centre, li caldr\u00e0 l&#8217;autoritzaci\u00f3 escrita dels seus pares, mares o representants legals. [&hellip;]<\/p>\n","protected":false},"author":1,"featured_media":0,"parent":459,"menu_order":2,"comment_status":"closed","ping_status":"closed","template":"page-templates\/side-menu.php","meta":{"_bbp_topic_count":0,"_bbp_reply_count":0,"_bbp_total_topic_count":0,"_bbp_total_reply_count":0,"_bbp_voice_count":0,"_bbp_anonymous_reply_count":0,"_bbp_topic_count_hidden":0,"_bbp_reply_count_hidden":0,"_bbp_forum_subforum_count":0,"site-sidebar-layout":"default","site-content-layout":"","ast-site-content-layout":"","site-content-style":"default","site-sidebar-style":"default","ast-global-header-display":"","ast-banner-title-visibility":"","ast-main-header-display":"","ast-hfb-above-header-display":"","ast-hfb-below-header-display":"","ast-hfb-mobile-header-display":"","site-post-title":"","ast-breadcrumbs-content":"","ast-featured-img":"","footer-sml-layout":"","theme-transparent-header-meta":"","adv-header-id-meta":"","stick-header-meta":"","header-above-stick-meta":"","header-main-stick-meta":"","header-below-stick-meta":"","astra-migrate-meta-layouts":"default","ast-page-background-enabled":"default","ast-page-background-meta":{"desktop":{"background-color":"var(--ast-global-color-4)","background-image":"","background-repeat":"repeat","background-position":"center center","background-size":"auto","background-attachment":"scroll","background-type":"","background-media":"","overlay-type":"","overlay-color":"","overlay-opacity":"","overlay-gradient":""},"tablet":{"background-color":"","background-image":"","background-repeat":"repeat","background-position":"center center","background-size":"auto","background-attachment":"scroll","background-type":"","background-media":"","overlay-type":"","overlay-color":"","overlay-opacity":"","overlay-gradient":""},"mobile":{"background-color":"","background-image":"","background-repeat":"repeat","background-position":"center center","background-size":"auto","background-attachment":"scroll","background-type":"","background-media":"","overlay-type":"","overlay-color":"","overlay-opacity":"","overlay-gradient":""}},"ast-content-background-meta":{"desktop":{"background-color":"var(--ast-global-color-5)","background-image":"","background-repeat":"repeat","background-position":"center center","background-size":"auto","background-attachment":"scroll","background-type":"","background-media":"","overlay-type":"","overlay-color":"","overlay-opacity":"","overlay-gradient":""},"tablet":{"background-color":"var(--ast-global-color-5)","background-image":"","background-repeat":"repeat","background-position":"center center","background-size":"auto","background-attachment":"scroll","background-type":"","background-media":"","overlay-type":"","overlay-color":"","overlay-opacity":"","overlay-gradient":""},"mobile":{"background-color":"var(--ast-global-color-5)","background-image":"","background-repeat":"repeat","background-position":"center center","background-size":"auto","background-attachment":"scroll","background-type":"","background-media":"","overlay-type":"","overlay-color":"","overlay-opacity":"","overlay-gradient":""}},"footnotes":""},"class_list":["post-481","page","type-page","status-publish","hentry"],"post_mailing_queue_ids":[],"_links":{"self":[{"href":"https:\/\/agora.xtec.cat\/escolafontfargas\/wp-json\/wp\/v2\/pages\/481","targetHints":{"allow":["GET"]}}],"collection":[{"href":"https:\/\/agora.xtec.cat\/escolafontfargas\/wp-json\/wp\/v2\/pages"}],"about":[{"href":"https:\/\/agora.xtec.cat\/escolafontfargas\/wp-json\/wp\/v2\/types\/page"}],"author":[{"embeddable":true,"href":"https:\/\/agora.xtec.cat\/escolafontfargas\/wp-json\/wp\/v2\/users\/1"}],"replies":[{"embeddable":true,"href":"https:\/\/agora.xtec.cat\/escolafontfargas\/wp-json\/wp\/v2\/comments?post=481"}],"version-history":[{"count":8,"href":"https:\/\/agora.xtec.cat\/escolafontfargas\/wp-json\/wp\/v2\/pages\/481\/revisions"}],"predecessor-version":[{"id":17489,"href":"https:\/\/agora.xtec.cat\/escolafontfargas\/wp-json\/wp\/v2\/pages\/481\/revisions\/17489"}],"up":[{"embeddable":true,"href":"https:\/\/agora.xtec.cat\/escolafontfargas\/wp-json\/wp\/v2\/pages\/459"}],"wp:attachment":[{"href":"https:\/\/agora.xtec.cat\/escolafontfargas\/wp-json\/wp\/v2\/media?parent=481"}],"curies":[{"name":"wp","href":"https:\/\/api.w.org\/{rel}","templated":true}]}}