{"id":22,"date":"2014-09-18T12:19:57","date_gmt":"2014-09-18T10:19:57","guid":{"rendered":"http:\/\/agora.xtec.cat\/escolafontfargas\/?page_id=22"},"modified":"2017-01-24T10:49:41","modified_gmt":"2017-01-24T09:49:41","slug":"lescola","status":"publish","type":"page","link":"https:\/\/agora.xtec.cat\/escolafontfargas\/lescola\/","title":{"rendered":"L&#8217;escola"},"content":{"rendered":"<p><strong>Qui som?<\/strong><\/p>\n<p>Una escola p\u00fablica amb dues l\u00ednies des de P3 fins a 6\u00e8 situada en un entorn privilegiat i que disposa d\u2019una Escola de Natura.<\/p>\n<p>Creada al 1971, sempre s\u2019ha caracteritzat per ser un centre acollidor, innovador i obert a l\u2019experimentaci\u00f3. Des del curs 2014-2015 el centre forma part de la <a href=\"http:\/\/xtec.gencat.cat\/ca\/curriculum\/xarxacb\"><strong>Xarxa Cb<\/strong><\/a> (Xarxa de Compet\u00e8ncies b\u00e0siques) del Departament d&#8217;Ensenyament. El curs 2016-2017 el centre comen\u00e7a a formar part del programa <strong>\u201c<a href=\"http:\/\/www.edubcn.cat\/eines_per_al_canvi\">Eines per al canvi<\/a><\/strong>\u201d del Consorci d&#8217;Educaci\u00f3 de Barcelona.<\/p>\n<ul>\n<li><a href=\"http:\/\/agora.xtec.cat\/escolafontfargas\/lescola\/historia\/\">Hist\u00f2ria<\/a><\/li>\n<li><a href=\"http:\/\/agora.xtec.cat\/escolafontfargas\/lescola\/equip-docent\/\">Equip docent<\/a><\/li>\n<li><a href=\"http:\/\/agora.xtec.cat\/escolafontfargas\/lescola\/consell-escolar\/\">Consell escolar<\/a><\/li>\n<li><a href=\"http:\/\/agora.xtec.cat\/escolafontfargas\/lescola\/horaris-calendaris\/\">Horaris i calendaris<\/a><\/li>\n<li><a href=\"http:\/\/agora.xtec.cat\/escolafontfargas\/lescola\/instal%c2%b7lacions\/\">Instal\u00b7lacions i espais<\/a><\/li>\n<li><a href=\"http:\/\/agora.xtec.cat\/escolafontfargas\/lescola\/situacio\/\">Situaci\u00f3<\/a><\/li>\n<li><a href=\"http:\/\/agora.xtec.cat\/escolafontfargas\/lescola\/publicacions\/\">Publicacions<\/a><\/li>\n<li><a href=\"http:\/\/agora.xtec.cat\/escolafontfargas\/lescola\/documents\/\">Documents per a les fam\u00edlies<\/a><\/li>\n<\/ul>\n","protected":false},"excerpt":{"rendered":"<p>Qui som? Una escola p\u00fablica amb dues l\u00ednies des de P3 fins a 6\u00e8 situada en un entorn privilegiat i [&hellip;]<\/p>\n","protected":false},"author":1,"featured_media":0,"parent":0,"menu_order":0,"comment_status":"closed","ping_status":"closed","template":"page-templates\/side-menu.php","meta":{"_bbp_topic_count":0,"_bbp_reply_count":0,"_bbp_total_topic_count":0,"_bbp_total_reply_count":0,"_bbp_voice_count":0,"_bbp_anonymous_reply_count":0,"_bbp_topic_count_hidden":0,"_bbp_reply_count_hidden":0,"_bbp_forum_subforum_count":0,"site-sidebar-layout":"default","site-content-layout":"","ast-site-content-layout":"","site-content-style":"default","site-sidebar-style":"default","ast-global-header-display":"","ast-banner-title-visibility":"","ast-main-header-display":"","ast-hfb-above-header-display":"","ast-hfb-below-header-display":"","ast-hfb-mobile-header-display":"","site-post-title":"","ast-breadcrumbs-content":"","ast-featured-img":"","footer-sml-layout":"","theme-transparent-header-meta":"","adv-header-id-meta":"","stick-header-meta":"","header-above-stick-meta":"","header-main-stick-meta":"","header-below-stick-meta":"","astra-migrate-meta-layouts":"default","ast-page-background-enabled":"default","ast-page-background-meta":{"desktop":{"background-color":"var(--ast-global-color-4)","background-image":"","background-repeat":"repeat","background-position":"center center","background-size":"auto","background-attachment":"scroll","background-type":"","background-media":"","overlay-type":"","overlay-color":"","overlay-opacity":"","overlay-gradient":""},"tablet":{"background-color":"","background-image":"","background-repeat":"repeat","background-position":"center center","background-size":"auto","background-attachment":"scroll","background-type":"","background-media":"","overlay-type":"","overlay-color":"","overlay-opacity":"","overlay-gradient":""},"mobile":{"background-color":"","background-image":"","background-repeat":"repeat","background-position":"center center","background-size":"auto","background-attachment":"scroll","background-type":"","background-media":"","overlay-type":"","overlay-color":"","overlay-opacity":"","overlay-gradient":""}},"ast-content-background-meta":{"desktop":{"background-color":"var(--ast-global-color-5)","background-image":"","background-repeat":"repeat","background-position":"center center","background-size":"auto","background-attachment":"scroll","background-type":"","background-media":"","overlay-type":"","overlay-color":"","overlay-opacity":"","overlay-gradient":""},"tablet":{"background-color":"var(--ast-global-color-5)","background-image":"","background-repeat":"repeat","background-position":"center center","background-size":"auto","background-attachment":"scroll","background-type":"","background-media":"","overlay-type":"","overlay-color":"","overlay-opacity":"","overlay-gradient":""},"mobile":{"background-color":"var(--ast-global-color-5)","background-image":"","background-repeat":"repeat","background-position":"center center","background-size":"auto","background-attachment":"scroll","background-type":"","background-media":"","overlay-type":"","overlay-color":"","overlay-opacity":"","overlay-gradient":""}},"footnotes":""},"class_list":["post-22","page","type-page","status-publish","hentry"],"post_mailing_queue_ids":[],"_links":{"self":[{"href":"https:\/\/agora.xtec.cat\/escolafontfargas\/wp-json\/wp\/v2\/pages\/22","targetHints":{"allow":["GET"]}}],"collection":[{"href":"https:\/\/agora.xtec.cat\/escolafontfargas\/wp-json\/wp\/v2\/pages"}],"about":[{"href":"https:\/\/agora.xtec.cat\/escolafontfargas\/wp-json\/wp\/v2\/types\/page"}],"author":[{"embeddable":true,"href":"https:\/\/agora.xtec.cat\/escolafontfargas\/wp-json\/wp\/v2\/users\/1"}],"replies":[{"embeddable":true,"href":"https:\/\/agora.xtec.cat\/escolafontfargas\/wp-json\/wp\/v2\/comments?post=22"}],"version-history":[{"count":4,"href":"https:\/\/agora.xtec.cat\/escolafontfargas\/wp-json\/wp\/v2\/pages\/22\/revisions"}],"predecessor-version":[{"id":1094,"href":"https:\/\/agora.xtec.cat\/escolafontfargas\/wp-json\/wp\/v2\/pages\/22\/revisions\/1094"}],"wp:attachment":[{"href":"https:\/\/agora.xtec.cat\/escolafontfargas\/wp-json\/wp\/v2\/media?parent=22"}],"curies":[{"name":"wp","href":"https:\/\/api.w.org\/{rel}","templated":true}]}}