{"id":84,"date":"2014-09-18T14:11:31","date_gmt":"2014-09-18T12:11:31","guid":{"rendered":"http:\/\/agora.xtec.cat\/escolafontdelanoia\/?page_id=84"},"modified":"2025-07-15T17:57:01","modified_gmt":"2025-07-15T15:57:01","slug":"activitats-extraescolars","status":"publish","type":"page","link":"https:\/\/agora.xtec.cat\/escolafontdelanoia\/afa\/activitats-extraescolars\/","title":{"rendered":"Activitats extraescolars"},"content":{"rendered":"<p dir=\"ltr\">L\u2019AFA gestiona i oferta diferents activitats extraescolars que es porten a terme a l&#8217;escola i la zona esportiva del poble.<\/p>\n<p dir=\"ltr\">Les activitats extraescolar poden modificar-se cada curs i el preu de cadascuna va relacionat a cada activitat.<\/p>\n<p dir=\"ltr\" style=\"text-align: center;\"><a href=\"https:\/\/agora.xtec.cat\/escolafontdelanoia\/wp-content\/uploads\/usu2045\/2022\/03\/EXTRAESCOLAR1.png\"><img loading=\"lazy\" decoding=\"async\" class=\"alignnone wp-image-1618 size-full\" src=\"https:\/\/agora.xtec.cat\/escolafontdelanoia\/wp-content\/uploads\/usu2045\/2022\/03\/EXTRAESCOLAR1.png\" alt=\"\" width=\"567\" height=\"142\" srcset=\"https:\/\/agora.xtec.cat\/escolafontdelanoia\/wp-content\/uploads\/usu2045\/2022\/03\/EXTRAESCOLAR1.png 567w, https:\/\/agora.xtec.cat\/escolafontdelanoia\/wp-content\/uploads\/usu2045\/2022\/03\/EXTRAESCOLAR1-300x75.png 300w\" sizes=\"auto, (max-width: 567px) 100vw, 567px\" \/><\/a><\/p>\n<p dir=\"ltr\">Enguany s\u2019est\u00e0 realitzant:<\/p>\n<ul>\n<li dir=\"ltr\"><strong>Acollida matinal:<\/strong> De 8h a 9h( preu segons horari)<\/li>\n<li dir=\"ltr\"><strong>Espai Familiar:<\/strong> Obert a fam\u00edlies amb infants de 2 a 5 anys. Can\u00e7ons en Angl\u00e8s. Dimarts de 17.30h a 19h. Preu 3\u20ac\/sessi\u00f3 o 10\u20ac\/mes per fam\u00edlia.<\/li>\n<li dir=\"ltr\">\n<p dir=\"ltr\" role=\"presentation\"><b>Front\u00f3n: <\/b>Divendres de 17.30h a 18.30h<\/p>\n<\/li>\n<\/ul>\n","protected":false},"excerpt":{"rendered":"<p>L\u2019AFA gestiona i oferta diferents activitats extraescolars que es porten a terme a l&#8217;escola i la zona esportiva del poble.<br \/>\nLes activitats extraescolar poden modificar-se cada curs i el preu de cadascuna va relacionat a cada activitat.<br \/>\n<a href=\"https:\/\/agora.xtec.cat\/escolafontdelanoia\/wp-content\/uploads\/usu2045\/2022\/03\/EXTRAESCOLAR1.png\"><\/a><br \/>\nEnguany s\u2019est\u00e0 realitzant:<\/p>\n<ul>\n<li dir=\"ltr\">Acollida matinal: De 8h a 9h(&hellip;  <a href=\"https:\/\/agora.xtec.cat\/escolafontdelanoia\/afa\/activitats-extraescolars\/\" title=\"Read Activitats extraescolars\">Llegeix m\u00e9s\u00bb<\/a><br \/>\n","protected":false},"author":1,"featured_media":0,"parent":1531,"menu_order":3,"comment_status":"closed","ping_status":"closed","template":"page-templates\/side-menu.php","meta":{"_bbp_topic_count":0,"_bbp_reply_count":0,"_bbp_total_topic_count":0,"_bbp_total_reply_count":0,"_bbp_voice_count":0,"_bbp_anonymous_reply_count":0,"_bbp_topic_count_hidden":0,"_bbp_reply_count_hidden":0,"_bbp_forum_subforum_count":0,"footnotes":""},"class_list":["post-84","page","type-page","status-publish","hentry"],"post_mailing_queue_ids":[],"_links":{"self":[{"href":"https:\/\/agora.xtec.cat\/escolafontdelanoia\/wp-json\/wp\/v2\/pages\/84","targetHints":{"allow":["GET"]}}],"collection":[{"href":"https:\/\/agora.xtec.cat\/escolafontdelanoia\/wp-json\/wp\/v2\/pages"}],"about":[{"href":"https:\/\/agora.xtec.cat\/escolafontdelanoia\/wp-json\/wp\/v2\/types\/page"}],"author":[{"embeddable":true,"href":"https:\/\/agora.xtec.cat\/escolafontdelanoia\/wp-json\/wp\/v2\/users\/1"}],"replies":[{"embeddable":true,"href":"https:\/\/agora.xtec.cat\/escolafontdelanoia\/wp-json\/wp\/v2\/comments?post=84"}],"version-history":[{"count":5,"href":"https:\/\/agora.xtec.cat\/escolafontdelanoia\/wp-json\/wp\/v2\/pages\/84\/revisions"}],"predecessor-version":[{"id":2105,"href":"https:\/\/agora.xtec.cat\/escolafontdelanoia\/wp-json\/wp\/v2\/pages\/84\/revisions\/2105"}],"up":[{"embeddable":true,"href":"https:\/\/agora.xtec.cat\/escolafontdelanoia\/wp-json\/wp\/v2\/pages\/1531"}],"wp:attachment":[{"href":"https:\/\/agora.xtec.cat\/escolafontdelanoia\/wp-json\/wp\/v2\/media?parent=84"}],"curies":[{"name":"wp","href":"https:\/\/api.w.org\/{rel}","templated":true}]}}