{"id":22,"date":"2014-09-18T12:19:57","date_gmt":"2014-09-18T10:19:57","guid":{"rendered":"http:\/\/agora.xtec.cat\/escolafontdelanoia\/?page_id=22"},"modified":"2025-12-02T13:47:14","modified_gmt":"2025-12-02T12:47:14","slug":"lescola","status":"publish","type":"page","link":"https:\/\/agora.xtec.cat\/escolafontdelanoia\/lescola\/","title":{"rendered":"L&#8217;ESCOLA"},"content":{"rendered":"<figure class=\"wp-block-post-featured-image\"><img loading=\"lazy\" decoding=\"async\" width=\"1156\" height=\"868\" src=\"https:\/\/agora.xtec.cat\/escolafontdelanoia\/wp-content\/uploads\/usu2045\/2025\/10\/1761826245785.jpg\" class=\"attachment-post-thumbnail size-post-thumbnail wp-post-image\" alt=\"\" style=\"object-fit:cover;\" srcset=\"https:\/\/agora.xtec.cat\/escolafontdelanoia\/wp-content\/uploads\/usu2045\/2025\/10\/1761826245785.jpg 1156w, https:\/\/agora.xtec.cat\/escolafontdelanoia\/wp-content\/uploads\/usu2045\/2025\/10\/1761826245785-300x225.jpg 300w, https:\/\/agora.xtec.cat\/escolafontdelanoia\/wp-content\/uploads\/usu2045\/2025\/10\/1761826245785-1024x769.jpg 1024w, https:\/\/agora.xtec.cat\/escolafontdelanoia\/wp-content\/uploads\/usu2045\/2025\/10\/1761826245785-768x577.jpg 768w\" sizes=\"auto, (max-width: 1156px) 100vw, 1156px\" \/><\/figure>\n\n\n<h2 class=\"wp-block-heading\">BENVINGUTS I BENVINGUDES!<\/h2>\n\n\n\n<p>L&#8217;escola Font de l&#8217;Anoia est\u00e0&nbsp;ubicada al municipi de St. Mart\u00ed Sesgueioles i forma part de la ZER Vent d&#8217;Avall juntament&nbsp;amb 3 escoles m\u00e9s.<\/p>\n\n\n\n<p>\u00c9s una escola petita, rural i oberta a la natura i a l&#8217;entorn proper: el poble.<\/p>\n\n\n\n<p>\u00c9s una escola unit\u00e0ria en aquest moment formada per 11 alumnes, dues mestres i quatre itinerants que s\u00f3n els especialistes d&#8217;angl\u00e8s, m\u00fasica, educaci\u00f3 f\u00edsica i educaci\u00f3 especial.<\/p>\n\n\n\n<h2 class=\"wp-block-heading\">NOU PROJECTE:<\/h2>\n\n\n\n<p>El nou projecte d&#8217;escola vol donar molt \u00e8mfasi a la innovaci\u00f3 pedag\u00f2gica centrada en la creativitat art\u00edstica, la digitilitzaci\u00f3, la potenciaci\u00f3 de la llengua&nbsp;anglesa i el foment de la&nbsp;inclusi\u00f3 i la conviv\u00e8ncia entre l&#8217;alumnat i la comunitat educativa. Una escola viva centrada en l&#8217;infant oferint-li l&#8217;oportunitat d&#8217;explorar, dialogar i emocionar-se per ajudar-lo a cr\u00e9ixer.<\/p>\n","protected":false},"excerpt":{"rendered":"<p>BENVINGUTS I BENVINGUDES!<\/p>\n<p>L&#8217;escola Font de l&#8217;Anoia est\u00e0&nbsp;ubicada al municipi de St. Mart\u00ed Sesgueioles i forma part de la ZER Vent d&#8217;Avall juntament&nbsp;amb 3 escoles m\u00e9s.<\/p>\n<p>\u00c9s una escola petita, rural i oberta a la natura i a l&#8217;entorn proper: el poble.<\/p>\n<p>\u00c9s una escola unit\u00e0ria en aquest&hellip;  <a href=\"https:\/\/agora.xtec.cat\/escolafontdelanoia\/lescola\/\" title=\"Read L&#8217;ESCOLA\">Llegeix m\u00e9s\u00bb<\/a><\/p>\n","protected":false},"author":1,"featured_media":2162,"parent":0,"menu_order":0,"comment_status":"closed","ping_status":"closed","template":"","meta":{"_bbp_topic_count":0,"_bbp_reply_count":0,"_bbp_total_topic_count":0,"_bbp_total_reply_count":0,"_bbp_voice_count":0,"_bbp_anonymous_reply_count":0,"_bbp_topic_count_hidden":0,"_bbp_reply_count_hidden":0,"_bbp_forum_subforum_count":0,"footnotes":""},"class_list":["post-22","page","type-page","status-publish","has-post-thumbnail","hentry"],"post_mailing_queue_ids":[],"_links":{"self":[{"href":"https:\/\/agora.xtec.cat\/escolafontdelanoia\/wp-json\/wp\/v2\/pages\/22","targetHints":{"allow":["GET"]}}],"collection":[{"href":"https:\/\/agora.xtec.cat\/escolafontdelanoia\/wp-json\/wp\/v2\/pages"}],"about":[{"href":"https:\/\/agora.xtec.cat\/escolafontdelanoia\/wp-json\/wp\/v2\/types\/page"}],"author":[{"embeddable":true,"href":"https:\/\/agora.xtec.cat\/escolafontdelanoia\/wp-json\/wp\/v2\/users\/1"}],"replies":[{"embeddable":true,"href":"https:\/\/agora.xtec.cat\/escolafontdelanoia\/wp-json\/wp\/v2\/comments?post=22"}],"version-history":[{"count":6,"href":"https:\/\/agora.xtec.cat\/escolafontdelanoia\/wp-json\/wp\/v2\/pages\/22\/revisions"}],"predecessor-version":[{"id":2218,"href":"https:\/\/agora.xtec.cat\/escolafontdelanoia\/wp-json\/wp\/v2\/pages\/22\/revisions\/2218"}],"wp:featuredmedia":[{"embeddable":true,"href":"https:\/\/agora.xtec.cat\/escolafontdelanoia\/wp-json\/wp\/v2\/media\/2162"}],"wp:attachment":[{"href":"https:\/\/agora.xtec.cat\/escolafontdelanoia\/wp-json\/wp\/v2\/media?parent=22"}],"curies":[{"name":"wp","href":"https:\/\/api.w.org\/{rel}","templated":true}]}}