{"id":1611,"date":"2022-03-14T21:45:40","date_gmt":"2022-03-14T20:45:40","guid":{"rendered":"https:\/\/agora.xtec.cat\/escolafontdelanoia\/?page_id=1611"},"modified":"2025-07-15T17:56:23","modified_gmt":"2025-07-15T15:56:23","slug":"qui-som-i-que-fem","status":"publish","type":"page","link":"https:\/\/agora.xtec.cat\/escolafontdelanoia\/afa\/qui-som-i-que-fem\/","title":{"rendered":"Qui som i qu\u00e8 fem?"},"content":{"rendered":"<p dir=\"ltr\">L\u2019AFA de l\u2019Escola de Sant Mart\u00ed Sesgueioles \u00e9s una associaci\u00f3 volunt\u00e0ria de les fam\u00edlies dels alumnes de l\u2019escola, oberta a tothom, que desinteressadament i sense cap \u00e0nim de lucre vol contribuir en la millora de la qualitat de la nostra escola.<\/p>\n<p dir=\"ltr\">L\u2019AFA d\u00f3na suport directe a les fam\u00edlies i a la direcci\u00f3 de l\u2019escola.<\/p>\n<p dir=\"ltr\">L\u2019AFA t\u00e9 una representant amb veu i vot al Consell escolar.<\/p>\n<p dir=\"ltr\">L\u2019AFA organitza reunions peri\u00f2diques de la Junta i planifica tota la seva activitat.<\/p>\n<p>&nbsp;<\/p>\n<p dir=\"ltr\">L&#8217;actual junta est\u00e0 formada per:<\/p>\n<p dir=\"ltr\"><strong>Presidenta:<\/strong> Merc\u00e8 Biosca Sugranyes<\/p>\n<p dir=\"ltr\"><strong>Vicepresidenta:<\/strong><\/p>\n<p dir=\"ltr\"><strong>Secret\u00e0ria:<\/strong> Maite Estany Feixes<\/p>\n<p dir=\"ltr\"><strong>Tresorera:<\/strong> Montserrat Franch<\/p>\n<p>&nbsp;<\/p>\n<p dir=\"ltr\">La comunicaci\u00f3 amb les fam\u00edlies es fa via WhatsApp.<\/p>\n<p dir=\"ltr\">Es realitzen dues assemblees de socis ordin\u00e0ries, i les extraordin\u00e0ries necess\u00e0ries per al bon funcionament de l&#8217;associaci\u00f3.<\/p>\n<p dir=\"ltr\">Per formar part de l\u2019AFA, cal inscriure\u2019s com a s\u00f2cia i efectuar el pagament de la quota de 30\u20ac\/anual, per fam\u00edlia.<\/p>\n<p dir=\"ltr\">\n","protected":false},"excerpt":{"rendered":"<p>L\u2019AFA de l\u2019Escola de Sant Mart\u00ed Sesgueioles \u00e9s una associaci\u00f3 volunt\u00e0ria de les fam\u00edlies dels alumnes de l\u2019escola, oberta a tothom, que desinteressadament i sense cap \u00e0nim de lucre vol contribuir en la millora de la qualitat de la nostra escola.<br \/>\nL\u2019AFA d\u00f3na suport directe a&hellip;  <a href=\"https:\/\/agora.xtec.cat\/escolafontdelanoia\/afa\/qui-som-i-que-fem\/\" title=\"Read Qui som i qu\u00e8 fem?\">Llegeix m\u00e9s\u00bb<\/a><\/p>\n","protected":false},"author":1,"featured_media":0,"parent":1531,"menu_order":1,"comment_status":"closed","ping_status":"closed","template":"page-templates\/side-menu.php","meta":{"_bbp_topic_count":0,"_bbp_reply_count":0,"_bbp_total_topic_count":0,"_bbp_total_reply_count":0,"_bbp_voice_count":0,"_bbp_anonymous_reply_count":0,"_bbp_topic_count_hidden":0,"_bbp_reply_count_hidden":0,"_bbp_forum_subforum_count":0,"footnotes":""},"class_list":["post-1611","page","type-page","status-publish","hentry"],"post_mailing_queue_ids":[],"_links":{"self":[{"href":"https:\/\/agora.xtec.cat\/escolafontdelanoia\/wp-json\/wp\/v2\/pages\/1611","targetHints":{"allow":["GET"]}}],"collection":[{"href":"https:\/\/agora.xtec.cat\/escolafontdelanoia\/wp-json\/wp\/v2\/pages"}],"about":[{"href":"https:\/\/agora.xtec.cat\/escolafontdelanoia\/wp-json\/wp\/v2\/types\/page"}],"author":[{"embeddable":true,"href":"https:\/\/agora.xtec.cat\/escolafontdelanoia\/wp-json\/wp\/v2\/users\/1"}],"replies":[{"embeddable":true,"href":"https:\/\/agora.xtec.cat\/escolafontdelanoia\/wp-json\/wp\/v2\/comments?post=1611"}],"version-history":[{"count":4,"href":"https:\/\/agora.xtec.cat\/escolafontdelanoia\/wp-json\/wp\/v2\/pages\/1611\/revisions"}],"predecessor-version":[{"id":2103,"href":"https:\/\/agora.xtec.cat\/escolafontdelanoia\/wp-json\/wp\/v2\/pages\/1611\/revisions\/2103"}],"up":[{"embeddable":true,"href":"https:\/\/agora.xtec.cat\/escolafontdelanoia\/wp-json\/wp\/v2\/pages\/1531"}],"wp:attachment":[{"href":"https:\/\/agora.xtec.cat\/escolafontdelanoia\/wp-json\/wp\/v2\/media?parent=1611"}],"curies":[{"name":"wp","href":"https:\/\/api.w.org\/{rel}","templated":true}]}}