{"id":1520,"date":"2022-02-03T11:34:09","date_gmt":"2022-02-03T10:34:09","guid":{"rendered":"https:\/\/agora.xtec.cat\/escolafontdelanoia\/?page_id=1520"},"modified":"2025-10-30T16:11:03","modified_gmt":"2025-10-30T15:11:03","slug":"qui-som","status":"publish","type":"page","link":"https:\/\/agora.xtec.cat\/escolafontdelanoia\/lescola\/qui-som\/","title":{"rendered":"Qui som"},"content":{"rendered":"<p data-adtags-visited=\"true\"><span style=\"color: #ffffff;\">.<\/span><strong>DIRECTORA<\/strong><\/p>\n<ul>\n<li>Ester Garriga Gabarr\u00f3<\/li>\n<\/ul>\n<p data-adtags-visited=\"true\"><strong>TUTORIES<\/strong><\/p>\n<ul>\n<li>Aula Xics: Yolanda Garcia Punsola<\/li>\n<li>Aula Petits: Ester Garriga Gabarr\u00f3<\/li>\n<li>Aula Grans: Ra\u00fal Barranquero Ortega<\/li>\n<\/ul>\n<p data-adtags-visited=\"true\"><strong>MESTRES ITINERANTS<\/strong><\/p>\n<ul>\n<li>M\u00fasica: Anna Casamitjana Rosas<\/li>\n<li>Educaci\u00f3 F\u00edsica: Joan Llu\u00eds Egea Miguel<\/li>\n<li>Llengua Anglesa: Laia Gonz\u00e1lez Prat<\/li>\n<li>Pedagogia Terap\u00e8utica: Merc\u00e8 Vila Torradas<\/li>\n<li>Religi\u00f3: Olga Arjona<\/li>\n<\/ul>\n<p data-adtags-visited=\"true\"><strong>EAP<\/strong><\/p>\n<ul>\n<li>Psicopedagoga: Bego\u00f1a Mart\u00ednez<\/li>\n<\/ul>\n<p data-adtags-visited=\"true\"><strong>CONSELL ESCOLAR<\/strong><\/p>\n<ul>\n<li>Presidenta: Ester Garriga Gabarr\u00f3<\/li>\n<li>Mestre: Ra\u00fal Barranquero Ortega<\/li>\n<li>PAS: Yolanda Garcia Punsola<\/li>\n<li>Representant Ajuntament: Marina Graells Escandell<\/li>\n<li>Representant fam\u00edlies: Maite Estany Feixes<\/li>\n<li>Representant AFA: Merc\u00e8 Biosca Sugranyes<\/li>\n<\/ul>\n<p data-adtags-visited=\"true\"><strong>AFA<\/strong><\/p>\n<ul>\n<li>Presidenta: Merc\u00e8 Biosca Sugranyes<\/li>\n<li>Vicepresidenta:<\/li>\n<li>Secret\u00e0ria: Maite Estany Feixes<\/li>\n<li>Tresorera: Montserrat Franch<\/li>\n<\/ul>\n<p>&nbsp;<\/p>\n","protected":false},"excerpt":{"rendered":"<p>.DIRECTORA<\/p>\n<ul>\n<li>Ester Garriga Gabarr\u00f3<\/li>\n<\/ul>\n<p>TUTORIES<\/p>\n<ul>\n<li>Aula Xics: Yolanda Garcia Punsola<\/li>\n<li>Aula Petits: Ester Garriga Gabarr\u00f3<\/li>\n<li>Aula Grans: Ra\u00fal Barranquero Ortega<\/li>\n<\/ul>\n<p>MESTRES ITINERANTS<\/p>\n<ul>\n<li>M\u00fasica: Anna Casamitjana Rosas<\/li>\n<li>Educaci\u00f3 F\u00edsica: Joan Llu\u00eds Egea Miguel<\/li>\n<li>Llengua Anglesa: Laia Gonz\u00e1lez Prat<\/li>\n<li>Pedagogia Terap\u00e8utica: Merc\u00e8 Vila Torradas<\/li>\n<li>Religi\u00f3: Olga Arjona<\/li>\n<\/ul>\n<p>EAP<\/p>\n<ul>\n<li>Psicopedagoga: Bego\u00f1a Mart\u00ednez<\/li>\n<\/ul>\n<p>CONSELL ESCOLAR<\/p>\n<ul>\n<li>Presidenta: Ester Garriga Gabarr\u00f3<\/li>\n<li>Mestre: Ra\u00fal Barranquero Ortega<\/li>\n<li>PAS: Yolanda Garcia&hellip;  <a href=\"https:\/\/agora.xtec.cat\/escolafontdelanoia\/lescola\/qui-som\/\" title=\"Read Qui som\">Llegeix m\u00e9s\u00bb<\/a><br \/>\n","protected":false},"author":1,"featured_media":0,"parent":22,"menu_order":0,"comment_status":"closed","ping_status":"closed","template":"page-templates\/side-menu.php","meta":{"_bbp_topic_count":0,"_bbp_reply_count":0,"_bbp_total_topic_count":0,"_bbp_total_reply_count":0,"_bbp_voice_count":0,"_bbp_anonymous_reply_count":0,"_bbp_topic_count_hidden":0,"_bbp_reply_count_hidden":0,"_bbp_forum_subforum_count":0,"footnotes":""},"class_list":["post-1520","page","type-page","status-publish","hentry"],"post_mailing_queue_ids":[],"_links":{"self":[{"href":"https:\/\/agora.xtec.cat\/escolafontdelanoia\/wp-json\/wp\/v2\/pages\/1520","targetHints":{"allow":["GET"]}}],"collection":[{"href":"https:\/\/agora.xtec.cat\/escolafontdelanoia\/wp-json\/wp\/v2\/pages"}],"about":[{"href":"https:\/\/agora.xtec.cat\/escolafontdelanoia\/wp-json\/wp\/v2\/types\/page"}],"author":[{"embeddable":true,"href":"https:\/\/agora.xtec.cat\/escolafontdelanoia\/wp-json\/wp\/v2\/users\/1"}],"replies":[{"embeddable":true,"href":"https:\/\/agora.xtec.cat\/escolafontdelanoia\/wp-json\/wp\/v2\/comments?post=1520"}],"version-history":[{"count":6,"href":"https:\/\/agora.xtec.cat\/escolafontdelanoia\/wp-json\/wp\/v2\/pages\/1520\/revisions"}],"predecessor-version":[{"id":2174,"href":"https:\/\/agora.xtec.cat\/escolafontdelanoia\/wp-json\/wp\/v2\/pages\/1520\/revisions\/2174"}],"up":[{"embeddable":true,"href":"https:\/\/agora.xtec.cat\/escolafontdelanoia\/wp-json\/wp\/v2\/pages\/22"}],"wp:attachment":[{"href":"https:\/\/agora.xtec.cat\/escolafontdelanoia\/wp-json\/wp\/v2\/media?parent=1520"}],"curies":[{"name":"wp","href":"https:\/\/api.w.org\/{rel}","templated":true}]}}