{"id":7110,"date":"2018-02-02T00:41:05","date_gmt":"2018-02-01T23:41:05","guid":{"rendered":"http:\/\/agora.xtec.cat\/escolafmistral\/?page_id=7110"},"modified":"2026-01-14T15:34:09","modified_gmt":"2026-01-14T14:34:09","slug":"ampa-2","status":"publish","type":"page","link":"https:\/\/agora.xtec.cat\/escolafmistral\/ampa-2\/","title":{"rendered":"AFA"},"content":{"rendered":"<p style=\"text-align: left;\">A la nostra escola comptem a la col\u00b7laboraci\u00f3 de les fam\u00edlies.<\/p>\n<p style=\"text-align: left;\">Aqu\u00ed teniu<a href=\"https:\/\/afa-frederic-mistral.webnode.es\/\"><strong> l&#8217;enlla\u00e7 al lloc web de l&#8217;AFA<\/strong><\/a>, en aquesta web trobareu tota la informaci\u00f3 respecte a les activitats que organitzem. No dubteu a fer-vos socis de l&#8217;AFA!<\/p>\n<p><a href=\"https:\/\/afa-frederic-mistral.webnode.es\/\"><img loading=\"lazy\" decoding=\"async\" class=\"aligncenter wp-image-16840 size-medium\" src=\"https:\/\/agora.xtec.cat\/escolafmistral\/wp-content\/uploads\/usu688\/2026\/01\/AFA_FM_Logo_transparente-300x300.png\" alt=\"\" width=\"300\" height=\"300\" srcset=\"https:\/\/agora.xtec.cat\/escolafmistral\/wp-content\/uploads\/usu688\/2026\/01\/AFA_FM_Logo_transparente-300x300.png 300w, https:\/\/agora.xtec.cat\/escolafmistral\/wp-content\/uploads\/usu688\/2026\/01\/AFA_FM_Logo_transparente-1024x1020.png 1024w, https:\/\/agora.xtec.cat\/escolafmistral\/wp-content\/uploads\/usu688\/2026\/01\/AFA_FM_Logo_transparente-150x150.png 150w, https:\/\/agora.xtec.cat\/escolafmistral\/wp-content\/uploads\/usu688\/2026\/01\/AFA_FM_Logo_transparente-768x765.png 768w, https:\/\/agora.xtec.cat\/escolafmistral\/wp-content\/uploads\/usu688\/2026\/01\/AFA_FM_Logo_transparente-1536x1530.png 1536w, https:\/\/agora.xtec.cat\/escolafmistral\/wp-content\/uploads\/usu688\/2026\/01\/AFA_FM_Logo_transparente-2048x2040.png 2048w\" sizes=\"auto, (max-width: 300px) 100vw, 300px\" \/><\/a><\/p>\n","protected":false},"excerpt":{"rendered":"<p>A la nostra escola comptem a la col\u00b7laboraci\u00f3 de les fam\u00edlies. Aqu\u00ed teniu l&#8217;enlla\u00e7 al lloc web de l&#8217;AFA, en aquesta web trobareu tota la informaci\u00f3 respecte a les activitats que organitzem. No dubteu a fer-vos socis de l&#8217;AFA!<\/p>\n","protected":false},"author":4,"featured_media":0,"parent":0,"menu_order":0,"comment_status":"closed","ping_status":"closed","template":"","meta":{"_bbp_topic_count":0,"_bbp_reply_count":0,"_bbp_total_topic_count":0,"_bbp_total_reply_count":0,"_bbp_voice_count":0,"_bbp_anonymous_reply_count":0,"_bbp_topic_count_hidden":0,"_bbp_reply_count_hidden":0,"_bbp_forum_subforum_count":0,"site-sidebar-layout":"default","site-content-layout":"","ast-site-content-layout":"default","site-content-style":"default","site-sidebar-style":"default","ast-global-header-display":"","ast-banner-title-visibility":"","ast-main-header-display":"","ast-hfb-above-header-display":"","ast-hfb-below-header-display":"","ast-hfb-mobile-header-display":"","site-post-title":"","ast-breadcrumbs-content":"","ast-featured-img":"","footer-sml-layout":"","theme-transparent-header-meta":"","adv-header-id-meta":"","stick-header-meta":"","header-above-stick-meta":"","header-main-stick-meta":"","header-below-stick-meta":"","astra-migrate-meta-layouts":"set","ast-page-background-enabled":"default","ast-page-background-meta":{"desktop":{"background-color":"var(--ast-global-color-4)","background-image":"","background-repeat":"repeat","background-position":"center center","background-size":"auto","background-attachment":"scroll","background-type":"","background-media":"","overlay-type":"","overlay-color":"","overlay-opacity":"","overlay-gradient":""},"tablet":{"background-color":"","background-image":"","background-repeat":"repeat","background-position":"center center","background-size":"auto","background-attachment":"scroll","background-type":"","background-media":"","overlay-type":"","overlay-color":"","overlay-opacity":"","overlay-gradient":""},"mobile":{"background-color":"","background-image":"","background-repeat":"repeat","background-position":"center center","background-size":"auto","background-attachment":"scroll","background-type":"","background-media":"","overlay-type":"","overlay-color":"","overlay-opacity":"","overlay-gradient":""}},"ast-content-background-meta":{"desktop":{"background-color":"var(--ast-global-color-5)","background-image":"","background-repeat":"repeat","background-position":"center center","background-size":"auto","background-attachment":"scroll","background-type":"","background-media":"","overlay-type":"","overlay-color":"","overlay-opacity":"","overlay-gradient":""},"tablet":{"background-color":"var(--ast-global-color-5)","background-image":"","background-repeat":"repeat","background-position":"center center","background-size":"auto","background-attachment":"scroll","background-type":"","background-media":"","overlay-type":"","overlay-color":"","overlay-opacity":"","overlay-gradient":""},"mobile":{"background-color":"var(--ast-global-color-5)","background-image":"","background-repeat":"repeat","background-position":"center center","background-size":"auto","background-attachment":"scroll","background-type":"","background-media":"","overlay-type":"","overlay-color":"","overlay-opacity":"","overlay-gradient":""}},"footnotes":""},"class_list":["post-7110","page","type-page","status-publish","hentry"],"post_mailing_queue_ids":[],"_links":{"self":[{"href":"https:\/\/agora.xtec.cat\/escolafmistral\/wp-json\/wp\/v2\/pages\/7110","targetHints":{"allow":["GET"]}}],"collection":[{"href":"https:\/\/agora.xtec.cat\/escolafmistral\/wp-json\/wp\/v2\/pages"}],"about":[{"href":"https:\/\/agora.xtec.cat\/escolafmistral\/wp-json\/wp\/v2\/types\/page"}],"author":[{"embeddable":true,"href":"https:\/\/agora.xtec.cat\/escolafmistral\/wp-json\/wp\/v2\/users\/4"}],"replies":[{"embeddable":true,"href":"https:\/\/agora.xtec.cat\/escolafmistral\/wp-json\/wp\/v2\/comments?post=7110"}],"version-history":[{"count":6,"href":"https:\/\/agora.xtec.cat\/escolafmistral\/wp-json\/wp\/v2\/pages\/7110\/revisions"}],"predecessor-version":[{"id":16856,"href":"https:\/\/agora.xtec.cat\/escolafmistral\/wp-json\/wp\/v2\/pages\/7110\/revisions\/16856"}],"wp:attachment":[{"href":"https:\/\/agora.xtec.cat\/escolafmistral\/wp-json\/wp\/v2\/media?parent=7110"}],"curies":[{"name":"wp","href":"https:\/\/api.w.org\/{rel}","templated":true}]}}