{"id":379,"date":"2016-09-01T22:41:12","date_gmt":"2016-09-01T21:41:12","guid":{"rendered":"http:\/\/agora.xtec.cat\/escolafmistral\/?page_id=379"},"modified":"2026-01-29T12:26:56","modified_gmt":"2026-01-29T11:26:56","slug":"menjador-4","status":"publish","type":"page","link":"https:\/\/agora.xtec.cat\/escolafmistral\/menjador-4\/","title":{"rendered":"Informaci\u00f3 del Menjador"},"content":{"rendered":"<h4 style=\"text-align: left;\">Benvolgudes fam\u00edlies,<\/h4>\n<p>&nbsp;<\/p>\n<p>La comunicaci\u00f3 sobre temes de menjador seran a trav\u00e9s de la coordinadora de menjador al tel\u00e8fon 611754655 o al mail menjadorfredericmistral@gmail.com<\/p>\n<p>Podreu consultar tota la informaci\u00f3 al bloc: <a href=\"http:\/\/menjadorfredericmistral.wordpress.com\">http:\/\/menjadorfredericmistral.wordpress.com<\/a><\/p>\n<p>Navegant pel men\u00fa del bloc trobareu:<\/p>\n<p>&#8211; men\u00fas<\/p>\n<p>&#8211; formulari d&#8217;inscripci\u00f3<\/p>\n<p>&#8211; normativa<\/p>\n<p><span style=\"font-family: inherit; font-size: 1em;\">Atenci\u00f3 presencial fam\u00edlies: el primer dimarts i dijous de cada mes de 9.15h a 10h<\/span><\/p>\n<p>&nbsp;<\/p>\n<p>&nbsp;<\/p>\n<p>&nbsp;<\/p>\n<p>&nbsp;<\/p>\n<p>&nbsp;<\/p>\n<p>&nbsp;<\/p>\n","protected":false},"excerpt":{"rendered":"<p>Benvolgudes fam\u00edlies, &nbsp; La comunicaci\u00f3 sobre temes de menjador seran a trav\u00e9s de la coordinadora de menjador al tel\u00e8fon 611754655 o al mail menjadorfredericmistral@gmail.com Podreu consultar tota la informaci\u00f3 al bloc: http:\/\/menjadorfredericmistral.wordpress.com Navegant pel men\u00fa del bloc trobareu: &#8211; men\u00fas &#8211; formulari d&#8217;inscripci\u00f3 &#8211; normativa Atenci\u00f3 presencial fam\u00edlies: el primer dimarts i dijous de cada [&hellip;]<\/p>\n","protected":false},"author":4,"featured_media":0,"parent":0,"menu_order":50,"comment_status":"closed","ping_status":"closed","template":"","meta":{"_bbp_topic_count":0,"_bbp_reply_count":0,"_bbp_total_topic_count":0,"_bbp_total_reply_count":0,"_bbp_voice_count":0,"_bbp_anonymous_reply_count":0,"_bbp_topic_count_hidden":0,"_bbp_reply_count_hidden":0,"_bbp_forum_subforum_count":0,"site-sidebar-layout":"default","site-content-layout":"","ast-site-content-layout":"","site-content-style":"default","site-sidebar-style":"default","ast-global-header-display":"","ast-banner-title-visibility":"","ast-main-header-display":"","ast-hfb-above-header-display":"","ast-hfb-below-header-display":"","ast-hfb-mobile-header-display":"","site-post-title":"","ast-breadcrumbs-content":"","ast-featured-img":"","footer-sml-layout":"","theme-transparent-header-meta":"","adv-header-id-meta":"","stick-header-meta":"","header-above-stick-meta":"","header-main-stick-meta":"","header-below-stick-meta":"","astra-migrate-meta-layouts":"default","ast-page-background-enabled":"default","ast-page-background-meta":{"desktop":{"background-color":"var(--ast-global-color-4)","background-image":"","background-repeat":"repeat","background-position":"center center","background-size":"auto","background-attachment":"scroll","background-type":"","background-media":"","overlay-type":"","overlay-color":"","overlay-opacity":"","overlay-gradient":""},"tablet":{"background-color":"","background-image":"","background-repeat":"repeat","background-position":"center center","background-size":"auto","background-attachment":"scroll","background-type":"","background-media":"","overlay-type":"","overlay-color":"","overlay-opacity":"","overlay-gradient":""},"mobile":{"background-color":"","background-image":"","background-repeat":"repeat","background-position":"center center","background-size":"auto","background-attachment":"scroll","background-type":"","background-media":"","overlay-type":"","overlay-color":"","overlay-opacity":"","overlay-gradient":""}},"ast-content-background-meta":{"desktop":{"background-color":"var(--ast-global-color-5)","background-image":"","background-repeat":"repeat","background-position":"center center","background-size":"auto","background-attachment":"scroll","background-type":"","background-media":"","overlay-type":"","overlay-color":"","overlay-opacity":"","overlay-gradient":""},"tablet":{"background-color":"var(--ast-global-color-5)","background-image":"","background-repeat":"repeat","background-position":"center center","background-size":"auto","background-attachment":"scroll","background-type":"","background-media":"","overlay-type":"","overlay-color":"","overlay-opacity":"","overlay-gradient":""},"mobile":{"background-color":"var(--ast-global-color-5)","background-image":"","background-repeat":"repeat","background-position":"center center","background-size":"auto","background-attachment":"scroll","background-type":"","background-media":"","overlay-type":"","overlay-color":"","overlay-opacity":"","overlay-gradient":""}},"footnotes":""},"class_list":["post-379","page","type-page","status-publish","hentry"],"post_mailing_queue_ids":[],"_links":{"self":[{"href":"https:\/\/agora.xtec.cat\/escolafmistral\/wp-json\/wp\/v2\/pages\/379","targetHints":{"allow":["GET"]}}],"collection":[{"href":"https:\/\/agora.xtec.cat\/escolafmistral\/wp-json\/wp\/v2\/pages"}],"about":[{"href":"https:\/\/agora.xtec.cat\/escolafmistral\/wp-json\/wp\/v2\/types\/page"}],"author":[{"embeddable":true,"href":"https:\/\/agora.xtec.cat\/escolafmistral\/wp-json\/wp\/v2\/users\/4"}],"replies":[{"embeddable":true,"href":"https:\/\/agora.xtec.cat\/escolafmistral\/wp-json\/wp\/v2\/comments?post=379"}],"version-history":[{"count":7,"href":"https:\/\/agora.xtec.cat\/escolafmistral\/wp-json\/wp\/v2\/pages\/379\/revisions"}],"predecessor-version":[{"id":16117,"href":"https:\/\/agora.xtec.cat\/escolafmistral\/wp-json\/wp\/v2\/pages\/379\/revisions\/16117"}],"wp:attachment":[{"href":"https:\/\/agora.xtec.cat\/escolafmistral\/wp-json\/wp\/v2\/media?parent=379"}],"curies":[{"name":"wp","href":"https:\/\/api.w.org\/{rel}","templated":true}]}}