{"id":22,"date":"2014-09-18T12:19:57","date_gmt":"2014-09-18T11:19:57","guid":{"rendered":"http:\/\/agora.xtec.cat\/escolafmistral\/?page_id=22"},"modified":"2026-01-14T15:45:29","modified_gmt":"2026-01-14T14:45:29","slug":"escola","status":"publish","type":"page","link":"https:\/\/agora.xtec.cat\/escolafmistral\/escola\/","title":{"rendered":"La nostra escola"},"content":{"rendered":"<p style=\"text-align: justify;\"><span style=\"font-weight: 400;\">Som una escola p\u00fablica familiar, acollidora i oberta al barri. La nostra ra\u00f3 de ser \u00e9s desenvolupar un projecte educatiu que permeti formar integralment com a ciutadans i persones nois i noies de 3 a 12 anys amb la participaci\u00f3 de tota la comunitat educativa. Oferim una escola integradora, volem educar en la igualtat, la solidaritat, l\u2019esfor\u00e7 i la responsabilitat, potenciant els valors en l\u2019estima a la diversitat, entesa com una font d\u2019enriquiment des de l\u2019educaci\u00f3 inclusiva.<\/span><\/p>\n<p style=\"text-align: justify;\"><span style=\"font-weight: 400;\">Formem persones per al segle XXI capaces de resoldre reptes i assumir canvis. Treballem per una formaci\u00f3 curricular competencial, funcional i realista des d\u2019un enfocament constructivista de l\u2019aprenentatge amb l\u2019infant com a protagonista d\u2019aquest proc\u00e9s. Desenvolupem diferents projectes: ambients d\u2019aprenentatge, treball per projectes globalitzats vinculats als interessos dels infants des de P3 fins a 6\u00e8, fem t\u00e0ndem amb el mitjans de comunicaci\u00f3 de l\u2019Hospitalet de Llobregat, tenim hort, duem a terme un projecte espec\u00edfic d\u2019emprenedoria i es treballa la llengua anglesa des de P3<\/span><span style=\"font-weight: 400;\">. Fem sortides pedag\u00f2giques i culturals al nostre entorn proper per potenciar l\u2019esperit cr\u00edtic i desenvolupar la compet\u00e8ncia art\u00edstica.<\/span><\/p>\n<h4><strong>Passeja&#8217;t pel men\u00fa de l&#8217;esquerra per seguir coneixent m\u00e9s coses sobre nosaltres.<\/strong><\/h4>\n<h3><a href=\"https:\/\/agora.xtec.cat\/escolafmistral\/escola\/attachment\/presentacio-escola-frederic-mistral-2025\/\">Presentaci\u00f3 Escola Frederic Mistral 2025<\/a><a href=\"https:\/\/agora.xtec.cat\/escolafmistral\/pagina-dinici-buida\/attachment\/click2-2\/\" rel=\"attachment wp-att-16523\"><img loading=\"lazy\" decoding=\"async\" class=\"alignnone  wp-image-16523\" src=\"https:\/\/agora.xtec.cat\/escolafmistral\/wp-content\/uploads\/usu688\/2025\/02\/click2-300x300.png\" alt=\"\" width=\"43\" height=\"43\" srcset=\"https:\/\/agora.xtec.cat\/escolafmistral\/wp-content\/uploads\/usu688\/2025\/02\/click2-300x300.png 300w, https:\/\/agora.xtec.cat\/escolafmistral\/wp-content\/uploads\/usu688\/2025\/02\/click2-150x150.png 150w, https:\/\/agora.xtec.cat\/escolafmistral\/wp-content\/uploads\/usu688\/2025\/02\/click2.png 512w\" sizes=\"auto, (max-width: 43px) 100vw, 43px\" \/><\/a><\/h3>\n<div id=\"embed-alacarta-86247\">\u00a0<\/div>\n\n\n<iframe src=\"https:\/\/player.instantvideocloud.net\/#\/embed\/2d8f57f9b3\/f6c3ccbe-28e8-6bf6-79e8-9f6ef02b2639\" style=\"width: 560px;height: 395px\" allowfullscreen webkitallowfullscreen mozAllowFullScreen frameborder=\"0\" allow=\"accelerometer *; autoplay *; encrypted-media *; gyroscope *; picture-in-picture *\"\/>\n","protected":false},"excerpt":{"rendered":"<p>Som una escola p\u00fablica familiar, acollidora i oberta al barri. La nostra ra\u00f3 de ser \u00e9s desenvolupar un projecte educatiu que permeti formar integralment com a ciutadans i persones nois i noies de 3 a 12 anys amb la participaci\u00f3 de tota la comunitat educativa. Oferim una escola integradora, volem educar en la igualtat, la [&hellip;]<\/p>\n","protected":false},"author":1,"featured_media":0,"parent":0,"menu_order":0,"comment_status":"closed","ping_status":"closed","template":"","meta":{"_bbp_topic_count":0,"_bbp_reply_count":0,"_bbp_total_topic_count":0,"_bbp_total_reply_count":0,"_bbp_voice_count":0,"_bbp_anonymous_reply_count":0,"_bbp_topic_count_hidden":0,"_bbp_reply_count_hidden":0,"_bbp_forum_subforum_count":0,"site-sidebar-layout":"default","site-content-layout":"","ast-site-content-layout":"default","site-content-style":"default","site-sidebar-style":"default","ast-global-header-display":"","ast-banner-title-visibility":"","ast-main-header-display":"","ast-hfb-above-header-display":"","ast-hfb-below-header-display":"","ast-hfb-mobile-header-display":"","site-post-title":"","ast-breadcrumbs-content":"","ast-featured-img":"","footer-sml-layout":"","theme-transparent-header-meta":"","adv-header-id-meta":"","stick-header-meta":"","header-above-stick-meta":"","header-main-stick-meta":"","header-below-stick-meta":"","astra-migrate-meta-layouts":"set","ast-page-background-enabled":"default","ast-page-background-meta":{"desktop":{"background-color":"var(--ast-global-color-4)","background-image":"","background-repeat":"repeat","background-position":"center center","background-size":"auto","background-attachment":"scroll","background-type":"","background-media":"","overlay-type":"","overlay-color":"","overlay-opacity":"","overlay-gradient":""},"tablet":{"background-color":"","background-image":"","background-repeat":"repeat","background-position":"center center","background-size":"auto","background-attachment":"scroll","background-type":"","background-media":"","overlay-type":"","overlay-color":"","overlay-opacity":"","overlay-gradient":""},"mobile":{"background-color":"","background-image":"","background-repeat":"repeat","background-position":"center center","background-size":"auto","background-attachment":"scroll","background-type":"","background-media":"","overlay-type":"","overlay-color":"","overlay-opacity":"","overlay-gradient":""}},"ast-content-background-meta":{"desktop":{"background-color":"var(--ast-global-color-5)","background-image":"","background-repeat":"repeat","background-position":"center center","background-size":"auto","background-attachment":"scroll","background-type":"","background-media":"","overlay-type":"","overlay-color":"","overlay-opacity":"","overlay-gradient":""},"tablet":{"background-color":"var(--ast-global-color-5)","background-image":"","background-repeat":"repeat","background-position":"center center","background-size":"auto","background-attachment":"scroll","background-type":"","background-media":"","overlay-type":"","overlay-color":"","overlay-opacity":"","overlay-gradient":""},"mobile":{"background-color":"var(--ast-global-color-5)","background-image":"","background-repeat":"repeat","background-position":"center center","background-size":"auto","background-attachment":"scroll","background-type":"","background-media":"","overlay-type":"","overlay-color":"","overlay-opacity":"","overlay-gradient":""}},"footnotes":""},"class_list":["post-22","page","type-page","status-publish","hentry"],"post_mailing_queue_ids":[],"_links":{"self":[{"href":"https:\/\/agora.xtec.cat\/escolafmistral\/wp-json\/wp\/v2\/pages\/22","targetHints":{"allow":["GET"]}}],"collection":[{"href":"https:\/\/agora.xtec.cat\/escolafmistral\/wp-json\/wp\/v2\/pages"}],"about":[{"href":"https:\/\/agora.xtec.cat\/escolafmistral\/wp-json\/wp\/v2\/types\/page"}],"author":[{"embeddable":true,"href":"https:\/\/agora.xtec.cat\/escolafmistral\/wp-json\/wp\/v2\/users\/1"}],"replies":[{"embeddable":true,"href":"https:\/\/agora.xtec.cat\/escolafmistral\/wp-json\/wp\/v2\/comments?post=22"}],"version-history":[{"count":6,"href":"https:\/\/agora.xtec.cat\/escolafmistral\/wp-json\/wp\/v2\/pages\/22\/revisions"}],"predecessor-version":[{"id":16860,"href":"https:\/\/agora.xtec.cat\/escolafmistral\/wp-json\/wp\/v2\/pages\/22\/revisions\/16860"}],"wp:attachment":[{"href":"https:\/\/agora.xtec.cat\/escolafmistral\/wp-json\/wp\/v2\/media?parent=22"}],"curies":[{"name":"wp","href":"https:\/\/api.w.org\/{rel}","templated":true}]}}