{"id":216,"date":"2016-03-17T23:27:39","date_gmt":"2016-03-17T22:27:39","guid":{"rendered":"http:\/\/agora.xtec.cat\/escolafmistral\/?page_id=216"},"modified":"2025-11-12T12:18:37","modified_gmt":"2025-11-12T11:18:37","slug":"equip-docent","status":"publish","type":"page","link":"https:\/\/agora.xtec.cat\/escolafmistral\/curs\/equip-docent\/","title":{"rendered":"Equip docent 2025-2026"},"content":{"rendered":"\n<h4 class=\"wp-block-heading\">&nbsp;<\/h4>\n\n\n\n<figure class=\"wp-block-image size-large\"><a href=\"https:\/\/agora.xtec.cat\/escolafmistral\/wp-content\/uploads\/usu688\/2025\/09\/Equip-Docent-Curs-2025-26-web.jpg\"><img loading=\"lazy\" decoding=\"async\" width=\"1024\" height=\"1024\" src=\"https:\/\/agora.xtec.cat\/escolafmistral\/wp-content\/uploads\/usu688\/2025\/09\/Equip-Docent-Curs-2025-26-web-1024x1024.jpg\" alt=\"\" class=\"wp-image-16747\" srcset=\"https:\/\/agora.xtec.cat\/escolafmistral\/wp-content\/uploads\/usu688\/2025\/09\/Equip-Docent-Curs-2025-26-web-1024x1024.jpg 1024w, https:\/\/agora.xtec.cat\/escolafmistral\/wp-content\/uploads\/usu688\/2025\/09\/Equip-Docent-Curs-2025-26-web-300x300.jpg 300w, https:\/\/agora.xtec.cat\/escolafmistral\/wp-content\/uploads\/usu688\/2025\/09\/Equip-Docent-Curs-2025-26-web-150x150.jpg 150w, https:\/\/agora.xtec.cat\/escolafmistral\/wp-content\/uploads\/usu688\/2025\/09\/Equip-Docent-Curs-2025-26-web-768x768.jpg 768w, https:\/\/agora.xtec.cat\/escolafmistral\/wp-content\/uploads\/usu688\/2025\/09\/Equip-Docent-Curs-2025-26-web.jpg 1250w\" sizes=\"auto, (max-width: 1024px) 100vw, 1024px\" \/><\/a><\/figure>\n\n\n\n<p><\/p>\n\n\n\n<h4 class=\"wp-block-heading\">Equip directiu<\/h4>\n\n\n\n<figure class=\"wp-block-table is-style-stripes\"><table><tbody><tr><td><strong>Director<\/strong><\/td><td>Juanjo Mart\u00ednez<\/td><\/tr><tr><td><strong>Cap d&#8217;estudis<\/strong><\/td><td>Meritxell Velasco<\/td><\/tr><tr><td><strong>Secret\u00e0ria<\/strong><\/td><td>Immaculada Pujad\u00f3<\/td><\/tr><\/tbody><\/table><\/figure>\n\n\n\n<h4 class=\"wp-block-heading\"><strong>Tutores d\u2019Educaci\u00f3 Infantil<\/strong><\/h4>\n\n\n\n<figure class=\"wp-block-table is-style-stripes\"><table><tbody><tr><td><strong>I3A:<\/strong> Laura Marc\u00f3<\/td><td><strong>I3B:<\/strong> N\u00faria Ag\u00fcera<\/td><\/tr><tr><td><strong>I4A: <\/strong>Marisa Ramos<\/td><td><strong>I4B: <\/strong>Pineda Rovira<\/td><\/tr><tr><td><strong>I5A:<\/strong> N\u00faria Calvo<\/td><td><strong>I5B: <\/strong>Pilar Mart\u00edn<\/td><\/tr><\/tbody><\/table><\/figure>\n\n\n\n<h4 class=\"wp-block-heading\"><strong>Especialistes<\/strong><strong> Infantil<\/strong><\/h4>\n\n\n\n<figure class=\"wp-block-table is-style-stripes\"><table><tbody><tr><td><strong>Psicomotricitat<\/strong><\/td><td>Serrat d&#8217;Armengol<\/td><\/tr><tr><td><strong>M\u00fasica<\/strong><\/td><td>Serrat d&#8217;Armengol<\/td><\/tr><tr><td><b>Suports<\/b><\/td><td>Meritxell Velasco<\/td><\/tr><tr><td><b>Audici\u00f3 i Llenguatge<\/b><\/td><td>Alba Lobateras<\/td><\/tr><tr><td><b>Atenci\u00f3 a la diversitat<\/b><\/td><td>Marta M\u00e9ndez<\/td><\/tr><\/tbody><\/table><\/figure>\n\n\n\n<h4 class=\"wp-block-heading\">&nbsp;<\/h4>\n\n\n\n<h4 class=\"wp-block-heading\"><strong>Tutors\/es d\u2019Educaci\u00f3 Prim\u00e0ria<\/strong><\/h4>\n\n\n\n<figure class=\"wp-block-table is-style-stripes\"><table><tbody><tr><td><strong>1rA:&nbsp;<\/strong>M\u00f2nica Barro \/M\u00edkel Palau<\/td><td><strong>1rB:<\/strong> Rosa Berna<\/td><\/tr><tr><td><strong>2nA:<\/strong> Elisabet Lucena<\/td><td><strong>2nB:&nbsp;<\/strong>Sergio Franco<\/td><\/tr><tr><td><strong>3rA: <\/strong>Jennifer Ribes<\/td><td><strong>3rB:<\/strong> Maria Moros<\/td><\/tr><tr><td><strong>4rA: <\/strong>In\u00e9s Ense\u00f1at<\/td><td><strong>4rB: <\/strong>Maite Garc\u00eda<\/td><\/tr><tr><td><strong>5\u00e8A:<\/strong> Jes\u00fas Jimenez<\/td><td><strong>5\u00e8B:<\/strong> Araitz Garc\u00eda<\/td><\/tr><tr><td><strong>6\u00e8A:<\/strong> D\u00e9bora Jim\u00e9nez<\/td><td><strong>6\u00e8B:&nbsp;<\/strong>Jos\u00e9 Ruiz<\/td><\/tr><\/tbody><\/table><\/figure>\n\n\n\n<h4 class=\"wp-block-heading\"><strong>Especialistes<\/strong><strong> Prim\u00e0ria<\/strong><\/h4>\n\n\n\n<figure class=\"wp-block-table is-style-stripes\"><table><tbody><tr><td><strong>Educaci\u00f3 F\u00edsica<\/strong><\/td><td>Marta Esteve<\/td><\/tr><tr><td><b>Angl\u00e8s<\/b><\/td><td>Lidia G\u00f3mez i A\u00efda Hern\u00e1ndez<\/td><\/tr><tr><td><b>M\u00fasica<\/b><\/td><td>Irene Grasa<\/td><\/tr><tr><td><b>Aula d&#8217;acollida<\/b><\/td><td>S\u00edlvia Ortiz <\/td><\/tr><tr><td><b>Suports<\/b><\/td><td>Meritxell Velasco, Juanjo Mart\u00ednez<\/td><\/tr><tr><td><strong>Rob\u00f2tica<\/strong><\/td><td>Ignasi Candela<\/td><\/tr><tr><td><strong>SdA<\/strong><\/td><td>Imma Pujad\u00f3<\/td><\/tr><\/tbody><\/table><\/figure>\n\n\n\n<h4 class=\"wp-block-heading\"><strong>Personal d&#8217;Atenci\u00f3 Educativa<\/strong> i d&#8217;Administraci\u00f3 i Serveis<\/h4>\n\n\n\n<figure class=\"wp-block-table is-style-stripes\"><table><tbody><tr><td><strong>T\u00e8cnic d&#8217;educaci\u00f3 Infantil&nbsp;<\/strong><\/td><td>M\u00f2nica Aja<\/td><\/tr><tr><td><b>Vetlladora<\/b><\/td><td>Marta Vidal, Beverly Lugada<\/td><\/tr><tr><td><strong>Administrativa<\/strong><\/td><td>Elena Cunyat<\/td><\/tr><tr><td><strong>Conserge<\/strong><\/td><td>\u00c0ngela Carrasco<\/td><\/tr><tr><td><strong>Conserge<\/strong><\/td><td>Gustavo Ribas<\/td><\/tr><\/tbody><\/table><\/figure>\n\n\n\n<p><\/p>\n","protected":false},"excerpt":{"rendered":"<p>&nbsp; Equip directiu Director Juanjo Mart\u00ednez Cap d&#8217;estudis Meritxell Velasco Secret\u00e0ria Immaculada Pujad\u00f3 Tutores d\u2019Educaci\u00f3 Infantil I3A: Laura Marc\u00f3 I3B: N\u00faria Ag\u00fcera I4A: Marisa Ramos I4B: Pineda Rovira I5A: N\u00faria Calvo I5B: Pilar Mart\u00edn Especialistes Infantil Psicomotricitat Serrat d&#8217;Armengol M\u00fasica Serrat d&#8217;Armengol Suports Meritxell Velasco Audici\u00f3 i Llenguatge Alba Lobateras Atenci\u00f3 a la diversitat Marta [&hellip;]<\/p>\n","protected":false},"author":1,"featured_media":0,"parent":204,"menu_order":30,"comment_status":"closed","ping_status":"closed","template":"page-templates\/side-menu.php","meta":{"_bbp_topic_count":0,"_bbp_reply_count":0,"_bbp_total_topic_count":0,"_bbp_total_reply_count":0,"_bbp_voice_count":0,"_bbp_anonymous_reply_count":0,"_bbp_topic_count_hidden":0,"_bbp_reply_count_hidden":0,"_bbp_forum_subforum_count":0,"site-sidebar-layout":"default","site-content-layout":"","ast-site-content-layout":"","site-content-style":"default","site-sidebar-style":"default","ast-global-header-display":"","ast-banner-title-visibility":"","ast-main-header-display":"","ast-hfb-above-header-display":"","ast-hfb-below-header-display":"","ast-hfb-mobile-header-display":"","site-post-title":"","ast-breadcrumbs-content":"","ast-featured-img":"","footer-sml-layout":"","theme-transparent-header-meta":"","adv-header-id-meta":"","stick-header-meta":"","header-above-stick-meta":"","header-main-stick-meta":"","header-below-stick-meta":"","astra-migrate-meta-layouts":"default","ast-page-background-enabled":"default","ast-page-background-meta":{"desktop":{"background-color":"var(--ast-global-color-4)","background-image":"","background-repeat":"repeat","background-position":"center center","background-size":"auto","background-attachment":"scroll","background-type":"","background-media":"","overlay-type":"","overlay-color":"","overlay-opacity":"","overlay-gradient":""},"tablet":{"background-color":"","background-image":"","background-repeat":"repeat","background-position":"center center","background-size":"auto","background-attachment":"scroll","background-type":"","background-media":"","overlay-type":"","overlay-color":"","overlay-opacity":"","overlay-gradient":""},"mobile":{"background-color":"","background-image":"","background-repeat":"repeat","background-position":"center center","background-size":"auto","background-attachment":"scroll","background-type":"","background-media":"","overlay-type":"","overlay-color":"","overlay-opacity":"","overlay-gradient":""}},"ast-content-background-meta":{"desktop":{"background-color":"var(--ast-global-color-5)","background-image":"","background-repeat":"repeat","background-position":"center center","background-size":"auto","background-attachment":"scroll","background-type":"","background-media":"","overlay-type":"","overlay-color":"","overlay-opacity":"","overlay-gradient":""},"tablet":{"background-color":"var(--ast-global-color-5)","background-image":"","background-repeat":"repeat","background-position":"center center","background-size":"auto","background-attachment":"scroll","background-type":"","background-media":"","overlay-type":"","overlay-color":"","overlay-opacity":"","overlay-gradient":""},"mobile":{"background-color":"var(--ast-global-color-5)","background-image":"","background-repeat":"repeat","background-position":"center center","background-size":"auto","background-attachment":"scroll","background-type":"","background-media":"","overlay-type":"","overlay-color":"","overlay-opacity":"","overlay-gradient":""}},"footnotes":""},"class_list":["post-216","page","type-page","status-publish","hentry"],"post_mailing_queue_ids":[],"_links":{"self":[{"href":"https:\/\/agora.xtec.cat\/escolafmistral\/wp-json\/wp\/v2\/pages\/216","targetHints":{"allow":["GET"]}}],"collection":[{"href":"https:\/\/agora.xtec.cat\/escolafmistral\/wp-json\/wp\/v2\/pages"}],"about":[{"href":"https:\/\/agora.xtec.cat\/escolafmistral\/wp-json\/wp\/v2\/types\/page"}],"author":[{"embeddable":true,"href":"https:\/\/agora.xtec.cat\/escolafmistral\/wp-json\/wp\/v2\/users\/1"}],"replies":[{"embeddable":true,"href":"https:\/\/agora.xtec.cat\/escolafmistral\/wp-json\/wp\/v2\/comments?post=216"}],"version-history":[{"count":6,"href":"https:\/\/agora.xtec.cat\/escolafmistral\/wp-json\/wp\/v2\/pages\/216\/revisions"}],"predecessor-version":[{"id":16764,"href":"https:\/\/agora.xtec.cat\/escolafmistral\/wp-json\/wp\/v2\/pages\/216\/revisions\/16764"}],"up":[{"embeddable":true,"href":"https:\/\/agora.xtec.cat\/escolafmistral\/wp-json\/wp\/v2\/pages\/204"}],"wp:attachment":[{"href":"https:\/\/agora.xtec.cat\/escolafmistral\/wp-json\/wp\/v2\/media?parent=216"}],"curies":[{"name":"wp","href":"https:\/\/api.w.org\/{rel}","templated":true}]}}