{"id":17039,"date":"2026-03-03T09:38:08","date_gmt":"2026-03-03T08:38:08","guid":{"rendered":"https:\/\/agora.xtec.cat\/escolafmistral\/?page_id=17039"},"modified":"2026-03-03T09:38:35","modified_gmt":"2026-03-03T08:38:35","slug":"musica","status":"publish","type":"page","link":"https:\/\/agora.xtec.cat\/escolafmistral\/projectes\/musica\/","title":{"rendered":"M\u00fasica"},"content":{"rendered":"\n<p>La m\u00fasica \u00e9s una manera d\u2019expressar-se, relacionar-se i comunicar-se, i a la nostra escola ho vivim de manera activa i participativa. Treballem l\u2019aprenentatge a trav\u00e9s de can\u00e7ons, llenguatge musical, danses, interpretaci\u00f3 amb instruments i la creaci\u00f3 de coreografies pr\u00f2pies.<\/p>\n\n\n\n<p>Els alumnes participen en activitats fora del centre per completar aquesta experi\u00e8ncia: sortides a l\u2019Auditori, al Palau de la M\u00fasica, Caixaforum&#8230;<\/p>\n\n\n\n<p>\u00a0A segon de Prim\u00e0ria es realitza el primer projecte col\u00b7laboratiu: <strong>La Clika<\/strong>, que es realitza en un teatre de la nostra ciutat on comparteixen aprenentatges musicals amb altres escoles.<\/p>\n\n\n\n<p>A m\u00e9s, els infants de cicle superior participen a la <strong>Cant\u00e0nia<\/strong>, una activitat que es porta a terme a l\u2019Auditori de Barcelona i que els permet viure una experi\u00e8ncia musical \u00fanica en un gran escenari.<\/p>\n\n\n\n<p>Aix\u00ed, la m\u00fasica es converteix en una eina de desenvolupament emocional, creatiu i social per a tot l\u2019alumnat.<\/p>\n\n\n\n<p><\/p>\n","protected":false},"excerpt":{"rendered":"<p>La m\u00fasica \u00e9s una manera d\u2019expressar-se, relacionar-se i comunicar-se, i a la nostra escola ho vivim de manera activa i participativa. Treballem l\u2019aprenentatge a trav\u00e9s de can\u00e7ons, llenguatge musical, danses, interpretaci\u00f3 amb instruments i la creaci\u00f3 de coreografies pr\u00f2pies. Els alumnes participen en activitats fora del centre per completar aquesta experi\u00e8ncia: sortides a l\u2019Auditori, al [&hellip;]<\/p>\n","protected":false},"author":26,"featured_media":0,"parent":16909,"menu_order":0,"comment_status":"closed","ping_status":"closed","template":"","meta":{"_bbp_topic_count":0,"_bbp_reply_count":0,"_bbp_total_topic_count":0,"_bbp_total_reply_count":0,"_bbp_voice_count":0,"_bbp_anonymous_reply_count":0,"_bbp_topic_count_hidden":0,"_bbp_reply_count_hidden":0,"_bbp_forum_subforum_count":0,"site-sidebar-layout":"default","site-content-layout":"","ast-site-content-layout":"default","site-content-style":"default","site-sidebar-style":"default","ast-global-header-display":"","ast-banner-title-visibility":"","ast-main-header-display":"","ast-hfb-above-header-display":"","ast-hfb-below-header-display":"","ast-hfb-mobile-header-display":"","site-post-title":"","ast-breadcrumbs-content":"","ast-featured-img":"","footer-sml-layout":"","theme-transparent-header-meta":"","adv-header-id-meta":"","stick-header-meta":"","header-above-stick-meta":"","header-main-stick-meta":"","header-below-stick-meta":"","astra-migrate-meta-layouts":"set","ast-page-background-enabled":"default","ast-page-background-meta":{"desktop":{"background-color":"var(--ast-global-color-4)","background-image":"","background-repeat":"repeat","background-position":"center center","background-size":"auto","background-attachment":"scroll","background-type":"","background-media":"","overlay-type":"","overlay-color":"","overlay-opacity":"","overlay-gradient":""},"tablet":{"background-color":"","background-image":"","background-repeat":"repeat","background-position":"center center","background-size":"auto","background-attachment":"scroll","background-type":"","background-media":"","overlay-type":"","overlay-color":"","overlay-opacity":"","overlay-gradient":""},"mobile":{"background-color":"","background-image":"","background-repeat":"repeat","background-position":"center center","background-size":"auto","background-attachment":"scroll","background-type":"","background-media":"","overlay-type":"","overlay-color":"","overlay-opacity":"","overlay-gradient":""}},"ast-content-background-meta":{"desktop":{"background-color":"var(--ast-global-color-5)","background-image":"","background-repeat":"repeat","background-position":"center center","background-size":"auto","background-attachment":"scroll","background-type":"","background-media":"","overlay-type":"","overlay-color":"","overlay-opacity":"","overlay-gradient":""},"tablet":{"background-color":"var(--ast-global-color-5)","background-image":"","background-repeat":"repeat","background-position":"center center","background-size":"auto","background-attachment":"scroll","background-type":"","background-media":"","overlay-type":"","overlay-color":"","overlay-opacity":"","overlay-gradient":""},"mobile":{"background-color":"var(--ast-global-color-5)","background-image":"","background-repeat":"repeat","background-position":"center center","background-size":"auto","background-attachment":"scroll","background-type":"","background-media":"","overlay-type":"","overlay-color":"","overlay-opacity":"","overlay-gradient":""}},"footnotes":""},"class_list":["post-17039","page","type-page","status-publish","hentry"],"post_mailing_queue_ids":[],"_links":{"self":[{"href":"https:\/\/agora.xtec.cat\/escolafmistral\/wp-json\/wp\/v2\/pages\/17039","targetHints":{"allow":["GET"]}}],"collection":[{"href":"https:\/\/agora.xtec.cat\/escolafmistral\/wp-json\/wp\/v2\/pages"}],"about":[{"href":"https:\/\/agora.xtec.cat\/escolafmistral\/wp-json\/wp\/v2\/types\/page"}],"author":[{"embeddable":true,"href":"https:\/\/agora.xtec.cat\/escolafmistral\/wp-json\/wp\/v2\/users\/26"}],"replies":[{"embeddable":true,"href":"https:\/\/agora.xtec.cat\/escolafmistral\/wp-json\/wp\/v2\/comments?post=17039"}],"version-history":[{"count":1,"href":"https:\/\/agora.xtec.cat\/escolafmistral\/wp-json\/wp\/v2\/pages\/17039\/revisions"}],"predecessor-version":[{"id":17043,"href":"https:\/\/agora.xtec.cat\/escolafmistral\/wp-json\/wp\/v2\/pages\/17039\/revisions\/17043"}],"up":[{"embeddable":true,"href":"https:\/\/agora.xtec.cat\/escolafmistral\/wp-json\/wp\/v2\/pages\/16909"}],"wp:attachment":[{"href":"https:\/\/agora.xtec.cat\/escolafmistral\/wp-json\/wp\/v2\/media?parent=17039"}],"curies":[{"name":"wp","href":"https:\/\/api.w.org\/{rel}","templated":true}]}}