{"id":16955,"date":"2026-01-29T11:44:49","date_gmt":"2026-01-29T10:44:49","guid":{"rendered":"https:\/\/agora.xtec.cat\/escolafmistral\/?page_id=16955"},"modified":"2026-03-03T09:35:11","modified_gmt":"2026-03-03T08:35:11","slug":"robotica","status":"publish","type":"page","link":"https:\/\/agora.xtec.cat\/escolafmistral\/projectes\/robotica\/","title":{"rendered":"Rob\u00f2tica"},"content":{"rendered":"\n<p>A la nostra escola treballem la rob\u00f2tica des d\u2019Educaci\u00f3 Infantil fins a Prim\u00e0ria a trav\u00e9s del treball per racons. Aquesta metodologia permet que els infants aprenguin de manera manipulativa, vivencial i adaptada al seu ritme.<\/p>\n\n\n\n<p>La rob\u00f2tica \u00e9s una proposta molt motivadora que fomenta el pensament l\u00f2gic, la resoluci\u00f3 de problemes, la creativitat i el treball en equip. Mitjan\u00e7ant reptes i activitats pr\u00e0ctiques, l&#8217;alumnat experimenta i investiga per construir els seus propis aprenentatges.<\/p>\n\n\n\n<p><\/p>\n\n\n\n<p class=\"has-black-color has-text-color has-link-color wp-elements-6b25c4d99ce6adde30cdfd5ff5f4aab2\">A l&#8217;Escola Frederic Mistral treballem la rob\u00f2tica a l&#8217;horari de racons, en aquesta franja de 90 minuts dividim les dues classes cada nivell en 3 grups per treballar amb r\u00e0tios m\u00e9s redu\u00efdes. Mentre un grup fa propostes de llengua, l&#8217;altra fa activitats de matem\u00e0tiques i el tercer grup fa activitats de rob\u00f2tica amb els materials espec\u00edfics de rob\u00f2tica. <\/p>\n\n\n\n<p>Disposem de materials innovadors i  interessants, adequats a cada edat, que permeten introduir la programaci\u00f3 i el pensament computacional d\u2019una manera l\u00fadica i significativa.<\/p>\n\n\n\n<p>Tot segui teniu els materials dels quals disposem i on s&#8217;utilitzen priorit\u00e0riament.<\/p>\n\n\n\n<div class=\"wp-block-getwid-images-slider has-arrows-inside has-dots-inside has-images-center has-fitted-images\"><div class=\"wp-block-getwid-images-slider__wrapper\" data-effect=\"fade\" data-slides-show=\"1\" data-slides-show-laptop=\"1\" data-slides-show-tablet=\"1\" data-slides-show-mobile=\"1\" data-slides-scroll=\"1\" data-autoplay=\"false\" data-pause-hover=\"false\" data-autoplay-speed=\"6000\" data-infinite=\"true\" data-animation-speed=\"800\" data-center-mode=\"false\" data-variable-width=\"false\" data-arrows=\"inside\" data-dots=\"inside\" data-spacing=\"none\"><div class=\"wp-block-getwid-images-slider__item\"><figure><img loading=\"lazy\" decoding=\"async\" width=\"768\" height=\"432\" src=\"https:\/\/agora.xtec.cat\/escolafmistral\/wp-content\/uploads\/usu688\/2026\/02\/1770973065150-768x432.jpg\" alt=\"\" data-id=\"17001\" data-link=\"https:\/\/agora.xtec.cat\/escolafmistral\/projectes\/robotica\/attachment\/1770973065150\/\" data-original-link=\"https:\/\/agora.xtec.cat\/escolafmistral\/wp-content\/uploads\/usu688\/2026\/02\/1770973065150-scaled.jpg\" class=\"wp-block-getwid-images-slider__image wp-image-17001\" srcset=\"https:\/\/agora.xtec.cat\/escolafmistral\/wp-content\/uploads\/usu688\/2026\/02\/1770973065150-768x432.jpg 768w, https:\/\/agora.xtec.cat\/escolafmistral\/wp-content\/uploads\/usu688\/2026\/02\/1770973065150-300x169.jpg 300w, https:\/\/agora.xtec.cat\/escolafmistral\/wp-content\/uploads\/usu688\/2026\/02\/1770973065150-1024x577.jpg 1024w, https:\/\/agora.xtec.cat\/escolafmistral\/wp-content\/uploads\/usu688\/2026\/02\/1770973065150-1536x865.jpg 1536w, https:\/\/agora.xtec.cat\/escolafmistral\/wp-content\/uploads\/usu688\/2026\/02\/1770973065150-2048x1153.jpg 2048w\" sizes=\"auto, (max-width: 768px) 100vw, 768px\" \/><\/figure><\/div><div class=\"wp-block-getwid-images-slider__item\"><figure><img loading=\"lazy\" decoding=\"async\" width=\"768\" height=\"432\" src=\"https:\/\/agora.xtec.cat\/escolafmistral\/wp-content\/uploads\/usu688\/2026\/02\/1770973065053-768x432.jpg\" alt=\"\" data-id=\"17002\" data-link=\"https:\/\/agora.xtec.cat\/escolafmistral\/projectes\/robotica\/attachment\/1770973065053\/\" data-original-link=\"https:\/\/agora.xtec.cat\/escolafmistral\/wp-content\/uploads\/usu688\/2026\/02\/1770973065053-scaled.jpg\" class=\"wp-block-getwid-images-slider__image wp-image-17002\" srcset=\"https:\/\/agora.xtec.cat\/escolafmistral\/wp-content\/uploads\/usu688\/2026\/02\/1770973065053-768x432.jpg 768w, https:\/\/agora.xtec.cat\/escolafmistral\/wp-content\/uploads\/usu688\/2026\/02\/1770973065053-300x169.jpg 300w, https:\/\/agora.xtec.cat\/escolafmistral\/wp-content\/uploads\/usu688\/2026\/02\/1770973065053-1024x577.jpg 1024w, https:\/\/agora.xtec.cat\/escolafmistral\/wp-content\/uploads\/usu688\/2026\/02\/1770973065053-1536x865.jpg 1536w, https:\/\/agora.xtec.cat\/escolafmistral\/wp-content\/uploads\/usu688\/2026\/02\/1770973065053-2048x1153.jpg 2048w\" sizes=\"auto, (max-width: 768px) 100vw, 768px\" \/><\/figure><\/div><div class=\"wp-block-getwid-images-slider__item\"><figure><img loading=\"lazy\" decoding=\"async\" width=\"768\" height=\"432\" src=\"https:\/\/agora.xtec.cat\/escolafmistral\/wp-content\/uploads\/usu688\/2026\/02\/1744611595336-768x432.jpg\" alt=\"\" data-id=\"17003\" data-link=\"https:\/\/agora.xtec.cat\/escolafmistral\/projectes\/robotica\/attachment\/1744611595336\/\" data-original-link=\"https:\/\/agora.xtec.cat\/escolafmistral\/wp-content\/uploads\/usu688\/2026\/02\/1744611595336-scaled.jpg\" class=\"wp-block-getwid-images-slider__image wp-image-17003\" srcset=\"https:\/\/agora.xtec.cat\/escolafmistral\/wp-content\/uploads\/usu688\/2026\/02\/1744611595336-768x432.jpg 768w, https:\/\/agora.xtec.cat\/escolafmistral\/wp-content\/uploads\/usu688\/2026\/02\/1744611595336-300x169.jpg 300w, https:\/\/agora.xtec.cat\/escolafmistral\/wp-content\/uploads\/usu688\/2026\/02\/1744611595336-1024x577.jpg 1024w, https:\/\/agora.xtec.cat\/escolafmistral\/wp-content\/uploads\/usu688\/2026\/02\/1744611595336-1536x865.jpg 1536w, https:\/\/agora.xtec.cat\/escolafmistral\/wp-content\/uploads\/usu688\/2026\/02\/1744611595336-2048x1153.jpg 2048w\" sizes=\"auto, (max-width: 768px) 100vw, 768px\" \/><\/figure><\/div><div class=\"wp-block-getwid-images-slider__item\"><figure><img loading=\"lazy\" decoding=\"async\" width=\"768\" height=\"580\" src=\"https:\/\/agora.xtec.cat\/escolafmistral\/wp-content\/uploads\/usu688\/2026\/02\/1770973065201-768x580.jpg\" alt=\"\" data-id=\"17004\" data-link=\"https:\/\/agora.xtec.cat\/escolafmistral\/projectes\/robotica\/attachment\/1770973065201\/\" data-original-link=\"https:\/\/agora.xtec.cat\/escolafmistral\/wp-content\/uploads\/usu688\/2026\/02\/1770973065201.jpg\" class=\"wp-block-getwid-images-slider__image wp-image-17004\" srcset=\"https:\/\/agora.xtec.cat\/escolafmistral\/wp-content\/uploads\/usu688\/2026\/02\/1770973065201-768x580.jpg 768w, https:\/\/agora.xtec.cat\/escolafmistral\/wp-content\/uploads\/usu688\/2026\/02\/1770973065201-300x227.jpg 300w, https:\/\/agora.xtec.cat\/escolafmistral\/wp-content\/uploads\/usu688\/2026\/02\/1770973065201-1024x773.jpg 1024w, https:\/\/agora.xtec.cat\/escolafmistral\/wp-content\/uploads\/usu688\/2026\/02\/1770973065201-1536x1160.jpg 1536w, https:\/\/agora.xtec.cat\/escolafmistral\/wp-content\/uploads\/usu688\/2026\/02\/1770973065201-2048x1547.jpg 2048w\" sizes=\"auto, (max-width: 768px) 100vw, 768px\" \/><\/figure><\/div><div class=\"wp-block-getwid-images-slider__item\"><figure><img loading=\"lazy\" decoding=\"async\" width=\"768\" height=\"432\" src=\"https:\/\/agora.xtec.cat\/escolafmistral\/wp-content\/uploads\/usu688\/2026\/02\/1770973065300-768x432.jpg\" alt=\"\" data-id=\"17005\" data-link=\"https:\/\/agora.xtec.cat\/escolafmistral\/projectes\/robotica\/attachment\/1770973065300\/\" data-original-link=\"https:\/\/agora.xtec.cat\/escolafmistral\/wp-content\/uploads\/usu688\/2026\/02\/1770973065300-scaled.jpg\" class=\"wp-block-getwid-images-slider__image wp-image-17005\" srcset=\"https:\/\/agora.xtec.cat\/escolafmistral\/wp-content\/uploads\/usu688\/2026\/02\/1770973065300-768x432.jpg 768w, https:\/\/agora.xtec.cat\/escolafmistral\/wp-content\/uploads\/usu688\/2026\/02\/1770973065300-300x169.jpg 300w, https:\/\/agora.xtec.cat\/escolafmistral\/wp-content\/uploads\/usu688\/2026\/02\/1770973065300-1024x577.jpg 1024w, https:\/\/agora.xtec.cat\/escolafmistral\/wp-content\/uploads\/usu688\/2026\/02\/1770973065300-1536x865.jpg 1536w, https:\/\/agora.xtec.cat\/escolafmistral\/wp-content\/uploads\/usu688\/2026\/02\/1770973065300-2048x1153.jpg 2048w\" sizes=\"auto, (max-width: 768px) 100vw, 768px\" \/><\/figure><\/div><div class=\"wp-block-getwid-images-slider__item\"><figure><img loading=\"lazy\" decoding=\"async\" width=\"768\" height=\"450\" src=\"https:\/\/agora.xtec.cat\/escolafmistral\/wp-content\/uploads\/usu688\/2026\/02\/1744611608184-1-768x450.jpg\" alt=\"\" data-id=\"17000\" data-link=\"https:\/\/agora.xtec.cat\/escolafmistral\/projectes\/robotica\/attachment\/1744611608184-2\/\" data-original-link=\"https:\/\/agora.xtec.cat\/escolafmistral\/wp-content\/uploads\/usu688\/2026\/02\/1744611608184-1.jpg\" class=\"wp-block-getwid-images-slider__image wp-image-17000\" srcset=\"https:\/\/agora.xtec.cat\/escolafmistral\/wp-content\/uploads\/usu688\/2026\/02\/1744611608184-1-768x450.jpg 768w, https:\/\/agora.xtec.cat\/escolafmistral\/wp-content\/uploads\/usu688\/2026\/02\/1744611608184-1-300x176.jpg 300w, https:\/\/agora.xtec.cat\/escolafmistral\/wp-content\/uploads\/usu688\/2026\/02\/1744611608184-1-1024x601.jpg 1024w, https:\/\/agora.xtec.cat\/escolafmistral\/wp-content\/uploads\/usu688\/2026\/02\/1744611608184-1-1536x901.jpg 1536w, https:\/\/agora.xtec.cat\/escolafmistral\/wp-content\/uploads\/usu688\/2026\/02\/1744611608184-1.jpg 1845w\" sizes=\"auto, (max-width: 768px) 100vw, 768px\" \/><\/figure><\/div><\/div><\/div>\n\n\n\n<div class=\"wp-block-getwid-advanced-heading\"><span class=\"wp-block-getwid-advanced-heading__content\"><strong>Comunitats de Petits<\/strong><\/span><\/div>\n\n\n\n<div class=\"wp-block-columns is-layout-flex wp-container-core-columns-is-layout-1 wp-block-columns-is-layout-flex\">\n<div class=\"wp-block-column is-layout-flow wp-block-column-is-layout-flow\">\n<figure class=\"wp-block-image size-full is-resized\"><a href=\"https:\/\/projectes.xtec.cat\/digital\/equipaments-i-infraestructures\/robotica\/formacio-tecnica-robotica\/robots-educatius\/blue-bot\/\"><img loading=\"lazy\" decoding=\"async\" width=\"625\" height=\"625\" src=\"https:\/\/agora.xtec.cat\/escolafmistral\/wp-content\/uploads\/usu688\/2026\/02\/image.png\" alt=\"\" class=\"wp-image-16988\" style=\"width:192px;height:auto\" srcset=\"https:\/\/agora.xtec.cat\/escolafmistral\/wp-content\/uploads\/usu688\/2026\/02\/image.png 625w, https:\/\/agora.xtec.cat\/escolafmistral\/wp-content\/uploads\/usu688\/2026\/02\/image-300x300.png 300w, https:\/\/agora.xtec.cat\/escolafmistral\/wp-content\/uploads\/usu688\/2026\/02\/image-150x150.png 150w\" sizes=\"auto, (max-width: 625px) 100vw, 625px\" \/><\/a><\/figure>\n<\/div>\n\n\n\n<div class=\"wp-block-column is-layout-flow wp-block-column-is-layout-flow\">\n<figure class=\"wp-block-image size-full is-resized\"><a href=\"https:\/\/projectes.xtec.cat\/digital\/equipaments-i-infraestructures\/robotica\/formacio-tecnica-robotica\/robots-educatius\/mtiny\/\"><img loading=\"lazy\" decoding=\"async\" width=\"417\" height=\"405\" src=\"https:\/\/agora.xtec.cat\/escolafmistral\/wp-content\/uploads\/usu688\/2026\/02\/image-3.png\" alt=\"\" class=\"wp-image-16991\" style=\"width:192px;height:auto\" srcset=\"https:\/\/agora.xtec.cat\/escolafmistral\/wp-content\/uploads\/usu688\/2026\/02\/image-3.png 417w, https:\/\/agora.xtec.cat\/escolafmistral\/wp-content\/uploads\/usu688\/2026\/02\/image-3-300x291.png 300w\" sizes=\"auto, (max-width: 417px) 100vw, 417px\" \/><\/a><\/figure>\n<\/div>\n<\/div>\n\n\n\n<div class=\"wp-block-getwid-advanced-heading\"><span class=\"wp-block-getwid-advanced-heading__content\"><strong>Comunitats de Mitjans: 1r i 2n<\/strong><\/span><\/div>\n\n\n\n<div class=\"wp-block-columns is-layout-flex wp-container-core-columns-is-layout-2 wp-block-columns-is-layout-flex\">\n<div class=\"wp-block-column is-layout-flow wp-block-column-is-layout-flow\">\n<figure class=\"wp-block-image size-full is-resized\"><a href=\"https:\/\/agora.xtec.cat\/escolafmistral\/wp-content\/uploads\/usu688\/2026\/02\/image.png\"><img loading=\"lazy\" decoding=\"async\" width=\"625\" height=\"625\" src=\"https:\/\/agora.xtec.cat\/escolafmistral\/wp-content\/uploads\/usu688\/2026\/02\/image.png\" alt=\"\" class=\"wp-image-16988\" style=\"width:192px;height:auto\" srcset=\"https:\/\/agora.xtec.cat\/escolafmistral\/wp-content\/uploads\/usu688\/2026\/02\/image.png 625w, https:\/\/agora.xtec.cat\/escolafmistral\/wp-content\/uploads\/usu688\/2026\/02\/image-300x300.png 300w, https:\/\/agora.xtec.cat\/escolafmistral\/wp-content\/uploads\/usu688\/2026\/02\/image-150x150.png 150w\" sizes=\"auto, (max-width: 625px) 100vw, 625px\" \/><\/a><\/figure>\n<\/div>\n\n\n\n<div class=\"wp-block-column is-layout-flow wp-block-column-is-layout-flow\">\n<figure class=\"wp-block-image size-full is-resized\"><a href=\"https:\/\/agora.xtec.cat\/escolafmistral\/wp-content\/uploads\/usu688\/2026\/02\/image-3.png\"><img loading=\"lazy\" decoding=\"async\" width=\"417\" height=\"405\" src=\"https:\/\/agora.xtec.cat\/escolafmistral\/wp-content\/uploads\/usu688\/2026\/02\/image-3.png\" alt=\"\" class=\"wp-image-16991\" style=\"width:192px;height:auto\" srcset=\"https:\/\/agora.xtec.cat\/escolafmistral\/wp-content\/uploads\/usu688\/2026\/02\/image-3.png 417w, https:\/\/agora.xtec.cat\/escolafmistral\/wp-content\/uploads\/usu688\/2026\/02\/image-3-300x291.png 300w\" sizes=\"auto, (max-width: 417px) 100vw, 417px\" \/><\/a><\/figure>\n<\/div>\n<\/div>\n\n\n\n<div class=\"wp-block-getwid-advanced-heading\"><span class=\"wp-block-getwid-advanced-heading__content\"><strong>Comunitats de Mitjans: 3r <\/strong>&#8211; <strong>Comunitat de Grans: 4t<\/strong><\/span><\/div>\n\n\n\n<div class=\"wp-block-columns is-layout-flex wp-container-core-columns-is-layout-3 wp-block-columns-is-layout-flex\">\n<div class=\"wp-block-column is-layout-flow wp-block-column-is-layout-flow\">\n<figure class=\"wp-block-image size-full\"><a href=\"https:\/\/agora.xtec.cat\/escolafmistral\/wp-content\/uploads\/usu688\/2026\/02\/image-4.png\"><img loading=\"lazy\" decoding=\"async\" width=\"320\" height=\"157\" src=\"https:\/\/agora.xtec.cat\/escolafmistral\/wp-content\/uploads\/usu688\/2026\/02\/image-4.png\" alt=\"\" class=\"wp-image-16993\" srcset=\"https:\/\/agora.xtec.cat\/escolafmistral\/wp-content\/uploads\/usu688\/2026\/02\/image-4.png 320w, https:\/\/agora.xtec.cat\/escolafmistral\/wp-content\/uploads\/usu688\/2026\/02\/image-4-300x147.png 300w\" sizes=\"auto, (max-width: 320px) 100vw, 320px\" \/><\/a><\/figure>\n<\/div>\n\n\n\n<div class=\"wp-block-column is-layout-flow wp-block-column-is-layout-flow\">\n<figure class=\"wp-block-image size-large is-resized\"><a href=\"https:\/\/agora.xtec.cat\/escolafmistral\/wp-content\/uploads\/usu688\/2026\/02\/image-1.png\"><img loading=\"lazy\" decoding=\"async\" width=\"1024\" height=\"941\" src=\"https:\/\/agora.xtec.cat\/escolafmistral\/wp-content\/uploads\/usu688\/2026\/02\/image-1-1024x941.png\" alt=\"\" class=\"wp-image-16989\" style=\"width:263px;height:auto\" srcset=\"https:\/\/agora.xtec.cat\/escolafmistral\/wp-content\/uploads\/usu688\/2026\/02\/image-1-1024x941.png 1024w, https:\/\/agora.xtec.cat\/escolafmistral\/wp-content\/uploads\/usu688\/2026\/02\/image-1-300x276.png 300w, https:\/\/agora.xtec.cat\/escolafmistral\/wp-content\/uploads\/usu688\/2026\/02\/image-1-768x706.png 768w, https:\/\/agora.xtec.cat\/escolafmistral\/wp-content\/uploads\/usu688\/2026\/02\/image-1.png 1132w\" sizes=\"auto, (max-width: 1024px) 100vw, 1024px\" \/><\/a><\/figure>\n<\/div>\n<\/div>\n\n\n\n<div class=\"wp-block-columns is-layout-flex wp-container-core-columns-is-layout-4 wp-block-columns-is-layout-flex\">\n<div class=\"wp-block-column is-layout-flow wp-block-column-is-layout-flow\">\n<figure class=\"wp-block-image size-full\"><a href=\"https:\/\/agora.xtec.cat\/escolafmistral\/wp-content\/uploads\/usu688\/2026\/02\/image-5.png\"><img loading=\"lazy\" decoding=\"async\" width=\"309\" height=\"351\" src=\"https:\/\/agora.xtec.cat\/escolafmistral\/wp-content\/uploads\/usu688\/2026\/02\/image-5.png\" alt=\"\" class=\"wp-image-16994\" srcset=\"https:\/\/agora.xtec.cat\/escolafmistral\/wp-content\/uploads\/usu688\/2026\/02\/image-5.png 309w, https:\/\/agora.xtec.cat\/escolafmistral\/wp-content\/uploads\/usu688\/2026\/02\/image-5-264x300.png 264w\" sizes=\"auto, (max-width: 309px) 100vw, 309px\" \/><\/a><\/figure>\n<\/div>\n\n\n\n<div class=\"wp-block-column is-layout-flow wp-block-column-is-layout-flow\"><\/div>\n<\/div>\n\n\n\n<div class=\"wp-block-getwid-advanced-heading\"><span class=\"wp-block-getwid-advanced-heading__content\"><strong>Comunitats de Grans: 5\u00e8 i 6\u00e8<\/strong><\/span><\/div>\n\n\n\n<div class=\"wp-block-columns is-layout-flex wp-container-core-columns-is-layout-5 wp-block-columns-is-layout-flex\">\n<div class=\"wp-block-column is-layout-flow wp-block-column-is-layout-flow\">\n<figure class=\"wp-block-image size-full is-resized\"><a href=\"https:\/\/projectes.xtec.cat\/digital\/equipaments-i-infraestructures\/robotica\/formacio-tecnica-robotica\/robots-educatius\/lego-spike-prime\/\"><img loading=\"lazy\" decoding=\"async\" width=\"699\" height=\"699\" src=\"https:\/\/agora.xtec.cat\/escolafmistral\/wp-content\/uploads\/usu688\/2026\/02\/image-2.png\" alt=\"\" class=\"wp-image-16990\" style=\"width:249px;height:auto\" srcset=\"https:\/\/agora.xtec.cat\/escolafmistral\/wp-content\/uploads\/usu688\/2026\/02\/image-2.png 699w, https:\/\/agora.xtec.cat\/escolafmistral\/wp-content\/uploads\/usu688\/2026\/02\/image-2-300x300.png 300w, https:\/\/agora.xtec.cat\/escolafmistral\/wp-content\/uploads\/usu688\/2026\/02\/image-2-150x150.png 150w\" sizes=\"auto, (max-width: 699px) 100vw, 699px\" \/><\/a><\/figure>\n<\/div>\n\n\n\n<div class=\"wp-block-column is-layout-flow wp-block-column-is-layout-flow\"><\/div>\n<\/div>\n","protected":false},"excerpt":{"rendered":"<p>A la nostra escola treballem la rob\u00f2tica des d\u2019Educaci\u00f3 Infantil fins a Prim\u00e0ria a trav\u00e9s del treball per racons. Aquesta metodologia permet que els infants aprenguin de manera manipulativa, vivencial i adaptada al seu ritme. La rob\u00f2tica \u00e9s una proposta molt motivadora que fomenta el pensament l\u00f2gic, la resoluci\u00f3 de problemes, la creativitat i el [&hellip;]<\/p>\n","protected":false},"author":26,"featured_media":0,"parent":16909,"menu_order":0,"comment_status":"closed","ping_status":"closed","template":"","meta":{"_bbp_topic_count":0,"_bbp_reply_count":0,"_bbp_total_topic_count":0,"_bbp_total_reply_count":0,"_bbp_voice_count":0,"_bbp_anonymous_reply_count":0,"_bbp_topic_count_hidden":0,"_bbp_reply_count_hidden":0,"_bbp_forum_subforum_count":0,"site-sidebar-layout":"default","site-content-layout":"","ast-site-content-layout":"default","site-content-style":"default","site-sidebar-style":"default","ast-global-header-display":"","ast-banner-title-visibility":"","ast-main-header-display":"","ast-hfb-above-header-display":"","ast-hfb-below-header-display":"","ast-hfb-mobile-header-display":"","site-post-title":"","ast-breadcrumbs-content":"","ast-featured-img":"","footer-sml-layout":"","theme-transparent-header-meta":"","adv-header-id-meta":"","stick-header-meta":"","header-above-stick-meta":"","header-main-stick-meta":"","header-below-stick-meta":"","astra-migrate-meta-layouts":"set","ast-page-background-enabled":"default","ast-page-background-meta":{"desktop":{"background-color":"var(--ast-global-color-4)","background-image":"","background-repeat":"repeat","background-position":"center center","background-size":"auto","background-attachment":"scroll","background-type":"","background-media":"","overlay-type":"","overlay-color":"","overlay-opacity":"","overlay-gradient":""},"tablet":{"background-color":"","background-image":"","background-repeat":"repeat","background-position":"center center","background-size":"auto","background-attachment":"scroll","background-type":"","background-media":"","overlay-type":"","overlay-color":"","overlay-opacity":"","overlay-gradient":""},"mobile":{"background-color":"","background-image":"","background-repeat":"repeat","background-position":"center center","background-size":"auto","background-attachment":"scroll","background-type":"","background-media":"","overlay-type":"","overlay-color":"","overlay-opacity":"","overlay-gradient":""}},"ast-content-background-meta":{"desktop":{"background-color":"var(--ast-global-color-5)","background-image":"","background-repeat":"repeat","background-position":"center center","background-size":"auto","background-attachment":"scroll","background-type":"","background-media":"","overlay-type":"","overlay-color":"","overlay-opacity":"","overlay-gradient":""},"tablet":{"background-color":"var(--ast-global-color-5)","background-image":"","background-repeat":"repeat","background-position":"center center","background-size":"auto","background-attachment":"scroll","background-type":"","background-media":"","overlay-type":"","overlay-color":"","overlay-opacity":"","overlay-gradient":""},"mobile":{"background-color":"var(--ast-global-color-5)","background-image":"","background-repeat":"repeat","background-position":"center center","background-size":"auto","background-attachment":"scroll","background-type":"","background-media":"","overlay-type":"","overlay-color":"","overlay-opacity":"","overlay-gradient":""}},"footnotes":""},"class_list":["post-16955","page","type-page","status-publish","hentry"],"post_mailing_queue_ids":[],"_links":{"self":[{"href":"https:\/\/agora.xtec.cat\/escolafmistral\/wp-json\/wp\/v2\/pages\/16955","targetHints":{"allow":["GET"]}}],"collection":[{"href":"https:\/\/agora.xtec.cat\/escolafmistral\/wp-json\/wp\/v2\/pages"}],"about":[{"href":"https:\/\/agora.xtec.cat\/escolafmistral\/wp-json\/wp\/v2\/types\/page"}],"author":[{"embeddable":true,"href":"https:\/\/agora.xtec.cat\/escolafmistral\/wp-json\/wp\/v2\/users\/26"}],"replies":[{"embeddable":true,"href":"https:\/\/agora.xtec.cat\/escolafmistral\/wp-json\/wp\/v2\/comments?post=16955"}],"version-history":[{"count":6,"href":"https:\/\/agora.xtec.cat\/escolafmistral\/wp-json\/wp\/v2\/pages\/16955\/revisions"}],"predecessor-version":[{"id":17038,"href":"https:\/\/agora.xtec.cat\/escolafmistral\/wp-json\/wp\/v2\/pages\/16955\/revisions\/17038"}],"up":[{"embeddable":true,"href":"https:\/\/agora.xtec.cat\/escolafmistral\/wp-json\/wp\/v2\/pages\/16909"}],"wp:attachment":[{"href":"https:\/\/agora.xtec.cat\/escolafmistral\/wp-json\/wp\/v2\/media?parent=16955"}],"curies":[{"name":"wp","href":"https:\/\/api.w.org\/{rel}","templated":true}]}}