{"id":16951,"date":"2026-01-29T11:44:28","date_gmt":"2026-01-29T10:44:28","guid":{"rendered":"https:\/\/agora.xtec.cat\/escolafmistral\/?page_id=16951"},"modified":"2026-03-16T22:40:44","modified_gmt":"2026-03-16T21:40:44","slug":"ambients","status":"publish","type":"page","link":"https:\/\/agora.xtec.cat\/escolafmistral\/projectes\/ambients\/","title":{"rendered":"Ambients"},"content":{"rendered":"\n<div class=\"wp-block-cover\"><span aria-hidden=\"true\" class=\"wp-block-cover__background has-background-dim\" style=\"background-color:#281a68\"><\/span><img loading=\"lazy\" decoding=\"async\" width=\"1180\" height=\"642\" class=\"wp-block-cover__image-background wp-image-16885\" alt=\"\" src=\"https:\/\/agora.xtec.cat\/escolafmistral\/wp-content\/uploads\/usu688\/2026\/01\/treball-per-ambients-escola-f-mistral.png\" data-object-fit=\"cover\" srcset=\"https:\/\/agora.xtec.cat\/escolafmistral\/wp-content\/uploads\/usu688\/2026\/01\/treball-per-ambients-escola-f-mistral.png 1180w, https:\/\/agora.xtec.cat\/escolafmistral\/wp-content\/uploads\/usu688\/2026\/01\/treball-per-ambients-escola-f-mistral-300x163.png 300w, https:\/\/agora.xtec.cat\/escolafmistral\/wp-content\/uploads\/usu688\/2026\/01\/treball-per-ambients-escola-f-mistral-1024x557.png 1024w, https:\/\/agora.xtec.cat\/escolafmistral\/wp-content\/uploads\/usu688\/2026\/01\/treball-per-ambients-escola-f-mistral-768x418.png 768w\" sizes=\"auto, (max-width: 1180px) 100vw, 1180px\" \/><div class=\"wp-block-cover__inner-container is-layout-constrained wp-block-cover-is-layout-constrained\">\n<p class=\"has-text-align-center has-white-color has-text-color has-link-color has-large-font-size wp-elements-80a86c3c35df5b93122ca4e17208151e\"><a href=\"https:\/\/player.instantvideocloud.net\/#\/embed\/2d8f57f9b3\/f6c3ccbe-28e8-6bf6-79e8-9f6ef02b2639\">Els ambients de la comunitat de petits<\/a><\/p>\n<\/div><\/div>\n\n\n\n<p><\/p>\n\n\n\n<p class=\"has-black-color has-text-color has-link-color wp-elements-4b4df14abb6fec75a8f6d9e9033d5fb3\">A la comunitat de PETITS els dimarts i dijous a la tarda els infants aprenen visitant els diferents ambients i compartint viv\u00e8ncies amb tots els companys de comunitat. Aix\u00ed doncs, cada infant tria l&#8217;ambient on anir\u00e0 durant la setmana i all\u00e0 treballa compartint interessos amb companyes i companys de i3, i4 i i5.<\/p>\n\n\n\n<p>Actualment als ambients podeu trobar aquestes propostes: <\/p>\n\n\n\n<ul class=\"wp-block-list\">\n<li>A l<strong>&#8216;ambient art\u00edstic<\/strong>&nbsp;hi ha propostes relacionades amb la primavera,  una proposta de grafisme creatiu d&#8217;una flor i la de l&#8217;artista: Alma Thomas, amb la que s&#8217;est\u00e0 fent un quadre col\u00b7laboratiu que s&#8217;anir\u00e0 completant al llarg de totes les sessions.<\/li>\n<\/ul>\n\n\n\n<ul class=\"wp-block-list\">\n<li>A l&#8217;ambient de&nbsp;<strong>motricitat fina<\/strong>&nbsp;hi ha plantilles i segells, puntillisme i propostes de creaci\u00f3 de polseres per seguir practicant la pin\u00e7a i l&#8217;habilitat amb les mans de manera divertida.<\/li>\n<\/ul>\n\n\n\n<ul class=\"wp-block-list\">\n<li>A l&#8217;ambient d\u2019<strong>exterior<\/strong> les propostes giren a partir del grafisme al terra (amb sorra i pals) i a la paret (amb pintura de guix i pinzells). Tamb\u00e9 hi ha les taules d\u2019experimentaci\u00f3 amb elements naturals i lletres de fusta amagades. I s&#8217;ofereixen jocs de pati com les motos per despla\u00e7ar-nos i seguim amb les galledes i pales al sorral.<\/li>\n<\/ul>\n\n\n\n<ul class=\"wp-block-list\">\n<li>A l&#8217;ambient de\u00a0<strong>joc simb\u00f2lic<\/strong>\u00a0actualment estan preparades les escenes de veterinaris i l&#8217;hamburgueseria; on podem posar-nos en la pell de diferents oficis i clients.<\/li>\n<\/ul>\n\n\n\n<ul class=\"wp-block-list\">\n<li>A&nbsp;l&#8217;ambient de <strong>disfresses<\/strong> els infants poden recrear personatges a partir de les difresses o inventar-los amb les diferents teles disponibles, tamb\u00e9&nbsp;hi ha maquillatge  i gomets de diferents formes i colors per posar a la cara i roba.<\/li>\n<\/ul>\n\n\n\n<ul class=\"wp-block-list\">\n<li>A l&#8217;ambient\u00a0<strong>construccions<\/strong>\u00a0poden fer circuits amb vies de tren, construccions de camins amb tubs i caniques, legos i imams.<\/li>\n<\/ul>\n\n\n\n<ul class=\"wp-block-list\">\n<li>A l&#8217;ambient de&nbsp;<strong>Llum i foscor<\/strong>&nbsp;hi ha maquillatge de ne\u00f3, retoladors fluorescents i pintura luminiscent per experimentar amb la llum.<\/li>\n<\/ul>\n\n\n\n<p class=\"has-black-color has-text-color has-link-color wp-elements-2234fb8e8c8479b1439602dafed9db69\">Les propostes van variant a mesura que tots els infants han anat passant pels diferents ambients, aix\u00ed doncs les activitats a desenvolupar s\u00f3n variades i afavoreixen desenvolupar diferents destresses i capacitats. <\/p>\n\n\n\n<div class=\"wp-block-getwid-images-slider has-arrows-inside has-dots-inside has-images-center has-cropped-images\"><div class=\"wp-block-getwid-images-slider__wrapper\" data-effect=\"slide\" data-slides-show=\"1\" data-slides-show-laptop=\"1\" data-slides-show-tablet=\"1\" data-slides-show-mobile=\"1\" data-slides-scroll=\"1\" data-autoplay=\"false\" data-pause-hover=\"false\" data-autoplay-speed=\"6000\" data-infinite=\"true\" data-animation-speed=\"800\" data-center-mode=\"false\" data-variable-width=\"false\" data-arrows=\"inside\" data-dots=\"inside\" data-spacing=\"none\"><div class=\"wp-block-getwid-images-slider__item\"><figure><img loading=\"lazy\" decoding=\"async\" width=\"1370\" height=\"450\" src=\"https:\/\/agora.xtec.cat\/escolafmistral\/wp-content\/uploads\/usu688\/2026\/03\/ambients_01.jpg\" data-id=\"17076\" data-link=\"https:\/\/agora.xtec.cat\/escolafmistral\/ambients\/attachment\/ambients_01\/\" data-original-link=\"https:\/\/agora.xtec.cat\/escolafmistral\/wp-content\/uploads\/usu688\/2026\/03\/ambients_01.jpg\" class=\"wp-block-getwid-images-slider__image wp-image-17076\" srcset=\"https:\/\/agora.xtec.cat\/escolafmistral\/wp-content\/uploads\/usu688\/2026\/03\/ambients_01.jpg 1370w, https:\/\/agora.xtec.cat\/escolafmistral\/wp-content\/uploads\/usu688\/2026\/03\/ambients_01-300x99.jpg 300w, https:\/\/agora.xtec.cat\/escolafmistral\/wp-content\/uploads\/usu688\/2026\/03\/ambients_01-1024x336.jpg 1024w, https:\/\/agora.xtec.cat\/escolafmistral\/wp-content\/uploads\/usu688\/2026\/03\/ambients_01-768x252.jpg 768w\" sizes=\"auto, (max-width: 1370px) 100vw, 1370px\" \/><\/figure><\/div><div class=\"wp-block-getwid-images-slider__item\"><figure><img loading=\"lazy\" decoding=\"async\" width=\"1370\" height=\"450\" src=\"https:\/\/agora.xtec.cat\/escolafmistral\/wp-content\/uploads\/usu688\/2026\/03\/ambients_02.jpg\" data-id=\"17077\" data-link=\"https:\/\/agora.xtec.cat\/escolafmistral\/ambients\/attachment\/ambients_02\/\" data-original-link=\"https:\/\/agora.xtec.cat\/escolafmistral\/wp-content\/uploads\/usu688\/2026\/03\/ambients_02.jpg\" class=\"wp-block-getwid-images-slider__image wp-image-17077\" srcset=\"https:\/\/agora.xtec.cat\/escolafmistral\/wp-content\/uploads\/usu688\/2026\/03\/ambients_02.jpg 1370w, https:\/\/agora.xtec.cat\/escolafmistral\/wp-content\/uploads\/usu688\/2026\/03\/ambients_02-300x99.jpg 300w, https:\/\/agora.xtec.cat\/escolafmistral\/wp-content\/uploads\/usu688\/2026\/03\/ambients_02-1024x336.jpg 1024w, https:\/\/agora.xtec.cat\/escolafmistral\/wp-content\/uploads\/usu688\/2026\/03\/ambients_02-768x252.jpg 768w\" sizes=\"auto, (max-width: 1370px) 100vw, 1370px\" \/><\/figure><\/div><\/div><\/div>\n\n\n\n<p><\/p>\n","protected":false},"excerpt":{"rendered":"<p>A la comunitat de PETITS els dimarts i dijous a la tarda els infants aprenen visitant els diferents ambients i compartint viv\u00e8ncies amb tots els companys de comunitat. Aix\u00ed doncs, cada infant tria l&#8217;ambient on anir\u00e0 durant la setmana i all\u00e0 treballa compartint interessos amb companyes i companys de i3, i4 i i5. Actualment als [&hellip;]<\/p>\n","protected":false},"author":26,"featured_media":0,"parent":16909,"menu_order":0,"comment_status":"closed","ping_status":"closed","template":"","meta":{"_bbp_topic_count":0,"_bbp_reply_count":0,"_bbp_total_topic_count":0,"_bbp_total_reply_count":0,"_bbp_voice_count":0,"_bbp_anonymous_reply_count":0,"_bbp_topic_count_hidden":0,"_bbp_reply_count_hidden":0,"_bbp_forum_subforum_count":0,"site-sidebar-layout":"default","site-content-layout":"","ast-site-content-layout":"default","site-content-style":"default","site-sidebar-style":"default","ast-global-header-display":"","ast-banner-title-visibility":"","ast-main-header-display":"","ast-hfb-above-header-display":"","ast-hfb-below-header-display":"","ast-hfb-mobile-header-display":"","site-post-title":"","ast-breadcrumbs-content":"","ast-featured-img":"","footer-sml-layout":"","theme-transparent-header-meta":"","adv-header-id-meta":"","stick-header-meta":"","header-above-stick-meta":"","header-main-stick-meta":"","header-below-stick-meta":"","astra-migrate-meta-layouts":"set","ast-page-background-enabled":"default","ast-page-background-meta":{"desktop":{"background-color":"var(--ast-global-color-4)","background-image":"","background-repeat":"repeat","background-position":"center center","background-size":"auto","background-attachment":"scroll","background-type":"","background-media":"","overlay-type":"","overlay-color":"","overlay-opacity":"","overlay-gradient":""},"tablet":{"background-color":"","background-image":"","background-repeat":"repeat","background-position":"center center","background-size":"auto","background-attachment":"scroll","background-type":"","background-media":"","overlay-type":"","overlay-color":"","overlay-opacity":"","overlay-gradient":""},"mobile":{"background-color":"","background-image":"","background-repeat":"repeat","background-position":"center center","background-size":"auto","background-attachment":"scroll","background-type":"","background-media":"","overlay-type":"","overlay-color":"","overlay-opacity":"","overlay-gradient":""}},"ast-content-background-meta":{"desktop":{"background-color":"var(--ast-global-color-5)","background-image":"","background-repeat":"repeat","background-position":"center center","background-size":"auto","background-attachment":"scroll","background-type":"","background-media":"","overlay-type":"","overlay-color":"","overlay-opacity":"","overlay-gradient":""},"tablet":{"background-color":"var(--ast-global-color-5)","background-image":"","background-repeat":"repeat","background-position":"center center","background-size":"auto","background-attachment":"scroll","background-type":"","background-media":"","overlay-type":"","overlay-color":"","overlay-opacity":"","overlay-gradient":""},"mobile":{"background-color":"var(--ast-global-color-5)","background-image":"","background-repeat":"repeat","background-position":"center center","background-size":"auto","background-attachment":"scroll","background-type":"","background-media":"","overlay-type":"","overlay-color":"","overlay-opacity":"","overlay-gradient":""}},"footnotes":""},"class_list":["post-16951","page","type-page","status-publish","hentry"],"post_mailing_queue_ids":[],"_links":{"self":[{"href":"https:\/\/agora.xtec.cat\/escolafmistral\/wp-json\/wp\/v2\/pages\/16951","targetHints":{"allow":["GET"]}}],"collection":[{"href":"https:\/\/agora.xtec.cat\/escolafmistral\/wp-json\/wp\/v2\/pages"}],"about":[{"href":"https:\/\/agora.xtec.cat\/escolafmistral\/wp-json\/wp\/v2\/types\/page"}],"author":[{"embeddable":true,"href":"https:\/\/agora.xtec.cat\/escolafmistral\/wp-json\/wp\/v2\/users\/26"}],"replies":[{"embeddable":true,"href":"https:\/\/agora.xtec.cat\/escolafmistral\/wp-json\/wp\/v2\/comments?post=16951"}],"version-history":[{"count":6,"href":"https:\/\/agora.xtec.cat\/escolafmistral\/wp-json\/wp\/v2\/pages\/16951\/revisions"}],"predecessor-version":[{"id":17080,"href":"https:\/\/agora.xtec.cat\/escolafmistral\/wp-json\/wp\/v2\/pages\/16951\/revisions\/17080"}],"up":[{"embeddable":true,"href":"https:\/\/agora.xtec.cat\/escolafmistral\/wp-json\/wp\/v2\/pages\/16909"}],"wp:attachment":[{"href":"https:\/\/agora.xtec.cat\/escolafmistral\/wp-json\/wp\/v2\/media?parent=16951"}],"curies":[{"name":"wp","href":"https:\/\/api.w.org\/{rel}","templated":true}]}}