{"id":16928,"date":"2026-01-29T10:25:38","date_gmt":"2026-01-29T09:25:38","guid":{"rendered":"https:\/\/agora.xtec.cat\/escolafmistral\/?page_id=16928"},"modified":"2026-02-27T14:01:27","modified_gmt":"2026-02-27T13:01:27","slug":"cooperativa-escolar-5e","status":"publish","type":"page","link":"https:\/\/agora.xtec.cat\/escolafmistral\/projectes\/cooperativa-escolar-5e\/","title":{"rendered":"Cooperativa escolar 5\u00e8"},"content":{"rendered":"\n<div class=\"wp-block-columns is-layout-flex wp-container-core-columns-is-layout-1 wp-block-columns-is-layout-flex\">\n<div class=\"wp-block-column is-layout-flow wp-block-column-is-layout-flow\" style=\"flex-basis:33.33%\">\n<figure class=\"wp-block-image size-full is-resized\"><a href=\"https:\/\/agora.xtec.cat\/escolafmistral\/wp-content\/uploads\/usu688\/2026\/02\/image-7.png\"><img loading=\"lazy\" decoding=\"async\" width=\"802\" height=\"664\" src=\"https:\/\/agora.xtec.cat\/escolafmistral\/wp-content\/uploads\/usu688\/2026\/02\/image-7.png\" alt=\"\" class=\"wp-image-17010\" style=\"width:454px;height:auto\" srcset=\"https:\/\/agora.xtec.cat\/escolafmistral\/wp-content\/uploads\/usu688\/2026\/02\/image-7.png 802w, https:\/\/agora.xtec.cat\/escolafmistral\/wp-content\/uploads\/usu688\/2026\/02\/image-7-300x248.png 300w, https:\/\/agora.xtec.cat\/escolafmistral\/wp-content\/uploads\/usu688\/2026\/02\/image-7-768x636.png 768w\" sizes=\"auto, (max-width: 802px) 100vw, 802px\" \/><\/a><\/figure>\n<\/div>\n\n\n\n<div class=\"wp-block-column is-layout-flow wp-block-column-is-layout-flow\" style=\"flex-basis:66.66%\">\n<p>Cueme \u00e9s un programa per\u00a0treballar l\u2019autonomia, la iniciativa personal i l\u2019emprenedoria a 5\u00e8 de prim\u00e0ria, on es fomenten les compet\u00e8ncies i els valors de l\u2019emprenedoria i el cooperativisme, ja que l\u2019escola i els infants que hi participen\u00a0creen i gestionen una cooperativa durant el curs escolar. S\u00f3n els aut\u00e8ntics protagonistes de la cooperativa. Tot el que guanyen es d\u00f3na a una ONG escollida pels mateixos infants.<br><\/p>\n<\/div>\n<\/div>\n\n\n\n<p>Podeu trobar m\u00e9s informaci\u00f3 <a href=\"https:\/\/www.diba.cat\/documents\/d\/cueme\/presentacio-cueme_24-25-2-\">aqu\u00ed<\/a>\u00a0 i en aquest altre <a href=\"https:\/\/dinamitzaciolocal.l-h.cat\/237597_1.aspx?id=1\">enlla\u00e7 <\/a>trobareu la informaci\u00f3 del programa a la nostra ciutat. <\/p>\n\n\n\n<figure class=\"wp-block-image size-large\"><a href=\"https:\/\/agora.xtec.cat\/escolafmistral\/wp-content\/uploads\/usu688\/2026\/02\/image-6.png\"><img loading=\"lazy\" decoding=\"async\" width=\"1024\" height=\"171\" src=\"https:\/\/agora.xtec.cat\/escolafmistral\/wp-content\/uploads\/usu688\/2026\/02\/image-6-1024x171.png\" alt=\"\" class=\"wp-image-17008\" srcset=\"https:\/\/agora.xtec.cat\/escolafmistral\/wp-content\/uploads\/usu688\/2026\/02\/image-6-1024x171.png 1024w, https:\/\/agora.xtec.cat\/escolafmistral\/wp-content\/uploads\/usu688\/2026\/02\/image-6-300x50.png 300w, https:\/\/agora.xtec.cat\/escolafmistral\/wp-content\/uploads\/usu688\/2026\/02\/image-6-768x128.png 768w, https:\/\/agora.xtec.cat\/escolafmistral\/wp-content\/uploads\/usu688\/2026\/02\/image-6-1536x256.png 1536w, https:\/\/agora.xtec.cat\/escolafmistral\/wp-content\/uploads\/usu688\/2026\/02\/image-6-2048x341.png 2048w\" sizes=\"auto, (max-width: 1024px) 100vw, 1024px\" \/><\/a><\/figure>\n","protected":false},"excerpt":{"rendered":"<p>Cueme \u00e9s un programa per\u00a0treballar l\u2019autonomia, la iniciativa personal i l\u2019emprenedoria a 5\u00e8 de prim\u00e0ria, on es fomenten les compet\u00e8ncies i els valors de l\u2019emprenedoria i el cooperativisme, ja que l\u2019escola i els infants que hi participen\u00a0creen i gestionen una cooperativa durant el curs escolar. S\u00f3n els aut\u00e8ntics protagonistes de la cooperativa. Tot el que [&hellip;]<\/p>\n","protected":false},"author":26,"featured_media":0,"parent":16909,"menu_order":0,"comment_status":"closed","ping_status":"closed","template":"","meta":{"_bbp_topic_count":0,"_bbp_reply_count":0,"_bbp_total_topic_count":0,"_bbp_total_reply_count":0,"_bbp_voice_count":0,"_bbp_anonymous_reply_count":0,"_bbp_topic_count_hidden":0,"_bbp_reply_count_hidden":0,"_bbp_forum_subforum_count":0,"site-sidebar-layout":"default","site-content-layout":"","ast-site-content-layout":"default","site-content-style":"default","site-sidebar-style":"default","ast-global-header-display":"","ast-banner-title-visibility":"","ast-main-header-display":"","ast-hfb-above-header-display":"","ast-hfb-below-header-display":"","ast-hfb-mobile-header-display":"","site-post-title":"","ast-breadcrumbs-content":"","ast-featured-img":"","footer-sml-layout":"","theme-transparent-header-meta":"","adv-header-id-meta":"","stick-header-meta":"","header-above-stick-meta":"","header-main-stick-meta":"","header-below-stick-meta":"","astra-migrate-meta-layouts":"set","ast-page-background-enabled":"default","ast-page-background-meta":{"desktop":{"background-color":"var(--ast-global-color-4)","background-image":"","background-repeat":"repeat","background-position":"center center","background-size":"auto","background-attachment":"scroll","background-type":"","background-media":"","overlay-type":"","overlay-color":"","overlay-opacity":"","overlay-gradient":""},"tablet":{"background-color":"","background-image":"","background-repeat":"repeat","background-position":"center center","background-size":"auto","background-attachment":"scroll","background-type":"","background-media":"","overlay-type":"","overlay-color":"","overlay-opacity":"","overlay-gradient":""},"mobile":{"background-color":"","background-image":"","background-repeat":"repeat","background-position":"center center","background-size":"auto","background-attachment":"scroll","background-type":"","background-media":"","overlay-type":"","overlay-color":"","overlay-opacity":"","overlay-gradient":""}},"ast-content-background-meta":{"desktop":{"background-color":"var(--ast-global-color-5)","background-image":"","background-repeat":"repeat","background-position":"center center","background-size":"auto","background-attachment":"scroll","background-type":"","background-media":"","overlay-type":"","overlay-color":"","overlay-opacity":"","overlay-gradient":""},"tablet":{"background-color":"var(--ast-global-color-5)","background-image":"","background-repeat":"repeat","background-position":"center center","background-size":"auto","background-attachment":"scroll","background-type":"","background-media":"","overlay-type":"","overlay-color":"","overlay-opacity":"","overlay-gradient":""},"mobile":{"background-color":"var(--ast-global-color-5)","background-image":"","background-repeat":"repeat","background-position":"center center","background-size":"auto","background-attachment":"scroll","background-type":"","background-media":"","overlay-type":"","overlay-color":"","overlay-opacity":"","overlay-gradient":""}},"footnotes":""},"class_list":["post-16928","page","type-page","status-publish","hentry"],"post_mailing_queue_ids":[],"_links":{"self":[{"href":"https:\/\/agora.xtec.cat\/escolafmistral\/wp-json\/wp\/v2\/pages\/16928","targetHints":{"allow":["GET"]}}],"collection":[{"href":"https:\/\/agora.xtec.cat\/escolafmistral\/wp-json\/wp\/v2\/pages"}],"about":[{"href":"https:\/\/agora.xtec.cat\/escolafmistral\/wp-json\/wp\/v2\/types\/page"}],"author":[{"embeddable":true,"href":"https:\/\/agora.xtec.cat\/escolafmistral\/wp-json\/wp\/v2\/users\/26"}],"replies":[{"embeddable":true,"href":"https:\/\/agora.xtec.cat\/escolafmistral\/wp-json\/wp\/v2\/comments?post=16928"}],"version-history":[{"count":3,"href":"https:\/\/agora.xtec.cat\/escolafmistral\/wp-json\/wp\/v2\/pages\/16928\/revisions"}],"predecessor-version":[{"id":17011,"href":"https:\/\/agora.xtec.cat\/escolafmistral\/wp-json\/wp\/v2\/pages\/16928\/revisions\/17011"}],"up":[{"embeddable":true,"href":"https:\/\/agora.xtec.cat\/escolafmistral\/wp-json\/wp\/v2\/pages\/16909"}],"wp:attachment":[{"href":"https:\/\/agora.xtec.cat\/escolafmistral\/wp-json\/wp\/v2\/media?parent=16928"}],"curies":[{"name":"wp","href":"https:\/\/api.w.org\/{rel}","templated":true}]}}