{"id":16487,"date":"2024-11-02T20:28:58","date_gmt":"2024-11-02T19:28:58","guid":{"rendered":"https:\/\/agora.xtec.cat\/escolafmistral\/?page_id=16487"},"modified":"2025-02-10T13:35:55","modified_gmt":"2025-02-10T12:35:55","slug":"lescola-en-video","status":"publish","type":"page","link":"https:\/\/agora.xtec.cat\/escolafmistral\/lescola-en-video\/","title":{"rendered":"L&#8217;escola en v\u00eddeo"},"content":{"rendered":"\n<h2 class=\"wp-block-heading\">Enlla\u00e7 a <a href=\"https:\/\/lhdigital.cat\/programes\/connexio-frederic-mistral\/\" target=\"_blank\" rel=\"noreferrer noopener\">Connexi\u00f3 Frederic Mistral<\/a><\/h2>\n\n\n\n<figure class=\"wp-block-embed is-type-video is-provider-youtube wp-block-embed-youtube wp-embed-aspect-16-9 wp-has-aspect-ratio\"><div class=\"wp-block-embed__wrapper\">\n<div class=\"ast-oembed-container \" style=\"height: 100%;\"><iframe loading=\"lazy\" title=\"Aula L&#039;H | 08-05-24 | 50 anys de l&#039;escola Frederic Mistral\" width=\"500\" height=\"281\" src=\"https:\/\/www.youtube.com\/embed\/0aa8H1Uaj2Y?feature=oembed\" frameborder=\"0\" allow=\"accelerometer; autoplay; clipboard-write; encrypted-media; gyroscope; picture-in-picture; web-share\" referrerpolicy=\"strict-origin-when-cross-origin\" allowfullscreen><\/iframe><\/div>\n<\/div><figcaption class=\"wp-element-caption\">En aquesta p\u00e0gina trobareu els diferents <a href=\"https:\/\/lhdigital.cat\/programes\/connexio-frederic-mistral\/\">programes del t\u00e0ndem que fem amb la televisi\u00f3 d&#8217;Hospitalet<\/a><br>\u00a0<br>\u00a0<br>\u00a0<br>\u00a0<br>18 de desembre 2024<br><a href=\"https:\/\/lhdigital.cat\/general\/clip-aula-lh-18-12-2024-connexio-frederic-mistral-els-alumnes-de-4t-parlen-de-com-celebren-el-nadal\/\">Aula L&#8217;H 18-12-2024 &#8211; Els alumnes de 4t parlen de com celebren el Nadal<\/a><br>20 de novembre del 2024<br><a href=\"https:\/\/lhdigital.cat\/general\/clip-aula-lh-20-11-2024-connexio-frederic-mistral-el-treball-per-ambients\/\">Clip Aula L&#8217;H 20-11-2024 &#8211; El treball per ambients<\/a><br>3 de juliol del 2024<br><a href=\"https:\/\/lhdigital.cat\/general\/clip-aula-lh-3-de-juliol-connexio-frederic-mistral-projecte-final-de-4t-resum\/\">Clip Aula L&#8217;H 3 de juliol &#8211; Projecte final de 4t (resum)<\/a><br>15 Febrer 2023<br><a href=\"http:\/\/lhdigital.cat\/web\/digital-h\/televisio\/veure-video\/-\/journal_content\/56_INSTANCE_ZrP3\/11023\/15137164\">Clip Aula L&#8217;H 15 febrer &#8211; Connexi\u00f3 Frederic Mistral. Com \u00e9s la nostra escola<\/a><br>21 Desembre 2022<br><a href=\"http:\/\/lhdigital.cat\/web\/digital-h\/televisio\/veure-video\/-\/journal_content\/56_INSTANCE_ZrP3\/11023\/15123436\">Clips Aula L&#8217;H 21 desembre &#8211; Connexi\u00f3 Frederic Mistral. El Nadal<\/a><br>5 Octubre 2022<br><a href=\"http:\/\/lhdigital.cat\/web\/digital-h\/televisio\/veure-video\/-\/journal_content\/56_INSTANCE_ZrP3\/11023\/15105014\">Clip Aula L&#8217;H 5 d&#8217;octubre &#8211; Visita de les fam\u00edlies a l&#8217;escola<\/a><br>20 Juny 2022<br><a href=\"http:\/\/lhdigital.cat\/web\/digital-h\/televisio\/veure-video\/-\/journal_content\/56_INSTANCE_ZrP3\/11023\/15084872\">Projecte T\u00e0ndem Frederic Mistral 2022 &#8211; 4tB &#8211; Dinosaures<\/a><br>20 Juny 2022<br><a href=\"http:\/\/lhdigital.cat\/web\/digital-h\/televisio\/veure-video\/-\/journal_content\/56_INSTANCE_ZrP3\/11023\/15084861\">Projecte T\u00e0ndem Frederic Mistral 2022 &#8211; 4tA &#8211; Dubai<\/a><br>11 Maig 2022<br><a href=\"http:\/\/lhdigital.cat\/web\/digital-h\/televisio\/veure-video\/-\/journal_content\/56_INSTANCE_ZrP3\/11023\/15075473\">Clip Aula 11 de maig &#8211; Connexi\u00f3 Frederic Mistral. L&#8217;hort de l&#8217;escola<\/a><br>23 Febrer 2022<br><a href=\"http:\/\/lhdigital.cat\/web\/digital-h\/televisio\/veure-video\/-\/journal_content\/56_INSTANCE_ZrP3\/11023\/15055278\">Aula L&#8217;H 23 febrer &#8211; Connexi\u00f3 Frederic Mistral. Com \u00e9s la nostra escola?<\/a><br>22 Desembre 2021<br><a href=\"http:\/\/lhdigital.cat\/web\/digital-h\/televisio\/veure-video\/-\/journal_content\/56_INSTANCE_ZrP3\/11023\/15041641\">Clip Aula L&#8217;H &#8211; A fons. El Nadal per als alumnes de l&#8217;escola Frederic Mistral<\/a><br>1 Desembre 2021<br><a href=\"https:\/\/lhdigital.cat\/web\/digital-h\/televisio\/veure-video\/-\/journal_content\/56_INSTANCE_ZrP3\/11023\/15037390\">Clip Aula L&#8217;H &#8211; Connexi\u00f3 Frederic Mistral. El nou mural de Garbi<\/a><br>1 Desembre 2021<br><a href=\"https:\/\/lhdigital.cat\/web\/digital-h\/televisio\/veure-video\/-\/journal_content\/56_INSTANCE_ZrP3\/11023\/15037379\">Clip Aula L&#8217;H &#8211; D&#8217;aula en aula. Visitem la villa vella amb l&#8217;escola Frederic<\/a><br>13 Setembre 2021<br><a href=\"https:\/\/lhdigital.cat\/web\/digital-h\/veure-multimedia?xarxaId=613f606d1a32372ac8cc9804&amp;vimeoId=undefined&amp;video=&amp;titol=Comen%C3%A7a%20un%20nou%20curs%20amb%20m%C3%A9s%20de%2029.000%20alumnes%20de%203%20a%2016%20anys%20a%20L%27H\">Comen\u00e7a un nou curs amb m\u00e9s de 29.000 alumnes de 3 a 16 anys a L&#8217;H<\/a><br>3 Mar\u00e7 2021<br><a href=\"https:\/\/lhdigital.cat\/web\/digital-h\/televisio\/veure-video\/-\/journal_content\/56_INSTANCE_ZrP3\/11023\/14985000\">Aula L&#8217;H 3 de mar\u00e7 &#8211; Connexi\u00f3 Frederic Mistral. Com \u00e9s la nostra escola?<\/a><br>3 febrer 2021<br><a href=\"https:\/\/lhdigital.cat\/web\/digital-h\/televisio\/veure-video\/-\/journal_content\/56_INSTANCE_ZrP3\/11023\/14980010\">Connexi\u00f3 Frederic Mistral. El dia escolar per la pau<\/a><br>2 Desembre 2020<br><a href=\"http:\/\/Connexi\u00f3 Frederic Mistral 25N\">Connexi\u00f3 Frederic Mistral 25N<\/a><br>28 Octubre 2020<br><a href=\"https:\/\/lhdigital.cat\/web\/digital-h\/televisio\/veure-video\/-\/journal_content\/56_INSTANCE_ZrP3\/11023\/14959587\">Connexi\u00f3 Frederic Mistral. Com s&#8217;ha adaptat l&#8217;escola a la Covid<\/a><br>1 Juliol 2020<br><a href=\"https:\/\/lhdigital.cat\/web\/digital-h\/televisio\/veure-video\/-\/journal_content\/56_INSTANCE_ZrP3\/11023\/14940308\">T\u00e0ndem comunicaci\u00f3 audiovisual Frederic Mistral<\/a><br>4 Mar\u00e7 2020<br><a href=\"https:\/\/lhdigital.cat\/web\/digital-h\/televisio\/veure-video\/-\/journal_content\/56_INSTANCE_ZrP3\/11023\/14642265\">Connexi\u00f3 Frederic Mistral. Com \u00e9s la nostra escola<\/a><br>29 Gener 2020<br><a href=\"https:\/\/lhdigital.cat\/web\/digital-h\/televisio\/veure-video\/-\/journal_content\/56_INSTANCE_ZrP3\/11023\/14546259\">Connexi\u00f3 Frederic Mistral. Els projectes de 3r<\/a><br>6 Novembre 2019<br><a href=\"https:\/\/lhdigital.cat\/web\/digital-h\/televisio\/veure-video\/-\/journal_content\/56_INSTANCE_ZrP3\/11023\/14364251\">Connexi\u00f3 Frederic Mistral. La castanyada<\/a><\/figcaption><\/figure>\n\n\n\n<div class=\"wp-block-columns is-layout-flex wp-container-core-columns-is-layout-1 wp-block-columns-is-layout-flex\">\n<div class=\"wp-block-column is-layout-flow wp-block-column-is-layout-flow\"><\/div>\n\n\n\n<div class=\"wp-block-column is-layout-flow wp-block-column-is-layout-flow\">\n<iframe src=\"https:\/\/player.instantvideocloud.net\/#\/embed\/2d8f57f9b3\/6c58a95a-a861-7b8b-ffdd-b2d8e8c47e4f\" style=\"width: 560px;height: 395px\" allowfullscreen webkitallowfullscreen mozAllowFullScreen frameborder=\"0\" allow=\"accelerometer *; autoplay *; encrypted-media *; gyroscope *; picture-in-picture *\"\/>\n<\/div>\n<\/div>\n\n\n\n<pre class=\"wp-block-code\"><code>&lt;iframe src=\"https:\/\/player.instantvideocloud.net\/#\/embed\/2d8f57f9b3\/f6c3ccbe-28e8-6bf6-79e8-9f6ef02b2639\" style=\"width: 560px;height: 395px\" allowfullscreen webkitallowfullscreen mozAllowFullScreen frameborder=\"0\" allow=\"accelerometer *; autoplay *; encrypted-media *; gyroscope *; picture-in-picture *\"\/&gt;<\/code><\/pre>\n\n\n\n<iframe src=\"https:\/\/player.instantvideocloud.net\/#\/embed\/2d8f57f9b3\/f6c3ccbe-28e8-6bf6-79e8-9f6ef02b2639\" style=\"width: 560px;height: 395px\" allowfullscreen webkitallowfullscreen mozAllowFullScreen frameborder=\"0\" allow=\"accelerometer *; autoplay *; encrypted-media *; gyroscope *; picture-in-picture *\"\/>\n\n\n\n<div class=\"wp-block-columns is-layout-flex wp-container-core-columns-is-layout-2 wp-block-columns-is-layout-flex\">\n<div class=\"wp-block-column is-layout-flow wp-block-column-is-layout-flow\">\n<iframe src=\"https:\/\/player.instantvideocloud.net\/#\/embed\/2d8f57f9b3\/c300fa8c-b0f3-1302-0cf4-8a013b2c7569\" style=\"width: 560px;height: 395px\" allowfullscreen webkitallowfullscreen mozAllowFullScreen frameborder=\"0\" allow=\"accelerometer *; autoplay *; encrypted-media *; gyroscope *; picture-in-picture *\"\/>\n<\/div>\n\n\n\n<div class=\"wp-block-column is-layout-flow wp-block-column-is-layout-flow\"><\/div>\n<\/div>\n\n\n\n<p>V\u00eddeos pendents: connexi\u00f3 frederic <a href=\"https:\/\/lhdigital.cat\/general\/clip-aula-lh-20-11-2024-connexio-frederic-mistral-el-treball-per-ambients\/\">ambients<\/a>, la <a href=\"https:\/\/lhdigital.cat\/video\/clip-aula-lh-15-febrer-connexio-frederic-mistral-com-es-la-nostra-escola\/\">nostra escola<\/a> <\/p>\n","protected":false},"excerpt":{"rendered":"<p>Enlla\u00e7 a Connexi\u00f3 Frederic Mistral V\u00eddeos pendents: connexi\u00f3 frederic ambients, la nostra escola<\/p>\n","protected":false},"author":26,"featured_media":0,"parent":0,"menu_order":0,"comment_status":"closed","ping_status":"close","template":"","meta":{"_bbp_topic_count":0,"_bbp_reply_count":0,"_bbp_total_topic_count":0,"_bbp_total_reply_count":0,"_bbp_voice_count":0,"_bbp_anonymous_reply_count":0,"_bbp_topic_count_hidden":0,"_bbp_reply_count_hidden":0,"_bbp_forum_subforum_count":0,"site-sidebar-layout":"default","site-content-layout":"","ast-site-content-layout":"","site-content-style":"default","site-sidebar-style":"default","ast-global-header-display":"","ast-banner-title-visibility":"","ast-main-header-display":"","ast-hfb-above-header-display":"","ast-hfb-below-header-display":"","ast-hfb-mobile-header-display":"","site-post-title":"","ast-breadcrumbs-content":"","ast-featured-img":"","footer-sml-layout":"","theme-transparent-header-meta":"","adv-header-id-meta":"","stick-header-meta":"","header-above-stick-meta":"","header-main-stick-meta":"","header-below-stick-meta":"","astra-migrate-meta-layouts":"default","ast-page-background-enabled":"default","ast-page-background-meta":{"desktop":{"background-color":"var(--ast-global-color-4)","background-image":"","background-repeat":"repeat","background-position":"center center","background-size":"auto","background-attachment":"scroll","background-type":"","background-media":"","overlay-type":"","overlay-color":"","overlay-opacity":"","overlay-gradient":""},"tablet":{"background-color":"","background-image":"","background-repeat":"repeat","background-position":"center center","background-size":"auto","background-attachment":"scroll","background-type":"","background-media":"","overlay-type":"","overlay-color":"","overlay-opacity":"","overlay-gradient":""},"mobile":{"background-color":"","background-image":"","background-repeat":"repeat","background-position":"center center","background-size":"auto","background-attachment":"scroll","background-type":"","background-media":"","overlay-type":"","overlay-color":"","overlay-opacity":"","overlay-gradient":""}},"ast-content-background-meta":{"desktop":{"background-color":"var(--ast-global-color-5)","background-image":"","background-repeat":"repeat","background-position":"center center","background-size":"auto","background-attachment":"scroll","background-type":"","background-media":"","overlay-type":"","overlay-color":"","overlay-opacity":"","overlay-gradient":""},"tablet":{"background-color":"var(--ast-global-color-5)","background-image":"","background-repeat":"repeat","background-position":"center center","background-size":"auto","background-attachment":"scroll","background-type":"","background-media":"","overlay-type":"","overlay-color":"","overlay-opacity":"","overlay-gradient":""},"mobile":{"background-color":"var(--ast-global-color-5)","background-image":"","background-repeat":"repeat","background-position":"center center","background-size":"auto","background-attachment":"scroll","background-type":"","background-media":"","overlay-type":"","overlay-color":"","overlay-opacity":"","overlay-gradient":""}},"footnotes":""},"class_list":["post-16487","page","type-page","status-publish","hentry"],"post_mailing_queue_ids":[],"_links":{"self":[{"href":"https:\/\/agora.xtec.cat\/escolafmistral\/wp-json\/wp\/v2\/pages\/16487","targetHints":{"allow":["GET"]}}],"collection":[{"href":"https:\/\/agora.xtec.cat\/escolafmistral\/wp-json\/wp\/v2\/pages"}],"about":[{"href":"https:\/\/agora.xtec.cat\/escolafmistral\/wp-json\/wp\/v2\/types\/page"}],"author":[{"embeddable":true,"href":"https:\/\/agora.xtec.cat\/escolafmistral\/wp-json\/wp\/v2\/users\/26"}],"replies":[{"embeddable":true,"href":"https:\/\/agora.xtec.cat\/escolafmistral\/wp-json\/wp\/v2\/comments?post=16487"}],"version-history":[{"count":6,"href":"https:\/\/agora.xtec.cat\/escolafmistral\/wp-json\/wp\/v2\/pages\/16487\/revisions"}],"predecessor-version":[{"id":16534,"href":"https:\/\/agora.xtec.cat\/escolafmistral\/wp-json\/wp\/v2\/pages\/16487\/revisions\/16534"}],"wp:attachment":[{"href":"https:\/\/agora.xtec.cat\/escolafmistral\/wp-json\/wp\/v2\/media?parent=16487"}],"curies":[{"name":"wp","href":"https:\/\/api.w.org\/{rel}","templated":true}]}}