{"id":16100,"date":"2024-01-25T13:54:43","date_gmt":"2024-01-25T12:54:43","guid":{"rendered":"https:\/\/agora.xtec.cat\/escolafmistral\/?page_id=16100"},"modified":"2026-01-13T13:04:46","modified_gmt":"2026-01-13T12:04:46","slug":"dinantia_instruccions","status":"publish","type":"page","link":"https:\/\/agora.xtec.cat\/escolafmistral\/dinantia_instruccions\/","title":{"rendered":"Dinantia"},"content":{"rendered":"\n<figure class=\"wp-block-image size-large is-resized\"><a href=\"https:\/\/agora.xtec.cat\/escolafmistral\/wp-content\/uploads\/usu688\/2026\/01\/dinantia.jpg\"><img loading=\"lazy\" decoding=\"async\" width=\"1024\" height=\"576\" src=\"https:\/\/agora.xtec.cat\/escolafmistral\/wp-content\/uploads\/usu688\/2026\/01\/dinantia-1024x576.jpg\" alt=\"\" class=\"wp-image-16833\" style=\"width:478px;height:auto\" srcset=\"https:\/\/agora.xtec.cat\/escolafmistral\/wp-content\/uploads\/usu688\/2026\/01\/dinantia-1024x576.jpg 1024w, https:\/\/agora.xtec.cat\/escolafmistral\/wp-content\/uploads\/usu688\/2026\/01\/dinantia-300x169.jpg 300w, https:\/\/agora.xtec.cat\/escolafmistral\/wp-content\/uploads\/usu688\/2026\/01\/dinantia-768x432.jpg 768w, https:\/\/agora.xtec.cat\/escolafmistral\/wp-content\/uploads\/usu688\/2026\/01\/dinantia.jpg 1280w\" sizes=\"auto, (max-width: 1024px) 100vw, 1024px\" \/><\/a><\/figure>\n\n\n\n<p>A l&#8217;escola fem servir&nbsp;l&#8217;aplicaci\u00f3 de m\u00f2bil <em><a href=\"https:\/\/www.dinantia.com\/es\/\">Din\u00e0ntia<\/a> <\/em>per enviar circulars i avisos directament al vostre m\u00f2bil.<\/p>\n\n\n\n<p>Per aix\u00f2, us recomanem que la descarregueu al m\u00f2bil. \u00c9s, una eina r\u00e0pida i ecol\u00f2gica de comunicaci\u00f3.<\/p>\n\n\n\n<p><em><a href=\"https:\/\/play.google.com\/store\/apps\/details?id=com.dinantia.dinantia\">Enlla\u00e7 descarrega Android<\/a><\/em><\/p>\n\n\n\n<p><em><a href=\"https:\/\/apps.apple.com\/es\/app\/dinantia\/id1057051981\">Enlla\u00e7 descarrega Apple\/iphone<\/a><\/em><\/p>\n\n\n\n<ol class=\"wp-block-list\">\n<li>Descarregueu la App al m\u00f2bil<\/li>\n\n\n\n<li>Registreu-vos escrivint el mail que vau donar a l&#8217;escola.<\/li>\n\n\n\n<li>Si us valida correctament, rebreu un correu electr\u00f2nic que heu d&#8217;obrir i acceptar.<\/li>\n\n\n\n<li>Torneu a obrir la app i a escriure el mail i ja podreu accedir i rebre els missatges.<\/li>\n<\/ol>\n\n\n\n<p><strong>Si no us podeu registrar o no troba cap usuari amb aquest mail voldr\u00e0 dir que no esteu posant el correu que vau donar a l&#8217;escola o que el mail que tenim a l&#8217;escola no es correcte.<\/strong><\/p>\n\n\n\n<p><em>Si no us descarregueu l&#8217;aplicaci\u00f3 rebreu les circulars al mail que vau donar a l&#8217;escola.<\/em><\/p>\n","protected":false},"excerpt":{"rendered":"<p>A l&#8217;escola fem servir&nbsp;l&#8217;aplicaci\u00f3 de m\u00f2bil Din\u00e0ntia per enviar circulars i avisos directament al vostre m\u00f2bil. Per aix\u00f2, us recomanem que la descarregueu al m\u00f2bil. \u00c9s, una eina r\u00e0pida i ecol\u00f2gica de comunicaci\u00f3. Enlla\u00e7 descarrega Android Enlla\u00e7 descarrega Apple\/iphone Si no us podeu registrar o no troba cap usuari amb aquest mail voldr\u00e0 dir que [&hellip;]<\/p>\n","protected":false},"author":26,"featured_media":0,"parent":0,"menu_order":0,"comment_status":"closed","ping_status":"closed","template":"","meta":{"_bbp_topic_count":0,"_bbp_reply_count":0,"_bbp_total_topic_count":0,"_bbp_total_reply_count":0,"_bbp_voice_count":0,"_bbp_anonymous_reply_count":0,"_bbp_topic_count_hidden":0,"_bbp_reply_count_hidden":0,"_bbp_forum_subforum_count":0,"site-sidebar-layout":"default","site-content-layout":"","ast-site-content-layout":"default","site-content-style":"default","site-sidebar-style":"default","ast-global-header-display":"","ast-banner-title-visibility":"","ast-main-header-display":"","ast-hfb-above-header-display":"","ast-hfb-below-header-display":"","ast-hfb-mobile-header-display":"","site-post-title":"","ast-breadcrumbs-content":"","ast-featured-img":"","footer-sml-layout":"","theme-transparent-header-meta":"","adv-header-id-meta":"","stick-header-meta":"","header-above-stick-meta":"","header-main-stick-meta":"","header-below-stick-meta":"","astra-migrate-meta-layouts":"set","ast-page-background-enabled":"default","ast-page-background-meta":{"desktop":{"background-color":"var(--ast-global-color-4)","background-image":"","background-repeat":"repeat","background-position":"center center","background-size":"auto","background-attachment":"scroll","background-type":"","background-media":"","overlay-type":"","overlay-color":"","overlay-opacity":"","overlay-gradient":""},"tablet":{"background-color":"","background-image":"","background-repeat":"repeat","background-position":"center center","background-size":"auto","background-attachment":"scroll","background-type":"","background-media":"","overlay-type":"","overlay-color":"","overlay-opacity":"","overlay-gradient":""},"mobile":{"background-color":"","background-image":"","background-repeat":"repeat","background-position":"center center","background-size":"auto","background-attachment":"scroll","background-type":"","background-media":"","overlay-type":"","overlay-color":"","overlay-opacity":"","overlay-gradient":""}},"ast-content-background-meta":{"desktop":{"background-color":"var(--ast-global-color-5)","background-image":"","background-repeat":"repeat","background-position":"center center","background-size":"auto","background-attachment":"scroll","background-type":"","background-media":"","overlay-type":"","overlay-color":"","overlay-opacity":"","overlay-gradient":""},"tablet":{"background-color":"var(--ast-global-color-5)","background-image":"","background-repeat":"repeat","background-position":"center center","background-size":"auto","background-attachment":"scroll","background-type":"","background-media":"","overlay-type":"","overlay-color":"","overlay-opacity":"","overlay-gradient":""},"mobile":{"background-color":"var(--ast-global-color-5)","background-image":"","background-repeat":"repeat","background-position":"center center","background-size":"auto","background-attachment":"scroll","background-type":"","background-media":"","overlay-type":"","overlay-color":"","overlay-opacity":"","overlay-gradient":""}},"footnotes":""},"class_list":["post-16100","page","type-page","status-publish","hentry"],"post_mailing_queue_ids":[],"_links":{"self":[{"href":"https:\/\/agora.xtec.cat\/escolafmistral\/wp-json\/wp\/v2\/pages\/16100","targetHints":{"allow":["GET"]}}],"collection":[{"href":"https:\/\/agora.xtec.cat\/escolafmistral\/wp-json\/wp\/v2\/pages"}],"about":[{"href":"https:\/\/agora.xtec.cat\/escolafmistral\/wp-json\/wp\/v2\/types\/page"}],"author":[{"embeddable":true,"href":"https:\/\/agora.xtec.cat\/escolafmistral\/wp-json\/wp\/v2\/users\/26"}],"replies":[{"embeddable":true,"href":"https:\/\/agora.xtec.cat\/escolafmistral\/wp-json\/wp\/v2\/comments?post=16100"}],"version-history":[{"count":3,"href":"https:\/\/agora.xtec.cat\/escolafmistral\/wp-json\/wp\/v2\/pages\/16100\/revisions"}],"predecessor-version":[{"id":16835,"href":"https:\/\/agora.xtec.cat\/escolafmistral\/wp-json\/wp\/v2\/pages\/16100\/revisions\/16835"}],"wp:attachment":[{"href":"https:\/\/agora.xtec.cat\/escolafmistral\/wp-json\/wp\/v2\/media?parent=16100"}],"curies":[{"name":"wp","href":"https:\/\/api.w.org\/{rel}","templated":true}]}}