{"id":13611,"date":"2021-02-12T13:21:01","date_gmt":"2021-02-12T12:21:01","guid":{"rendered":"http:\/\/agora.xtec.cat\/escolafmistral\/?page_id=13611"},"modified":"2026-01-29T10:28:00","modified_gmt":"2026-01-29T09:28:00","slug":"connexions-frederic","status":"publish","type":"page","link":"https:\/\/agora.xtec.cat\/escolafmistral\/lescola-en-video\/connexions-frederic\/","title":{"rendered":"Connexions Frederic"},"content":{"rendered":"<p>En aquesta p\u00e0gina trobareu els diferents <a href=\"https:\/\/lhdigital.cat\/programes\/connexio-frederic-mistral\/\">programes del t\u00e0ndem que fem amb la televisi\u00f3 d&#8217;Hospitalet.<\/a><\/p>\n<table style=\"height: 803px; width: 100.019%;\" width=\"659\">\n<tbody>\n<tr style=\"height: 23px;\">\n<td style=\"width: 27.6217%; height: 23px;\"><\/td>\n<td style=\"width: 83.8345%; height: 23px;\"><span class=\"programa-nom\">\u00a0<\/span><\/td>\n<\/tr>\n<tr style=\"height: 23px;\">\n<td style=\"width: 27.6217%; height: 23px;\"><\/td>\n<td style=\"width: 83.8345%; height: 23px;\"><span class=\"programa-nom\">\u00a0<\/span><\/td>\n<\/tr>\n<tr style=\"height: 23px;\">\n<td style=\"width: 27.6217%; height: 23px;\">18 de desembre 2024<\/td>\n<td style=\"width: 83.8345%; height: 23px;\"><a href=\"https:\/\/lhdigital.cat\/general\/clip-aula-lh-18-12-2024-connexio-frederic-mistral-els-alumnes-de-4t-parlen-de-com-celebren-el-nadal\/\"><span class=\"programa-nom\">Aula L&#8217;H 18-12-2024 &#8211; Els alumnes de 4t parlen de com celebren el Nadal<\/span><\/a><\/td>\n<\/tr>\n<tr style=\"height: 23px;\">\n<td style=\"width: 27.6217%; height: 23px;\">20 de novembre del 2024<\/td>\n<td style=\"width: 83.8345%; height: 23px;\"><a href=\"https:\/\/lhdigital.cat\/general\/clip-aula-lh-20-11-2024-connexio-frederic-mistral-el-treball-per-ambients\/\"><span class=\"programa-nom\">Clip Aula L&#8217;H 20-11-2024 &#8211; El treball per ambients<\/span><\/a><\/td>\n<\/tr>\n<tr>\n<td style=\"width: 27.6217%;\">3 de juliol del 2024<\/td>\n<td style=\"width: 83.8345%;\"><a href=\"https:\/\/lhdigital.cat\/general\/clip-aula-lh-3-de-juliol-connexio-frederic-mistral-projecte-final-de-4t-resum\/\"><span class=\"programa-nom\">Clip Aula L&#8217;H 3 de juliol &#8211; Projecte final de 4t (resum)<\/span><\/a><\/td>\n<\/tr>\n<tr style=\"height: 46px;\">\n<td style=\"width: 27.6217%; height: 46px;\">15 Febrer 2023<\/td>\n<td style=\"width: 83.8345%; height: 46px;\"><a href=\"http:\/\/lhdigital.cat\/web\/digital-h\/televisio\/veure-video\/-\/journal_content\/56_INSTANCE_ZrP3\/11023\/15137164\"><span class=\"programa-nom\">Clip Aula L&#8217;H 15 febrer &#8211; Connexi\u00f3 Frederic Mistral. Com \u00e9s la nostra escola<\/span><\/a><\/td>\n<\/tr>\n<tr style=\"height: 23px;\">\n<td style=\"width: 27.6217%; height: 23px;\">21 Desembre 2022<\/td>\n<td style=\"width: 83.8345%; height: 23px;\"><a href=\"http:\/\/lhdigital.cat\/web\/digital-h\/televisio\/veure-video\/-\/journal_content\/56_INSTANCE_ZrP3\/11023\/15123436\"><span class=\"programa-nom\">Clips Aula L&#8217;H 21 desembre &#8211; Connexi\u00f3 Frederic Mistral. El Nadal<\/span><\/a><\/td>\n<\/tr>\n<tr style=\"height: 46px;\">\n<td style=\"width: 27.6217%; height: 46px;\">5 Octubre 2022<\/td>\n<td style=\"width: 83.8345%; height: 46px;\"><a href=\"http:\/\/lhdigital.cat\/web\/digital-h\/televisio\/veure-video\/-\/journal_content\/56_INSTANCE_ZrP3\/11023\/15105014\"><span class=\"programa-nom\">Clip Aula L&#8217;H 5 d&#8217;octubre &#8211; Visita de les fam\u00edlies a l&#8217;escola<\/span><\/a><\/td>\n<\/tr>\n<tr style=\"height: 23px;\">\n<td style=\"width: 27.6217%; height: 23px;\">20 Juny 2022<\/td>\n<td style=\"width: 83.8345%; height: 23px;\"><a href=\"http:\/\/lhdigital.cat\/web\/digital-h\/televisio\/veure-video\/-\/journal_content\/56_INSTANCE_ZrP3\/11023\/15084872\"><span class=\"programa-nom\">Projecte T\u00e0ndem Frederic Mistral 2022 &#8211; 4tB &#8211; Dinosaures<\/span><\/a><\/td>\n<\/tr>\n<tr style=\"height: 23px;\">\n<td style=\"width: 27.6217%; height: 23px;\">20 Juny 2022<\/td>\n<td style=\"width: 83.8345%; height: 23px;\"><a href=\"http:\/\/lhdigital.cat\/web\/digital-h\/televisio\/veure-video\/-\/journal_content\/56_INSTANCE_ZrP3\/11023\/15084861\"><span class=\"programa-nom\">Projecte T\u00e0ndem Frederic Mistral 2022 &#8211; 4tA &#8211; Dubai<\/span><\/a><\/td>\n<\/tr>\n<tr style=\"height: 23px;\">\n<td style=\"width: 27.6217%; height: 23px;\">11 Maig 2022<\/td>\n<td style=\"width: 83.8345%; height: 23px;\"><a href=\"http:\/\/lhdigital.cat\/web\/digital-h\/televisio\/veure-video\/-\/journal_content\/56_INSTANCE_ZrP3\/11023\/15075473\"><span class=\"programa-nom\">Clip Aula 11 de maig &#8211; Connexi\u00f3 Frederic Mistral. L&#8217;hort de l&#8217;escola<\/span><\/a><\/td>\n<\/tr>\n<tr style=\"height: 46px;\">\n<td style=\"width: 27.6217%; height: 46px;\">23 Febrer 2022<\/td>\n<td style=\"width: 83.8345%; height: 46px;\"><a href=\"http:\/\/lhdigital.cat\/web\/digital-h\/televisio\/veure-video\/-\/journal_content\/56_INSTANCE_ZrP3\/11023\/15055278\"><span class=\"programa-nom\">Aula L&#8217;H 23 febrer &#8211; Connexi\u00f3 Frederic Mistral. Com \u00e9s la nostra escola?<\/span><\/a><\/td>\n<\/tr>\n<tr style=\"height: 46px;\">\n<td style=\"width: 27.6217%; height: 46px;\">22 Desembre 2021<\/td>\n<td style=\"width: 83.8345%; height: 46px;\"><a href=\"http:\/\/lhdigital.cat\/web\/digital-h\/televisio\/veure-video\/-\/journal_content\/56_INSTANCE_ZrP3\/11023\/15041641\"><span class=\"programa-nom\">Clip Aula L&#8217;H &#8211; A fons. El Nadal per als alumnes de l&#8217;escola Frederic Mistral<\/span><\/a><\/td>\n<\/tr>\n<tr style=\"height: 23px;\">\n<td style=\"width: 27.6217%; height: 23px;\">1 Desembre 2021<\/td>\n<td style=\"width: 83.8345%; height: 23px;\"><a href=\"https:\/\/lhdigital.cat\/web\/digital-h\/televisio\/veure-video\/-\/journal_content\/56_INSTANCE_ZrP3\/11023\/15037390\"><span class=\"programa-nom\">Clip Aula L&#8217;H &#8211; Connexi\u00f3 Frederic Mistral. El nou mural de Garbi<\/span><\/a><\/td>\n<\/tr>\n<tr style=\"height: 46px;\">\n<td style=\"width: 27.6217%; height: 46px;\">1 Desembre 2021<\/td>\n<td style=\"width: 83.8345%; height: 46px;\"><a href=\"https:\/\/lhdigital.cat\/web\/digital-h\/televisio\/veure-video\/-\/journal_content\/56_INSTANCE_ZrP3\/11023\/15037379\"><span class=\"programa-nom\">Clip Aula L&#8217;H &#8211; D&#8217;aula en aula. Visitem la villa vella amb l&#8217;escola Frederic<\/span><\/a><\/td>\n<\/tr>\n<tr style=\"height: 46px;\">\n<td style=\"width: 27.6217%; height: 46px;\">13 Setembre 2021<\/td>\n<td style=\"width: 83.8345%; height: 46px;\"><a href=\"https:\/\/lhdigital.cat\/web\/digital-h\/veure-multimedia?xarxaId=613f606d1a32372ac8cc9804&amp;vimeoId=undefined&amp;video=&amp;titol=Comen%C3%A7a%20un%20nou%20curs%20amb%20m%C3%A9s%20de%2029.000%20alumnes%20de%203%20a%2016%20anys%20a%20L%27H\"><span class=\"programa-nom\">Comen\u00e7a un nou curs amb m\u00e9s de 29.000 alumnes de 3 a 16 anys a L&#8217;H<\/span><\/a><\/td>\n<\/tr>\n<tr style=\"height: 46px;\">\n<td style=\"width: 27.6217%; height: 46px;\">3 Mar\u00e7 2021<\/td>\n<td style=\"width: 83.8345%; height: 46px;\"><a href=\"https:\/\/lhdigital.cat\/web\/digital-h\/televisio\/veure-video\/-\/journal_content\/56_INSTANCE_ZrP3\/11023\/14985000\"><span class=\"programa-nom\">Aula L&#8217;H 3 de mar\u00e7 &#8211; Connexi\u00f3 Frederic Mistral. Com \u00e9s la nostra escola?<\/span><\/a><\/td>\n<\/tr>\n<tr style=\"height: 49px;\">\n<td style=\"width: 27.6217%; height: 49px;\">3 febrer 2021<\/td>\n<td style=\"width: 83.8345%; height: 49px;\"><a href=\"https:\/\/lhdigital.cat\/web\/digital-h\/televisio\/veure-video\/-\/journal_content\/56_INSTANCE_ZrP3\/11023\/14980010\"><span class=\"programa-nom\">Connexi\u00f3 Frederic Mistral. El dia escolar per la pau<\/span><\/a><\/td>\n<\/tr>\n<tr style=\"height: 49px;\">\n<td style=\"width: 27.6217%; height: 49px;\">2 Desembre 2020<\/td>\n<td style=\"width: 83.8345%; height: 49px;\"><a href=\"http:\/\/Connexi\u00f3 Frederic Mistral 25N\"><span class=\"programa-nom\"> Connexi\u00f3 Frederic Mistral 25N<\/span><\/a><\/td>\n<\/tr>\n<tr style=\"height: 49px;\">\n<td style=\"width: 27.6217%; height: 49px;\">28 Octubre 2020<\/td>\n<td style=\"width: 83.8345%; height: 49px;\"><a href=\"https:\/\/lhdigital.cat\/web\/digital-h\/televisio\/veure-video\/-\/journal_content\/56_INSTANCE_ZrP3\/11023\/14959587\"><span class=\"programa-nom\">Connexi\u00f3 Frederic Mistral. Com s&#8217;ha adaptat l&#8217;escola a la Covid<\/span><\/a><\/td>\n<\/tr>\n<tr style=\"height: 28px;\">\n<td style=\"width: 27.6217%; height: 28px;\">1 Juliol 2020<\/td>\n<td style=\"width: 83.8345%; height: 28px;\"><a href=\"https:\/\/lhdigital.cat\/web\/digital-h\/televisio\/veure-video\/-\/journal_content\/56_INSTANCE_ZrP3\/11023\/14940308\"><span class=\"programa-nom\">T\u00e0ndem comunicaci\u00f3 audiovisual Frederic Mistral<\/span><\/a><\/td>\n<\/tr>\n<tr style=\"height: 33px;\">\n<td style=\"width: 27.6217%; height: 33px;\">4 Mar\u00e7 2020<\/td>\n<td style=\"width: 83.8345%; height: 33px;\"><a href=\"https:\/\/lhdigital.cat\/web\/digital-h\/televisio\/veure-video\/-\/journal_content\/56_INSTANCE_ZrP3\/11023\/14642265\"><span class=\"programa-nom\">Connexi\u00f3 Frederic Mistral. Com \u00e9s la nostra escola<\/span><\/a><\/td>\n<\/tr>\n<tr style=\"height: 33px;\">\n<td style=\"width: 27.6217%; height: 33px;\">29 Gener 2020<\/td>\n<td style=\"width: 83.8345%; height: 33px;\"><a href=\"https:\/\/lhdigital.cat\/web\/digital-h\/televisio\/veure-video\/-\/journal_content\/56_INSTANCE_ZrP3\/11023\/14546259\"><span class=\"programa-nom\">Connexi\u00f3 Frederic Mistral. Els projectes de 3r<\/span><\/a><\/td>\n<\/tr>\n<tr style=\"height: 33px;\">\n<td style=\"width: 27.6217%; height: 33px;\">6 Novembre 2019<\/td>\n<td style=\"width: 83.8345%; height: 33px;\"><a href=\"https:\/\/lhdigital.cat\/web\/digital-h\/televisio\/veure-video\/-\/journal_content\/56_INSTANCE_ZrP3\/11023\/14364251\"><span class=\"programa-nom\">Connexi\u00f3 Frederic Mistral. La castanyada<\/span><\/a><\/td>\n<\/tr>\n<\/tbody>\n<\/table>\n","protected":false},"excerpt":{"rendered":"<p>En aquesta p\u00e0gina trobareu els diferents programes del t\u00e0ndem que fem amb la televisi\u00f3 d&#8217;Hospitalet. \u00a0 \u00a0 18 de desembre 2024 Aula L&#8217;H 18-12-2024 &#8211; Els alumnes de 4t parlen de com celebren el Nadal 20 de novembre del 2024 Clip Aula L&#8217;H 20-11-2024 &#8211; El treball per ambients 3 de juliol del 2024 Clip [&hellip;]<\/p>\n","protected":false},"author":17,"featured_media":0,"parent":16487,"menu_order":0,"comment_status":"closed","ping_status":"closed","template":"","meta":{"_bbp_topic_count":0,"_bbp_reply_count":0,"_bbp_total_topic_count":0,"_bbp_total_reply_count":0,"_bbp_voice_count":0,"_bbp_anonymous_reply_count":0,"_bbp_topic_count_hidden":0,"_bbp_reply_count_hidden":0,"_bbp_forum_subforum_count":0,"site-sidebar-layout":"default","site-content-layout":"","ast-site-content-layout":"","site-content-style":"default","site-sidebar-style":"default","ast-global-header-display":"","ast-banner-title-visibility":"","ast-main-header-display":"","ast-hfb-above-header-display":"","ast-hfb-below-header-display":"","ast-hfb-mobile-header-display":"","site-post-title":"","ast-breadcrumbs-content":"","ast-featured-img":"","footer-sml-layout":"","theme-transparent-header-meta":"","adv-header-id-meta":"","stick-header-meta":"","header-above-stick-meta":"","header-main-stick-meta":"","header-below-stick-meta":"","astra-migrate-meta-layouts":"default","ast-page-background-enabled":"default","ast-page-background-meta":{"desktop":{"background-color":"var(--ast-global-color-4)","background-image":"","background-repeat":"repeat","background-position":"center center","background-size":"auto","background-attachment":"scroll","background-type":"","background-media":"","overlay-type":"","overlay-color":"","overlay-opacity":"","overlay-gradient":""},"tablet":{"background-color":"","background-image":"","background-repeat":"repeat","background-position":"center center","background-size":"auto","background-attachment":"scroll","background-type":"","background-media":"","overlay-type":"","overlay-color":"","overlay-opacity":"","overlay-gradient":""},"mobile":{"background-color":"","background-image":"","background-repeat":"repeat","background-position":"center center","background-size":"auto","background-attachment":"scroll","background-type":"","background-media":"","overlay-type":"","overlay-color":"","overlay-opacity":"","overlay-gradient":""}},"ast-content-background-meta":{"desktop":{"background-color":"var(--ast-global-color-5)","background-image":"","background-repeat":"repeat","background-position":"center center","background-size":"auto","background-attachment":"scroll","background-type":"","background-media":"","overlay-type":"","overlay-color":"","overlay-opacity":"","overlay-gradient":""},"tablet":{"background-color":"var(--ast-global-color-5)","background-image":"","background-repeat":"repeat","background-position":"center center","background-size":"auto","background-attachment":"scroll","background-type":"","background-media":"","overlay-type":"","overlay-color":"","overlay-opacity":"","overlay-gradient":""},"mobile":{"background-color":"var(--ast-global-color-5)","background-image":"","background-repeat":"repeat","background-position":"center center","background-size":"auto","background-attachment":"scroll","background-type":"","background-media":"","overlay-type":"","overlay-color":"","overlay-opacity":"","overlay-gradient":""}},"footnotes":""},"class_list":["post-13611","page","type-page","status-publish","hentry"],"post_mailing_queue_ids":[],"_links":{"self":[{"href":"https:\/\/agora.xtec.cat\/escolafmistral\/wp-json\/wp\/v2\/pages\/13611","targetHints":{"allow":["GET"]}}],"collection":[{"href":"https:\/\/agora.xtec.cat\/escolafmistral\/wp-json\/wp\/v2\/pages"}],"about":[{"href":"https:\/\/agora.xtec.cat\/escolafmistral\/wp-json\/wp\/v2\/types\/page"}],"author":[{"embeddable":true,"href":"https:\/\/agora.xtec.cat\/escolafmistral\/wp-json\/wp\/v2\/users\/17"}],"replies":[{"embeddable":true,"href":"https:\/\/agora.xtec.cat\/escolafmistral\/wp-json\/wp\/v2\/comments?post=13611"}],"version-history":[{"count":5,"href":"https:\/\/agora.xtec.cat\/escolafmistral\/wp-json\/wp\/v2\/pages\/13611\/revisions"}],"predecessor-version":[{"id":16937,"href":"https:\/\/agora.xtec.cat\/escolafmistral\/wp-json\/wp\/v2\/pages\/13611\/revisions\/16937"}],"up":[{"embeddable":true,"href":"https:\/\/agora.xtec.cat\/escolafmistral\/wp-json\/wp\/v2\/pages\/16487"}],"wp:attachment":[{"href":"https:\/\/agora.xtec.cat\/escolafmistral\/wp-json\/wp\/v2\/media?parent=13611"}],"curies":[{"name":"wp","href":"https:\/\/api.w.org\/{rel}","templated":true}]}}