{"id":87,"date":"2014-09-18T14:28:12","date_gmt":"2014-09-18T13:28:12","guid":{"rendered":"http:\/\/agora.xtec.cat\/ceipfmacia-suria\/?page_id=87"},"modified":"2023-09-27T07:08:58","modified_gmt":"2023-09-27T05:08:58","slug":"nivells","status":"publish","type":"page","link":"https:\/\/agora.xtec.cat\/escolafmacia-suria\/nivells\/","title":{"rendered":"Nivells"},"content":{"rendered":"<table style=\"border-collapse: collapse; width: 99.2717%; height: 322px;\">\n<tbody>\n<tr style=\"height: 126px;\">\n<td style=\"width: 10.6783%; text-align: center; height: 126px;\"><a href=\"https:\/\/agora.xtec.cat\/escolafmacia-suria\/categoria\/infantil\/p3\/\"><strong>EDUCACI\u00d3 INFANTIL<br \/>\n3 ANYS<\/strong><\/a><\/td>\n<td style=\"width: 12.549%; text-align: center; height: 126px;\"><a href=\"https:\/\/agora.xtec.cat\/escolafmacia-suria\/categoria\/infantil\/p4\/\"><strong>EDUCACI\u00d3 INFANTIL<br \/>\n4 ANYS<\/strong><\/a><\/td>\n<td style=\"width: 13.0126%; text-align: center; height: 126px;\"><a href=\"https:\/\/agora.xtec.cat\/escolafmacia-suria\/categoria\/infantil\/p5\/\"><strong>EDUCACI\u00d3 INFANTIL<br \/>\n5 ANYS<\/strong><\/a><\/td>\n<td style=\"width: 33.9053%; text-align: center; height: 322px;\" rowspan=\"3\"><strong><a href=\"https:\/\/agora.xtec.cat\/escolafmacia-suria\/wp-content\/uploads\/usu1594\/2023\/08\/escola-1.jpg\"><img loading=\"lazy\" decoding=\"async\" class=\"alignnone size-medium wp-image-5551\" src=\"https:\/\/agora.xtec.cat\/escolafmacia-suria\/wp-content\/uploads\/usu1594\/2023\/08\/escola-1-212x300.jpg\" alt=\"\" width=\"212\" height=\"300\" srcset=\"https:\/\/agora.xtec.cat\/escolafmacia-suria\/wp-content\/uploads\/usu1594\/2023\/08\/escola-1-212x300.jpg 212w, https:\/\/agora.xtec.cat\/escolafmacia-suria\/wp-content\/uploads\/usu1594\/2023\/08\/escola-1-724x1024.jpg 724w, https:\/\/agora.xtec.cat\/escolafmacia-suria\/wp-content\/uploads\/usu1594\/2023\/08\/escola-1-768x1086.jpg 768w, https:\/\/agora.xtec.cat\/escolafmacia-suria\/wp-content\/uploads\/usu1594\/2023\/08\/escola-1-1086x1536.jpg 1086w, https:\/\/agora.xtec.cat\/escolafmacia-suria\/wp-content\/uploads\/usu1594\/2023\/08\/escola-1.jpg 1414w\" sizes=\"auto, (max-width: 212px) 100vw, 212px\" \/><\/a><\/strong><strong><br \/>\n<\/strong><strong><br \/>\n<\/strong><\/td>\n<td style=\"width: 48.0333%; text-align: center; height: 322px;\" rowspan=\"3\"><strong><a href=\"https:\/\/agora.xtec.cat\/escolafmacia-suria\/wp-content\/uploads\/usu1594\/2023\/08\/escola-2.jpg\"><img loading=\"lazy\" decoding=\"async\" class=\"alignnone size-medium wp-image-5552\" src=\"https:\/\/agora.xtec.cat\/escolafmacia-suria\/wp-content\/uploads\/usu1594\/2023\/08\/escola-2-212x300.jpg\" alt=\"\" width=\"212\" height=\"300\" srcset=\"https:\/\/agora.xtec.cat\/escolafmacia-suria\/wp-content\/uploads\/usu1594\/2023\/08\/escola-2-212x300.jpg 212w, https:\/\/agora.xtec.cat\/escolafmacia-suria\/wp-content\/uploads\/usu1594\/2023\/08\/escola-2-724x1024.jpg 724w, https:\/\/agora.xtec.cat\/escolafmacia-suria\/wp-content\/uploads\/usu1594\/2023\/08\/escola-2-768x1086.jpg 768w, https:\/\/agora.xtec.cat\/escolafmacia-suria\/wp-content\/uploads\/usu1594\/2023\/08\/escola-2-1086x1536.jpg 1086w, https:\/\/agora.xtec.cat\/escolafmacia-suria\/wp-content\/uploads\/usu1594\/2023\/08\/escola-2.jpg 1414w\" sizes=\"auto, (max-width: 212px) 100vw, 212px\" \/><\/a><\/strong><strong><br \/>\n<\/strong><strong><br \/>\n<\/strong><\/td>\n<\/tr>\n<tr style=\"height: 98px;\">\n<td style=\"width: 10.6783%; text-align: center; height: 98px;\"><a href=\"https:\/\/agora.xtec.cat\/escolafmacia-suria\/categoria\/primaria\/1r\/\"><strong>PRIMER<\/strong><\/a><\/td>\n<td style=\"width: 12.549%; text-align: center; height: 98px;\"><a href=\"https:\/\/agora.xtec.cat\/escolafmacia-suria\/categoria\/primaria\/3r\/\"><strong>TERCER<\/strong><\/a><\/td>\n<td style=\"width: 13.0126%; text-align: center; height: 98px;\"><a href=\"https:\/\/agora.xtec.cat\/escolafmacia-suria\/categoria\/primaria\/5e\/\"><strong>CINQU\u00c8\u00a0<\/strong><\/a><\/td>\n<\/tr>\n<tr style=\"height: 98px;\">\n<td style=\"width: 10.6783%; text-align: center; height: 98px;\"><a href=\"https:\/\/agora.xtec.cat\/escolafmacia-suria\/categoria\/primaria\/2n\/\"><strong>SEGON<\/strong><\/a><\/td>\n<td style=\"width: 12.549%; text-align: center; height: 98px;\"><a href=\"https:\/\/agora.xtec.cat\/escolafmacia-suria\/categoria\/primaria\/4t\/\"><strong>QUART<\/strong><\/a><\/td>\n<td style=\"width: 13.0126%; text-align: center; height: 98px;\"><a href=\"https:\/\/agora.xtec.cat\/escolafmacia-suria\/categoria\/primaria\/6e\/\"><strong>SIS\u00c8<\/strong><\/a><\/td>\n<\/tr>\n<\/tbody>\n<\/table>\n<p>&nbsp;<\/p>\n","protected":false},"excerpt":{"rendered":"<p>EDUCACI\u00d3 INFANTIL 3 ANYS EDUCACI\u00d3 INFANTIL 4 ANYS EDUCACI\u00d3 INFANTIL 5 ANYS PRIMER TERCER CINQU\u00c8\u00a0 SEGON QUART SIS\u00c8 &nbsp;<\/p>\n","protected":false},"author":1,"featured_media":0,"parent":0,"menu_order":0,"comment_status":"closed","ping_status":"closed","template":"","meta":{"_bbp_topic_count":0,"_bbp_reply_count":0,"_bbp_total_topic_count":0,"_bbp_total_reply_count":0,"_bbp_voice_count":0,"_bbp_anonymous_reply_count":0,"_bbp_topic_count_hidden":0,"_bbp_reply_count_hidden":0,"_bbp_forum_subforum_count":0,"site-sidebar-layout":"default","site-content-layout":"","ast-site-content-layout":"","site-content-style":"default","site-sidebar-style":"default","ast-global-header-display":"","ast-banner-title-visibility":"","ast-main-header-display":"","ast-hfb-above-header-display":"","ast-hfb-below-header-display":"","ast-hfb-mobile-header-display":"","site-post-title":"","ast-breadcrumbs-content":"","ast-featured-img":"","footer-sml-layout":"","theme-transparent-header-meta":"","adv-header-id-meta":"","stick-header-meta":"","header-above-stick-meta":"","header-main-stick-meta":"","header-below-stick-meta":"","astra-migrate-meta-layouts":"default","ast-page-background-enabled":"default","ast-page-background-meta":{"desktop":{"background-color":"var(--ast-global-color-4)","background-image":"","background-repeat":"repeat","background-position":"center center","background-size":"auto","background-attachment":"scroll","background-type":"","background-media":"","overlay-type":"","overlay-color":"","overlay-opacity":"","overlay-gradient":""},"tablet":{"background-color":"","background-image":"","background-repeat":"repeat","background-position":"center center","background-size":"auto","background-attachment":"scroll","background-type":"","background-media":"","overlay-type":"","overlay-color":"","overlay-opacity":"","overlay-gradient":""},"mobile":{"background-color":"","background-image":"","background-repeat":"repeat","background-position":"center center","background-size":"auto","background-attachment":"scroll","background-type":"","background-media":"","overlay-type":"","overlay-color":"","overlay-opacity":"","overlay-gradient":""}},"ast-content-background-meta":{"desktop":{"background-color":"var(--ast-global-color-5)","background-image":"","background-repeat":"repeat","background-position":"center center","background-size":"auto","background-attachment":"scroll","background-type":"","background-media":"","overlay-type":"","overlay-color":"","overlay-opacity":"","overlay-gradient":""},"tablet":{"background-color":"var(--ast-global-color-5)","background-image":"","background-repeat":"repeat","background-position":"center center","background-size":"auto","background-attachment":"scroll","background-type":"","background-media":"","overlay-type":"","overlay-color":"","overlay-opacity":"","overlay-gradient":""},"mobile":{"background-color":"var(--ast-global-color-5)","background-image":"","background-repeat":"repeat","background-position":"center center","background-size":"auto","background-attachment":"scroll","background-type":"","background-media":"","overlay-type":"","overlay-color":"","overlay-opacity":"","overlay-gradient":""}},"footnotes":""},"class_list":["post-87","page","type-page","status-publish","hentry"],"post_mailing_queue_ids":[],"_links":{"self":[{"href":"https:\/\/agora.xtec.cat\/escolafmacia-suria\/wp-json\/wp\/v2\/pages\/87","targetHints":{"allow":["GET"]}}],"collection":[{"href":"https:\/\/agora.xtec.cat\/escolafmacia-suria\/wp-json\/wp\/v2\/pages"}],"about":[{"href":"https:\/\/agora.xtec.cat\/escolafmacia-suria\/wp-json\/wp\/v2\/types\/page"}],"author":[{"embeddable":true,"href":"https:\/\/agora.xtec.cat\/escolafmacia-suria\/wp-json\/wp\/v2\/users\/1"}],"replies":[{"embeddable":true,"href":"https:\/\/agora.xtec.cat\/escolafmacia-suria\/wp-json\/wp\/v2\/comments?post=87"}],"version-history":[{"count":5,"href":"https:\/\/agora.xtec.cat\/escolafmacia-suria\/wp-json\/wp\/v2\/pages\/87\/revisions"}],"predecessor-version":[{"id":5592,"href":"https:\/\/agora.xtec.cat\/escolafmacia-suria\/wp-json\/wp\/v2\/pages\/87\/revisions\/5592"}],"wp:attachment":[{"href":"https:\/\/agora.xtec.cat\/escolafmacia-suria\/wp-json\/wp\/v2\/media?parent=87"}],"curies":[{"name":"wp","href":"https:\/\/api.w.org\/{rel}","templated":true}]}}