{"id":839,"date":"2018-02-06T16:59:25","date_gmt":"2018-02-06T15:59:25","guid":{"rendered":"http:\/\/agora.xtec.cat\/escolafmacia-suria\/?page_id=839"},"modified":"2023-12-05T20:09:54","modified_gmt":"2023-12-05T19:09:54","slug":"nova-avaluacio-a-primaria","status":"publish","type":"page","link":"https:\/\/agora.xtec.cat\/escolafmacia-suria\/nova-avaluacio-a-primaria\/","title":{"rendered":"EL NOU CURR\u00cdCULUM"},"content":{"rendered":"<p>En el seg\u00fcent enlla\u00e7 podreu consultar tota la informaci\u00f3 referent al nou curr\u00edculum d&#8217;Educaci\u00f3 Infantil i Educaci\u00f3 Pr\u00ecm\u00e0ria.<\/p>\n<p><a href=\"https:\/\/projectes.xtec.cat\/nou-curriculum\/\"><img loading=\"lazy\" decoding=\"async\" class=\"aligncenter wp-image-5661\" src=\"https:\/\/agora.xtec.cat\/escolafmacia-suria\/wp-content\/uploads\/usu1594\/2023\/11\/CURRICULUM-300x83.jpg\" alt=\"\" width=\"462\" height=\"128\" srcset=\"https:\/\/agora.xtec.cat\/escolafmacia-suria\/wp-content\/uploads\/usu1594\/2023\/11\/CURRICULUM-300x83.jpg 300w, https:\/\/agora.xtec.cat\/escolafmacia-suria\/wp-content\/uploads\/usu1594\/2023\/11\/CURRICULUM.jpg 681w\" sizes=\"auto, (max-width: 462px) 100vw, 462px\" \/><\/a><\/p>\n<h2><\/h2>\n<p>&nbsp;<\/p>\n","protected":false},"excerpt":{"rendered":"<p>En el seg\u00fcent enlla\u00e7 podreu consultar tota la informaci\u00f3 referent al nou curr\u00edculum d&#8217;Educaci\u00f3 Infantil i Educaci\u00f3 Pr\u00ecm\u00e0ria. &nbsp;<\/p>\n","protected":false},"author":1,"featured_media":0,"parent":0,"menu_order":0,"comment_status":"closed","ping_status":"closed","template":"","meta":{"_bbp_topic_count":0,"_bbp_reply_count":0,"_bbp_total_topic_count":0,"_bbp_total_reply_count":0,"_bbp_voice_count":0,"_bbp_anonymous_reply_count":0,"_bbp_topic_count_hidden":0,"_bbp_reply_count_hidden":0,"_bbp_forum_subforum_count":0,"site-sidebar-layout":"default","site-content-layout":"","ast-site-content-layout":"","site-content-style":"default","site-sidebar-style":"default","ast-global-header-display":"","ast-banner-title-visibility":"","ast-main-header-display":"","ast-hfb-above-header-display":"","ast-hfb-below-header-display":"","ast-hfb-mobile-header-display":"","site-post-title":"","ast-breadcrumbs-content":"","ast-featured-img":"","footer-sml-layout":"","theme-transparent-header-meta":"","adv-header-id-meta":"","stick-header-meta":"","header-above-stick-meta":"","header-main-stick-meta":"","header-below-stick-meta":"","astra-migrate-meta-layouts":"default","ast-page-background-enabled":"default","ast-page-background-meta":{"desktop":{"background-color":"var(--ast-global-color-4)","background-image":"","background-repeat":"repeat","background-position":"center center","background-size":"auto","background-attachment":"scroll","background-type":"","background-media":"","overlay-type":"","overlay-color":"","overlay-opacity":"","overlay-gradient":""},"tablet":{"background-color":"","background-image":"","background-repeat":"repeat","background-position":"center center","background-size":"auto","background-attachment":"scroll","background-type":"","background-media":"","overlay-type":"","overlay-color":"","overlay-opacity":"","overlay-gradient":""},"mobile":{"background-color":"","background-image":"","background-repeat":"repeat","background-position":"center center","background-size":"auto","background-attachment":"scroll","background-type":"","background-media":"","overlay-type":"","overlay-color":"","overlay-opacity":"","overlay-gradient":""}},"ast-content-background-meta":{"desktop":{"background-color":"var(--ast-global-color-5)","background-image":"","background-repeat":"repeat","background-position":"center center","background-size":"auto","background-attachment":"scroll","background-type":"","background-media":"","overlay-type":"","overlay-color":"","overlay-opacity":"","overlay-gradient":""},"tablet":{"background-color":"var(--ast-global-color-5)","background-image":"","background-repeat":"repeat","background-position":"center center","background-size":"auto","background-attachment":"scroll","background-type":"","background-media":"","overlay-type":"","overlay-color":"","overlay-opacity":"","overlay-gradient":""},"mobile":{"background-color":"var(--ast-global-color-5)","background-image":"","background-repeat":"repeat","background-position":"center center","background-size":"auto","background-attachment":"scroll","background-type":"","background-media":"","overlay-type":"","overlay-color":"","overlay-opacity":"","overlay-gradient":""}},"footnotes":""},"class_list":["post-839","page","type-page","status-publish","hentry"],"post_mailing_queue_ids":[],"_links":{"self":[{"href":"https:\/\/agora.xtec.cat\/escolafmacia-suria\/wp-json\/wp\/v2\/pages\/839","targetHints":{"allow":["GET"]}}],"collection":[{"href":"https:\/\/agora.xtec.cat\/escolafmacia-suria\/wp-json\/wp\/v2\/pages"}],"about":[{"href":"https:\/\/agora.xtec.cat\/escolafmacia-suria\/wp-json\/wp\/v2\/types\/page"}],"author":[{"embeddable":true,"href":"https:\/\/agora.xtec.cat\/escolafmacia-suria\/wp-json\/wp\/v2\/users\/1"}],"replies":[{"embeddable":true,"href":"https:\/\/agora.xtec.cat\/escolafmacia-suria\/wp-json\/wp\/v2\/comments?post=839"}],"version-history":[{"count":7,"href":"https:\/\/agora.xtec.cat\/escolafmacia-suria\/wp-json\/wp\/v2\/pages\/839\/revisions"}],"predecessor-version":[{"id":5774,"href":"https:\/\/agora.xtec.cat\/escolafmacia-suria\/wp-json\/wp\/v2\/pages\/839\/revisions\/5774"}],"wp:attachment":[{"href":"https:\/\/agora.xtec.cat\/escolafmacia-suria\/wp-json\/wp\/v2\/media?parent=839"}],"curies":[{"name":"wp","href":"https:\/\/api.w.org\/{rel}","templated":true}]}}