{"id":7,"date":"2014-09-17T15:07:41","date_gmt":"2014-09-17T14:07:41","guid":{"rendered":"http:\/\/agora.xtec.cat\/ceipfmacia-suria\/?page_id=7"},"modified":"2026-04-15T10:01:27","modified_gmt":"2026-04-15T08:01:27","slug":"pagines-dinici","status":"publish","type":"page","link":"https:\/\/agora.xtec.cat\/escolafmacia-suria\/","title":{"rendered":"P\u00e0gines d&#8217;inici"},"content":{"rendered":"<p><img loading=\"lazy\" decoding=\"async\" class=\"aligncenter wp-image-6667\" src=\"https:\/\/agora.xtec.cat\/escolafmacia-suria\/wp-content\/uploads\/usu1594\/2026\/04\/Copia-de-picnic-literari-212x300.png\" alt=\"\" width=\"473\" height=\"669\" srcset=\"https:\/\/agora.xtec.cat\/escolafmacia-suria\/wp-content\/uploads\/usu1594\/2026\/04\/Copia-de-picnic-literari-212x300.png 212w, https:\/\/agora.xtec.cat\/escolafmacia-suria\/wp-content\/uploads\/usu1594\/2026\/04\/Copia-de-picnic-literari-724x1024.png 724w, https:\/\/agora.xtec.cat\/escolafmacia-suria\/wp-content\/uploads\/usu1594\/2026\/04\/Copia-de-picnic-literari-768x1086.png 768w, https:\/\/agora.xtec.cat\/escolafmacia-suria\/wp-content\/uploads\/usu1594\/2026\/04\/Copia-de-picnic-literari-1086x1536.png 1086w, https:\/\/agora.xtec.cat\/escolafmacia-suria\/wp-content\/uploads\/usu1594\/2026\/04\/Copia-de-picnic-literari.png 1414w\" sizes=\"auto, (max-width: 473px) 100vw, 473px\" \/><\/p>\n<p><strong>Proc\u00e9s de Preinscripci\u00f3 i matr\u00edcula 2026 -2027<\/strong><\/p>\n<ul>\n<li><a href=\"https:\/\/drive.google.com\/file\/d\/1feDiWo2n2xQaKozbAS6kZEf8AJYmqX4W\/view?usp=sharing\">Oferta inicial<\/a><\/li>\n<li><a href=\"https:\/\/drive.google.com\/file\/d\/1v2cGmKRQkDhKScf2vwzPoGbpfPzOPSfo\/view?usp=drive_link\">Llista de sol\u00b7licituds<\/a> que han demanat el centre i l&#8217;ensenyament en primera petici\u00f3 amb la puntuaci\u00f3 provisional a 15\/04\/2026<\/li>\n<\/ul>\n<table style=\"border-collapse: collapse; width: 100%; height: 52px;\">\n<tbody>\n<tr style=\"height: 52px;\">\n<td style=\"width: 50%; height: 52px; text-align: center;\"><strong>Proc\u00e9s de Preinscripci\u00f3 i matr\u00edcula 2026 -2027<\/strong><\/td>\n<td style=\"width: 50%; height: 52px; text-align: center;\"><strong>Calendari<\/strong><\/td>\n<\/tr>\n<\/tbody>\n<\/table>\n<table style=\"border-collapse: collapse; width: 100%;\">\n<tbody>\n<tr>\n<td style=\"width: 50%;\"><img loading=\"lazy\" decoding=\"async\" class=\"wp-image-6649 alignleft\" src=\"https:\/\/agora.xtec.cat\/escolafmacia-suria\/wp-content\/uploads\/usu1594\/2026\/03\/Preinscripcio_baners_Web_educacio__Preinscripcio_web_educacio_832x468_SECUNDARIA1-300x169.jpg\" alt=\"\" width=\"518\" height=\"292\" srcset=\"https:\/\/agora.xtec.cat\/escolafmacia-suria\/wp-content\/uploads\/usu1594\/2026\/03\/Preinscripcio_baners_Web_educacio__Preinscripcio_web_educacio_832x468_SECUNDARIA1-300x169.jpg 300w, https:\/\/agora.xtec.cat\/escolafmacia-suria\/wp-content\/uploads\/usu1594\/2026\/03\/Preinscripcio_baners_Web_educacio__Preinscripcio_web_educacio_832x468_SECUNDARIA1-768x432.jpg 768w, https:\/\/agora.xtec.cat\/escolafmacia-suria\/wp-content\/uploads\/usu1594\/2026\/03\/Preinscripcio_baners_Web_educacio__Preinscripcio_web_educacio_832x468_SECUNDARIA1.jpg 800w\" sizes=\"auto, (max-width: 518px) 100vw, 518px\" \/><\/td>\n<td style=\"width: 50%;\"><img loading=\"lazy\" decoding=\"async\" class=\"aligncenter wp-image-6659\" src=\"https:\/\/agora.xtec.cat\/escolafmacia-suria\/wp-content\/uploads\/usu1594\/2026\/03\/Captura-de-pantalla-2026-03-04-164421-300x294.png\" alt=\"\" width=\"577\" height=\"566\" srcset=\"https:\/\/agora.xtec.cat\/escolafmacia-suria\/wp-content\/uploads\/usu1594\/2026\/03\/Captura-de-pantalla-2026-03-04-164421-300x294.png 300w, https:\/\/agora.xtec.cat\/escolafmacia-suria\/wp-content\/uploads\/usu1594\/2026\/03\/Captura-de-pantalla-2026-03-04-164421.png 625w\" sizes=\"auto, (max-width: 577px) 100vw, 577px\" \/><\/td>\n<\/tr>\n<\/tbody>\n<\/table>\n","protected":false},"excerpt":{"rendered":"<p>Proc\u00e9s de Preinscripci\u00f3 i matr\u00edcula 2026 -2027 Oferta inicial Llista de sol\u00b7licituds que han demanat el centre i l&#8217;ensenyament en primera petici\u00f3 amb la puntuaci\u00f3 provisional a 15\/04\/2026 Proc\u00e9s de Preinscripci\u00f3 i matr\u00edcula 2026 -2027 Calendari<\/p>\n","protected":false},"author":1,"featured_media":0,"parent":0,"menu_order":0,"comment_status":"closed","ping_status":"closed","template":"","meta":{"_bbp_topic_count":0,"_bbp_reply_count":0,"_bbp_total_topic_count":0,"_bbp_total_reply_count":0,"_bbp_voice_count":0,"_bbp_anonymous_reply_count":0,"_bbp_topic_count_hidden":0,"_bbp_reply_count_hidden":0,"_bbp_forum_subforum_count":0,"site-sidebar-layout":"default","site-content-layout":"","ast-site-content-layout":"default","site-content-style":"default","site-sidebar-style":"default","ast-global-header-display":"","ast-banner-title-visibility":"","ast-main-header-display":"","ast-hfb-above-header-display":"","ast-hfb-below-header-display":"","ast-hfb-mobile-header-display":"","site-post-title":"","ast-breadcrumbs-content":"","ast-featured-img":"","footer-sml-layout":"","theme-transparent-header-meta":"default","adv-header-id-meta":"","stick-header-meta":"","header-above-stick-meta":"","header-main-stick-meta":"","header-below-stick-meta":"","astra-migrate-meta-layouts":"set","ast-page-background-enabled":"default","ast-page-background-meta":{"desktop":{"background-color":"var(--ast-global-color-4)","background-image":"","background-repeat":"repeat","background-position":"center center","background-size":"auto","background-attachment":"scroll","background-type":"","background-media":"","overlay-type":"","overlay-color":"","overlay-opacity":"","overlay-gradient":""},"tablet":{"background-color":"","background-image":"","background-repeat":"repeat","background-position":"center center","background-size":"auto","background-attachment":"scroll","background-type":"","background-media":"","overlay-type":"","overlay-color":"","overlay-opacity":"","overlay-gradient":""},"mobile":{"background-color":"","background-image":"","background-repeat":"repeat","background-position":"center center","background-size":"auto","background-attachment":"scroll","background-type":"","background-media":"","overlay-type":"","overlay-color":"","overlay-opacity":"","overlay-gradient":""}},"ast-content-background-meta":{"desktop":{"background-color":"var(--ast-global-color-5)","background-image":"","background-repeat":"repeat","background-position":"center center","background-size":"auto","background-attachment":"scroll","background-type":"","background-media":"","overlay-type":"","overlay-color":"","overlay-opacity":"","overlay-gradient":""},"tablet":{"background-color":"var(--ast-global-color-5)","background-image":"","background-repeat":"repeat","background-position":"center center","background-size":"auto","background-attachment":"scroll","background-type":"","background-media":"","overlay-type":"","overlay-color":"","overlay-opacity":"","overlay-gradient":""},"mobile":{"background-color":"var(--ast-global-color-5)","background-image":"","background-repeat":"repeat","background-position":"center center","background-size":"auto","background-attachment":"scroll","background-type":"","background-media":"","overlay-type":"","overlay-color":"","overlay-opacity":"","overlay-gradient":""}},"footnotes":""},"class_list":["post-7","page","type-page","status-publish","hentry"],"post_mailing_queue_ids":[],"_links":{"self":[{"href":"https:\/\/agora.xtec.cat\/escolafmacia-suria\/wp-json\/wp\/v2\/pages\/7","targetHints":{"allow":["GET"]}}],"collection":[{"href":"https:\/\/agora.xtec.cat\/escolafmacia-suria\/wp-json\/wp\/v2\/pages"}],"about":[{"href":"https:\/\/agora.xtec.cat\/escolafmacia-suria\/wp-json\/wp\/v2\/types\/page"}],"author":[{"embeddable":true,"href":"https:\/\/agora.xtec.cat\/escolafmacia-suria\/wp-json\/wp\/v2\/users\/1"}],"replies":[{"embeddable":true,"href":"https:\/\/agora.xtec.cat\/escolafmacia-suria\/wp-json\/wp\/v2\/comments?post=7"}],"version-history":[{"count":9,"href":"https:\/\/agora.xtec.cat\/escolafmacia-suria\/wp-json\/wp\/v2\/pages\/7\/revisions"}],"predecessor-version":[{"id":6672,"href":"https:\/\/agora.xtec.cat\/escolafmacia-suria\/wp-json\/wp\/v2\/pages\/7\/revisions\/6672"}],"wp:attachment":[{"href":"https:\/\/agora.xtec.cat\/escolafmacia-suria\/wp-json\/wp\/v2\/media?parent=7"}],"curies":[{"name":"wp","href":"https:\/\/api.w.org\/{rel}","templated":true}]}}