{"id":6355,"date":"2025-04-29T17:17:27","date_gmt":"2025-04-29T15:17:27","guid":{"rendered":"https:\/\/agora.xtec.cat\/escolafmacia-suria\/?page_id=6355"},"modified":"2025-04-29T17:17:27","modified_gmt":"2025-04-29T15:17:27","slug":"zinkers-2","status":"publish","type":"page","link":"https:\/\/agora.xtec.cat\/escolafmacia-suria\/projectes\/zinkers-2\/","title":{"rendered":"Zinkers"},"content":{"rendered":"<p>Zinkers Prim\u00e0ria \u00e9s un programa educatiu de la Fundaci\u00f3 Repsol dissenyat per a estudiants de Prim\u00e0ria.<\/p>\n<p><img loading=\"lazy\" decoding=\"async\" class=\"size-full wp-image-6356 alignleft\" src=\"https:\/\/agora.xtec.cat\/escolafmacia-suria\/wp-content\/uploads\/usu1594\/2025\/04\/Zinkers.png\" alt=\"\" width=\"162\" height=\"179\" \/><\/p>\n<p>&nbsp;<\/p>\n<p>&nbsp;<\/p>\n<p>&nbsp;<\/p>\n<p>&nbsp;<\/p>\n<p>&nbsp;<\/p>\n<p>Aqu<span style=\"font-family: inherit; font-size: 1em;\">est programa se centra a ensenyar sobre l&#8217;energia, el medi ambient, la mobilitat sostenible i els objectius de desenvolupament sostenible (ODS) d&#8217;una manera innovadora i atractiva. Utilitzant la din\u00e0<\/span><\/p>\n<p>mica dels viatges en el temps amb dos personatges principals, Jaume i Laura, Zinkers Prim\u00e0ria ofereix m\u00e9s de 100 materials educatius que els docents poden adaptar a les classes i objectius did\u00e0ctics.<\/p>\n","protected":false},"excerpt":{"rendered":"<p>Zinkers Prim\u00e0ria \u00e9s un programa educatiu de la Fundaci\u00f3 Repsol dissenyat per a estudiants de Prim\u00e0ria. &nbsp; &nbsp; &nbsp; &nbsp; &nbsp; Aquest programa se centra a ensenyar sobre l&#8217;energia, el medi ambient, la mobilitat sostenible i els objectius de desenvolupament sostenible (ODS) d&#8217;una manera innovadora i atractiva. Utilitzant la din\u00e0 mica dels viatges en el [&hellip;]<\/p>\n","protected":false},"author":1,"featured_media":0,"parent":889,"menu_order":4,"comment_status":"closed","ping_status":"closed","template":"page-templates\/side-menu.php","meta":{"_bbp_topic_count":0,"_bbp_reply_count":0,"_bbp_total_topic_count":0,"_bbp_total_reply_count":0,"_bbp_voice_count":0,"_bbp_anonymous_reply_count":0,"_bbp_topic_count_hidden":0,"_bbp_reply_count_hidden":0,"_bbp_forum_subforum_count":0,"site-sidebar-layout":"default","site-content-layout":"","ast-site-content-layout":"","site-content-style":"default","site-sidebar-style":"default","ast-global-header-display":"","ast-banner-title-visibility":"","ast-main-header-display":"","ast-hfb-above-header-display":"","ast-hfb-below-header-display":"","ast-hfb-mobile-header-display":"","site-post-title":"","ast-breadcrumbs-content":"","ast-featured-img":"","footer-sml-layout":"","theme-transparent-header-meta":"","adv-header-id-meta":"","stick-header-meta":"","header-above-stick-meta":"","header-main-stick-meta":"","header-below-stick-meta":"","astra-migrate-meta-layouts":"default","ast-page-background-enabled":"default","ast-page-background-meta":{"desktop":{"background-color":"var(--ast-global-color-4)","background-image":"","background-repeat":"repeat","background-position":"center center","background-size":"auto","background-attachment":"scroll","background-type":"","background-media":"","overlay-type":"","overlay-color":"","overlay-opacity":"","overlay-gradient":""},"tablet":{"background-color":"","background-image":"","background-repeat":"repeat","background-position":"center center","background-size":"auto","background-attachment":"scroll","background-type":"","background-media":"","overlay-type":"","overlay-color":"","overlay-opacity":"","overlay-gradient":""},"mobile":{"background-color":"","background-image":"","background-repeat":"repeat","background-position":"center center","background-size":"auto","background-attachment":"scroll","background-type":"","background-media":"","overlay-type":"","overlay-color":"","overlay-opacity":"","overlay-gradient":""}},"ast-content-background-meta":{"desktop":{"background-color":"var(--ast-global-color-5)","background-image":"","background-repeat":"repeat","background-position":"center center","background-size":"auto","background-attachment":"scroll","background-type":"","background-media":"","overlay-type":"","overlay-color":"","overlay-opacity":"","overlay-gradient":""},"tablet":{"background-color":"var(--ast-global-color-5)","background-image":"","background-repeat":"repeat","background-position":"center center","background-size":"auto","background-attachment":"scroll","background-type":"","background-media":"","overlay-type":"","overlay-color":"","overlay-opacity":"","overlay-gradient":""},"mobile":{"background-color":"var(--ast-global-color-5)","background-image":"","background-repeat":"repeat","background-position":"center center","background-size":"auto","background-attachment":"scroll","background-type":"","background-media":"","overlay-type":"","overlay-color":"","overlay-opacity":"","overlay-gradient":""}},"footnotes":""},"class_list":["post-6355","page","type-page","status-publish","hentry"],"post_mailing_queue_ids":[],"_links":{"self":[{"href":"https:\/\/agora.xtec.cat\/escolafmacia-suria\/wp-json\/wp\/v2\/pages\/6355","targetHints":{"allow":["GET"]}}],"collection":[{"href":"https:\/\/agora.xtec.cat\/escolafmacia-suria\/wp-json\/wp\/v2\/pages"}],"about":[{"href":"https:\/\/agora.xtec.cat\/escolafmacia-suria\/wp-json\/wp\/v2\/types\/page"}],"author":[{"embeddable":true,"href":"https:\/\/agora.xtec.cat\/escolafmacia-suria\/wp-json\/wp\/v2\/users\/1"}],"replies":[{"embeddable":true,"href":"https:\/\/agora.xtec.cat\/escolafmacia-suria\/wp-json\/wp\/v2\/comments?post=6355"}],"version-history":[{"count":1,"href":"https:\/\/agora.xtec.cat\/escolafmacia-suria\/wp-json\/wp\/v2\/pages\/6355\/revisions"}],"predecessor-version":[{"id":6357,"href":"https:\/\/agora.xtec.cat\/escolafmacia-suria\/wp-json\/wp\/v2\/pages\/6355\/revisions\/6357"}],"up":[{"embeddable":true,"href":"https:\/\/agora.xtec.cat\/escolafmacia-suria\/wp-json\/wp\/v2\/pages\/889"}],"wp:attachment":[{"href":"https:\/\/agora.xtec.cat\/escolafmacia-suria\/wp-json\/wp\/v2\/media?parent=6355"}],"curies":[{"name":"wp","href":"https:\/\/api.w.org\/{rel}","templated":true}]}}