{"id":3643,"date":"2021-03-18T22:53:33","date_gmt":"2021-03-18T21:53:33","guid":{"rendered":"http:\/\/agora.xtec.cat\/escolafmacia-suria\/?page_id=3643"},"modified":"2021-03-27T22:38:46","modified_gmt":"2021-03-27T21:38:46","slug":"scratch-dels-alumnes-de-4t-mascaraigues","status":"publish","type":"page","link":"https:\/\/agora.xtec.cat\/escolafmacia-suria\/scratch-dels-alumnes-de-4t-mascaraigues\/","title":{"rendered":"SCRATCH dels alumnes de 4t- Mascaraig\u00fces"},"content":{"rendered":"<p>&nbsp;<\/p>\n<table style=\"height: 375px; width: 804px;\" width=\"813\">\n<tbody>\n<tr style=\"height: 324px;\">\n<td style=\"width: 268px; height: 324px;\">DONA-LI A LA BANDERA I COMEN\u00c7A EL JOC AMB EL RATOL\u00cd CLICA LES ESTRELLES PER AGAFAR TOTS EL PUNTS QUE PUGUIS. PER REINICIAR EL JOC CLICA L&#8217; ESPAI I JA EST\u00c0.<br \/>\n<a href=\"https:\/\/scratch.mit.edu\/projects\/493532610\">Per obrir el joc en Scratch cliqueu aqu\u00ed.<\/a><iframe loading=\"lazy\" src=\"https:\/\/scratch.mit.edu\/projects\/493532610\/embed\" width=\"242'5\" height=\"201\" frameborder=\"0\"><span data-mce-type=\"bookmark\" style=\"display: inline-block; width: 0px; overflow: hidden; line-height: 0;\" class=\"mce_SELRES_start\">\ufeff<\/span><\/iframe><\/td>\n<td style=\"width: 268px; height: 324px;\">Quan cliquis la bandera comen\u00e7a el joc. Has de clicar les estrelles i fer punts. Quan vulguis aturar has de clicar la tecla espai.<br \/>\n<a href=\"https:\/\/scratch.mit.edu\/projects\/493547391\">Per obrir el joc en Scratch cliqueu aqu\u00ed.<\/a><iframe loading=\"lazy\" src=\"https:\/\/scratch.mit.edu\/projects\/493547391\/embed\" width=\"242'5\" height=\"201\" frameborder=\"0\"><span data-mce-type=\"bookmark\" style=\"display: inline-block; width: 0px; overflow: hidden; line-height: 0;\" class=\"mce_SELRES_start\">\ufeff<\/span><\/iframe><\/td>\n<td style=\"width: 268px; height: 324px;\">Clica la bandera per comen\u00e7ar. Has de tocar els cors fent servir les tecles amunt, avall, esquerra i dreta per guanyar punts. Per acabar clica l&#8217;estop.<br \/>\n<a href=\"https:\/\/scratch.mit.edu\/projects\/493532557\">Per obrir el joc en Scratch cliqueu aqu\u00ed.<\/a><iframe loading=\"lazy\" src=\"https:\/\/scratch.mit.edu\/projects\/493532557\/embed\" width=\"242\u00b45\" height=\"201\" frameborder=\"0\"><span data-mce-type=\"bookmark\" style=\"display: inline-block; width: 0px; overflow: hidden; line-height: 0;\" class=\"mce_SELRES_start\">\ufeff<\/span><\/iframe><\/td>\n<\/tr>\n<tr style=\"height: 31px;\">\n<td style=\"width: 268px; height: 10px;\">Clica la bandera per comen\u00e7ar. Despr\u00e9s clica les pilotes i et sumar\u00e0s punts. Quant vulguis acabar el joc clica la tecla espai. A VEURE SI ARRIBES ALS 100 O 200 PUNTS!!!!!!!!<br \/>\n<a href=\"https:\/\/scratch.mit.edu\/projects\/493532511\">Per obrir el joc en Scratch cliqueu aqu\u00ed.<\/a><iframe loading=\"lazy\" src=\"https:\/\/scratch.mit.edu\/projects\/493532511\/embed\" width=\"242'5\" height=\"201\" frameborder=\"0\"><span data-mce-type=\"bookmark\" style=\"display: inline-block; width: 0px; overflow: hidden; line-height: 0;\" class=\"mce_SELRES_start\">\ufeff<\/span><\/iframe><\/td>\n<td style=\"width: 268px; height: 10px;\">PER PODER JUGAR CLICA A LA BANDERA.<br \/>\nSi cliques a la fletxa de baix el porter canvia de color i de moviment.<br \/>\nSi cliques les fletxes podr\u00e0s moure la pilota.<br \/>\nA veure si pots marcar GOL.<br \/>\nPer deixar els punt a cero i la pilota a l&#8217;inici clica la tecla espai.<br \/>\n<a href=\"https:\/\/scratch.mit.edu\/projects\/506786041\">Per obrir el joc en Scratch cliqueu aqu\u00ed.<\/a><iframe loading=\"lazy\" src=\"https:\/\/scratch.mit.edu\/projects\/506786041\/embed\" width=\"242'5\" height=\"201\" frameborder=\"0\"><span data-mce-type=\"bookmark\" style=\"display: inline-block; width: 0px; overflow: hidden; line-height: 0;\" class=\"mce_SELRES_start\">\ufeff<\/span><\/iframe><\/td>\n<td style=\"width: 268px; height: 10px;\">Clica l&#8217;\u00e0liga. Busca les lletres del meu nom: KEVIN.<br \/>\nVeur\u00e0s com tot canvia.<br \/>\n<a href=\"https:\/\/scratch.mit.edu\/projects\/500090252\">Per obrir el joc en Scratch cliqueu aqu\u00ed.<\/a><iframe loading=\"lazy\" src=\"https:\/\/scratch.mit.edu\/projects\/500090252\/embed\" width=\"242,5\" height=\"201\" frameborder=\"0\"><span data-mce-type=\"bookmark\" style=\"display: inline-block; width: 0px; overflow: hidden; line-height: 0;\" class=\"mce_SELRES_start\">\ufeff<\/span><\/iframe><\/td>\n<\/tr>\n<tr style=\"height: 31px;\">\n<td style=\"width: 268px; height: 10px;\">Clica les lletres i donaran voltes, clica sobre les pilotes i sumar\u00e0s punts. Clica la tecla espai per finalitzar el joc.<br \/>\n<a href=\"https:\/\/scratch.mit.edu\/projects\/493532495\">Per obrir el joc en Scratch cliqueu aqu\u00ed.<\/a><iframe loading=\"lazy\" src=\"https:\/\/scratch.mit.edu\/projects\/493532495\/embed\" width=\"242,5\" height=\"201\" frameborder=\"0\"><span data-mce-type=\"bookmark\" style=\"display: inline-block; width: 0px; overflow: hidden; line-height: 0;\" class=\"mce_SELRES_start\">\ufeff<\/span><\/iframe><\/td>\n<td style=\"width: 268px; height: 10px;\">Es tracta de moure els ping\u00fcins amb les fletxes dreta i esquerra, ells parlaran i tamb\u00e9 sonar\u00e0 una m\u00fasica.<br \/>\n<a href=\"https:\/\/scratch.mit.edu\/projects\/497083233\">Per obrir el joc en Scratch cliqueu aqu\u00ed.<\/a><iframe loading=\"lazy\" src=\"https:\/\/scratch.mit.edu\/projects\/497083233\/embed\" width=\"242,5\" height=\"201\" frameborder=\"0\"><span data-mce-type=\"bookmark\" style=\"display: inline-block; width: 0px; overflow: hidden; line-height: 0;\" class=\"mce_SELRES_start\">\ufeff<\/span><\/iframe><\/td>\n<td style=\"width: 268px; height: 10px;\">Mou les fletxes per intentar menjar les pomes.<br \/>\n<a href=\"https:\/\/scratch.mit.edu\/projects\/493532526\">Per obrir el joc en Scratch cliqueu aqu\u00ed.<\/a><iframe loading=\"lazy\" src=\"https:\/\/scratch.mit.edu\/projects\/493532526\/embed\" width=\"242,5\" height=\"201\" frameborder=\"0\"><span data-mce-type=\"bookmark\" style=\"display: inline-block; width: 0px; overflow: hidden; line-height: 0;\" class=\"mce_SELRES_start\">\ufeff<\/span><\/iframe><\/td>\n<\/tr>\n<tr style=\"height: 31px;\">\n<td style=\"width: 268px; height: 31px;\">Clica les pilotes.<br \/>\n<a href=\"https:\/\/scratch.mit.edu\/projects\/497081928\">Per obrir el joc en Scratch cliqueu aqu\u00ed.<\/a><iframe loading=\"lazy\" src=\"https:\/\/scratch.mit.edu\/projects\/497081928\/embed\" width=\"242,5\" height=\"201\" frameborder=\"0\"><span data-mce-type=\"bookmark\" style=\"display: inline-block; width: 0px; overflow: hidden; line-height: 0;\" class=\"mce_SELRES_start\">\ufeff<\/span><\/iframe><\/td>\n<td style=\"width: 268px; height: 31px;\">Has de moure el ratpenat amb fletxes del teclat.<br \/>\nEl ratpenat es mour\u00e0 i tocar\u00e0 les estrelles, quan toqui les estrelles sumaran punts. Per posar el marcador a zero, apretar la tecla espai.<br \/>\n<a href=\"https:\/\/scratch.mit.edu\/projects\/493532386\">Per obrir el joc en Scratch cliqueu aqu\u00ed.<\/a><iframe loading=\"lazy\" src=\"https:\/\/scratch.mit.edu\/projects\/493532386\/embed\" width=\"242,5\" height=\"201\" frameborder=\"0\"><span data-mce-type=\"bookmark\" style=\"display: inline-block; width: 0px; overflow: hidden; line-height: 0;\" class=\"mce_SELRES_start\">\ufeff<\/span><\/iframe><\/td>\n<td style=\"width: 268px; height: 31px;\">CADA COP QUE LA PILOTA TOQUI EL PORTER MARCAR\u00c0 UN PUNT. PER MOURE EL PORTER FES SERVIR LA TECLA DE FLETXA A LA DRETA I A L&#8217;ESQUERRA. AMB LA TECLA ESPAI S&#8217;ATURA TOT.<br \/>\n<a href=\"https:\/\/scratch.mit.edu\/projects\/497081760\">Per obrir el joc en Scratch cliqueu aqu\u00ed.<\/a><iframe loading=\"lazy\" src=\"https:\/\/scratch.mit.edu\/projects\/497081760\/embed\" width=\"242,5\" height=\"201\" frameborder=\"0\"><span data-mce-type=\"bookmark\" style=\"display: inline-block; width: 0px; overflow: hidden; line-height: 0;\" class=\"mce_SELRES_start\">\ufeff<\/span><\/iframe><\/td>\n<\/tr>\n<\/tbody>\n<\/table>\n","protected":false},"excerpt":{"rendered":"<p>&nbsp; DONA-LI A LA BANDERA I COMEN\u00c7A EL JOC AMB EL RATOL\u00cd CLICA LES ESTRELLES PER AGAFAR TOTS EL PUNTS QUE PUGUIS. PER REINICIAR EL JOC CLICA L&#8217; ESPAI I JA EST\u00c0. Per obrir el joc en Scratch cliqueu aqu\u00ed.\ufeff Quan cliquis la bandera comen\u00e7a el joc. Has de clicar les estrelles i fer punts. [&hellip;]<\/p>\n","protected":false},"author":108,"featured_media":0,"parent":0,"menu_order":0,"comment_status":"closed","ping_status":"closed","template":"","meta":{"_bbp_topic_count":0,"_bbp_reply_count":0,"_bbp_total_topic_count":0,"_bbp_total_reply_count":0,"_bbp_voice_count":0,"_bbp_anonymous_reply_count":0,"_bbp_topic_count_hidden":0,"_bbp_reply_count_hidden":0,"_bbp_forum_subforum_count":0,"site-sidebar-layout":"default","site-content-layout":"","ast-site-content-layout":"","site-content-style":"default","site-sidebar-style":"default","ast-global-header-display":"","ast-banner-title-visibility":"","ast-main-header-display":"","ast-hfb-above-header-display":"","ast-hfb-below-header-display":"","ast-hfb-mobile-header-display":"","site-post-title":"","ast-breadcrumbs-content":"","ast-featured-img":"","footer-sml-layout":"","theme-transparent-header-meta":"","adv-header-id-meta":"","stick-header-meta":"","header-above-stick-meta":"","header-main-stick-meta":"","header-below-stick-meta":"","astra-migrate-meta-layouts":"default","ast-page-background-enabled":"default","ast-page-background-meta":{"desktop":{"background-color":"var(--ast-global-color-4)","background-image":"","background-repeat":"repeat","background-position":"center center","background-size":"auto","background-attachment":"scroll","background-type":"","background-media":"","overlay-type":"","overlay-color":"","overlay-opacity":"","overlay-gradient":""},"tablet":{"background-color":"","background-image":"","background-repeat":"repeat","background-position":"center center","background-size":"auto","background-attachment":"scroll","background-type":"","background-media":"","overlay-type":"","overlay-color":"","overlay-opacity":"","overlay-gradient":""},"mobile":{"background-color":"","background-image":"","background-repeat":"repeat","background-position":"center center","background-size":"auto","background-attachment":"scroll","background-type":"","background-media":"","overlay-type":"","overlay-color":"","overlay-opacity":"","overlay-gradient":""}},"ast-content-background-meta":{"desktop":{"background-color":"var(--ast-global-color-5)","background-image":"","background-repeat":"repeat","background-position":"center center","background-size":"auto","background-attachment":"scroll","background-type":"","background-media":"","overlay-type":"","overlay-color":"","overlay-opacity":"","overlay-gradient":""},"tablet":{"background-color":"var(--ast-global-color-5)","background-image":"","background-repeat":"repeat","background-position":"center center","background-size":"auto","background-attachment":"scroll","background-type":"","background-media":"","overlay-type":"","overlay-color":"","overlay-opacity":"","overlay-gradient":""},"mobile":{"background-color":"var(--ast-global-color-5)","background-image":"","background-repeat":"repeat","background-position":"center center","background-size":"auto","background-attachment":"scroll","background-type":"","background-media":"","overlay-type":"","overlay-color":"","overlay-opacity":"","overlay-gradient":""}},"footnotes":""},"class_list":["post-3643","page","type-page","status-publish","hentry"],"post_mailing_queue_ids":[],"_links":{"self":[{"href":"https:\/\/agora.xtec.cat\/escolafmacia-suria\/wp-json\/wp\/v2\/pages\/3643","targetHints":{"allow":["GET"]}}],"collection":[{"href":"https:\/\/agora.xtec.cat\/escolafmacia-suria\/wp-json\/wp\/v2\/pages"}],"about":[{"href":"https:\/\/agora.xtec.cat\/escolafmacia-suria\/wp-json\/wp\/v2\/types\/page"}],"author":[{"embeddable":true,"href":"https:\/\/agora.xtec.cat\/escolafmacia-suria\/wp-json\/wp\/v2\/users\/108"}],"replies":[{"embeddable":true,"href":"https:\/\/agora.xtec.cat\/escolafmacia-suria\/wp-json\/wp\/v2\/comments?post=3643"}],"version-history":[{"count":3,"href":"https:\/\/agora.xtec.cat\/escolafmacia-suria\/wp-json\/wp\/v2\/pages\/3643\/revisions"}],"predecessor-version":[{"id":3692,"href":"https:\/\/agora.xtec.cat\/escolafmacia-suria\/wp-json\/wp\/v2\/pages\/3643\/revisions\/3692"}],"wp:attachment":[{"href":"https:\/\/agora.xtec.cat\/escolafmacia-suria\/wp-json\/wp\/v2\/media?parent=3643"}],"curies":[{"name":"wp","href":"https:\/\/api.w.org\/{rel}","templated":true}]}}