{"id":3404,"date":"2020-12-11T20:04:08","date_gmt":"2020-12-11T19:04:08","guid":{"rendered":"http:\/\/agora.xtec.cat\/escolafmacia-suria\/?page_id=3404"},"modified":"2021-03-18T22:17:07","modified_gmt":"2021-03-18T21:17:07","slug":"scratch","status":"publish","type":"page","link":"https:\/\/agora.xtec.cat\/escolafmacia-suria\/scratch\/","title":{"rendered":"SCRATCH dels alumnes de 4t- Pirates del Carib"},"content":{"rendered":"<p>&nbsp;<\/p>\n<table style=\"height: 992px;\" width=\"828\">\n<tbody>\n<tr style=\"height: 360px;\">\n<td style=\"width: 272px; text-align: left; height: 360px;\">Atrapa les boles clicant. Suma molts punts.Per comen\u00e7ar clica la bandera i per acabar la tecla espai.<br \/>\n<a href=\"https:\/\/scratch.mit.edu\/projects\/455707001\">Per obrir el joc en Scratch cliqueu aqu\u00ed.<\/a><iframe loading=\"lazy\" src=\"https:\/\/scratch.mit.edu\/projects\/455707001\/embed\" width=\"242,5\" height=\"201\" frameborder=\"0\"><span data-mce-type=\"bookmark\" style=\"display: inline-block; width: 0px; overflow: hidden; line-height: 0;\" class=\"mce_SELRES_start\">\ufeff<\/span><\/iframe><\/td>\n<td style=\"width: 273px; height: 360px;\">Clica la bandera per comen\u00e7ar el joc. Clica sobre el regal de l&#8217;esquerra. Clica en el teclat cada lletra de BON NADAL perqu\u00e8 girin. Per aturar el joc clica la tecla espai i per tornar a comen\u00e7ar torna a clicar la bandera.<br \/>\n<a href=\"https:\/\/scratch.mit.edu\/projects\/458965073\">Per obrir el joc en Scratch cliqueu aqu\u00ed.<\/a><iframe loading=\"lazy\" src=\"https:\/\/scratch.mit.edu\/projects\/458965073\/embed\" width=\"242,5\" height=\"201\" frameborder=\"0\"><\/iframe><\/td>\n<td style=\"width: 273px; height: 360px;\">\u00c9s un joc de Nadal. Per comen\u00e7ar a fer el joc clica la bandera verda i per posar el marcador a 0 clica la tecla espai. QUI PODR\u00c0 ARRIBAR A 100? <a href=\"https:\/\/scratch.mit.edu\/projects\/458965113\">Si voleu obrir el joc en Scratch cliqueu aqu\u00ed.<\/a><\/p>\n<p><iframe loading=\"lazy\" src=\"https:\/\/scratch.mit.edu\/projects\/458965113\/embed\" width=\"242,5\" height=\"201\" frameborder=\"0\"><span data-mce-type=\"bookmark\" style=\"display: inline-block; width: 0px; overflow: hidden; line-height: 0;\" class=\"mce_SELRES_start\">\ufeff<\/span><\/iframe><\/p>\n<p>&nbsp;<\/td>\n<\/tr>\n<tr>\n<td style=\"width: 272px; text-align: left;\">Has d&#8217;escriure un n\u00famero i veur\u00e0s qu\u00e8 passa.<br \/>\n<a href=\"https:\/\/scratch.mit.edu\/projects\/465902993\">Per obrir el joc en Scratch cliqueu aqu\u00ed.<\/a><iframe loading=\"lazy\" src=\"https:\/\/scratch.mit.edu\/projects\/465902993\/embed\" width=\"242,5\" height=\"201\" frameborder=\"0\"><span data-mce-type=\"bookmark\" style=\"display: inline-block; width: 0px; overflow: hidden; line-height: 0;\" class=\"mce_SELRES_start\">\ufeff<\/span><\/iframe><\/td>\n<td style=\"width: 273px;\">Els Reis Macs. Clica a la bandera.<br \/>\n<a href=\"https:\/\/scratch.mit.edu\/projects\/458965108\">Per obrir el joc en Scratch cliqueu aqu\u00ed.<\/a><iframe loading=\"lazy\" src=\"https:\/\/scratch.mit.edu\/projects\/458965108\/embed\" width=\"242,5\" height=\"201\" frameborder=\"0\"><span data-mce-type=\"bookmark\" style=\"display: inline-block; width: 0px; overflow: hidden; line-height: 0;\" class=\"mce_SELRES_start\">\ufeff<\/span><\/iframe><\/td>\n<td style=\"width: 273px;\">Clica la bandera i clica al regal. \u00c9s una postal de Nadal.<br \/>\n<a href=\"https:\/\/scratch.mit.edu\/projects\/462525408\">Per obrir el joc en Scratch cliqueu aqu\u00ed.<\/a><iframe loading=\"lazy\" src=\"https:\/\/scratch.mit.edu\/projects\/462525408\/embed\" width=\"242,5\" height=\"201\" frameborder=\"0\"><span data-mce-type=\"bookmark\" style=\"display: inline-block; width: 0px; overflow: hidden; line-height: 0;\" class=\"mce_SELRES_start\">\ufeff<\/span><\/iframe><\/td>\n<\/tr>\n<tr>\n<td style=\"width: 272px; text-align: left;\">Quan li donis a la bandera, els regals es mouran i haur\u00e0s de clicar els regals per sumar m\u00e9s punts. Per aturar el joc clica la tecla espai.<br \/>\n<a href=\"https:\/\/scratch.mit.edu\/projects\/462502179\">Per obrir el joc en Scratch cliqueu aqu\u00ed.<\/a><iframe loading=\"lazy\" src=\"https:\/\/scratch.mit.edu\/projects\/462502179\/embed\" width=\"242,5\" height=\"201\" frameborder=\"0\"><span data-mce-type=\"bookmark\" style=\"display: inline-block; width: 0px; overflow: hidden; line-height: 0;\" class=\"mce_SELRES_start\">\ufeff<\/span><\/iframe><\/td>\n<td style=\"width: 273px;\">Has de donar-li a les boles perqu\u00e8 et sumi molts punts. Espero que t&#8217;agradi.<br \/>\n<a href=\"https:\/\/scratch.mit.edu\/projects\/462507269\">Per obrir el joc en Scratch cliqueu aqu\u00ed.<\/a><iframe loading=\"lazy\" src=\"https:\/\/scratch.mit.edu\/projects\/462507269\/embed\" width=\"242,5\" height=\"201\" frameborder=\"0\"><span data-mce-type=\"bookmark\" style=\"display: inline-block; width: 0px; overflow: hidden; line-height: 0;\" class=\"mce_SELRES_start\">\ufeff<\/span><\/iframe><\/td>\n<td style=\"width: 273px;\">Per guanyar punts has de clicar les estrelles!<br \/>\n<a href=\"https:\/\/scratch.mit.edu\/projects\/462504462\">Per obrir el joc en Scratch cliqueu aqu\u00ed<\/a><iframe loading=\"lazy\" src=\"https:\/\/scratch.mit.edu\/projects\/462504462\/embed\" width=\"242,5\" height=\"201\" frameborder=\"0\"><span data-mce-type=\"bookmark\" style=\"display: inline-block; width: 0px; overflow: hidden; line-height: 0;\" class=\"mce_SELRES_start\">\ufeff<\/span><\/iframe><\/td>\n<\/tr>\n<tr>\n<td style=\"width: 272px; text-align: left;\">Cliqueu els flocs de neu i aconseguiu molts punts.<br \/>\n<a href=\"https:\/\/scratch.mit.edu\/projects\/458967517\">Per obrir el joc en Scratch cliqueu aqu\u00ed<\/a><iframe loading=\"lazy\" src=\"https:\/\/scratch.mit.edu\/projects\/458967517\/embed\" width=\"242,5\" height=\"201\" frameborder=\"0\"><span data-mce-type=\"bookmark\" style=\"display: inline-block; width: 0px; overflow: hidden; line-height: 0;\" class=\"mce_SELRES_start\">\ufeff<\/span><\/iframe><\/td>\n<td style=\"width: 273px;\"><\/td>\n<td style=\"width: 273px;\"><\/td>\n<\/tr>\n<\/tbody>\n<\/table>\n<p>&nbsp;<\/p>\n<p>&nbsp;<\/p>\n<p>&nbsp;<\/p>\n<p>&nbsp;<\/p>\n<p>&nbsp;<\/p>\n<p>&nbsp;<\/p>\n<p>&nbsp;<\/p>\n<p>&nbsp;<\/p>\n<p>&nbsp;<\/p>\n<p>&nbsp;<\/p>\n<p>&nbsp;<\/p>\n<p>&nbsp;<\/p>\n<p>&nbsp;<\/p>\n<p>&nbsp;<\/p>\n<p>&nbsp;<\/p>\n<p>&nbsp;<\/p>\n","protected":false},"excerpt":{"rendered":"<p>&nbsp; Atrapa les boles clicant. Suma molts punts.Per comen\u00e7ar clica la bandera i per acabar la tecla espai. Per obrir el joc en Scratch cliqueu aqu\u00ed.\ufeff Clica la bandera per comen\u00e7ar el joc. Clica sobre el regal de l&#8217;esquerra. Clica en el teclat cada lletra de BON NADAL perqu\u00e8 girin. Per aturar el joc clica [&hellip;]<\/p>\n","protected":false},"author":108,"featured_media":0,"parent":0,"menu_order":0,"comment_status":"closed","ping_status":"closed","template":"","meta":{"_bbp_topic_count":0,"_bbp_reply_count":0,"_bbp_total_topic_count":0,"_bbp_total_reply_count":0,"_bbp_voice_count":0,"_bbp_anonymous_reply_count":0,"_bbp_topic_count_hidden":0,"_bbp_reply_count_hidden":0,"_bbp_forum_subforum_count":0,"site-sidebar-layout":"default","site-content-layout":"","ast-site-content-layout":"","site-content-style":"default","site-sidebar-style":"default","ast-global-header-display":"","ast-banner-title-visibility":"","ast-main-header-display":"","ast-hfb-above-header-display":"","ast-hfb-below-header-display":"","ast-hfb-mobile-header-display":"","site-post-title":"","ast-breadcrumbs-content":"","ast-featured-img":"","footer-sml-layout":"","theme-transparent-header-meta":"","adv-header-id-meta":"","stick-header-meta":"","header-above-stick-meta":"","header-main-stick-meta":"","header-below-stick-meta":"","astra-migrate-meta-layouts":"default","ast-page-background-enabled":"default","ast-page-background-meta":{"desktop":{"background-color":"var(--ast-global-color-4)","background-image":"","background-repeat":"repeat","background-position":"center center","background-size":"auto","background-attachment":"scroll","background-type":"","background-media":"","overlay-type":"","overlay-color":"","overlay-opacity":"","overlay-gradient":""},"tablet":{"background-color":"","background-image":"","background-repeat":"repeat","background-position":"center center","background-size":"auto","background-attachment":"scroll","background-type":"","background-media":"","overlay-type":"","overlay-color":"","overlay-opacity":"","overlay-gradient":""},"mobile":{"background-color":"","background-image":"","background-repeat":"repeat","background-position":"center center","background-size":"auto","background-attachment":"scroll","background-type":"","background-media":"","overlay-type":"","overlay-color":"","overlay-opacity":"","overlay-gradient":""}},"ast-content-background-meta":{"desktop":{"background-color":"var(--ast-global-color-5)","background-image":"","background-repeat":"repeat","background-position":"center center","background-size":"auto","background-attachment":"scroll","background-type":"","background-media":"","overlay-type":"","overlay-color":"","overlay-opacity":"","overlay-gradient":""},"tablet":{"background-color":"var(--ast-global-color-5)","background-image":"","background-repeat":"repeat","background-position":"center center","background-size":"auto","background-attachment":"scroll","background-type":"","background-media":"","overlay-type":"","overlay-color":"","overlay-opacity":"","overlay-gradient":""},"mobile":{"background-color":"var(--ast-global-color-5)","background-image":"","background-repeat":"repeat","background-position":"center center","background-size":"auto","background-attachment":"scroll","background-type":"","background-media":"","overlay-type":"","overlay-color":"","overlay-opacity":"","overlay-gradient":""}},"footnotes":""},"class_list":["post-3404","page","type-page","status-publish","hentry"],"post_mailing_queue_ids":[],"_links":{"self":[{"href":"https:\/\/agora.xtec.cat\/escolafmacia-suria\/wp-json\/wp\/v2\/pages\/3404","targetHints":{"allow":["GET"]}}],"collection":[{"href":"https:\/\/agora.xtec.cat\/escolafmacia-suria\/wp-json\/wp\/v2\/pages"}],"about":[{"href":"https:\/\/agora.xtec.cat\/escolafmacia-suria\/wp-json\/wp\/v2\/types\/page"}],"author":[{"embeddable":true,"href":"https:\/\/agora.xtec.cat\/escolafmacia-suria\/wp-json\/wp\/v2\/users\/108"}],"replies":[{"embeddable":true,"href":"https:\/\/agora.xtec.cat\/escolafmacia-suria\/wp-json\/wp\/v2\/comments?post=3404"}],"version-history":[{"count":4,"href":"https:\/\/agora.xtec.cat\/escolafmacia-suria\/wp-json\/wp\/v2\/pages\/3404\/revisions"}],"predecessor-version":[{"id":3638,"href":"https:\/\/agora.xtec.cat\/escolafmacia-suria\/wp-json\/wp\/v2\/pages\/3404\/revisions\/3638"}],"wp:attachment":[{"href":"https:\/\/agora.xtec.cat\/escolafmacia-suria\/wp-json\/wp\/v2\/media?parent=3404"}],"curies":[{"name":"wp","href":"https:\/\/api.w.org\/{rel}","templated":true}]}}