{"id":1680,"date":"2019-02-25T23:52:53","date_gmt":"2019-02-25T22:52:53","guid":{"rendered":"http:\/\/agora.xtec.cat\/escolafmacia-suria\/?page_id=1680"},"modified":"2019-03-04T22:29:17","modified_gmt":"2019-03-04T21:29:17","slug":"projecte-linguistic","status":"publish","type":"page","link":"https:\/\/agora.xtec.cat\/escolafmacia-suria\/projecte-linguistic\/","title":{"rendered":"PROJECTE LING\u00dc\u00cdSTIC"},"content":{"rendered":"<p style=\"font-weight: 400;\">El projecte ling\u00fc\u00edstic emmarca el tractament de les lleng\u00fces al nostre centre, recull el paper de la llengua catalana com a eix vertebrador del nostre projecte educatiu pluriling\u00fce, el tractament de la resta de lleng\u00fces curriculars i els aspectes d\u2019organitzaci\u00f3 i de gesti\u00f3 que tinguin repercussions ling\u00fc\u00edstiques.<\/p>\n<p style=\"font-weight: 400;\">El projecte ling\u00fc\u00edstic explicita l\u2019\u00fas de la llengua catalana com a llengua vehicular i d\u2019aprenentatge a emprar normalment en les activitats internes i externes de la comunitat educativa. Garanteix l\u2019adquisici\u00f3 de la plena compet\u00e8ncia ling\u00fc\u00edstica de les lleng\u00fces oficials catalana i castellana i, l\u2019aprenentatge de la llengua anglesa, al llarg de l\u2019educaci\u00f3 infantil i prim\u00e0ria.<\/p>\n<p style=\"text-align: center;\"><a href=\"https:\/\/drive.google.com\/open?id=0B6b6JYftEU7AdDZmMl9JT2pCNjFucmlzRjJMdWV5TnltMWdZ\" target=\"_blank\" rel=\"noopener\"><img loading=\"lazy\" decoding=\"async\" class=\"alignnone size-full wp-image-1683\" src=\"https:\/\/agora.xtec.cat\/escolafmacia-suria\/wp-content\/uploads\/usu1594\/2019\/02\/Imagen2-1.jpg\" alt=\"\" width=\"423\" height=\"593\" srcset=\"https:\/\/agora.xtec.cat\/escolafmacia-suria\/wp-content\/uploads\/usu1594\/2019\/02\/Imagen2-1.jpg 423w, https:\/\/agora.xtec.cat\/escolafmacia-suria\/wp-content\/uploads\/usu1594\/2019\/02\/Imagen2-1-214x300.jpg 214w\" sizes=\"auto, (max-width: 423px) 100vw, 423px\" \/><\/a><\/p>\n","protected":false},"excerpt":{"rendered":"<p>El projecte ling\u00fc\u00edstic emmarca el tractament de les lleng\u00fces al nostre centre, recull el paper de la llengua catalana com a eix vertebrador del nostre projecte educatiu pluriling\u00fce, el tractament de la resta de lleng\u00fces curriculars i els aspectes d\u2019organitzaci\u00f3 i de gesti\u00f3 que tinguin repercussions ling\u00fc\u00edstiques. El projecte ling\u00fc\u00edstic explicita l\u2019\u00fas de la llengua [&hellip;]<\/p>\n","protected":false},"author":1,"featured_media":0,"parent":0,"menu_order":0,"comment_status":"closed","ping_status":"closed","template":"","meta":{"_bbp_topic_count":0,"_bbp_reply_count":0,"_bbp_total_topic_count":0,"_bbp_total_reply_count":0,"_bbp_voice_count":0,"_bbp_anonymous_reply_count":0,"_bbp_topic_count_hidden":0,"_bbp_reply_count_hidden":0,"_bbp_forum_subforum_count":0,"site-sidebar-layout":"default","site-content-layout":"","ast-site-content-layout":"","site-content-style":"default","site-sidebar-style":"default","ast-global-header-display":"","ast-banner-title-visibility":"","ast-main-header-display":"","ast-hfb-above-header-display":"","ast-hfb-below-header-display":"","ast-hfb-mobile-header-display":"","site-post-title":"","ast-breadcrumbs-content":"","ast-featured-img":"","footer-sml-layout":"","theme-transparent-header-meta":"","adv-header-id-meta":"","stick-header-meta":"","header-above-stick-meta":"","header-main-stick-meta":"","header-below-stick-meta":"","astra-migrate-meta-layouts":"default","ast-page-background-enabled":"default","ast-page-background-meta":{"desktop":{"background-color":"var(--ast-global-color-4)","background-image":"","background-repeat":"repeat","background-position":"center center","background-size":"auto","background-attachment":"scroll","background-type":"","background-media":"","overlay-type":"","overlay-color":"","overlay-opacity":"","overlay-gradient":""},"tablet":{"background-color":"","background-image":"","background-repeat":"repeat","background-position":"center center","background-size":"auto","background-attachment":"scroll","background-type":"","background-media":"","overlay-type":"","overlay-color":"","overlay-opacity":"","overlay-gradient":""},"mobile":{"background-color":"","background-image":"","background-repeat":"repeat","background-position":"center center","background-size":"auto","background-attachment":"scroll","background-type":"","background-media":"","overlay-type":"","overlay-color":"","overlay-opacity":"","overlay-gradient":""}},"ast-content-background-meta":{"desktop":{"background-color":"var(--ast-global-color-5)","background-image":"","background-repeat":"repeat","background-position":"center center","background-size":"auto","background-attachment":"scroll","background-type":"","background-media":"","overlay-type":"","overlay-color":"","overlay-opacity":"","overlay-gradient":""},"tablet":{"background-color":"var(--ast-global-color-5)","background-image":"","background-repeat":"repeat","background-position":"center center","background-size":"auto","background-attachment":"scroll","background-type":"","background-media":"","overlay-type":"","overlay-color":"","overlay-opacity":"","overlay-gradient":""},"mobile":{"background-color":"var(--ast-global-color-5)","background-image":"","background-repeat":"repeat","background-position":"center center","background-size":"auto","background-attachment":"scroll","background-type":"","background-media":"","overlay-type":"","overlay-color":"","overlay-opacity":"","overlay-gradient":""}},"footnotes":""},"class_list":["post-1680","page","type-page","status-publish","hentry"],"post_mailing_queue_ids":[],"_links":{"self":[{"href":"https:\/\/agora.xtec.cat\/escolafmacia-suria\/wp-json\/wp\/v2\/pages\/1680","targetHints":{"allow":["GET"]}}],"collection":[{"href":"https:\/\/agora.xtec.cat\/escolafmacia-suria\/wp-json\/wp\/v2\/pages"}],"about":[{"href":"https:\/\/agora.xtec.cat\/escolafmacia-suria\/wp-json\/wp\/v2\/types\/page"}],"author":[{"embeddable":true,"href":"https:\/\/agora.xtec.cat\/escolafmacia-suria\/wp-json\/wp\/v2\/users\/1"}],"replies":[{"embeddable":true,"href":"https:\/\/agora.xtec.cat\/escolafmacia-suria\/wp-json\/wp\/v2\/comments?post=1680"}],"version-history":[{"count":3,"href":"https:\/\/agora.xtec.cat\/escolafmacia-suria\/wp-json\/wp\/v2\/pages\/1680\/revisions"}],"predecessor-version":[{"id":1704,"href":"https:\/\/agora.xtec.cat\/escolafmacia-suria\/wp-json\/wp\/v2\/pages\/1680\/revisions\/1704"}],"wp:attachment":[{"href":"https:\/\/agora.xtec.cat\/escolafmacia-suria\/wp-json\/wp\/v2\/media?parent=1680"}],"curies":[{"name":"wp","href":"https:\/\/api.w.org\/{rel}","templated":true}]}}