{"id":510,"date":"2016-09-13T13:54:22","date_gmt":"2016-09-13T12:54:22","guid":{"rendered":"http:\/\/agora.xtec.cat\/escolafluvianets\/?page_id=510"},"modified":"2025-09-22T10:43:12","modified_gmt":"2025-09-22T09:43:12","slug":"families","status":"publish","type":"page","link":"https:\/\/agora.xtec.cat\/escolafluvianets\/families\/","title":{"rendered":"SIGUES TU PER A FAM\u00cdLIES"},"content":{"rendered":"<p>&nbsp;<\/p>\n<p><img loading=\"lazy\" decoding=\"async\" class=\"wp-image-6404 alignright\" src=\"https:\/\/agora.xtec.cat\/escolafluvianets\/wp-content\/uploads\/usu425\/2023\/12\/8a8c19a523ef82ef3d945f3208ca66a3-1-300x287.jpg\" alt=\"\" width=\"351\" height=\"336\" srcset=\"https:\/\/agora.xtec.cat\/escolafluvianets\/wp-content\/uploads\/usu425\/2023\/12\/8a8c19a523ef82ef3d945f3208ca66a3-1-300x287.jpg 300w, https:\/\/agora.xtec.cat\/escolafluvianets\/wp-content\/uploads\/usu425\/2023\/12\/8a8c19a523ef82ef3d945f3208ca66a3-1.jpg 480w\" sizes=\"auto, (max-width: 351px) 100vw, 351px\" \/><\/p>\n<h3 style=\"text-align: left;\">&#8220;L&#8217;ensenyament que deixa empremta no \u00e9s el que es fa de cap a cap, sin\u00f3 de cor a cor.&#8221;<\/h3>\n<h6 style=\"text-align: left;\">Howard G. Hendricks<\/h6>\n<h3 style=\"text-align: left;\"><\/h3>\n<p>&nbsp;<\/p>\n<p>&nbsp;<\/p>\n<p>&nbsp;<\/p>\n<p>&nbsp;<\/p>\n<p>&nbsp;<\/p>\n<p>&nbsp;<\/p>\n<p>&nbsp;<\/p>\n<p>&nbsp;<\/p>\n<p><a href=\"https:\/\/www.siguestu.cat\/\"><img loading=\"lazy\" decoding=\"async\" class=\"size-medium wp-image-6410 aligncenter\" src=\"https:\/\/agora.xtec.cat\/escolafluvianets\/wp-content\/uploads\/usu425\/2023\/12\/sigues_tu_home_1.png-870x492-1-300x170.png\" alt=\"\" width=\"300\" height=\"170\" srcset=\"https:\/\/agora.xtec.cat\/escolafluvianets\/wp-content\/uploads\/usu425\/2023\/12\/sigues_tu_home_1.png-870x492-1-300x170.png 300w, https:\/\/agora.xtec.cat\/escolafluvianets\/wp-content\/uploads\/usu425\/2023\/12\/sigues_tu_home_1.png-870x492-1-768x434.png 768w, https:\/\/agora.xtec.cat\/escolafluvianets\/wp-content\/uploads\/usu425\/2023\/12\/sigues_tu_home_1.png-870x492-1.png 870w\" sizes=\"auto, (max-width: 300px) 100vw, 300px\" \/><\/a><\/p>\n<h4><a href=\"https:\/\/www.siguestu.cat\/\"><span style=\"text-decoration: underline;\">SIGUES TU<\/span><\/a><\/h4>\n<p><strong>\u00abSigues tu\u00bb \u00e9s un programa que promou estils de vida saludables i respectuosos amb l&#8217;entorn a partir del treball de les habilitats per a la vida i el sentit de coher\u00e8ncia.<\/strong><\/p>\n<p><b>Aquest s\u00f3n els objectius del programa:<\/b><\/p>\n<ul>\n<li>Desenvolupar les habilitats psicosocials d\u2019infants i adolescents (comunicaci\u00f3 interpersonal, presa de decisions, pensament cr\u00edtic, autoestima i control intern&#8230;) perqu\u00e8 puguin tenir m\u00e9s control sobre la seva salut i afrontar els desafiaments de la vida quotidiana.<\/li>\n<li>Promoure la incorporaci\u00f3 als centres educatius d\u2019un treball transversal d\u2019educaci\u00f3 per a la salut per ajudar a millorar el benestar tant de l\u2019alumnat com del professorat.<\/li>\n<li>Facilitar a les fam\u00edlies espais de reflexi\u00f3 sobre la salut i benestar dels infants\u00a0i estrat\u00e8gies per afrontar el seu proc\u00e9s de desenvolupament.<\/li>\n<\/ul>\n<p>&nbsp;<\/p>\n<h5><span style=\"text-decoration: underline;\"><a href=\"https:\/\/www.siguestu.cat\/ca\/inici-families.html\"><strong>Sigues tu per a les fam\u00edlies<\/strong><\/a><\/span><\/h5>\n<p>Dipsalut ofereix el\u00a0<a href=\"https:\/\/families.dipsalut.cat\/\" target=\"_blank\" rel=\"noopener\"><strong>\u00abPrograma per a fam\u00edlies\u00bb<\/strong><\/a>, que ofereix diferents recursos i serveis sobre crian\u00e7a positiva a les fam\u00edlies i a les persones que tenen cura dels infants i joves de la demarcaci\u00f3 de Girona, aix\u00ed com als professionals que els acompanyen.<\/p>\n<h5>\u00b7 <a href=\"https:\/\/drive.google.com\/file\/d\/1mkuY4G6zTjNA7eqMksmSnl6S6G3IPB6g\/view?usp=sharing\">C\u00e0psules formatives online<\/a><\/h5>\n<p><a href=\"https:\/\/drive.google.com\/file\/d\/1mkuY4G6zTjNA7eqMksmSnl6S6G3IPB6g\/view?usp=sharing\"><img loading=\"lazy\" decoding=\"async\" class=\"alignnone  wp-image-7212\" src=\"https:\/\/agora.xtec.cat\/escolafluvianets\/wp-content\/uploads\/usu425\/2025\/09\/Sigues-tu-capsules-online-1r-trimestre-25-26-reduida-212x300.jpg\" alt=\"\" width=\"368\" height=\"521\" srcset=\"https:\/\/agora.xtec.cat\/escolafluvianets\/wp-content\/uploads\/usu425\/2025\/09\/Sigues-tu-capsules-online-1r-trimestre-25-26-reduida-212x300.jpg 212w, https:\/\/agora.xtec.cat\/escolafluvianets\/wp-content\/uploads\/usu425\/2025\/09\/Sigues-tu-capsules-online-1r-trimestre-25-26-reduida-724x1024.jpg 724w, https:\/\/agora.xtec.cat\/escolafluvianets\/wp-content\/uploads\/usu425\/2025\/09\/Sigues-tu-capsules-online-1r-trimestre-25-26-reduida-768x1086.jpg 768w, https:\/\/agora.xtec.cat\/escolafluvianets\/wp-content\/uploads\/usu425\/2025\/09\/Sigues-tu-capsules-online-1r-trimestre-25-26-reduida-1086x1536.jpg 1086w, https:\/\/agora.xtec.cat\/escolafluvianets\/wp-content\/uploads\/usu425\/2025\/09\/Sigues-tu-capsules-online-1r-trimestre-25-26-reduida.jpg 1240w\" sizes=\"auto, (max-width: 368px) 100vw, 368px\" \/><\/a><\/p>\n<p>&nbsp;<\/p>\n<h5>\u00b7<a href=\"https:\/\/www.siguestu.cat\/ca\/recursos-per-a-families.html\"> Recursos.<\/a><\/h5>\n<p>&nbsp;<\/p>\n<p>&nbsp;<\/p>\n","protected":false},"excerpt":{"rendered":"<p>&nbsp;<\/p>\n<p>&#8220;L&#8217;ensenyament que deixa empremta no \u00e9s el que es fa de cap a cap, sin\u00f3 de cor a cor.&#8221;<br \/>\nHoward G. Hendricks<\/p>\n<p>&nbsp;<br \/>\n&nbsp;<br \/>\n&nbsp;<br \/>\n&nbsp;<br \/>\n&nbsp;<br \/>\n&nbsp;<br \/>\n&nbsp;<br \/>\n&nbsp;<br \/>\n<a href=\"https:\/\/www.siguestu.cat\/\"><\/a><br \/>\n<a href=\"https:\/\/www.siguestu.cat\/\">SIGUES TU<\/a><br \/>\n\u00abSigues tu\u00bb \u00e9s un programa que promou estils de vida saludables i respectuosos amb l&#8217;entorn a partir del treball de les habilitats&hellip;  <a href=\"https:\/\/agora.xtec.cat\/escolafluvianets\/families\/\" title=\"Read SIGUES TU PER A FAM\u00cdLIES\">Llegeix m\u00e9s\u00bb<\/a><\/p>\n","protected":false},"author":4,"featured_media":0,"parent":0,"menu_order":0,"comment_status":"closed","ping_status":"closed","template":"","meta":{"_bbp_topic_count":0,"_bbp_reply_count":0,"_bbp_total_topic_count":0,"_bbp_total_reply_count":0,"_bbp_voice_count":0,"_bbp_anonymous_reply_count":0,"_bbp_topic_count_hidden":0,"_bbp_reply_count_hidden":0,"_bbp_forum_subforum_count":0,"footnotes":""},"class_list":["post-510","page","type-page","status-publish","hentry"],"post_mailing_queue_ids":[],"_links":{"self":[{"href":"https:\/\/agora.xtec.cat\/escolafluvianets\/wp-json\/wp\/v2\/pages\/510","targetHints":{"allow":["GET"]}}],"collection":[{"href":"https:\/\/agora.xtec.cat\/escolafluvianets\/wp-json\/wp\/v2\/pages"}],"about":[{"href":"https:\/\/agora.xtec.cat\/escolafluvianets\/wp-json\/wp\/v2\/types\/page"}],"author":[{"embeddable":true,"href":"https:\/\/agora.xtec.cat\/escolafluvianets\/wp-json\/wp\/v2\/users\/4"}],"replies":[{"embeddable":true,"href":"https:\/\/agora.xtec.cat\/escolafluvianets\/wp-json\/wp\/v2\/comments?post=510"}],"version-history":[{"count":7,"href":"https:\/\/agora.xtec.cat\/escolafluvianets\/wp-json\/wp\/v2\/pages\/510\/revisions"}],"predecessor-version":[{"id":7213,"href":"https:\/\/agora.xtec.cat\/escolafluvianets\/wp-json\/wp\/v2\/pages\/510\/revisions\/7213"}],"wp:attachment":[{"href":"https:\/\/agora.xtec.cat\/escolafluvianets\/wp-json\/wp\/v2\/media?parent=510"}],"curies":[{"name":"wp","href":"https:\/\/api.w.org\/{rel}","templated":true}]}}