{"id":203,"date":"2016-07-01T11:03:12","date_gmt":"2016-07-01T10:03:12","guid":{"rendered":"http:\/\/agora.xtec.cat\/escolafluvianets\/?page_id=203"},"modified":"2016-11-12T11:55:14","modified_gmt":"2016-11-12T10:55:14","slug":"qui-som","status":"publish","type":"page","link":"https:\/\/agora.xtec.cat\/escolafluvianets\/lescola\/qui-som\/","title":{"rendered":"Qui som?"},"content":{"rendered":"<p>L&#8217;escola Fluvianets \u00e9s una escola p\u00fablica i laica, oberta i plural, que treballa per oferir una educaci\u00f3 integral, respectant totes les creences i diferents formes de pensar. Una escola arrelada a la realitat geogr\u00e0fica, social i cultural en qu\u00e8 es troba immersa i amb la ferma intenci\u00f3 de potenciar el respecte envers el medi ambient i la necessitat de la seva conservaci\u00f3.<\/p>\n<p>Treballem per una escola on tots els alumnes puguin desenvolupar al m\u00e0xim les seves capacitats i que gaudeixin del gust d&#8217;aprendre. Una escola que t\u00e9 com un dels principis b\u00e0sics de funcionament aconseguir l&#8217;harmonia, la bona conviv\u00e8ncia i la cooperaci\u00f3 entre els diferents sectors que constitueixen la comunitat educativa.<\/p>\n<p>Eduquem per formar persones respectuoses i tolerants envers la diversitat del seu entorn i les llibertats personals, i que actu\u00efn d&#8217;acord amb els valors democr\u00e0tics de solidaritat, di\u00e0leg i comprensi\u00f3 amb els altres; persones amb\u00a0criteri, esperit cr\u00edtic, capacitat de decisi\u00f3, participatives, aut\u00f2nomes.<\/p>\n<p>Som una escola on la llengua vehicular i d&#8217;ensenyament-aprenentatge \u00e9s el catal\u00e0, i, on el castell\u00e0 i l&#8217;angl\u00e8s en formen part, enriquint aquest proc\u00e9s, adquirint i tenint el privilegi de ser coneixedors de tres lleng\u00fces.<\/p>\n<p>I, finalment, conscients dels nous reptes tecnol\u00f2gics, apostem\u00a0per a la utilitzaci\u00f3 de la gran varietat de recursos per a l&#8217;ensenyament que ofereixen les noves tecnologies.<\/p>\n<p><strong>\u00a0<\/strong><strong>Eduquem per<\/strong><\/p>\n<ul style=\"list-style-type: disc;\">\n<li>una escola inclusiva<\/li>\n<li>l&#8217;empatia, la solidaritat, la import\u00e0ncia del treball en equip<\/li>\n<li>la confian\u00e7a en les pr\u00f2pies capacitats i l&#8217;acceptaci\u00f3 del frac\u00e0s<\/li>\n<li>la responsabilitat d&#8217;assumir les conseq\u00fc\u00e8ncies de les actuacions personals i saber rectificar si cal<\/li>\n<li>la creativitat, la inventiva, la capacitat de pensar i raonar<\/li>\n<li>l&#8217;inter\u00e8s i el gust per aprendre i per a fer el treball ben fet<\/li>\n<li>la cultura de l&#8217;esfor\u00e7 per a \u00e9sser eficient<\/li>\n<li>la capacitat de tenir opini\u00f3 pr\u00f2pia i saber-la defensar<\/li>\n<li>la import\u00e0ncia de la comunicaci\u00f3 amb els altres com a factor d&#8217;integraci\u00f3<\/li>\n<li>la sensibilitat envers la protecci\u00f3 de l&#8217;entorn, tant natural com material<\/li>\n<li>la defensa de la pau i les llibertats personals<\/li>\n<\/ul>\n<p>&nbsp;<\/p>\n","protected":false},"excerpt":{"rendered":"<p>L&#8217;escola Fluvianets \u00e9s una escola p\u00fablica i laica, oberta i plural, que treballa per oferir una educaci\u00f3 integral, respectant totes les creences i diferents formes de pensar. Una escola arrelada a la realitat geogr\u00e0fica, social i cultural en qu\u00e8 es troba immersa i amb la&hellip;  <a href=\"https:\/\/agora.xtec.cat\/escolafluvianets\/lescola\/qui-som\/\" title=\"Read Qui som?\">Llegeix m\u00e9s\u00bb<\/a><\/p>\n","protected":false},"author":1,"featured_media":0,"parent":22,"menu_order":2,"comment_status":"closed","ping_status":"closed","template":"page-templates\/side-menu.php","meta":{"_bbp_topic_count":0,"_bbp_reply_count":0,"_bbp_total_topic_count":0,"_bbp_total_reply_count":0,"_bbp_voice_count":0,"_bbp_anonymous_reply_count":0,"_bbp_topic_count_hidden":0,"_bbp_reply_count_hidden":0,"_bbp_forum_subforum_count":0,"footnotes":""},"class_list":["post-203","page","type-page","status-publish","hentry"],"post_mailing_queue_ids":[],"_links":{"self":[{"href":"https:\/\/agora.xtec.cat\/escolafluvianets\/wp-json\/wp\/v2\/pages\/203","targetHints":{"allow":["GET"]}}],"collection":[{"href":"https:\/\/agora.xtec.cat\/escolafluvianets\/wp-json\/wp\/v2\/pages"}],"about":[{"href":"https:\/\/agora.xtec.cat\/escolafluvianets\/wp-json\/wp\/v2\/types\/page"}],"author":[{"embeddable":true,"href":"https:\/\/agora.xtec.cat\/escolafluvianets\/wp-json\/wp\/v2\/users\/1"}],"replies":[{"embeddable":true,"href":"https:\/\/agora.xtec.cat\/escolafluvianets\/wp-json\/wp\/v2\/comments?post=203"}],"version-history":[{"count":4,"href":"https:\/\/agora.xtec.cat\/escolafluvianets\/wp-json\/wp\/v2\/pages\/203\/revisions"}],"predecessor-version":[{"id":974,"href":"https:\/\/agora.xtec.cat\/escolafluvianets\/wp-json\/wp\/v2\/pages\/203\/revisions\/974"}],"up":[{"embeddable":true,"href":"https:\/\/agora.xtec.cat\/escolafluvianets\/wp-json\/wp\/v2\/pages\/22"}],"wp:attachment":[{"href":"https:\/\/agora.xtec.cat\/escolafluvianets\/wp-json\/wp\/v2\/media?parent=203"}],"curies":[{"name":"wp","href":"https:\/\/api.w.org\/{rel}","templated":true}]}}