{"id":8181,"date":"2024-01-17T15:54:41","date_gmt":"2024-01-17T14:54:41","guid":{"rendered":"https:\/\/agora.xtec.cat\/escolaflorestasabadell\/?page_id=8181"},"modified":"2024-04-10T11:52:36","modified_gmt":"2024-04-10T09:52:36","slug":"projectes-de-lescola","status":"publish","type":"page","link":"https:\/\/agora.xtec.cat\/escolaflorestasabadell\/projectes-de-lescola\/","title":{"rendered":"Projectes Educatius"},"content":{"rendered":"<p>El nostre objectiu principal \u00e9s oferir una educaci\u00f3 integral que ajudi l&#8217;alumnat a esdevenir persones aut\u00f2nomes, cr\u00edtiques i compromeses per poder participar en l&#8217;entorn i en la societat en general. Aquests objectius els assolim, d&#8217;entre altres coses, a trav\u00e9s de la participaci\u00f3 i programaci\u00f3 de diversos projectes de centre. Si voleu veure tots els projectes entreu en aquest <a href=\"https:\/\/view.genial.ly\/63da3593c686c40012af1cb8\/presentation-portes-obertes-23-24-escola-floresta\">enlla\u00e7, <\/a>aqu\u00ed us deixem alguns d&#8217;ells:<\/p>\n<p><strong>Projectes de l&#8217;escola<\/strong><\/p>\n<p><a href=\"https:\/\/agora.xtec.cat\/escolaflorestasabadell\/general\/cloenda-del-programa-croma\/\"><img loading=\"lazy\" decoding=\"async\" class=\"alignleft wp-image-8274\" src=\"https:\/\/agora.xtec.cat\/escolaflorestasabadell\/wp-content\/uploads\/usu478\/2024\/01\/4.png\" alt=\"\" width=\"142\" height=\"142\" srcset=\"https:\/\/agora.xtec.cat\/escolaflorestasabadell\/wp-content\/uploads\/usu478\/2024\/01\/4.png 236w, https:\/\/agora.xtec.cat\/escolaflorestasabadell\/wp-content\/uploads\/usu478\/2024\/01\/4-150x150.png 150w\" sizes=\"auto, (max-width: 142px) 100vw, 142px\" \/><\/a> <a href=\"http:\/\/www.xtec.cat\/centres\/a8002204\/agenda%2021.htm\"><img loading=\"lazy\" decoding=\"async\" class=\"alignleft wp-image-8273\" src=\"https:\/\/agora.xtec.cat\/escolaflorestasabadell\/wp-content\/uploads\/usu478\/2024\/01\/3.png\" alt=\"\" width=\"143\" height=\"143\" srcset=\"https:\/\/agora.xtec.cat\/escolaflorestasabadell\/wp-content\/uploads\/usu478\/2024\/01\/3.png 236w, https:\/\/agora.xtec.cat\/escolaflorestasabadell\/wp-content\/uploads\/usu478\/2024\/01\/3-150x150.png 150w\" sizes=\"auto, (max-width: 143px) 100vw, 143px\" \/><\/a> <a href=\"https:\/\/view.genial.ly\/632ca4fda38f2800183fd238\/presentation-cantania\"><img loading=\"lazy\" decoding=\"async\" class=\"alignleft wp-image-8270\" src=\"https:\/\/agora.xtec.cat\/escolaflorestasabadell\/wp-content\/uploads\/usu478\/2024\/01\/6.png\" alt=\"\" width=\"145\" height=\"145\" srcset=\"https:\/\/agora.xtec.cat\/escolaflorestasabadell\/wp-content\/uploads\/usu478\/2024\/01\/6.png 236w, https:\/\/agora.xtec.cat\/escolaflorestasabadell\/wp-content\/uploads\/usu478\/2024\/01\/6-150x150.png 150w\" sizes=\"auto, (max-width: 145px) 100vw, 145px\" \/><\/a><\/p>\n<p>&nbsp;<\/p>\n<p>&nbsp;<\/p>\n<p>&nbsp;<\/p>\n<p>&nbsp;<\/p>\n<p><a href=\"https:\/\/www.programasi.org\/\"><img loading=\"lazy\" decoding=\"async\" class=\"alignleft wp-image-8272\" src=\"https:\/\/agora.xtec.cat\/escolaflorestasabadell\/wp-content\/uploads\/usu478\/2024\/01\/2.png\" alt=\"\" width=\"143\" height=\"143\" srcset=\"https:\/\/agora.xtec.cat\/escolaflorestasabadell\/wp-content\/uploads\/usu478\/2024\/01\/2.png 236w, https:\/\/agora.xtec.cat\/escolaflorestasabadell\/wp-content\/uploads\/usu478\/2024\/01\/2-150x150.png 150w\" sizes=\"auto, (max-width: 143px) 100vw, 143px\" \/><\/a><\/p>\n<p><a href=\"http:\/\/www.xtec.cat\/centres\/a8001595\/projecte%20escoltam.pdf\"><img loading=\"lazy\" decoding=\"async\" class=\"alignleft wp-image-8271\" src=\"https:\/\/agora.xtec.cat\/escolaflorestasabadell\/wp-content\/uploads\/usu478\/2024\/01\/1.png\" alt=\"\" width=\"143\" height=\"143\" srcset=\"https:\/\/agora.xtec.cat\/escolaflorestasabadell\/wp-content\/uploads\/usu478\/2024\/01\/1.png 236w, https:\/\/agora.xtec.cat\/escolaflorestasabadell\/wp-content\/uploads\/usu478\/2024\/01\/1-150x150.png 150w\" sizes=\"auto, (max-width: 143px) 100vw, 143px\" \/><\/a><\/p>\n<p><a href=\"https:\/\/agricultura.gencat.cat\/ca\/ambits\/alimentacio\/promocio-agroalimentaria\/fruita-llet-escoles\/\"> <img loading=\"lazy\" decoding=\"async\" class=\"alignleft wp-image-8269\" src=\"https:\/\/agora.xtec.cat\/escolaflorestasabadell\/wp-content\/uploads\/usu478\/2024\/01\/5.png\" alt=\"\" width=\"145\" height=\"145\" srcset=\"https:\/\/agora.xtec.cat\/escolaflorestasabadell\/wp-content\/uploads\/usu478\/2024\/01\/5.png 236w, https:\/\/agora.xtec.cat\/escolaflorestasabadell\/wp-content\/uploads\/usu478\/2024\/01\/5-150x150.png 150w\" sizes=\"auto, (max-width: 145px) 100vw, 145px\" \/><\/a><\/p>\n","protected":false},"excerpt":{"rendered":"<p>El nostre objectiu principal \u00e9s oferir una educaci\u00f3 integral que ajudi l&#8217;alumnat a esdevenir persones aut\u00f2nomes, cr\u00edtiques i compromeses per poder participar en l&#8217;entorn i en la societat en general. Aquests objectius els assolim, d&#8217;entre altres coses, a trav\u00e9s de la participaci\u00f3 i programaci\u00f3 de&hellip;  <a href=\"https:\/\/agora.xtec.cat\/escolaflorestasabadell\/projectes-de-lescola\/\" title=\"Read Projectes Educatius\">Llegeix m\u00e9s\u00bb<\/a><\/p>\n","protected":false},"author":1,"featured_media":0,"parent":0,"menu_order":0,"comment_status":"closed","ping_status":"closed","template":"page-templates\/side-menu.php","meta":{"_bbp_topic_count":0,"_bbp_reply_count":0,"_bbp_total_topic_count":0,"_bbp_total_reply_count":0,"_bbp_voice_count":0,"_bbp_anonymous_reply_count":0,"_bbp_topic_count_hidden":0,"_bbp_reply_count_hidden":0,"_bbp_forum_subforum_count":0,"footnotes":""},"class_list":["post-8181","page","type-page","status-publish","hentry"],"post_mailing_queue_ids":[],"_links":{"self":[{"href":"https:\/\/agora.xtec.cat\/escolaflorestasabadell\/wp-json\/wp\/v2\/pages\/8181","targetHints":{"allow":["GET"]}}],"collection":[{"href":"https:\/\/agora.xtec.cat\/escolaflorestasabadell\/wp-json\/wp\/v2\/pages"}],"about":[{"href":"https:\/\/agora.xtec.cat\/escolaflorestasabadell\/wp-json\/wp\/v2\/types\/page"}],"author":[{"embeddable":true,"href":"https:\/\/agora.xtec.cat\/escolaflorestasabadell\/wp-json\/wp\/v2\/users\/1"}],"replies":[{"embeddable":true,"href":"https:\/\/agora.xtec.cat\/escolaflorestasabadell\/wp-json\/wp\/v2\/comments?post=8181"}],"version-history":[{"count":6,"href":"https:\/\/agora.xtec.cat\/escolaflorestasabadell\/wp-json\/wp\/v2\/pages\/8181\/revisions"}],"predecessor-version":[{"id":8275,"href":"https:\/\/agora.xtec.cat\/escolaflorestasabadell\/wp-json\/wp\/v2\/pages\/8181\/revisions\/8275"}],"wp:attachment":[{"href":"https:\/\/agora.xtec.cat\/escolaflorestasabadell\/wp-json\/wp\/v2\/media?parent=8181"}],"curies":[{"name":"wp","href":"https:\/\/api.w.org\/{rel}","templated":true}]}}