{"id":73,"date":"2014-09-18T14:01:51","date_gmt":"2014-09-18T14:01:51","guid":{"rendered":"http:\/\/agora.xtec.cat\/escolaflorestasabadell\/?page_id=73"},"modified":"2026-03-10T10:27:49","modified_gmt":"2026-03-10T09:27:49","slug":"menjador-escolar","status":"publish","type":"page","link":"https:\/\/agora.xtec.cat\/escolaflorestasabadell\/serveis\/menjador-escolar\/","title":{"rendered":"Menjador escolar"},"content":{"rendered":"\n<figure class=\"wp-block-image\"><img loading=\"lazy\" decoding=\"async\" width=\"2560\" height=\"1920\" src=\"https:\/\/agora.xtec.cat\/escolaflorestasabadell\/wp-content\/uploads\/usu478\/2026\/03\/IMG_20260310_094355237-scaled.jpg\" alt=\"\" class=\"wp-image-9944\" srcset=\"https:\/\/agora.xtec.cat\/escolaflorestasabadell\/wp-content\/uploads\/usu478\/2026\/03\/IMG_20260310_094355237-scaled.jpg 2560w, https:\/\/agora.xtec.cat\/escolaflorestasabadell\/wp-content\/uploads\/usu478\/2026\/03\/IMG_20260310_094355237-300x225.jpg 300w, https:\/\/agora.xtec.cat\/escolaflorestasabadell\/wp-content\/uploads\/usu478\/2026\/03\/IMG_20260310_094355237-1024x768.jpg 1024w, https:\/\/agora.xtec.cat\/escolaflorestasabadell\/wp-content\/uploads\/usu478\/2026\/03\/IMG_20260310_094355237-768x576.jpg 768w, https:\/\/agora.xtec.cat\/escolaflorestasabadell\/wp-content\/uploads\/usu478\/2026\/03\/IMG_20260310_094355237-1536x1152.jpg 1536w, https:\/\/agora.xtec.cat\/escolaflorestasabadell\/wp-content\/uploads\/usu478\/2026\/03\/IMG_20260310_094355237-2048x1536.jpg 2048w, https:\/\/agora.xtec.cat\/escolaflorestasabadell\/wp-content\/uploads\/usu478\/2026\/03\/IMG_20260310_094355237-200x150.jpg 200w\" sizes=\"auto, (max-width: 2560px) 100vw, 2560px\" \/><\/figure>\n\n\n\n<figure class=\"wp-block-image\"><img loading=\"lazy\" decoding=\"async\" width=\"2560\" height=\"1920\" src=\"https:\/\/agora.xtec.cat\/escolaflorestasabadell\/wp-content\/uploads\/usu478\/2026\/03\/IMG_20260310_094343475-scaled.jpg\" alt=\"\" class=\"wp-image-9945\" srcset=\"https:\/\/agora.xtec.cat\/escolaflorestasabadell\/wp-content\/uploads\/usu478\/2026\/03\/IMG_20260310_094343475-scaled.jpg 2560w, https:\/\/agora.xtec.cat\/escolaflorestasabadell\/wp-content\/uploads\/usu478\/2026\/03\/IMG_20260310_094343475-300x225.jpg 300w, https:\/\/agora.xtec.cat\/escolaflorestasabadell\/wp-content\/uploads\/usu478\/2026\/03\/IMG_20260310_094343475-1024x768.jpg 1024w, https:\/\/agora.xtec.cat\/escolaflorestasabadell\/wp-content\/uploads\/usu478\/2026\/03\/IMG_20260310_094343475-768x576.jpg 768w, https:\/\/agora.xtec.cat\/escolaflorestasabadell\/wp-content\/uploads\/usu478\/2026\/03\/IMG_20260310_094343475-1536x1152.jpg 1536w, https:\/\/agora.xtec.cat\/escolaflorestasabadell\/wp-content\/uploads\/usu478\/2026\/03\/IMG_20260310_094343475-2048x1536.jpg 2048w, https:\/\/agora.xtec.cat\/escolaflorestasabadell\/wp-content\/uploads\/usu478\/2026\/03\/IMG_20260310_094343475-200x150.jpg 200w\" sizes=\"auto, (max-width: 2560px) 100vw, 2560px\" \/><\/figure>\n\n\n<p>\u00a0<\/p>\n<p>\u00a0<\/p>\n<p class=\"txt_12 gris\" style=\"text-align: justify;\">Actualment el menjador de l&#8217;escola \u00e9s gestionat per l&#8217;empresa <a href=\"http:\/\/www.serhsfoodeduca.com\/catering-menjador-escola\/_ln7tWDNF-0HQOamfAVQnKeqEc_uyYj3spnlKaHXDg_0\">SERHS FOOD<\/a> en el programa Serhs Food Educa.<\/p>\n<p class=\"txt_12 gris\" dir=\"rtl\" style=\"text-align: justify;\">Ofereix el <span class=\"negrita verd\">transportat del menjar de la seva cuina central<\/span> als centres que no disposen de cuina. El transportat es fa mitjan\u00e7ant el <span class=\"negrita verd\">SISTEMA\u00a0\u00a0EUDEC<\/span>, una variant evolucionada del sistema fred, que permet donar un servei de qualitat, segur i efica\u00e7.<\/p>\n<p class=\"txt_12 gris\" dir=\"rtl\" style=\"text-align: justify;\">Serhs Food \u00c0rea SL disposa d\u2019una p\u00e0gina web on hi trobareu els men\u00fas, consells nutricionals, entreteniments, serveis, etc i a la que podeu accedir a trav\u00e9s de la seg\u00fcent adre\u00e7a: <a href=\"http:\/\/www.serhsfoodeduca.com\">www.serhsfoodeduca.com<\/a><\/p>\n<p class=\"txt_12 gris\" dir=\"rtl\" style=\"text-align: justify;\"><strong>PER A INFORMACI\u00d3 DE COM DONAR-SE D&#8217;ALTA AL SERVEI, FER ELS PAGAMENTS I ALTRES GESTIONS IMPORTANTS CONSULTEU ELS SEG\u00dcENTS DOCUMENTS:<\/strong><\/p>\n<p dir=\"rtl\"><a href=\"https:\/\/agora.xtec.cat\/escolaflorestasabadell\/wp-content\/uploads\/usu478\/2024\/09\/Resum-NOUS-PREUS-MENJADOR-230-h-Setembre-2024.pdf\">NOUS PREUS MENJADOR Setembre 2024<\/a><\/p>\n<p dir=\"rtl\"><strong>PER A INFORMACI\u00d3 DE L&#8217;INFORME DE VALORACI\u00d3 DE LA PROGRAMACI\u00d3 DE MEN\u00daS:<\/strong><\/p>\n<p dir=\"rtl\"><a href=\"https:\/\/agora.xtec.cat\/escolaflorestasabadell\/wp-content\/uploads\/usu478\/2023\/01\/Informe-qualitat-menus-menjador_page-0001.pdf\">Informe de qualitat dels men\u00fas del menjador<\/a><\/p>\n<h3 class=\"txt_12 gris\" dir=\"rtl\" style=\"text-align: justify;\">\u00a0MIGDIADA I3 I I4:<\/h3>\n<p>El descans i els beneficis d&#8217;una migdiada, estan demostrats cient\u00edficament, sobretot per als alumnes d&#8217;educaci\u00f3 infantil. Aquest estona de migdiada proporciona un descans regenerador per poder afrontar l&#8217;hora i mitja de classe a la tarda.<\/p>\n<p><img loading=\"lazy\" decoding=\"async\" class=\"alignleft size-full wp-image-8814\" src=\"https:\/\/agora.xtec.cat\/escolaflorestasabadell\/wp-content\/uploads\/usu478\/2024\/10\/Foto-de-Keka-19.jpg\" alt=\"\" width=\"1600\" height=\"1200\" srcset=\"https:\/\/agora.xtec.cat\/escolaflorestasabadell\/wp-content\/uploads\/usu478\/2024\/10\/Foto-de-Keka-19.jpg 1600w, https:\/\/agora.xtec.cat\/escolaflorestasabadell\/wp-content\/uploads\/usu478\/2024\/10\/Foto-de-Keka-19-300x225.jpg 300w, https:\/\/agora.xtec.cat\/escolaflorestasabadell\/wp-content\/uploads\/usu478\/2024\/10\/Foto-de-Keka-19-1024x768.jpg 1024w, https:\/\/agora.xtec.cat\/escolaflorestasabadell\/wp-content\/uploads\/usu478\/2024\/10\/Foto-de-Keka-19-768x576.jpg 768w, https:\/\/agora.xtec.cat\/escolaflorestasabadell\/wp-content\/uploads\/usu478\/2024\/10\/Foto-de-Keka-19-1536x1152.jpg 1536w, https:\/\/agora.xtec.cat\/escolaflorestasabadell\/wp-content\/uploads\/usu478\/2024\/10\/Foto-de-Keka-19-200x150.jpg 200w\" sizes=\"auto, (max-width: 1600px) 100vw, 1600px\" \/><\/p>\n<h3 dir=\"rtl\">\u00a0<\/h3>\n<h3 dir=\"rtl\">\u00a0<\/h3>\n<h3 class=\"txt_12 gris\" dir=\"rtl\" style=\"text-align: justify;\"><img loading=\"lazy\" decoding=\"async\" class=\"alignleft size-full wp-image-8813\" src=\"https:\/\/agora.xtec.cat\/escolaflorestasabadell\/wp-content\/uploads\/usu478\/2024\/10\/Foto-de-Keka-20.jpg\" alt=\"\" width=\"1600\" height=\"1200\" srcset=\"https:\/\/agora.xtec.cat\/escolaflorestasabadell\/wp-content\/uploads\/usu478\/2024\/10\/Foto-de-Keka-20.jpg 1600w, https:\/\/agora.xtec.cat\/escolaflorestasabadell\/wp-content\/uploads\/usu478\/2024\/10\/Foto-de-Keka-20-300x225.jpg 300w, https:\/\/agora.xtec.cat\/escolaflorestasabadell\/wp-content\/uploads\/usu478\/2024\/10\/Foto-de-Keka-20-1024x768.jpg 1024w, https:\/\/agora.xtec.cat\/escolaflorestasabadell\/wp-content\/uploads\/usu478\/2024\/10\/Foto-de-Keka-20-768x576.jpg 768w, https:\/\/agora.xtec.cat\/escolaflorestasabadell\/wp-content\/uploads\/usu478\/2024\/10\/Foto-de-Keka-20-1536x1152.jpg 1536w, https:\/\/agora.xtec.cat\/escolaflorestasabadell\/wp-content\/uploads\/usu478\/2024\/10\/Foto-de-Keka-20-200x150.jpg 200w\" sizes=\"auto, (max-width: 1600px) 100vw, 1600px\" \/>ESTONES D&#8217;ESBARJO<\/h3>\n<p class=\"txt_12 gris\" dir=\"rtl\" style=\"text-align: justify;\">Durant l\u2019estona d\u2019esbarjo en la franja d\u2019horari de menjador, hi ha un equip de<span class=\"negrita verd\"> monitoratge<\/span> dedicat a dinamitzar, educar en temes d\u2019h\u00e0bits i promoure el joc en equip mitjan\u00e7ant un projecte educatiu adequat als recursos de cada centre.<\/p>\n<p class=\"txt_12 gris\" dir=\"rtl\" style=\"text-align: justify;\"><img loading=\"lazy\" decoding=\"async\" class=\"aligncenter\" src=\"http:\/\/ampajocdelabola.com\/wp-content\/uploads\/2014\/03\/niniosmov.jpg\" width=\"224\" height=\"112\" \/><\/p>\n<p dir=\"rtl\">\u00a0<\/p>","protected":false},"excerpt":{"rendered":"<p>\u00a0<br \/>\n\u00a0<br \/>\nActualment el menjador de l&#8217;escola \u00e9s gestionat per l&#8217;empresa <a href=\"http:\/\/www.serhsfoodeduca.com\/catering-menjador-escola\/_ln7tWDNF-0HQOamfAVQnKeqEc_uyYj3spnlKaHXDg_0\">SERHS FOOD<\/a> en el programa Serhs Food Educa.<br \/>\nOfereix el transportat del menjar de la seva cuina central als centres que no disposen de cuina. El transportat es fa mitjan\u00e7ant el SISTEMA\u00a0\u00a0EUDEC, una variant evolucionada del&hellip;  <a href=\"https:\/\/agora.xtec.cat\/escolaflorestasabadell\/serveis\/menjador-escolar\/\" title=\"Read Menjador escolar\">Llegeix m\u00e9s\u00bb<\/a><\/p>\n","protected":false},"author":2,"featured_media":0,"parent":66,"menu_order":30,"comment_status":"closed","ping_status":"closed","template":"page-templates\/side-menu.php","meta":{"_bbp_topic_count":0,"_bbp_reply_count":0,"_bbp_total_topic_count":0,"_bbp_total_reply_count":0,"_bbp_voice_count":0,"_bbp_anonymous_reply_count":0,"_bbp_topic_count_hidden":0,"_bbp_reply_count_hidden":0,"_bbp_forum_subforum_count":0,"footnotes":""},"class_list":["post-73","page","type-page","status-publish","hentry"],"post_mailing_queue_ids":[],"_links":{"self":[{"href":"https:\/\/agora.xtec.cat\/escolaflorestasabadell\/wp-json\/wp\/v2\/pages\/73","targetHints":{"allow":["GET"]}}],"collection":[{"href":"https:\/\/agora.xtec.cat\/escolaflorestasabadell\/wp-json\/wp\/v2\/pages"}],"about":[{"href":"https:\/\/agora.xtec.cat\/escolaflorestasabadell\/wp-json\/wp\/v2\/types\/page"}],"author":[{"embeddable":true,"href":"https:\/\/agora.xtec.cat\/escolaflorestasabadell\/wp-json\/wp\/v2\/users\/2"}],"replies":[{"embeddable":true,"href":"https:\/\/agora.xtec.cat\/escolaflorestasabadell\/wp-json\/wp\/v2\/comments?post=73"}],"version-history":[{"count":5,"href":"https:\/\/agora.xtec.cat\/escolaflorestasabadell\/wp-json\/wp\/v2\/pages\/73\/revisions"}],"predecessor-version":[{"id":9946,"href":"https:\/\/agora.xtec.cat\/escolaflorestasabadell\/wp-json\/wp\/v2\/pages\/73\/revisions\/9946"}],"up":[{"embeddable":true,"href":"https:\/\/agora.xtec.cat\/escolaflorestasabadell\/wp-json\/wp\/v2\/pages\/66"}],"wp:attachment":[{"href":"https:\/\/agora.xtec.cat\/escolaflorestasabadell\/wp-json\/wp\/v2\/media?parent=73"}],"curies":[{"name":"wp","href":"https:\/\/api.w.org\/{rel}","templated":true}]}}