{"id":66,"date":"2014-09-18T12:40:47","date_gmt":"2014-09-18T12:40:47","guid":{"rendered":"http:\/\/agora.xtec.cat\/escolaflorestasabadell\/?page_id=66"},"modified":"2015-12-04T23:01:47","modified_gmt":"2015-12-04T22:01:47","slug":"serveis","status":"publish","type":"page","link":"https:\/\/agora.xtec.cat\/escolaflorestasabadell\/serveis\/","title":{"rendered":"Serveis"},"content":{"rendered":"<p>A\u00a0 l&#8217;Escola Floresta s&#8217;ofereixen serveis d&#8217;acollida i de menjador escolar.<\/p>\n<p>L&#8217;<strong>acollida<\/strong> s&#8217;oferta en funci\u00f3 de la demanda de cada curs mentre que el <strong>menjador escolar<\/strong> \u00e9s un servei fixe que gestiona l&#8217;empresa SERHS. Vegeu m\u00e9s informaci\u00f3 a la secci\u00f3 corresponent.<\/p>\n<p><img loading=\"lazy\" decoding=\"async\" class=\"alignnone\" src=\"http:\/\/2.bp.blogspot.com\/-UCyhy2a1m-k\/UwSHMK5EOnI\/AAAAAAAAAWU\/aLRs_7RuHUY\/s1600\/nens+feli%C3%A7os.png\" alt=\"\" width=\"232\" height=\"157\" \/>\u00a0\u00a0\u00a0\u00a0\u00a0\u00a0\u00a0\u00a0\u00a0\u00a0\u00a0\u00a0\u00a0\u00a0\u00a0\u00a0\u00a0\u00a0\u00a0\u00a0\u00a0\u00a0\u00a0\u00a0\u00a0\u00a0\u00a0\u00a0\u00a0\u00a0\u00a0\u00a0\u00a0\u00a0\u00a0\u00a0\u00a0\u00a0\u00a0\u00a0\u00a0\u00a0\u00a0\u00a0\u00a0\u00a0\u00a0\u00a0\u00a0\u00a0\u00a0\u00a0\u00a0\u00a0\u00a0\u00a0\u00a0\u00a0\u00a0\u00a0\u00a0\u00a0\u00a0\u00a0\u00a0\u00a0\u00a0\u00a0 <img loading=\"lazy\" decoding=\"async\" class=\"alignnone\" src=\"http:\/\/ecoarrels.cat\/wp-content\/uploads\/2012\/10\/menjjpg-300x232.jpg\" alt=\"\" width=\"178\" height=\"138\" \/><\/p>\n<p>&nbsp;<\/p>\n<p>A l&#8217;escola es realitzen tamb\u00e9 un nombre important d&#8217;<strong>activitats extraescolars<\/strong> que es gestionen des de l&#8217;AMPA. Per a m\u00e9s informaci\u00f3 consulteu el seu espai web: <a href=\"https:\/\/sites.google.com\/site\/ampaflorestasabadell\/\">https:\/\/sites.google.com\/site\/ampaflorestasabadell\/<\/a><\/p>\n","protected":false},"excerpt":{"rendered":"<p>A\u00a0 l&#8217;Escola Floresta s&#8217;ofereixen serveis d&#8217;acollida i de menjador escolar.<br \/>\nL&#8217;acollida s&#8217;oferta en funci\u00f3 de la demanda de cada curs mentre que el menjador escolar \u00e9s un servei fixe que gestiona l&#8217;empresa SERHS. Vegeu m\u00e9s informaci\u00f3 a la secci\u00f3 corresponent.<br \/>\n\u00a0\u00a0\u00a0\u00a0\u00a0\u00a0\u00a0\u00a0\u00a0\u00a0\u00a0\u00a0\u00a0\u00a0\u00a0\u00a0\u00a0\u00a0\u00a0\u00a0\u00a0\u00a0\u00a0\u00a0\u00a0\u00a0\u00a0\u00a0\u00a0\u00a0\u00a0\u00a0\u00a0\u00a0\u00a0\u00a0\u00a0\u00a0\u00a0\u00a0\u00a0\u00a0\u00a0\u00a0\u00a0\u00a0\u00a0\u00a0\u00a0\u00a0\u00a0\u00a0\u00a0\u00a0\u00a0\u00a0\u00a0\u00a0\u00a0\u00a0\u00a0\u00a0\u00a0\u00a0\u00a0\u00a0\u00a0\u00a0<br \/>\n&nbsp;<br \/>\nA l&#8217;escola es realitzen tamb\u00e9 un&hellip;  <a href=\"https:\/\/agora.xtec.cat\/escolaflorestasabadell\/serveis\/\" title=\"Read Serveis\">Llegeix m\u00e9s\u00bb<\/a><\/p>\n","protected":false},"author":2,"featured_media":0,"parent":0,"menu_order":0,"comment_status":"closed","ping_status":"closed","template":"page-templates\/side-menu.php","meta":{"_bbp_topic_count":0,"_bbp_reply_count":0,"_bbp_total_topic_count":0,"_bbp_total_reply_count":0,"_bbp_voice_count":0,"_bbp_anonymous_reply_count":0,"_bbp_topic_count_hidden":0,"_bbp_reply_count_hidden":0,"_bbp_forum_subforum_count":0,"footnotes":""},"class_list":["post-66","page","type-page","status-publish","hentry"],"post_mailing_queue_ids":[],"_links":{"self":[{"href":"https:\/\/agora.xtec.cat\/escolaflorestasabadell\/wp-json\/wp\/v2\/pages\/66","targetHints":{"allow":["GET"]}}],"collection":[{"href":"https:\/\/agora.xtec.cat\/escolaflorestasabadell\/wp-json\/wp\/v2\/pages"}],"about":[{"href":"https:\/\/agora.xtec.cat\/escolaflorestasabadell\/wp-json\/wp\/v2\/types\/page"}],"author":[{"embeddable":true,"href":"https:\/\/agora.xtec.cat\/escolaflorestasabadell\/wp-json\/wp\/v2\/users\/2"}],"replies":[{"embeddable":true,"href":"https:\/\/agora.xtec.cat\/escolaflorestasabadell\/wp-json\/wp\/v2\/comments?post=66"}],"version-history":[{"count":3,"href":"https:\/\/agora.xtec.cat\/escolaflorestasabadell\/wp-json\/wp\/v2\/pages\/66\/revisions"}],"predecessor-version":[{"id":312,"href":"https:\/\/agora.xtec.cat\/escolaflorestasabadell\/wp-json\/wp\/v2\/pages\/66\/revisions\/312"}],"wp:attachment":[{"href":"https:\/\/agora.xtec.cat\/escolaflorestasabadell\/wp-json\/wp\/v2\/media?parent=66"}],"curies":[{"name":"wp","href":"https:\/\/api.w.org\/{rel}","templated":true}]}}