{"id":36,"date":"2014-09-18T12:33:11","date_gmt":"2014-09-18T11:33:11","guid":{"rendered":"http:\/\/agora.xtec.cat\/escolaflorestasabadell\/?page_id=36"},"modified":"2026-01-22T10:14:22","modified_gmt":"2026-01-22T09:14:22","slug":"material-escolar","status":"publish","type":"page","link":"https:\/\/agora.xtec.cat\/escolaflorestasabadell\/material-escolar\/","title":{"rendered":"Material escolar i llibres de text"},"content":{"rendered":"<div>\n<div><\/div>\n<div>\n<p><strong><span style=\"font-size: x-large;\"><b>Llibres de text<\/b><\/span><\/strong><\/p>\n<p><strong><br \/>\n<\/strong>Des dels inicis de l&#8217;escola existeix un projecte de socialitzaci\u00f3 de llibres i material escolar que ajuda a fer un \u00fas racional dels recursos de qu\u00e8 disposem i estalvia molts diners a les fam\u00edlies (vegeu m\u00e9s\u00a0 explicaci\u00f3 del funcionament del projecte a l&#8217;apartat <em>projectes). <\/em>En el seg\u00fcent enlla\u00e7 podeu consultar quins son els llibres de text que utilitzem: <a href=\"https:\/\/docs.google.com\/document\/d\/1w2tU_4nr4tQbOPpEcu6G1EZSD0r8zZHnFm9h4ZSnd8g\/edit?tab=t.0\">Llibres 25-26.<\/a><\/p>\n<\/div>\n<div><\/div>\n<div><\/div>\n<div><\/div>\n<div>\n<p><span style=\"font-size: x-large;\"><b>Qu\u00e8 cal portar a l&#8217;escola?<\/b><\/span><a href=\"https:\/\/escolalabandaria.files.wordpress.com\/2014\/07\/boy-160168_640.png\" rel=\"nofollow\"><img loading=\"lazy\" decoding=\"async\" class=\" alignright\" src=\"https:\/\/escolalabandaria.files.wordpress.com\/2014\/07\/boy-160168_640.png\" alt=\"\" width=\"200\" height=\"134\" border=\"0\" \/><\/a><\/p>\n<div><\/div>\n<p><b><span style=\"font-size: medium;\">\u00a0<\/span><\/b><\/p>\n<\/div>\n<p><b><span style=\"font-size: medium;\"><i>Educaci\u00f3 Infantil: I3, I4 i I5<\/i><\/span><\/b><br \/>\n<b><\/b><em>Vestuari:<\/em><\/p>\n<\/div>\n<div><\/div>\n<div><\/div>\n<p>Per tal de facilitar l\u2019autonomia dels alumnes del Parvulari cal que portin roba c\u00f2moda i f\u00e0cil de posar i treure: xandalls, pantalons amb goma&#8230;<\/p>\n<p>Els alumnes del Parvulari portaran sempre bata.<\/p>\n<p>Per a les sessions de Psicomotricitat cal portar roba i cal\u00e7at esportiu i c\u00f2mode: samarreta, xandall, mitjons i cal\u00e7at esportiu.<\/p>\n<p><em>Esmorzar: <\/em>Recomanen que els alumnes vinguin esmorzats de casa i que a l\u2019escola portin un petit esmorzar (entrep\u00e0 petit, pe\u00e7a de fruita)<em><br \/>\n<\/em><\/p>\n<p>Cada dia, en una bosseta de roba:<\/p>\n<ul>\n<li>\u00a0L&#8217;esmorzar en una carmanyola o embolcall reutilitzable per tal d\u2019evitar el consum del paper d\u2019alumini. No es poden portar begudes: iogurts l\u00edquids, batuts, sucs&#8230;<\/li>\n<li>Cal que portin una ampolla d&#8217;aigua amb tap de biber\u00f3 (per evitar que es vessi).<\/li>\n<\/ul>\n<p><em>A l&#8217;inici de curs:<\/em>\u00a0 es demanar\u00e0 que portin tamb\u00e9: un rotlle de paper de cuina, una capsa de mocadors de paper, un paquet de tovalloletes<\/p>\n<p><em><img loading=\"lazy\" decoding=\"async\" class=\"wp-image-7204 alignleft\" src=\"https:\/\/agora.xtec.cat\/escolaflorestasabadell\/wp-content\/uploads\/usu478\/2023\/02\/1.jpg\" alt=\"\" width=\"366\" height=\"518\" srcset=\"https:\/\/agora.xtec.cat\/escolaflorestasabadell\/wp-content\/uploads\/usu478\/2023\/02\/1.jpg 1414w, https:\/\/agora.xtec.cat\/escolaflorestasabadell\/wp-content\/uploads\/usu478\/2023\/02\/1-212x300.jpg 212w, https:\/\/agora.xtec.cat\/escolaflorestasabadell\/wp-content\/uploads\/usu478\/2023\/02\/1-724x1024.jpg 724w, https:\/\/agora.xtec.cat\/escolaflorestasabadell\/wp-content\/uploads\/usu478\/2023\/02\/1-768x1086.jpg 768w, https:\/\/agora.xtec.cat\/escolaflorestasabadell\/wp-content\/uploads\/usu478\/2023\/02\/1-1086x1536.jpg 1086w\" sizes=\"auto, (max-width: 366px) 100vw, 366px\" \/><img loading=\"lazy\" decoding=\"async\" class=\"wp-image-7203 alignleft\" src=\"https:\/\/agora.xtec.cat\/escolaflorestasabadell\/wp-content\/uploads\/usu478\/2023\/02\/2.jpg\" alt=\"\" width=\"369\" height=\"522\" srcset=\"https:\/\/agora.xtec.cat\/escolaflorestasabadell\/wp-content\/uploads\/usu478\/2023\/02\/2.jpg 1414w, https:\/\/agora.xtec.cat\/escolaflorestasabadell\/wp-content\/uploads\/usu478\/2023\/02\/2-212x300.jpg 212w, https:\/\/agora.xtec.cat\/escolaflorestasabadell\/wp-content\/uploads\/usu478\/2023\/02\/2-724x1024.jpg 724w, https:\/\/agora.xtec.cat\/escolaflorestasabadell\/wp-content\/uploads\/usu478\/2023\/02\/2-768x1086.jpg 768w, https:\/\/agora.xtec.cat\/escolaflorestasabadell\/wp-content\/uploads\/usu478\/2023\/02\/2-1086x1536.jpg 1086w\" sizes=\"auto, (max-width: 369px) 100vw, 369px\" \/><\/em><\/p>\n<p><span style=\"font-size: medium;\"><i><b>Cicle Inicial: 1r i 2n<\/b><\/i><\/span><\/p>\n<p>Recomanem que els alumnes vinguin esmorzats de casa i que a l\u2019escola portin un petit esmorzar (entrep\u00e0 petit, pe\u00e7a de fruita) que portaran en una carmanyola o embolcall reutilitzable per tal d\u2019evitar el consum del paper d\u2019alumini. No es poden portar begudes: iogurts l\u00edquids, batuts, sucs&#8230;<\/p>\n<p>Cal tamb\u00e9 que portin una samarreta vella o una bata per posar-se-la a l&#8217;hora de pl\u00e0stica.<\/p>\n<p>Per a les sessions d\u2019Educaci\u00f3 F\u00edsica cal portar roba i cal\u00e7at esportiu i c\u00f2mode: samarreta, xandall, mitjons i cal\u00e7at esportiu. Tamb\u00e9 cal portar una tovallola petita i una samarreta de recanvi per despr\u00e9s de l&#8217;activitat.<\/p>\n<p>Cal que portin una ampolla d&#8217;aigua petita a la motxilla.<\/p>\n<p><span style=\"font-size: medium;\"><i><b>Cicle Mitj\u00e0 i Superior: 3r, 4t, 5\u00e8 i 6\u00e8<\/b><\/i><\/span><\/p>\n<p>Recomanem que els alumnes vinguin esmorzats de casa i que a l\u2019escola portin un petit esmorzar (entrep\u00e0 petit, pe\u00e7a de fruita) que portaran en una carmanyola o embolcall reutilitzable per tal d\u2019evitar el consum del paper d\u2019alumini. No es poden portar begudes: iogurts l\u00edquids, batuts, sucs&#8230;<\/p>\n<p>Per a les sessions d\u2019Educaci\u00f3 F\u00edsica cal portar roba i cal\u00e7at esportiu i c\u00f2mode: samarreta, xandall, mitjons i cal\u00e7at esportiu. Tamb\u00e9 cal portar una tovallola petita i una samarreta de recanvi per despr\u00e9s de l&#8217;activitat (a cicle superior es recomana tamb\u00e9 portar desodorant).<\/p>\n<p>Cal que portin una ampolla d&#8217;aigua petita a la motxilla.<\/p>\n<div>\n<div style=\"text-align: left;\"><img loading=\"lazy\" decoding=\"async\" class=\"alignleft wp-image-7206\" src=\"https:\/\/agora.xtec.cat\/escolaflorestasabadell\/wp-content\/uploads\/usu478\/2023\/02\/1-1.jpg\" alt=\"\" width=\"401\" height=\"567\" srcset=\"https:\/\/agora.xtec.cat\/escolaflorestasabadell\/wp-content\/uploads\/usu478\/2023\/02\/1-1.jpg 1414w, https:\/\/agora.xtec.cat\/escolaflorestasabadell\/wp-content\/uploads\/usu478\/2023\/02\/1-1-212x300.jpg 212w, https:\/\/agora.xtec.cat\/escolaflorestasabadell\/wp-content\/uploads\/usu478\/2023\/02\/1-1-724x1024.jpg 724w, https:\/\/agora.xtec.cat\/escolaflorestasabadell\/wp-content\/uploads\/usu478\/2023\/02\/1-1-768x1086.jpg 768w, https:\/\/agora.xtec.cat\/escolaflorestasabadell\/wp-content\/uploads\/usu478\/2023\/02\/1-1-1086x1536.jpg 1086w\" sizes=\"auto, (max-width: 401px) 100vw, 401px\" \/><\/div>\n<div><img loading=\"lazy\" decoding=\"async\" class=\"alignleft wp-image-7205\" src=\"https:\/\/agora.xtec.cat\/escolaflorestasabadell\/wp-content\/uploads\/usu478\/2023\/02\/2-1.jpg\" alt=\"\" width=\"400\" height=\"566\" srcset=\"https:\/\/agora.xtec.cat\/escolaflorestasabadell\/wp-content\/uploads\/usu478\/2023\/02\/2-1.jpg 1414w, https:\/\/agora.xtec.cat\/escolaflorestasabadell\/wp-content\/uploads\/usu478\/2023\/02\/2-1-212x300.jpg 212w, https:\/\/agora.xtec.cat\/escolaflorestasabadell\/wp-content\/uploads\/usu478\/2023\/02\/2-1-724x1024.jpg 724w, https:\/\/agora.xtec.cat\/escolaflorestasabadell\/wp-content\/uploads\/usu478\/2023\/02\/2-1-768x1086.jpg 768w, https:\/\/agora.xtec.cat\/escolaflorestasabadell\/wp-content\/uploads\/usu478\/2023\/02\/2-1-1086x1536.jpg 1086w\" sizes=\"auto, (max-width: 400px) 100vw, 400px\" \/><\/div>\n<div><\/div>\n<div><\/div>\n<div><\/div>\n<div><\/div>\n<div><\/div>\n<div><\/div>\n<div><\/div>\n<div><\/div>\n<div><\/div>\n<div><\/div>\n<div><\/div>\n<div><\/div>\n<div><\/div>\n<div><\/div>\n<div><\/div>\n<div><\/div>\n<div><\/div>\n<div><\/div>\n<div><\/div>\n<div><\/div>\n<div><\/div>\n<div><\/div>\n<div><\/div>\n<div><\/div>\n<div><\/div>\n<div><\/div>\n<div><\/div>\n<div><\/div>\n<div><\/div>\n<div><\/div>\n<div><\/div>\n<div><\/div>\n<div><\/div>\n<div><\/div>\n<div><\/div>\n<div><\/div>\n<div><\/div>\n<div><\/div>\n<div style=\"text-align: left;\">\n<p><b><b><span style=\"font-size: medium;\">Tot marcat!<\/span><\/b><\/b><a href=\"http:\/\/www.mastermagazine.info\/termino\/wp-content\/uploads\/etiqueta-300x191.jpg\" rel=\"nofollow\"><img loading=\"lazy\" decoding=\"async\" class=\" alignright\" src=\"http:\/\/www.mastermagazine.info\/termino\/wp-content\/uploads\/etiqueta-300x191.jpg\" alt=\"\" width=\"200\" height=\"127\" border=\"0\" \/><\/a><\/p>\n<div><\/div>\n<p>Cal que el material dels alumnes de Parvulari i Prim\u00e0ria (bata, jaqueta, bosses, equip de gimn\u00e0stica&#8230;) estigui degudament marcat amb el nom. La bata, jaqueta o abric han de portar una beta per poder-los penjar correctament. D&#8217;aquesta marena tenim els penjadors ben ordenats i \u00e9s m\u00e9s f\u00e0cil trobar els objectes perduts!!<\/p>\n<\/div>\n<\/div>\n","protected":false},"excerpt":{"rendered":"<p>Llibres de text<\/p>\n<p>Des dels inicis de l&#8217;escola existeix un projecte de socialitzaci\u00f3 de llibres i material escolar que ajuda a fer un \u00fas racional dels recursos de qu\u00e8 disposem i estalvia molts diners a les fam\u00edlies (vegeu m\u00e9s\u00a0 explicaci\u00f3 del funcionament del projecte a l&#8217;apartat&hellip;  <a href=\"https:\/\/agora.xtec.cat\/escolaflorestasabadell\/material-escolar\/\" title=\"Read Material escolar i llibres de text\">Llegeix m\u00e9s\u00bb<\/a><\/p>\n","protected":false},"author":2,"featured_media":0,"parent":0,"menu_order":3,"comment_status":"closed","ping_status":"closed","template":"page-templates\/side-menu.php","meta":{"_bbp_topic_count":0,"_bbp_reply_count":0,"_bbp_total_topic_count":0,"_bbp_total_reply_count":0,"_bbp_voice_count":0,"_bbp_anonymous_reply_count":0,"_bbp_topic_count_hidden":0,"_bbp_reply_count_hidden":0,"_bbp_forum_subforum_count":0,"footnotes":""},"class_list":["post-36","page","type-page","status-publish","hentry"],"post_mailing_queue_ids":[],"_links":{"self":[{"href":"https:\/\/agora.xtec.cat\/escolaflorestasabadell\/wp-json\/wp\/v2\/pages\/36","targetHints":{"allow":["GET"]}}],"collection":[{"href":"https:\/\/agora.xtec.cat\/escolaflorestasabadell\/wp-json\/wp\/v2\/pages"}],"about":[{"href":"https:\/\/agora.xtec.cat\/escolaflorestasabadell\/wp-json\/wp\/v2\/types\/page"}],"author":[{"embeddable":true,"href":"https:\/\/agora.xtec.cat\/escolaflorestasabadell\/wp-json\/wp\/v2\/users\/2"}],"replies":[{"embeddable":true,"href":"https:\/\/agora.xtec.cat\/escolaflorestasabadell\/wp-json\/wp\/v2\/comments?post=36"}],"version-history":[{"count":6,"href":"https:\/\/agora.xtec.cat\/escolaflorestasabadell\/wp-json\/wp\/v2\/pages\/36\/revisions"}],"predecessor-version":[{"id":9746,"href":"https:\/\/agora.xtec.cat\/escolaflorestasabadell\/wp-json\/wp\/v2\/pages\/36\/revisions\/9746"}],"wp:attachment":[{"href":"https:\/\/agora.xtec.cat\/escolaflorestasabadell\/wp-json\/wp\/v2\/media?parent=36"}],"curies":[{"name":"wp","href":"https:\/\/api.w.org\/{rel}","templated":true}]}}